{"id":66995,"date":"2025-07-23T11:07:03","date_gmt":"2025-07-23T11:07:03","guid":{"rendered":"https:\/\/morningscore.io\/?page_id=66995"},"modified":"2025-07-23T11:11:01","modified_gmt":"2025-07-23T11:11:01","slug":"seo-radgivning-gava","status":"publish","type":"page","link":"https:\/\/morningscore.io\/sv\/seo-radgivning-gava\/","title":{"rendered":"SEO-r\u00e5dgivning g\u00e5va"},"content":{"rendered":"<div id=\"pl-66995\" class=\"panel-layout\"><div id=\"pg-66995-0\" class=\"panel-grid panel-no-style\"><div id=\"pgc-66995-0-0\" class=\"panel-grid-cell\"><section class=\"hero  with_custom_bg_image\" data-hero-layout=\"curved-no-image\" data-image-sizing=\"overflow\" style=\"--hero-headline-size-multiplier: 1;--hero-bg-image: url(https:\/\/morningscore.io\/wp-content\/uploads\/2024\/11\/background-2-1.png);--hero-bg-image-full: url(https:\/\/morningscore.io\/wp-content\/uploads\/2024\/11\/background-2-1.png);--hero-bg-image-hero-mobile-small-width: url(https:\/\/morningscore.io\/wp-content\/uploads\/2024\/11\/background-2-1.png);--hero-bg-image-mobile-width: url(https:\/\/morningscore.io\/wp-content\/uploads\/2024\/11\/background-2-1.png);--hero-bg-image-tablet-width: url(https:\/\/morningscore.io\/wp-content\/uploads\/2024\/11\/background-2-1.png);--hero-bg-image-laptop-width: url(https:\/\/morningscore.io\/wp-content\/uploads\/2024\/11\/background-2-1.png);position: relative;\" data-side-type=\"image\">\n\n            <div class=\"hero-bg with_custom_bg_image\" style=\"--gradient-start-color: #0A0A4D;--gradient-end-color: #563AC9;--gradient-angle: -180deg;\">\n            \n                    <\/div>\n    \n\n    \n\n    <div class=\"inner-content\">\n        <div class=\"hero-main\">\n\n            \n            <h1>Boka din 1:1-session h\u00e4r<\/h1>\n\n            \n                            <div class=\"hero-subcontent\" data-margin=\"true\">\n                    <div class=\"hero-content \">\n                        <p>F\u00f6r att tacka dig f\u00f6r att du varit kund hos oss i 3 m\u00e5nader bjuder vi in dig att boka en gratis 1:1-session med en av v\u00e5ra SEO-experter med hj\u00e4lp av kalendern nedan.<\/p>\n                    <\/div>\n\n                    \n                    \n\n                                            <div class=\"so-widget-mssub-buttons so-widget-\">\n<\/div>                    \n                                            <div class=\"hero-extra-content\">\n                                                    <\/div>\n                    \n                <\/div>\n            \n            \n        <\/div>\n\n        \n    <\/div>\n\n    <\/section>\n\n<section class=\"content-image-container default\" data-box-alignment=\"image-right\" data-content-box-width=\"50\">\n\n\t<div class=\"inner-content\">\n\t\t<div class=\"content-image-content\">\n\t\t\t<div class=\"so-widget-mssub-content-flexible so-widget-mssub-content-flexible-base\">\n<div class=\"content-flexible\">\n\n\n\t<h2 class=\"section-heading\">F\u00e5 din gratissession nu<\/h2>\n\n\t<div class=\"text\">\n\t\t<div class=\"flex-shrink-0 flex flex-col relative items-end\">\n<div class=\"pt-0\">\n<div class=\"gizmo-bot-avatar flex h-8 w-8 items-center justify-center overflow-hidden rounded-full\">\n<div class=\"relative p-1 rounded-sm flex items-center justify-center bg-token-main-surface-primary text-token-text-primary h-8 w-8\">\n<p>Klicka p\u00e5 knappen nedan f\u00f6r att boka en kostnadsfri 1:1-session med en av v\u00e5ra SEO-experter.<\/p>\n<p>N\u00e4r din bokning \u00e4r klar f\u00e5r du ett bekr\u00e4ftelsemejl.<\/p>\n<p>Vi ser fram emot att hj\u00e4lpa dig att ta dina SEO-insatser till n\u00e4sta niv\u00e5.<\/p>\n<\/div>\n<\/div>\n<\/div>\n<\/div>\n\t<\/div>\n\n\t\n\t\n\t\t\t<div class=\"so-widget-mssub-buttons so-widget-mssub-buttons-base\">\n\t\n\t\t\t\t\t<a href=\"https:\/\/meetings.hubspot.com\/christian289\/3-months-offer?uuid=1b5f68c7-1839-4cf9-a56b-6620f033f370\" class=\"btn btn-primary\" target=\"\" rel=\"noopener\">Boka din session<\/a>\n\t<\/div>\t<\/div><\/div>\t\t<\/div>\n\n\t\t<figure class=\"content-image-image\">\n\t\t\t<div class=\"so-widget-mssub-media so-widget-mssub-media-base\">\n\t<img loading=\"lazy\" decoding=\"async\" width=\"1686\" height=\"1097\" src=\"data:image\/png;base64,iVBORw0KGgoAAAANSUhEUgAAAAEAAAABCAQAAAC1HAwCAAAAC0lEQVR42mNkYAAAAAYAAjCB0C8AAAAASUVORK5CYII=\" class=\"lozad\" alt=\"\" sizes=\"auto, (max-width: 1686px) 100vw, 1686px\" data-src=\"https:\/\/morningscore.io\/wp-content\/uploads\/2024\/12\/1.1-session.png\" data-srcset=\"https:\/\/morningscore.io\/wp-content\/uploads\/2024\/12\/1.1-session.png 1686w, https:\/\/morningscore.io\/wp-content\/uploads\/2024\/12\/1.1-session-300x195.png 300w\">\n<\/div>\t\t<\/figure>\n\t<\/div>\n\n<\/section><\/div><\/div><\/div><noscript><img loading=\"lazy\" decoding=\"async\" width=\"1686\" height=\"1097\" src=\"https:\/\/morningscore.io\/wp-content\/uploads\/2024\/12\/1.1-session.png\" class=\"lozad\" alt=\"\" sizes=\"auto, (max-width: 1686px) 100vw, 1686px\" data-src=\"https:\/\/morningscore.io\/wp-content\/uploads\/2024\/12\/1.1-session.png\" data-srcset=\"https:\/\/morningscore.io\/wp-content\/uploads\/2024\/12\/1.1-session.png 1686w, https:\/\/morningscore.io\/wp-content\/uploads\/2024\/12\/1.1-session-300x195.png 300w\" srcset=\"https:\/\/morningscore.io\/wp-content\/uploads\/2024\/12\/1.1-session.png 1686w, https:\/\/morningscore.io\/wp-content\/uploads\/2024\/12\/1.1-session-300x195.png 300w\"><\/noscript>","protected":false},"excerpt":{"rendered":"<p>Boka din 1:1-session h\u00e4r F\u00f6r att tacka dig f\u00f6r att du varit kund hos oss i 3 m\u00e5nader bjuder vi in dig att boka en gratis 1:1-session med en av v\u00e5ra SEO-experter med hj\u00e4lp av kalendern nedan. F\u00e5 din gratissession nu Klicka p\u00e5 knappen nedan f\u00f6r att boka en kostnadsfri 1:1-session med en av v\u00e5ra [&hellip;]<\/p>\n","protected":false},"author":15,"featured_media":0,"parent":0,"menu_order":0,"comment_status":"closed","ping_status":"closed","template":"","meta":{"_acf_changed":false,"inline_featured_image":false,"footnotes":""},"class_list":["post-66995","page","type-page","status-publish","hentry"],"acf":[],"_links":{"self":[{"href":"https:\/\/morningscore.io\/sv\/wp-json\/wp\/v2\/pages\/66995","targetHints":{"allow":["GET"]}}],"collection":[{"href":"https:\/\/morningscore.io\/sv\/wp-json\/wp\/v2\/pages"}],"about":[{"href":"https:\/\/morningscore.io\/sv\/wp-json\/wp\/v2\/types\/page"}],"author":[{"embeddable":true,"href":"https:\/\/morningscore.io\/sv\/wp-json\/wp\/v2\/users\/15"}],"replies":[{"embeddable":true,"href":"https:\/\/morningscore.io\/sv\/wp-json\/wp\/v2\/comments?post=66995"}],"version-history":[{"count":4,"href":"https:\/\/morningscore.io\/sv\/wp-json\/wp\/v2\/pages\/66995\/revisions"}],"predecessor-version":[{"id":67000,"href":"https:\/\/morningscore.io\/sv\/wp-json\/wp\/v2\/pages\/66995\/revisions\/67000"}],"wp:attachment":[{"href":"https:\/\/morningscore.io\/sv\/wp-json\/wp\/v2\/media?parent=66995"}],"curies":[{"name":"wp","href":"https:\/\/api.w.org\/{rel}","templated":true}]}}