{"id":62029,"date":"2025-04-24T06:58:11","date_gmt":"2025-04-24T06:58:11","guid":{"rendered":"https:\/\/morningscore.io\/?page_id=62029"},"modified":"2025-09-18T14:01:39","modified_gmt":"2025-09-18T14:01:39","slug":"alla-verktyg","status":"publish","type":"page","link":"https:\/\/morningscore.io\/sv\/alla-verktyg\/","title":{"rendered":"Alla verktyg och funktioner"},"content":{"rendered":"<div id=\"pl-62029\" class=\"panel-layout\"><div id=\"pg-62029-0\" class=\"panel-grid panel-no-style\"><div id=\"pgc-62029-0-0\" class=\"panel-grid-cell\"><section class=\"hero  gradient_with_balls\" data-hero-layout=\"curved-v3-4\" data-image-sizing=\"overflow\" style=\"--hero-headline-size-multiplier: 1;position: relative;--hero-text-color: #312E81;\" data-side-type=\"html\">\n\n            <div class=\"hero-bg gradient_with_balls\" style=\"--gradient-start-color: #0A0A4D;--gradient-end-color: #563AC9;--gradient-angle: -180deg;background: none; overflow: visible;\">\n            \n                            <style>\n                    .floating-balls-wrapper {\n                        position: absolute;\n                        inset: 0;\n                        width: 100%;\n                        height: 180vh;\n                        pointer-events: none;\n                        overflow: hidden;\n                        z-index: -1;\n                    }\n\n                    .floating-balls-wrapper .ball {\n                        position: absolute;\n                        border-radius: 50%;\n                        backface-visibility: hidden;\n                        list-style: none;\n                        background: linear-gradient(to bottom left, rgba(224,231,255, 0.3), rgba(196,181,253, 0.3));\n                        filter: blur(2px);\n                    }\n\n                <\/style>\n                <div style=\"position: absolute;left: 0;top: -3.9rem;width: 100%;height: 120vh;z-index: -1;\">\n                    <div style=\"position: absolute;left: 0;top: 0;width: 100%;height: 100%;background-image: radial-gradient(circle at 40% 0%, #5439C53C 0%, transparent 50%), radial-gradient(circle at 0% 120%, #5439C53C 0%, transparent 50%), radial-gradient(circle at 100% 100%, #C4B5FDAA 0%, transparent 50%);mask-image: linear-gradient(180deg, white 90%, transparent 100%);\">\n                        <ul class=\"floating-balls-wrapper\"><\/ul>\n                    <\/div>\n                <\/div>\n                    <\/div>\n    \n\n    \n\n    <div class=\"inner-content\">\n        <div class=\"hero-main\">\n\n                            <h2 class=\"section-subheading\">Den enklaste allt-i-ett <span>SEO verktyg<\/span><\/h2>\n            \n            <h1>Alla verktyg <br> och funktioner<\/h1>\n\n            \n                            <div class=\"hero-subcontent\" data-margin=\"true\">\n                    <div class=\"hero-content \">\n                        <p>Se alla funktioner nedan \ud83d\udc47\ufe0f<\/p>\n                    <\/div>\n\n                    \n                    \n\n                    \n                                            <div class=\"hero-extra-content\">\n                                                    <\/div>\n                    \n                <\/div>\n            \n            \n        <\/div>\n\n                    <div class=\"hero-side\">\n                                    <div class=\"hero-side-html-container\"><\/div>\n                \n                            <\/div>\n        \n    <\/div>\n\n    <\/section>\n\n<section class=\"feature-boxes default\" data-boxes-layout=\"cards-shadow\" data-num-columns=\"3\">\n\n\t<div class=\"inner-content\">\n\t\t<div class=\"so-widget-mssub-section-header so-widget-mssub-section-header-base\"><div class=\"section-header\" data-layout=\"headline-centered\">\n\t<span class=\"section-subheading\"><\/span>\n\t<div class=\"section-col section-col-1\">\n\t\t<h2 class=\"section-heading\">Verktyg f\u00f6r s\u00f6kord<\/h2>\n\t<\/div>\n\n\t\t\n<\/div>\n<\/div>\n\t\t<div class=\"feature-boxes-boxes\">\n\t\t\t                                    <div class=\"feature-boxes-box\">\n\n                        \n                        <h3><a href=\"https:\/\/morningscore.io\/sv\/rank-tracker\/\">Rank tracker <\/a><\/h3>\n\n                        <div class=\"text\"><p><a href=\"https:\/\/morningscore.io\/sv\/rank-tracker\/\"><img decoding=\"async\" style=\"max-width: 100%\" src=\"data:image\/png;base64,iVBORw0KGgoAAAANSUhEUgAAAAEAAAABCAQAAAC1HAwCAAAAC0lEQVR42mNkYAAAAAYAAjCB0C8AAAAASUVORK5CYII=\" data-src=\"https:\/\/morningscore.io\/wp-content\/uploads\/2024\/02\/Morningscore-rank-tracker-tool-1.png\"><\/a><\/p>\n<\/div>\n\n                        <div class=\"more\">\n                            <div class=\"learn\">\n                                <span class=\"learn-more\">\n                                    Learn more                                <\/span>\n                                <span class=\"arrow-right\"><\/span>\n                            <\/div>\n                        <\/div>\n                    <\/div>\n                \t\t\t                                    <div class=\"feature-boxes-box\">\n\n                        \n                        <h3><a href=\"https:\/\/morningscore.io\/sv\/sokordsanalys-verktyg\/\">S\u00f6kordsanalys verktyg<\/a><\/h3>\n\n                        <div class=\"text\"><p><a href=\"https:\/\/morningscore.io\/sv\/sokordsanalys-verktyg\/\"><img decoding=\"async\" style=\"max-width: 100%\" src=\"data:image\/png;base64,iVBORw0KGgoAAAANSUhEUgAAAAEAAAABCAQAAAC1HAwCAAAAC0lEQVR42mNkYAAAAAYAAjCB0C8AAAAASUVORK5CYII=\" data-src=\"https:\/\/morningscore.io\/wp-content\/uploads\/2024\/02\/Morningscore-keyword-research-tool-1.png\"><\/a><\/p>\n<\/div>\n\n                        <div class=\"more\">\n                            <div class=\"learn\">\n                                <span class=\"learn-more\">\n                                    Learn more                                <\/span>\n                                <span class=\"arrow-right\"><\/span>\n                            <\/div>\n                        <\/div>\n                    <\/div>\n                \t\t\t                                    <div class=\"feature-boxes-box\">\n\n                        \n                        <h3><a href=\"https:\/\/morningscore.io\/sv\/verktyg-for-konkurrentanalys\/\">Konkurrentanalys verktyg<\/a><\/h3>\n\n                        <div class=\"text\"><p><a href=\"https:\/\/morningscore.io\/sv\/verktyg-for-konkurrentanalys\/\"><img decoding=\"async\" style=\"max-width: 100%\" src=\"data:image\/png;base64,iVBORw0KGgoAAAANSUhEUgAAAAEAAAABCAQAAAC1HAwCAAAAC0lEQVR42mNkYAAAAAYAAjCB0C8AAAAASUVORK5CYII=\" data-src=\"https:\/\/morningscore.io\/wp-content\/uploads\/2024\/02\/competitor-comparison-analysis-1.jpg\"><\/a><\/p>\n<\/div>\n\n                        <div class=\"more\">\n                            <div class=\"learn\">\n                                <span class=\"learn-more\">\n                                    Learn more                                <\/span>\n                                <span class=\"arrow-right\"><\/span>\n                            <\/div>\n                        <\/div>\n                    <\/div>\n                \t\t\t                                    <div class=\"feature-boxes-box\">\n\n                        \n                        <h3><a href=\"https:\/\/morningscore.io\/sv\/lokal-rank-tracker\/\">Lokal rank tracker<\/a><\/h3>\n\n                        <div class=\"text\"><p><a href=\"https:\/\/morningscore.io\/sv\/lokal-rank-tracker\/\"><img decoding=\"async\" style=\"max-width: 100%\" src=\"data:image\/png;base64,iVBORw0KGgoAAAANSUhEUgAAAAEAAAABCAQAAAC1HAwCAAAAC0lEQVR42mNkYAAAAAYAAjCB0C8AAAAASUVORK5CYII=\" data-src=\"https:\/\/morningscore.io\/wp-content\/uploads\/2024\/02\/all-keyword-tab-screenshot-min.png\"><\/a><\/p>\n<\/div>\n\n                        <div class=\"more\">\n                            <div class=\"learn\">\n                                <span class=\"learn-more\">\n                                    Learn more                                <\/span>\n                                <span class=\"arrow-right\"><\/span>\n                            <\/div>\n                        <\/div>\n                    <\/div>\n                \t\t\t\t\t<\/div>\n\n\t\t\t<\/div>\n\n<\/section>\n\n<section class=\"feature-boxes default\" data-boxes-layout=\"cards-shadow\" data-num-columns=\"3\">\n\n\t<div class=\"inner-content\">\n\t\t<div class=\"so-widget-mssub-section-header so-widget-mssub-section-header-base\"><div class=\"section-header\" data-layout=\"headline-centered\">\n\t<span class=\"section-subheading\"><\/span>\n\t<div class=\"section-col section-col-1\">\n\t\t<h2 class=\"section-heading\">Verktyg f\u00f6r backlinks<\/h2>\n\t<\/div>\n\n\t\t\n<\/div>\n<\/div>\n\t\t<div class=\"feature-boxes-boxes\">\n\t\t\t                                    <div class=\"feature-boxes-box\">\n\n                        \n                        <h3><a href=\"https:\/\/morningscore.io\/sv\/backlink-checker\/\">Backlink checker<\/a><\/h3>\n\n                        <div class=\"text\"><p><a href=\"https:\/\/morningscore.io\/sv\/backlink-checker\/\"><img decoding=\"async\" style=\"max-width: 100%\" src=\"data:image\/png;base64,iVBORw0KGgoAAAANSUhEUgAAAAEAAAABCAQAAAC1HAwCAAAAC0lEQVR42mNkYAAAAAYAAjCB0C8AAAAASUVORK5CYII=\" data-src=\"https:\/\/morningscore.io\/wp-content\/uploads\/2024\/02\/Morningscore-backlink-checker-tool-1.jpg\"><\/a><\/p>\n<\/div>\n\n                        <div class=\"more\">\n                            <div class=\"learn\">\n                                <span class=\"learn-more\">\n                                    Learn more                                <\/span>\n                                <span class=\"arrow-right\"><\/span>\n                            <\/div>\n                        <\/div>\n                    <\/div>\n                \t\t\t                                    <div class=\"feature-boxes-box\">\n\n                        \n                        <h3><a href=\"https:\/\/morningscore.io\/sv\/konkurrentanalys-backlinks\/\">Konkurrentanalys backlinks<\/a><\/h3>\n\n                        <div class=\"text\"><p><a href=\"https:\/\/morningscore.io\/sv\/konkurrentanalys-backlinks\/\"><img decoding=\"async\" style=\"max-width: 100%\" src=\"data:image\/png;base64,iVBORw0KGgoAAAANSUhEUgAAAAEAAAABCAQAAAC1HAwCAAAAC0lEQVR42mNkYAAAAAYAAjCB0C8AAAAASUVORK5CYII=\" data-src=\"https:\/\/morningscore.io\/wp-content\/uploads\/2024\/02\/competitor-backlink-analysis-tool-1.jpg\"><\/a><\/p>\n<\/div>\n\n                        <div class=\"more\">\n                            <div class=\"learn\">\n                                <span class=\"learn-more\">\n                                    Learn more                                <\/span>\n                                <span class=\"arrow-right\"><\/span>\n                            <\/div>\n                        <\/div>\n                    <\/div>\n                \t\t\t\t\t<\/div>\n\n\t\t\t<\/div>\n\n<\/section>\n\n<section class=\"feature-boxes default\" data-boxes-layout=\"cards-shadow\" data-num-columns=\"3\">\n\n\t<div class=\"inner-content\">\n\t\t<div class=\"so-widget-mssub-section-header so-widget-mssub-section-header-base\"><div class=\"section-header\" data-layout=\"headline-centered\">\n\t<span class=\"section-subheading\"><\/span>\n\t<div class=\"section-col section-col-1\">\n\t\t<h2 class=\"section-heading\">Verktyg f\u00f6r h\u00e4lsa (Onpage)<\/h2>\n\t<\/div>\n\n\t\t\n<\/div>\n<\/div>\n\t\t<div class=\"feature-boxes-boxes\">\n\t\t\t                                    <div class=\"feature-boxes-box\">\n\n                        \n                        <h3><a href=\"https:\/\/morningscore.io\/sv\/seo-checker\/\">Onpage SEO checker<\/a><\/h3>\n\n                        <div class=\"text\"><p><a href=\"https:\/\/morningscore.io\/sv\/seo-checker\/\"><img decoding=\"async\" style=\"max-width: 100%\" src=\"data:image\/png;base64,iVBORw0KGgoAAAANSUhEUgAAAAEAAAABCAQAAAC1HAwCAAAAC0lEQVR42mNkYAAAAAYAAjCB0C8AAAAASUVORK5CYII=\" data-src=\"https:\/\/morningscore.io\/wp-content\/uploads\/2024\/02\/Morningscore-seo-checker-tool-2-1.png\"><\/a><\/p>\n<\/div>\n\n                        <div class=\"more\">\n                            <div class=\"learn\">\n                                <span class=\"learn-more\">\n                                    Learn more                                <\/span>\n                                <span class=\"arrow-right\"><\/span>\n                            <\/div>\n                        <\/div>\n                    <\/div>\n                \t\t\t\t\t<\/div>\n\n\t\t\t<\/div>\n\n<\/section>\n\n<section class=\"feature-boxes default\" data-boxes-layout=\"cards-shadow\" data-num-columns=\"3\">\n\n\t<div class=\"inner-content\">\n\t\t<div class=\"so-widget-mssub-section-header so-widget-mssub-section-header-base\"><div class=\"section-header\" data-layout=\"headline-centered\">\n\t<span class=\"section-subheading\"><\/span>\n\t<div class=\"section-col section-col-1\">\n\t\t<h2 class=\"section-heading\">Verktyg f\u00f6r uppdrag<\/h2>\n\t<\/div>\n\n\t\t\n<\/div>\n<\/div>\n\t\t<div class=\"feature-boxes-boxes\">\n\t\t\t                                    <div class=\"feature-boxes-box\">\n\n                        \n                        <h3><a href=\"https:\/\/morningscore.io\/sv\/seo-uppgiftshantering\/\">SEO uppgiftshantering<\/a><\/h3>\n\n                        <div class=\"text\"><p><a href=\"https:\/\/morningscore.io\/sv\/seo-uppgiftshantering\/\"><img decoding=\"async\" style=\"max-width: 100%\" src=\"data:image\/png;base64,iVBORw0KGgoAAAANSUhEUgAAAAEAAAABCAQAAAC1HAwCAAAAC0lEQVR42mNkYAAAAAYAAjCB0C8AAAAASUVORK5CYII=\" data-src=\"https:\/\/morningscore.io\/wp-content\/uploads\/2024\/02\/SEO-project-and-task-management-1.jpg\"><\/a><\/p>\n<\/div>\n\n                        <div class=\"more\">\n                            <div class=\"learn\">\n                                <span class=\"learn-more\">\n                                    Learn more                                <\/span>\n                                <span class=\"arrow-right\"><\/span>\n                            <\/div>\n                        <\/div>\n                    <\/div>\n                \t\t\t\t\t<\/div>\n\n\t\t\t<\/div>\n\n<\/section>\n\n<section class=\"feature-boxes default\" data-boxes-layout=\"cards-shadow\" data-num-columns=\"3\">\n\n\t<div class=\"inner-content\">\n\t\t<div class=\"so-widget-mssub-section-header so-widget-mssub-section-header-base\"><div class=\"section-header\" data-layout=\"headline-centered\">\n\t<span class=\"section-subheading\"><\/span>\n\t<div class=\"section-col section-col-1\">\n\t\t<h2 class=\"section-heading\">Verktyg f\u00f6r rapportering<\/h2>\n\t<\/div>\n\n\t\t\n<\/div>\n<\/div>\n\t\t<div class=\"feature-boxes-boxes\">\n\t\t\t                                    <div class=\"feature-boxes-box\">\n\n                        \n                        <h3><a href=\"https:\/\/morningscore.io\/sv\/seo-rapporter\/\">SEO rapporter<\/a><\/h3>\n\n                        <div class=\"text\"><p><a href=\"https:\/\/morningscore.io\/sv\/seo-rapporter\/\"><img decoding=\"async\" style=\"max-width: 100%\" src=\"data:image\/png;base64,iVBORw0KGgoAAAANSUhEUgAAAAEAAAABCAQAAAC1HAwCAAAAC0lEQVR42mNkYAAAAAYAAjCB0C8AAAAASUVORK5CYII=\" data-src=\"https:\/\/morningscore.io\/wp-content\/uploads\/2024\/02\/ms-seo-reporting-1.jpg\"><\/a><\/p>\n<\/div>\n\n                        <div class=\"more\">\n                            <div class=\"learn\">\n                                <span class=\"learn-more\">\n                                    Learn more                                <\/span>\n                                <span class=\"arrow-right\"><\/span>\n                            <\/div>\n                        <\/div>\n                    <\/div>\n                \t\t\t\t\t<\/div>\n\n\t\t\t<\/div>\n\n<\/section>\n\n<section class=\"feature-boxes default\" data-boxes-layout=\"cards-shadow\" data-num-columns=\"3\">\n\n\t<div class=\"inner-content\">\n\t\t<div class=\"so-widget-mssub-section-header so-widget-mssub-section-header-base\"><div class=\"section-header\" data-layout=\"headline-centered\">\n\t<span class=\"section-subheading\"><\/span>\n\t<div class=\"section-col section-col-1\">\n\t\t<h2 class=\"section-heading\">Andra verktyg<\/h2>\n\t<\/div>\n\n\t\t\n<\/div>\n<\/div>\n\t\t<div class=\"feature-boxes-boxes\">\n\t\t\t                                    <div class=\"feature-boxes-box\">\n\n                        \n                        <h3><a href=\"https:\/\/morningscore.io\/sv\/site-explorer\/\">Site explorer<\/a><\/h3>\n\n                        <div class=\"text\"><p><a href=\"https:\/\/morningscore.io\/sv\/site-explorer\/\"><img decoding=\"async\" style=\"max-width: 100%\" src=\"data:image\/png;base64,iVBORw0KGgoAAAANSUhEUgAAAAEAAAABCAQAAAC1HAwCAAAAC0lEQVR42mNkYAAAAAYAAjCB0C8AAAAASUVORK5CYII=\" data-src=\"https:\/\/morningscore.io\/wp-content\/uploads\/2025\/04\/site-explorer-verktyg.png\"><\/a><\/p>\n<\/div>\n\n                        <div class=\"more\">\n                            <div class=\"learn\">\n                                <span class=\"learn-more\">\n                                    Learn more                                <\/span>\n                                <span class=\"arrow-right\"><\/span>\n                            <\/div>\n                        <\/div>\n                    <\/div>\n                \t\t\t\t\t<\/div>\n\n\t\t\t<\/div>\n\n<\/section>\n<\/div><\/div><\/div><noscript><img decoding=\"async\" style=\"max-width: 100%\" src=\"https:\/\/morningscore.io\/wp-content\/uploads\/2024\/02\/Morningscore-rank-tracker-tool-1.png\" data-src=\"https:\/\/morningscore.io\/wp-content\/uploads\/2024\/02\/Morningscore-rank-tracker-tool-1.png\"><\/noscript><noscript><img decoding=\"async\" style=\"max-width: 100%\" src=\"https:\/\/morningscore.io\/wp-content\/uploads\/2024\/02\/Morningscore-keyword-research-tool-1.png\" data-src=\"https:\/\/morningscore.io\/wp-content\/uploads\/2024\/02\/Morningscore-keyword-research-tool-1.png\"><\/noscript><noscript><img decoding=\"async\" style=\"max-width: 100%\" src=\"https:\/\/morningscore.io\/wp-content\/uploads\/2024\/02\/competitor-comparison-analysis-1.jpg\" data-src=\"https:\/\/morningscore.io\/wp-content\/uploads\/2024\/02\/competitor-comparison-analysis-1.jpg\"><\/noscript><noscript><img decoding=\"async\" style=\"max-width: 100%\" src=\"https:\/\/morningscore.io\/wp-content\/uploads\/2024\/02\/all-keyword-tab-screenshot-min.png\" data-src=\"https:\/\/morningscore.io\/wp-content\/uploads\/2024\/02\/all-keyword-tab-screenshot-min.png\"><\/noscript><noscript><img decoding=\"async\" style=\"max-width: 100%\" src=\"https:\/\/morningscore.io\/wp-content\/uploads\/2024\/02\/Morningscore-backlink-checker-tool-1.jpg\" data-src=\"https:\/\/morningscore.io\/wp-content\/uploads\/2024\/02\/Morningscore-backlink-checker-tool-1.jpg\"><\/noscript><noscript><img decoding=\"async\" style=\"max-width: 100%\" src=\"https:\/\/morningscore.io\/wp-content\/uploads\/2024\/02\/competitor-backlink-analysis-tool-1.jpg\" data-src=\"https:\/\/morningscore.io\/wp-content\/uploads\/2024\/02\/competitor-backlink-analysis-tool-1.jpg\"><\/noscript><noscript><img decoding=\"async\" style=\"max-width: 100%\" src=\"https:\/\/morningscore.io\/wp-content\/uploads\/2024\/02\/Morningscore-seo-checker-tool-2-1.png\" data-src=\"https:\/\/morningscore.io\/wp-content\/uploads\/2024\/02\/Morningscore-seo-checker-tool-2-1.png\"><\/noscript><noscript><img decoding=\"async\" style=\"max-width: 100%\" src=\"https:\/\/morningscore.io\/wp-content\/uploads\/2024\/02\/SEO-project-and-task-management-1.jpg\" data-src=\"https:\/\/morningscore.io\/wp-content\/uploads\/2024\/02\/SEO-project-and-task-management-1.jpg\"><\/noscript><noscript><img decoding=\"async\" style=\"max-width: 100%\" src=\"https:\/\/morningscore.io\/wp-content\/uploads\/2024\/02\/ms-seo-reporting-1.jpg\" data-src=\"https:\/\/morningscore.io\/wp-content\/uploads\/2024\/02\/ms-seo-reporting-1.jpg\"><\/noscript><noscript><img decoding=\"async\" style=\"max-width: 100%\" src=\"https:\/\/morningscore.io\/wp-content\/uploads\/2025\/04\/site-explorer-verktyg.png\" data-src=\"https:\/\/morningscore.io\/wp-content\/uploads\/2025\/04\/site-explorer-verktyg.png\"><\/noscript>","protected":false},"excerpt":{"rendered":"<p>Den enklaste allt-i-ett SEO verktyg Alla verktyg och funktioner Se alla funktioner nedan \ud83d\udc47\ufe0f Verktyg f\u00f6r s\u00f6kord Rank tracker Learn more S\u00f6kordsanalys verktyg Learn more Konkurrentanalys verktyg Learn more Lokal rank tracker Learn more Verktyg f\u00f6r backlinks Backlink checker Learn more Konkurrentanalys backlinks Learn more Verktyg f\u00f6r h\u00e4lsa (Onpage) Onpage SEO checker Learn more Verktyg [&hellip;]<\/p>\n","protected":false},"author":1,"featured_media":0,"parent":0,"menu_order":0,"comment_status":"closed","ping_status":"closed","template":"","meta":{"_acf_changed":false,"inline_featured_image":false,"footnotes":""},"class_list":["post-62029","page","type-page","status-publish","hentry"],"acf":[],"_links":{"self":[{"href":"https:\/\/morningscore.io\/sv\/wp-json\/wp\/v2\/pages\/62029","targetHints":{"allow":["GET"]}}],"collection":[{"href":"https:\/\/morningscore.io\/sv\/wp-json\/wp\/v2\/pages"}],"about":[{"href":"https:\/\/morningscore.io\/sv\/wp-json\/wp\/v2\/types\/page"}],"author":[{"embeddable":true,"href":"https:\/\/morningscore.io\/sv\/wp-json\/wp\/v2\/users\/1"}],"replies":[{"embeddable":true,"href":"https:\/\/morningscore.io\/sv\/wp-json\/wp\/v2\/comments?post=62029"}],"version-history":[{"count":6,"href":"https:\/\/morningscore.io\/sv\/wp-json\/wp\/v2\/pages\/62029\/revisions"}],"predecessor-version":[{"id":72966,"href":"https:\/\/morningscore.io\/sv\/wp-json\/wp\/v2\/pages\/62029\/revisions\/72966"}],"wp:attachment":[{"href":"https:\/\/morningscore.io\/sv\/wp-json\/wp\/v2\/media?parent=62029"}],"curies":[{"name":"wp","href":"https:\/\/api.w.org\/{rel}","templated":true}]}}