{"id":60474,"date":"2025-04-22T06:41:37","date_gmt":"2025-04-22T06:41:37","guid":{"rendered":"https:\/\/morningscore.io\/?page_id=60474"},"modified":"2025-04-22T06:41:37","modified_gmt":"2025-04-22T06:41:37","slug":"villkor","status":"publish","type":"page","link":"https:\/\/morningscore.io\/sv\/villkor\/","title":{"rendered":"Villkor"},"content":{"rendered":"<p>Dessa Villkor utg\u00f6r ett bindande avtal f\u00f6r anv\u00e4ndningen av v\u00e5ra produkter och tj\u00e4nster (\u201dTj\u00e4nsten\u201d). Tj\u00e4nsten tillhandah\u00e5lls av Morningscore Aps (\u201dMorningscore\u201d, \u201dvi\u201d, \u201doss\u201d eller \u201dv\u00e5r\u201d), bel\u00e4get p\u00e5 St\u00e6rmoseg\u00e5rdsvej 8, st., 5230 Odense M, Danmark. Genom att anv\u00e4nda v\u00e5r Tj\u00e4nst godk\u00e4nner du dessa villkor. Vi r\u00e5der dig att l\u00e4sa dem noggrant.<\/p>\n<h3><span style=\"font-weight: 400;\">\u00c5TKOMST OCH ANV\u00c4NDNING AV TJ\u00c4NSTEN<\/span><\/h3>\n<p><span style=\"font-weight: 400;\">\u00c5tkomst och anv\u00e4ndning av v\u00e5r Tj\u00e4nst ger dig inte \u00e4gander\u00e4tt till n\u00e5gra immateriella r\u00e4ttigheter i v\u00e5r Tj\u00e4nst eller det inneh\u00e5ll du kommer \u00e5t.<\/span><span style=\"font-weight: 400;\">V\u00e5r Tj\u00e4nst visar visst inneh\u00e5ll som inte \u00e4r Morningscores. Detta inneh\u00e5ll \u00e4r ensamt den enhets ansvar som g\u00f6r det tillg\u00e4ngligt. Vi kan granska inneh\u00e5ll f\u00f6r att avg\u00f6ra om det \u00e4r olagligt eller bryter mot v\u00e5ra policyer, och vi kan ta bort eller v\u00e4gra att visa inneh\u00e5ll som vi rimligen anser bryter mot v\u00e5ra policyer eller lagen.<\/span><\/p>\n<h3><span style=\"font-weight: 400;\">TJ\u00c4NSTBESKRIVNING<\/span><\/h3>\n<p><span style=\"font-weight: 400;\">Morningscore ger dig tillg\u00e5ng till en rik samling resurser, inklusive men inte begr\u00e4nsat till, verktyg f\u00f6r s\u00f6kmotoroptimering, l\u00e4nk-analysverktyg, SEO-uppdrag och mycket mer. Du f\u00f6rst\u00e5r ocks\u00e5 att Tj\u00e4nsten kan inneh\u00e5lla viss kommunikation fr\u00e5n Morningscore, till exempel servicemeddelanden och administrativa meddelanden, som \u00e4r relaterade till tillhandah\u00e5llandet av Tj\u00e4nsten. Om inget annat uttryckligen anges ska alla nya funktioner eller verktyg som sl\u00e4pps av oss i samband med Tj\u00e4nsten omfattas av detta Avtal.<\/span><span style=\"font-weight: 400;\">Tj\u00e4nsten \u00e4r en onlineprodukt som kr\u00e4ver \u00e5tkomst via internet eller annan n\u00e4tverksanslutning. Du ansvarar f\u00f6r att skaffa den n\u00f6dv\u00e4ndiga internet- eller n\u00e4tverksanslutningen f\u00f6r att komma \u00e5t Morningscores Tj\u00e4nst, och du ansvarar f\u00f6r tillh\u00f6rande tredjepartsavgifter (till exempel internetleverant\u00f6rs- eller samtalsavgifter) f\u00f6r anslutningen till Tj\u00e4nsten. Dessutom ansvarar du f\u00f6r att anskaffa och underh\u00e5lla all utrustning som kr\u00e4vs f\u00f6r att ansluta till Tj\u00e4nsten. Kvaliteten p\u00e5 Tj\u00e4nsten som du upplever kan bero p\u00e5 din anslutning och utrustning. Morningscore ansvarar inte f\u00f6r n\u00e5gra anspr\u00e5k eller f\u00f6rluster som uppst\u00e5r till f\u00f6ljd av din anslutning och utrustning.<\/span><\/p>\n<h3><span style=\"font-weight: 400;\">TILLSKRIVNINGSMEDDELANDE<\/span><\/h3>\n<p><span style=\"font-weight: 400;\">Du bekr\u00e4ftar att alla Morningscores egna m\u00e4tv\u00e4rden som erh\u00e5lls genom Tj\u00e4nsten f\u00f6rblir Morningscores immateriella egendom, och samtycker till att tillskriva m\u00e4tv\u00e4rden som, men inte begr\u00e4nsat till, Morningscore-m\u00e4tv\u00e4rdet, Linkscore, Onsite Health Score och Pagescore i varje publicering eller distribution av n\u00e4mnda egna m\u00e4tv\u00e4rden.<\/span><\/p>\n<h3><span style=\"font-weight: 400;\">KONTO\u00c5TKOMST<\/span><\/h3>\n<p><span style=\"font-weight: 400;\">Du m\u00e5ste ange din giltiga e-postadress och all annan information som beg\u00e4rs f\u00f6r att slutf\u00f6ra prenumerationsprocessen och bli registrerad. Din inloggning f\u00e5r endast anv\u00e4ndas av en person. En enda inloggning som delas av flera anv\u00e4ndare \u00e4r inte till\u00e5ten. Vi f\u00f6rbeh\u00e5ller oss r\u00e4tten att avbryta eller st\u00e4nga av din \u00e5tkomst till Tj\u00e4nsten om vi ser n\u00e5gon misst\u00e4nkt aktivitet p\u00e5 ditt konto som rimligen tyder p\u00e5 att du medvetet och\/eller avsiktligt delat dina inloggningsuppgifter med en annan anv\u00e4ndare. Du ansvarar f\u00f6r att uppr\u00e4tth\u00e5lla s\u00e4kerheten f\u00f6r ditt konto och l\u00f6senord. Morningscore kan inte och kommer inte att h\u00e5llas ansvarigt f\u00f6r n\u00e5gon f\u00f6rlust eller skada till f\u00f6ljd av att du inte uppfyller denna skyldighet.<\/span><\/p>\n<h3><span style=\"font-weight: 400;\">DINA REGISTRERINGSSKYLDIGHETER<\/span><\/h3>\n<p><span style=\"font-weight: 400;\">Som registrerad anv\u00e4ndare av Morningscores tj\u00e4nst intygar du att du \u00e4r myndig och kan ing\u00e5 bindande avtal. Du godk\u00e4nner ocks\u00e5 att: (a) ge sanningsenlig, korrekt, aktuell och fullst\u00e4ndig information om dig sj\u00e4lv enligt vad som efterfr\u00e5gas i tj\u00e4nstens registreringsformul\u00e4r (\u201dregistreringsuppgifterna\u201d) och (b) underh\u00e5lla och omedelbart uppdatera registreringsuppgifterna s\u00e5 att de f\u00f6rblir sanningsenliga, korrekta, aktuella och fullst\u00e4ndiga. Om du l\u00e4mnar information som \u00e4r osann, felaktig, inte aktuell eller ofullst\u00e4ndig, eller om Morningscore har rimliga sk\u00e4l att misst\u00e4nka att s\u00e5dan information \u00e4r osann, felaktig, inte aktuell eller ofullst\u00e4ndig, har Morningscore r\u00e4tt att st\u00e4nga av eller s\u00e4ga upp ditt konto och neka dig all nuvarande eller framtida anv\u00e4ndning av tj\u00e4nsten (eller n\u00e5gon del d\u00e4rav).<\/span><\/p>\n<h3><span style=\"font-weight: 400;\">INGEN \u00c5TERF\u00d6RS\u00c4LJNING ELLER OMAUTHORISERAD DISTRIBUTION AV TJ\u00c4NSTEN<\/span><\/h3>\n<p><span style=\"font-weight: 400;\">Du f\u00e5r anv\u00e4nda tj\u00e4nsten internt inom f\u00f6retaget i syfte att f\u00e5 insikter och analyser f\u00f6r att optimera din(a) webbplats(er) och relaterade kampanjer.<\/span><span style=\"font-weight: 400;\">Utom i de fall Morningscore uttryckligen godk\u00e4nt det, samtycker du till att inte reproducera, duplicera, kopiera, s\u00e4lja, handla med, \u00e5terf\u00f6rs\u00e4lja, ge tillg\u00e5ng till, modifiera, skapa h\u00e4rledda verk av eller exploatera n\u00e5gon del av tj\u00e4nsten, anv\u00e4ndningen av tj\u00e4nsten eller tillg\u00e5ngen till tj\u00e4nsten eller datorkoden som driver tj\u00e4nsten, f\u00f6r n\u00e5gra kommersiella \u00e4ndam\u00e5l.<\/span><span style=\"font-weight: 400;\">Du ansvarar f\u00f6r all anv\u00e4ndning av tj\u00e4nsten som sker via ditt konto. Du \u00e4r ansvarig f\u00f6r att h\u00e5lla dina inloggningsuppgifter hemliga.<\/span><\/p>\n<h3><span style=\"font-weight: 400;\">\u200b\u200bMEDDELANDEN OM TJ\u00c4NSTEN OCH MARKNADSF\u00d6RING<\/span><\/h3>\n<p><span style=\"font-weight: 400;\">\u200bGenom att registrera ett konto hos Morningscore (gratis eller betalt) ger du oss ditt tillst\u00e5nd att skicka e-postmeddelanden till den e-postadress du angav vid registreringen.<\/span><span style=\"font-weight: 400;\">Dessa e-postmeddelanden kan inneh\u00e5lla: uppdateringar av Morningscores verktyg, tips och handledningar om hur du anv\u00e4nder Morningscores verktyg och systemmeddelanden.<\/span><span style=\"font-weight: 400;\">\u200b\u200bDu f\u00e5r ocks\u00e5 m\u00f6jlighet att prenumerera p\u00e5 reklamerbjudanden. T\u00e4nk p\u00e5 att du kan v\u00e4lja bort dessa valfria e-postmeddelanden n\u00e4r som helst genom att anv\u00e4nda l\u00e4nken \u201dAvsluta prenumeration\u201d som finns l\u00e4ngst ner i varje e-postmeddelande vi skickar till dig.<\/span><span style=\"font-weight: 400;\">\u200bVi kan skicka meddelanden eller e-postmeddelanden via v\u00e5r egen e-posttj\u00e4nst eller via tredjepartstj\u00e4nster.<\/span><\/p>\n<h3><span style=\"font-weight: 400;\">OBEH\u00d6RIGA ANV\u00c4NDARE<\/span><\/h3>\n<p><span style=\"font-weight: 400;\">Konton m\u00e5ste registreras av en m\u00e4nniska. Konton som registreras av \u201dbotar\u201d eller andra automatiserade metoder \u00e4r inte till\u00e5tna.<\/span><\/p>\n<h3><span style=\"font-weight: 400;\">OBEH\u00d6RIG \u00c5TKOMST<\/span><\/h3>\n<p><span style=\"font-weight: 400;\">Du f\u00e5r inte modifiera, anpassa eller hacka Tj\u00e4nsten eller modifiera en annan webbplats s\u00e5 att det felaktigt antyds att den \u00e4r kopplad till Tj\u00e4nsten eller Morningscore. Du f\u00e5r inte bak\u00e5tkompilera objektkod eller \u00e5teranv\u00e4nda k\u00e4llkod som tillhandah\u00e5lls i samband med Tj\u00e4nsten. Detta inkluderar all JavaScript. Koden \u00e4r Morningscores upphovsr\u00e4tt. Du f\u00e5r inte \u00f6verf\u00f6ra n\u00e5gra maskar eller virus eller n\u00e5gon kod av destruktiv eller skadlig natur. Du samtycker till att inte modifiera n\u00e5gon kod som tillhandah\u00e5lls i samband med Tj\u00e4nsten p\u00e5 n\u00e5got s\u00e4tt eller i n\u00e5gon form, och inte heller anv\u00e4nda modifierade versioner av s\u00e5dan kod, inklusive (utan begr\u00e4nsning) i syfte att f\u00e5 obeh\u00f6rig \u00e5tkomst till Tj\u00e4nsten. Du samtycker till att inte komma \u00e5t Tj\u00e4nsten p\u00e5 n\u00e5got annat s\u00e4tt \u00e4n genom gr\u00e4nssnittet som tillhandah\u00e5lls av Morningscore f\u00f6r anv\u00e4ndning vid \u00e5tkomst till Tj\u00e4nsten. Alla onaturliga medel eller olagliga f\u00f6rs\u00f6k att komma \u00e5t v\u00e5r Tj\u00e4nst, webbplats, server eller databas inklusive med hj\u00e4lp av automatiska verktyg som scrapers eller bots \u00e4r f\u00f6rbjudna. Vi kan s\u00e4ga upp, st\u00e4nga av och\/eller blockera din \u00e5tkomst om vi fastst\u00e4ller att din anv\u00e4ndning av eller \u00e5tkomst till v\u00e5r Tj\u00e4nst bryter mot v\u00e5ra villkor. Med f\u00f6rbeh\u00e5ll f\u00f6r de andra begr\u00e4nsningarna som anges h\u00e4r f\u00e5r du bara anv\u00e4nda automatiserade verktyg f\u00f6r att komma \u00e5t v\u00e5r Tj\u00e4nst genom de Application Program Interfaces (API) som vi tillhandah\u00e5ller.<\/span><span style=\"font-weight: 400;\">Du f\u00e5r inte f\u00f6rs\u00f6ka kringg\u00e5 n\u00e5gon funktion eller komma \u00e5t funktioner p\u00e5 webbplatsen direkt genom att anv\u00e4nda anpassade http-anrop (eller andra), eller f\u00f6rs\u00f6ka manipulera Tj\u00e4nsten, eller komma \u00e5t den p\u00e5 ett annat s\u00e4tt \u00e4n p\u00e5 ett s\u00e4tt som en rimlig person skulle anse vara normal till\u00e5ten anv\u00e4ndning.<\/span><span style=\"font-weight: 400;\">Du b\u00f6r inte f\u00f6rs\u00f6ka utnyttja n\u00e5gon funktion som en rimlig person skulle anse vara en uppenbar brist eller ett fel p\u00e5 Tj\u00e4nsten och webbplatsen.<\/span><\/p>\n<h3><span style=\"font-weight: 400;\">IP-ADRESSBLOCKERING<\/span><\/h3>\n<p><span style=\"font-weight: 400;\">F\u00f6r att skydda Tj\u00e4nstens integritet f\u00f6rbeh\u00e5ller sig Morningscore r\u00e4tten att n\u00e4r som helst efter eget gottfinnande blockera registrerade och prenumeranter fr\u00e5n vissa IP-adresser fr\u00e5n att komma \u00e5t Tj\u00e4nsten.<\/span><\/p>\n<h3><span style=\"font-weight: 400;\">REGISTRERING OCH PRENUMERATION<\/span><\/h3>\n<p><span style=\"font-weight: 400;\">Du kan bli registrerad f\u00f6r Tj\u00e4nsten utan kostnad. Som registrerad kommer du att kunna delta i vissa, men inte alla, funktioner och verktyg som finns tillg\u00e4ngliga inom Tj\u00e4nsten.<\/span><span style=\"font-weight: 400;\">F\u00f6r att f\u00e5 tillg\u00e5ng till ytterligare funktioner, inklusive m\u00f6jligheten att anv\u00e4nda m\u00e5nga av v\u00e5ra verktyg, m\u00e5ste du bli prenumerant p\u00e5 Tj\u00e4nsten.<\/span><span style=\"font-weight: 400;\">Beroende p\u00e5 vilket prenumerationsabonnemang du v\u00e4ljer kommer du att ha r\u00e4tt till ett varierande antal funktioner och\/eller olika gr\u00e4nser.<\/span><\/p>\n<h3><span style=\"font-weight: 400;\">BINDNINGSTID OCH UPPS\u00c4GNING<\/span><\/h3>\n<p><span style=\"font-weight: 400;\">Prenumerationer \u00e4r bindande f\u00f6r den valda perioden (en m\u00e5nad eller ett \u00e5r) och f\u00f6rnyas automatiskt med motsvarande bindningstid om inte ett individuellt avtal har ing\u00e5tts. Vid individuella avtal f\u00f6rnyas prenumerationen med en bindningstid p\u00e5 ett \u00e5r.<\/span><\/p>\n<p>Upps\u00e4gning kan g\u00f6ras innan fakturering av en ny prenumerationsperiod. Du kan sj\u00e4lv s\u00e4ga upp din prenumeration via inst\u00e4llningsmenyn i Morningscore eller genom att kontakta kundtj\u00e4nst via chatt eller mail@morningscore.io.<\/p>\n<h3><span style=\"font-weight: 400;\">AUTOMATISK DEBITERING P\u00c5 DITT BETALKORT<\/span><\/h3>\n<p><span style=\"font-weight: 400;\">Om du f\u00e5r ett nytt kort, v\u00e4nligen uppdatera dina kortuppgifter. Du kan g\u00f6ra detta i prenumerationsinst\u00e4llningarna. Alternativt kan du kontakta kundtj\u00e4nst via v\u00e5r chatt eller mail@morningscore.io.<\/span><\/p>\n<p>Du kan n\u00e4r som helst dra tillbaka ditt samtycke till att vi debiterar ditt kort.<\/p>\n<p>Du kan ocks\u00e5 klaga till din kortleverant\u00f6r (vanligtvis din bank) om du uppt\u00e4cker att ett obeh\u00f6rigt uttag har gjorts. Du m\u00e5ste bestrida detta s\u00e5 snart som m\u00f6jligt och senast 8 veckor efter betalningen, om inget annat avtalats.<\/p>\n<h3><span style=\"font-weight: 400;\">\u00c5TERBETALNINGSPOLICY<\/span><\/h3>\n<p><span style=\"font-weight: 400;\">Om det inte kr\u00e4vs enligt lag \u00e4r Morningscore inte skyldiga att ge dig n\u00e5gon \u00e5terbetalning. Beloppet som betalats (eller motsvarande i din lokala valuta) f\u00f6r en prenumeration kan inte \u00e5terbetalas. F\u00f6r din m\u00e5natliga prenumeration kan du beg\u00e4ra \u00e5terbetalning efter att betalningen har gjorts f\u00f6r utebliven anv\u00e4ndning, men t\u00e4nk p\u00e5 att vi f\u00f6rbeh\u00e5ller oss r\u00e4tten att neka din beg\u00e4ran om \u00e5terbetalning om vi ser n\u00e5gon v\u00e4sentlig aktivitet p\u00e5 ditt konto.<\/span><\/p>\n<h3><span style=\"font-weight: 400;\">UPPS\u00c4GNING AV TJ\u00c4NSTEN<\/span><\/h3>\n<p><span style=\"font-weight: 400;\">Morningscore f\u00f6rbeh\u00e5ller sig r\u00e4tten att ensidigt s\u00e4ga upp tj\u00e4nsten under f\u00f6ljande omst\u00e4ndigheter:<\/span><\/p>\n<ul>\n<li style=\"font-weight: 400;\" aria-level=\"1\"><span style=\"font-weight: 400;\">Du bryter mot n\u00e5gon av dessa villkor;<\/span><\/li>\n<li style=\"font-weight: 400;\" aria-level=\"1\"><span style=\"font-weight: 400;\">Vi uppt\u00e4cker ovanliga anv\u00e4ndningsm\u00f6nster i samband med tj\u00e4nsten;<\/span><\/li>\n<li style=\"font-weight: 400;\" aria-level=\"1\"><span style=\"font-weight: 400;\">Du f\u00f6rs\u00f6ker skada v\u00e5rt rykte, arbete eller tj\u00e4nst;<\/span><\/li>\n<li style=\"font-weight: 400;\" aria-level=\"1\"><span style=\"font-weight: 400;\">Som svar p\u00e5 f\u00f6rfr\u00e5gningar fr\u00e5n brottsbek\u00e4mpande myndigheter eller andra offentliga organ.<\/span><\/li>\n<\/ul>\n<h3><span style=\"font-weight: 400;\">\u00c4NDRINGAR AV TJ\u00c4NSTEN<\/span><\/h3>\n<p><span style=\"font-weight: 400;\">Vi \u00e4ndrar och f\u00f6rb\u00e4ttrar st\u00e4ndigt v\u00e5r tj\u00e4nst. Vi kan l\u00e4gga till eller ta bort funktioner, och vi kan tillf\u00e4lligt eller permanent avbryta tj\u00e4nsten helt och h\u00e5llet. Du kan sluta anv\u00e4nda v\u00e5r tj\u00e4nst n\u00e4r som helst, \u00e4ven om vi kommer att sakna dig. Morningscore kan ocks\u00e5 sluta tillhandah\u00e5lla tj\u00e4nsten till dig, eller l\u00e4gga till eller skapa nya begr\u00e4nsningar f\u00f6r v\u00e5r tj\u00e4nst n\u00e4r som helst.<\/span><span style=\"font-weight: 400;\">Du godk\u00e4nner att Morningscore inte ska vara ansvariga gentemot dig eller n\u00e5gon tredje part f\u00f6r n\u00e5gon \u00e4ndring, tillf\u00e4llig avst\u00e4ngning eller upph\u00f6rande av tj\u00e4nsten.<\/span><\/p>\n<h3><span style=\"font-weight: 400;\">DATAINSAMLING OCH ANV\u00c4NDNING<\/span><\/h3>\n<p><span style=\"font-weight: 400;\">Du f\u00f6rst\u00e5r och godk\u00e4nner att Morningscore kan anonymisera och aggregera data som du delar med tj\u00e4nsten, inklusive data som \u00e4r kopplade till dina Google Analytics- och Google Search Console-konton, och anv\u00e4nda den utan att identifiera dig i syfte att f\u00f6rb\u00e4ttra tj\u00e4nsten.<\/span><\/p>\n<h3><span style=\"font-weight: 400;\">EXTERNA L\u00c4NKAR<\/span><\/h3>\n<p><span style=\"font-weight: 400;\">Tj\u00e4nsten kan inneh\u00e5lla l\u00e4nkar till andra webbplatser eller resurser. Eftersom Morningscore inte har n\u00e5gon kontroll \u00f6ver s\u00e5dana webbplatser eller resurser, bekr\u00e4ftar och godk\u00e4nner du att Morningscore inte \u00e4r ansvariga f\u00f6r tillg\u00e4ngligheten av s\u00e5dana externa webbplatser eller resurser, inte st\u00f6der n\u00e4mnda webbplatser\/resurser och inte \u00e4r ansvariga f\u00f6r n\u00e5got inneh\u00e5ll, reklam eller annat material p\u00e5 eller tillg\u00e4ngligt fr\u00e5n s\u00e5dana webbplatser eller resurser. Du bekr\u00e4ftar och godk\u00e4nner vidare att Morningscore inte ska vara ansvariga, direkt eller indirekt, f\u00f6r n\u00e5gon skada eller f\u00f6rlust som orsakats eller p\u00e5st\u00e5s ha orsakats av eller p\u00e5 n\u00e5got s\u00e4tt \u00e4r relaterad till anv\u00e4ndning av eller beroende av s\u00e5dant inneh\u00e5ll, varor eller tj\u00e4nster som \u00e4r tillg\u00e4ngliga p\u00e5 eller via n\u00e5gon s\u00e5dan webbplats eller resurs.<\/span><\/p>\n<h3><span style=\"font-weight: 400;\">ANSVAR F\u00d6R V\u00c5R TJ\u00c4NST<\/span><\/h3>\n<p><span style=\"font-weight: 400;\">Tj\u00e4nsten och all information som tillhandah\u00e5lls d\u00e4ri \u00e4r \u201di befintligt skick\u201d och \u201dsom tillg\u00e4nglig\u201d utan n\u00e5gon garanti.<\/span><\/p>\n<p>I den utstr\u00e4ckning det \u00e4r till\u00e5tet enligt lag, <span style=\"font-weight: 400;\">kommer Morningscore inte att vara ansvariga f\u00f6r f\u00f6rlorade vinster, int\u00e4kter eller data, ekonomiska f\u00f6rluster eller indirekta, s\u00e4rskilda, f\u00f6ljdskador, exemplariska eller straffskador.<\/span><\/p>\n<p><span style=\"font-weight: 400;\">I den utstr\u00e4ckning det \u00e4r till\u00e5tet enligt lag \u00e4r Morningscores totala ansvar f\u00f6r alla anspr\u00e5k enligt dessa villkor, inklusive eventuella underf\u00f6rst\u00e5dda garantier, begr\u00e4nsat till det belopp du betalade oss f\u00f6r att anv\u00e4nda tj\u00e4nsten under de 12 m\u00e5nader som f\u00f6regick anspr\u00e5ket (eller, om vi v\u00e4ljer det, att leverera tj\u00e4nsten till dig igen).<\/span><\/p>\n<p>I den utstr\u00e4ckning det \u00e4r till\u00e5tet enligt lag kommer Morningscore inte att vara ansvariga f\u00f6r n\u00e5gon f\u00f6rlust eller skada som inte \u00e4r rimligen f\u00f6rutsebar.<\/p>\n<h3><\/h3>\n<h3><span style=\"font-weight: 400;\">OM DESSA VILLKOR<\/span><\/h3>\n<p><span style=\"font-weight: 400;\">Vi kan \u00e4ndra dessa villkor eller ytterligare villkor som g\u00e4ller f\u00f6r Tj\u00e4nsten, till exempel f\u00f6r att \u00e5terspegla \u00e4ndringar i lagen eller \u00e4ndringar i v\u00e5r Tj\u00e4nst. Du b\u00f6r regelbundet titta p\u00e5 onlineversionen av v\u00e5ra villkor. Vi kommer att publicera meddelande om \u00e4ndringar av dessa villkor p\u00e5 den h\u00e4r sidan. \u00c4ndringar kommer inte att till\u00e4mpas retroaktivt och tr\u00e4der i kraft tidigast sju dagar efter att de har publicerats. \u00c4ndringar som g\u00e4ller nya funktioner f\u00f6r Tj\u00e4nsten eller \u00e4ndringar som g\u00f6rs av juridiska sk\u00e4l tr\u00e4der dock i kraft omedelbart. Om du inte godk\u00e4nner de \u00e4ndrade villkoren f\u00f6r Tj\u00e4nsten b\u00f6r du sluta anv\u00e4nda v\u00e5r Tj\u00e4nst.<\/span><span style=\"font-weight: 400;\">Dessa villkor styr f\u00f6rh\u00e5llandet mellan Morningscore och dig. De skapar inga tredje parts f\u00f6rm\u00e5nsr\u00e4ttigheter.<\/span><span style=\"font-weight: 400;\">Om du inte f\u00f6ljer dessa villkor, och vi inte vidtar \u00e5tg\u00e4rder direkt, betyder det inte att vi ger upp n\u00e5gra r\u00e4ttigheter som vi kan ha, till exempel att vidta \u00e5tg\u00e4rder i framtiden.<\/span><span style=\"font-weight: 400;\">Om n\u00e5gon av dessa villkor blir ogiltiga, ogenomf\u00f6rbara eller ogiltiga, kommer de \u00f6vriga villkoren att f\u00f6rbli giltiga, verkst\u00e4llbara och inte p\u00e5verkas.<\/span><span style=\"font-weight: 400;\">Avsnittsrubrikerna i dessa villkor \u00e4r endast till f\u00f6r enkelhets skull och har ingen juridisk eller kontraktsm\u00e4ssig effekt.<\/span><\/p>\n","protected":false},"excerpt":{"rendered":"<p>Dessa Villkor utg\u00f6r ett bindande avtal f\u00f6r anv\u00e4ndningen av v\u00e5ra produkter och tj\u00e4nster (\u201dTj\u00e4nsten\u201d). Tj\u00e4nsten tillhandah\u00e5lls av Morningscore Aps (\u201dMorningscore\u201d, \u201dvi\u201d, \u201doss\u201d eller \u201dv\u00e5r\u201d), bel\u00e4get p\u00e5 St\u00e6rmoseg\u00e5rdsvej 8, st., 5230 Odense M, Danmark. Genom att anv\u00e4nda v\u00e5r Tj\u00e4nst godk\u00e4nner du dessa villkor. Vi r\u00e5der dig att l\u00e4sa dem noggrant. \u00c5TKOMST OCH ANV\u00c4NDNING AV TJ\u00c4NSTEN \u00c5tkomst [&hellip;]<\/p>\n","protected":false},"author":1,"featured_media":0,"parent":0,"menu_order":0,"comment_status":"closed","ping_status":"closed","template":"\/templates\/page-templates\/text-page.php","meta":{"_acf_changed":false,"inline_featured_image":false,"footnotes":""},"class_list":["post-60474","page","type-page","status-publish","hentry"],"acf":[],"_links":{"self":[{"href":"https:\/\/morningscore.io\/sv\/wp-json\/wp\/v2\/pages\/60474","targetHints":{"allow":["GET"]}}],"collection":[{"href":"https:\/\/morningscore.io\/sv\/wp-json\/wp\/v2\/pages"}],"about":[{"href":"https:\/\/morningscore.io\/sv\/wp-json\/wp\/v2\/types\/page"}],"author":[{"embeddable":true,"href":"https:\/\/morningscore.io\/sv\/wp-json\/wp\/v2\/users\/1"}],"replies":[{"embeddable":true,"href":"https:\/\/morningscore.io\/sv\/wp-json\/wp\/v2\/comments?post=60474"}],"version-history":[{"count":2,"href":"https:\/\/morningscore.io\/sv\/wp-json\/wp\/v2\/pages\/60474\/revisions"}],"predecessor-version":[{"id":61596,"href":"https:\/\/morningscore.io\/sv\/wp-json\/wp\/v2\/pages\/60474\/revisions\/61596"}],"wp:attachment":[{"href":"https:\/\/morningscore.io\/sv\/wp-json\/wp\/v2\/media?parent=60474"}],"curies":[{"name":"wp","href":"https:\/\/api.w.org\/{rel}","templated":true}]}}