{"id":60472,"date":"2025-04-09T20:38:02","date_gmt":"2025-04-09T20:38:02","guid":{"rendered":"https:\/\/morningscore.io\/?page_id=60472"},"modified":"2026-01-15T11:17:25","modified_gmt":"2026-01-15T11:17:25","slug":"cases","status":"publish","type":"page","link":"https:\/\/morningscore.io\/sv\/cases\/","title":{"rendered":"Kundframg\u00e5ngar"},"content":{"rendered":"<div id=\"pl-60472\" class=\"panel-layout\"><div id=\"pg-60472-0\" class=\"panel-grid panel-no-style\"><div id=\"pgc-60472-0-0\" class=\"panel-grid-cell\"><section class=\"hero  gradient_with_balls\" data-hero-layout=\"curved-no-image\" data-image-sizing=\"inner-no-overflow\" style=\"--hero-headline-size-multiplier: 1;position: relative;--hero-text-color: #312E81;\" data-side-type=\"image\">\n\n            <div class=\"hero-bg gradient_with_balls\" style=\"--gradient-start-color: #0A0A4D;--gradient-end-color: #563AC9;--gradient-angle: -180deg;background: none; overflow: visible;\">\n            \n                            <style>\n                    .floating-balls-wrapper {\n                        position: absolute;\n                        inset: 0;\n                        width: 100%;\n                        height: 180vh;\n                        pointer-events: none;\n                        overflow: hidden;\n                        z-index: -1;\n                    }\n\n                    .floating-balls-wrapper .ball {\n                        position: absolute;\n                        border-radius: 50%;\n                        backface-visibility: hidden;\n                        list-style: none;\n                        background: linear-gradient(to bottom left, rgba(224,231,255, 0.3), rgba(196,181,253, 0.3));\n                        filter: blur(2px);\n                    }\n\n                <\/style>\n                <div style=\"position: absolute;left: 0;top: -3.9rem;width: 100%;height: 120vh;z-index: -1;\">\n                    <div style=\"position: absolute;left: 0;top: 0;width: 100%;height: 100%;background-image: radial-gradient(circle at 40% 0%, #5439C53C 0%, transparent 50%), radial-gradient(circle at 0% 120%, #5439C53C 0%, transparent 50%), radial-gradient(circle at 100% 100%, #C4B5FDAA 0%, transparent 50%);mask-image: linear-gradient(180deg, white 90%, transparent 100%);\">\n                        <ul class=\"floating-balls-wrapper\"><\/ul>\n                    <\/div>\n                <\/div>\n                    <\/div>\n    \n\n    \n\n    <div class=\"inner-content\">\n        <div class=\"hero-main\">\n\n            \n            <h1>V\u00e5ra <span style=\"color:#A78BFA\">Growth Heroes<\/span> bygger sin egen framg\u00e5ng!<\/h1>\n\n            \n                            <div class=\"hero-subcontent\" data-margin=\"true\">\n                    <div class=\"hero-content \">\n                        <p>Varje dag ger sig hundratals anv\u00e4ndare ut p\u00e5 det gemensamma uppdraget att n\u00e5 toppen av s\u00f6kresultaten! Uppt\u00e4ck de inspirerande resorna hos n\u00e5gra av v\u00e5ra Growth Heroes och hur de b\u00f6rjade sin v\u00e4g till framg\u00e5ng h\u00e4r.<\/p>\n                    <\/div>\n\n                    \n                    \n\n                    \n                                            <div class=\"hero-extra-content\">\n                                                    <\/div>\n                    \n                <\/div>\n            \n            \n        <\/div>\n\n        \n    <\/div>\n\n    <\/section>\n\n<section class=\"archive\">\n    <div class=\"inner-content\">\n                \n        <div class=\"archive-container\">\n                            <div class=\"archive-posts cards\">\n                                            <a href=\"https:\/\/morningscore.io\/sv\/case\/maleriforetag-blomstrar-efter-organisk-trafik\/\" class=\"archive-post card-shadow card-with-image\">\n                            <figure>\n                                <img decoding=\"async\" src=\"data:image\/png;base64,iVBORw0KGgoAAAANSUhEUgAAAAEAAAABCAQAAAC1HAwCAAAAC0lEQVR42mNkYAAAAAYAAjCB0C8AAAAASUVORK5CYII=\" alt=\"M\u00e5lerif\u00f6retag blomstrar efter f\u00f6rb\u00e4ttrad organisk trafik\" loading=\"lazy\" data-src=\"https:\/\/morningscore.io\/wp-content\/uploads\/2022\/06\/Malermester-ingermann-3-1-682x384.jpg\">\n                            <\/figure>\n                            <div class=\"card-content text small\">\n                                <span class=\"archive-post-byline\">\n                                                                        <time datetime=\"2025-09-02 06:54:09\" title=\"September 2, 2025\">\n                                        September 2, 2025                                    <\/time>\n                                <\/span>\n                                <h6 class=\"archive-post-title\">M\u00e5lerif\u00f6retag blomstrar efter f\u00f6rb\u00e4ttrad organisk trafik<\/h6>\n                                <p class=\"archive-post-excerpt\">F\u00f6r m\u00e5laren Jean Ingemann b\u00f6rjade SEO som en hobby. Nu jobbar han m\u00e5linrikt<\/p>\n                            <\/div>\n                        <\/a>\n                                            <a href=\"https:\/\/morningscore.io\/sv\/case\/kraften-i-en-enkel-oversikt-over-seo-prestanda\/\" class=\"archive-post card-shadow card-with-image\">\n                            <figure>\n                                <img decoding=\"async\" src=\"data:image\/png;base64,iVBORw0KGgoAAAANSUhEUgAAAAEAAAABCAQAAAC1HAwCAAAAC0lEQVR42mNkYAAAAAYAAjCB0C8AAAAASUVORK5CYII=\" alt=\"Kraften i en enkel \u00f6versikt \u00f6ver SEO-prestanda\" loading=\"lazy\" data-src=\"https:\/\/morningscore.io\/wp-content\/uploads\/2024\/02\/Nikolaj-Lolk-Fuglsang-fra-Fyns-Kran-Udstyr-682x384.jpg\">\n                            <\/figure>\n                            <div class=\"card-content text small\">\n                                <span class=\"archive-post-byline\">\n                                                                        <time datetime=\"2025-09-02 06:38:45\" title=\"September 2, 2025\">\n                                        September 2, 2025                                    <\/time>\n                                <\/span>\n                                <h6 class=\"archive-post-title\">Kraften i en enkel \u00f6versikt \u00f6ver SEO-prestanda<\/h6>\n                                <p class=\"archive-post-excerpt\">Fyns Kran Udstyr \u00e4r en av v\u00e5ra \u00e4ldsta kunder, de har varit med oss sedan Morningscore startade. Deras <\/p>\n                            <\/div>\n                        <\/a>\n                                            <a href=\"https:\/\/morningscore.io\/sv\/case\/marknadsforingsbyran-advenue-hittade-den-perfekta-matchningen-for-bade-sig-sjalva-och-sina-kunder\/\" class=\"archive-post card-shadow card-with-image\">\n                            <figure>\n                                <img decoding=\"async\" src=\"data:image\/png;base64,iVBORw0KGgoAAAANSUhEUgAAAAEAAAABCAQAAAC1HAwCAAAAC0lEQVR42mNkYAAAAAYAAjCB0C8AAAAASUVORK5CYII=\" alt=\"Marknadsf\u00f6ringsbyr\u00e5n Advenue hittade den perfekta matchningen - f\u00f6r b\u00e5de sig sj\u00e4lva och sina kunder.\" loading=\"lazy\" data-src=\"https:\/\/morningscore.io\/wp-content\/uploads\/2025\/06\/Peter-Weikop-advenue-morningscore-customer-case-682x384.png\">\n                            <\/figure>\n                            <div class=\"card-content text small\">\n                                <span class=\"archive-post-byline\">\n                                                                        <time datetime=\"2025-09-02 06:19:40\" title=\"September 2, 2025\">\n                                        September 2, 2025                                    <\/time>\n                                <\/span>\n                                <h6 class=\"archive-post-title\">Marknadsf\u00f6ringsbyr\u00e5n Advenue hittade den perfekta matchningen - f\u00f6r b\u00e5de sig sj\u00e4lva och sina kunder.<\/h6>\n                                <p class=\"archive-post-excerpt\">S\u00f6kandet efter r\u00e4tt matchning\nP\u00e5 Advenue hade de testat flera SEO-verktyg innan de uppt\u00e4ckte Morningscore, men inget av dem passade riktigt in i d<\/p>\n                            <\/div>\n                        <\/a>\n                                            <a href=\"https:\/\/morningscore.io\/sv\/case\/from-100-to-1000-monthly-organic-clicks\/\" class=\"archive-post card-shadow card-with-image\">\n                            <figure>\n                                <img decoding=\"async\" src=\"data:image\/png;base64,iVBORw0KGgoAAAANSUhEUgAAAAEAAAABCAQAAAC1HAwCAAAAC0lEQVR42mNkYAAAAAYAAjCB0C8AAAAASUVORK5CYII=\" alt=\"From 100 to 1.000 monthly organic clicks\" loading=\"lazy\" data-src=\"https:\/\/morningscore.io\/wp-content\/uploads\/2025\/01\/Morningscore-karlsson-02-1-682x384.png\">\n                            <\/figure>\n                            <div class=\"card-content text small\">\n                                <span class=\"archive-post-byline\">\n                                                                        <time datetime=\"2025-01-31 09:29:26\" title=\"January 31, 2025\">\n                                        January 31, 2025                                    <\/time>\n                                <\/span>\n                                <h6 class=\"archive-post-title\">From 100 to 1.000 monthly organic clicks<\/h6>\n                                <p class=\"archive-post-excerpt\">The expensive ad budget\nCharlotte Karlsson, owner of <\/p>\n                            <\/div>\n                        <\/a>\n                                            <a href=\"https:\/\/morningscore.io\/sv\/case\/nordicbar-wild-growth-in-just-5-months\/\" class=\"archive-post card-shadow card-with-image\">\n                            <figure>\n                                <img decoding=\"async\" src=\"data:image\/png;base64,iVBORw0KGgoAAAANSUhEUgAAAAEAAAABCAQAAAC1HAwCAAAAC0lEQVR42mNkYAAAAAYAAjCB0C8AAAAASUVORK5CYII=\" alt=\"Nordicbar: Wild growth in just 5 months\" loading=\"lazy\" data-src=\"https:\/\/morningscore.io\/wp-content\/uploads\/2024\/10\/Nordicbar-case-682x384.png\">\n                            <\/figure>\n                            <div class=\"card-content text small\">\n                                <span class=\"archive-post-byline\">\n                                                                        <time datetime=\"2025-01-07 12:41:23\" title=\"January 7, 2025\">\n                                        January 7, 2025                                    <\/time>\n                                <\/span>\n                                <h6 class=\"archive-post-title\">Nordicbar: Wild growth in just 5 months<\/h6>\n                                <p class=\"archive-post-excerpt\">A successful SEO journey with Morningscore\nAfter merging their two domains, mixmeister.dk and <\/p>\n                            <\/div>\n                        <\/a>\n                                            <a href=\"https:\/\/morningscore.io\/sv\/case\/saas-seo-strategy-fenerum\/\" class=\"archive-post card-shadow card-with-image\">\n                            <figure>\n                                <img decoding=\"async\" src=\"data:image\/png;base64,iVBORw0KGgoAAAANSUhEUgAAAAEAAAABCAQAAAC1HAwCAAAAC0lEQVR42mNkYAAAAAYAAjCB0C8AAAAASUVORK5CYII=\" alt=\"How a B2B Finance SaaS Increased Traffic by 500% Without an SEO Team\" loading=\"lazy\" data-src=\"https:\/\/morningscore.io\/wp-content\/uploads\/2024\/10\/Fenerum-case-682x384.png\">\n                            <\/figure>\n                            <div class=\"card-content text small\">\n                                <span class=\"archive-post-byline\">\n                                                                        <time datetime=\"2025-01-07 12:24:55\" title=\"January 7, 2025\">\n                                        January 7, 2025                                    <\/time>\n                                <\/span>\n                                <h6 class=\"archive-post-title\">How a B2B Finance SaaS Increased Traffic by 500% Without an SEO Team<\/h6>\n                                <p class=\"archive-post-excerpt\">THE CHALLENGE: SEO? No thanks, we\u2019re busy!\nAt\u00a0Fenerum, which provides subscription<\/p>\n                            <\/div>\n                        <\/a>\n                                    <\/div>\n                \n                                    <div class=\"pagination\">\n                                                \n                                                                                    <span class=\"pagination-current\" aria-current=\"page\" aria-label=\"Page 1, current page\">\n                                    1                                <\/span>\n                                                                                                                <a href=\"https:\/\/morningscore.io\/sv\/wp-json\/wp\/v2\/pages\/60472\/page\/2\/\" aria-label=\"Page 2\">\n                                    2                                <\/a>\n                                                                                                                <a href=\"https:\/\/morningscore.io\/sv\/wp-json\/wp\/v2\/pages\/60472\/page\/3\/\" aria-label=\"Page 3\">\n                                    3                                <\/a>\n                                                                                                                <a href=\"https:\/\/morningscore.io\/sv\/wp-json\/wp\/v2\/pages\/60472\/page\/4\/\" aria-label=\"Page 4\">\n                                    4                                <\/a>\n                                                                            \n                                                    <a href=\"https:\/\/morningscore.io\/sv\/wp-json\/wp\/v2\/pages\/60472\/page\/2\/\" class=\"pagination-next\" rel=\"next\" aria-label=\"Next page\">\n                                Next                            <\/a>\n                                            <\/div>\n                                    <\/div>\n    <\/div>\n<\/section>\n<\/div><\/div><\/div><noscript><img decoding=\"async\" src=\"https:\/\/morningscore.io\/wp-content\/uploads\/2022\/06\/Malermester-ingermann-3-1-682x384.jpg\" alt=\"M\u00e5lerif\u00f6retag blomstrar efter f\u00f6rb\u00e4ttrad organisk trafik\" loading=\"lazy\" data-src=\"https:\/\/morningscore.io\/wp-content\/uploads\/2022\/06\/Malermester-ingermann-3-1-682x384.jpg\"><\/noscript><noscript><img decoding=\"async\" src=\"https:\/\/morningscore.io\/wp-content\/uploads\/2024\/02\/Nikolaj-Lolk-Fuglsang-fra-Fyns-Kran-Udstyr-682x384.jpg\" alt=\"Kraften i en enkel \u00f6versikt \u00f6ver SEO-prestanda\" loading=\"lazy\" data-src=\"https:\/\/morningscore.io\/wp-content\/uploads\/2024\/02\/Nikolaj-Lolk-Fuglsang-fra-Fyns-Kran-Udstyr-682x384.jpg\"><\/noscript><noscript><img decoding=\"async\" src=\"https:\/\/morningscore.io\/wp-content\/uploads\/2025\/06\/Peter-Weikop-advenue-morningscore-customer-case-682x384.png\" alt=\"Marknadsf\u00f6ringsbyr\u00e5n Advenue hittade den perfekta matchningen - f\u00f6r b\u00e5de sig sj\u00e4lva och sina kunder.\" loading=\"lazy\" data-src=\"https:\/\/morningscore.io\/wp-content\/uploads\/2025\/06\/Peter-Weikop-advenue-morningscore-customer-case-682x384.png\"><\/noscript><noscript><img decoding=\"async\" src=\"https:\/\/morningscore.io\/wp-content\/uploads\/2025\/01\/Morningscore-karlsson-02-1-682x384.png\" alt=\"From 100 to 1.000 monthly organic clicks\" loading=\"lazy\" data-src=\"https:\/\/morningscore.io\/wp-content\/uploads\/2025\/01\/Morningscore-karlsson-02-1-682x384.png\"><\/noscript><noscript><img decoding=\"async\" src=\"https:\/\/morningscore.io\/wp-content\/uploads\/2024\/10\/Nordicbar-case-682x384.png\" alt=\"Nordicbar: Wild growth in just 5 months\" loading=\"lazy\" data-src=\"https:\/\/morningscore.io\/wp-content\/uploads\/2024\/10\/Nordicbar-case-682x384.png\"><\/noscript><noscript><img decoding=\"async\" src=\"https:\/\/morningscore.io\/wp-content\/uploads\/2024\/10\/Fenerum-case-682x384.png\" alt=\"How a B2B Finance SaaS Increased Traffic by 500% Without an SEO Team\" loading=\"lazy\" data-src=\"https:\/\/morningscore.io\/wp-content\/uploads\/2024\/10\/Fenerum-case-682x384.png\"><\/noscript>","protected":false},"excerpt":{"rendered":"<p>V\u00e5ra Growth Heroes bygger sin egen framg\u00e5ng! Varje dag ger sig hundratals anv\u00e4ndare ut p\u00e5 det gemensamma uppdraget att n\u00e5 toppen av s\u00f6kresultaten! Uppt\u00e4ck de inspirerande resorna hos n\u00e5gra av v\u00e5ra Growth Heroes och hur de b\u00f6rjade sin v\u00e4g till framg\u00e5ng h\u00e4r. September 2, 2025 M\u00e5lerif\u00f6retag blomstrar efter f\u00f6rb\u00e4ttrad organisk trafik F\u00f6r m\u00e5laren Jean Ingemann [&hellip;]<\/p>\n","protected":false},"author":1,"featured_media":0,"parent":0,"menu_order":22,"comment_status":"closed","ping_status":"closed","template":"","meta":{"_acf_changed":false,"inline_featured_image":false,"footnotes":""},"class_list":["post-60472","page","type-page","status-publish","hentry"],"acf":[],"_links":{"self":[{"href":"https:\/\/morningscore.io\/sv\/wp-json\/wp\/v2\/pages\/60472","targetHints":{"allow":["GET"]}}],"collection":[{"href":"https:\/\/morningscore.io\/sv\/wp-json\/wp\/v2\/pages"}],"about":[{"href":"https:\/\/morningscore.io\/sv\/wp-json\/wp\/v2\/types\/page"}],"author":[{"embeddable":true,"href":"https:\/\/morningscore.io\/sv\/wp-json\/wp\/v2\/users\/1"}],"replies":[{"embeddable":true,"href":"https:\/\/morningscore.io\/sv\/wp-json\/wp\/v2\/comments?post=60472"}],"version-history":[{"count":3,"href":"https:\/\/morningscore.io\/sv\/wp-json\/wp\/v2\/pages\/60472\/revisions"}],"predecessor-version":[{"id":77108,"href":"https:\/\/morningscore.io\/sv\/wp-json\/wp\/v2\/pages\/60472\/revisions\/77108"}],"wp:attachment":[{"href":"https:\/\/morningscore.io\/sv\/wp-json\/wp\/v2\/media?parent=60472"}],"curies":[{"name":"wp","href":"https:\/\/api.w.org\/{rel}","templated":true}]}}