{"id":60469,"date":"2025-04-09T20:36:34","date_gmt":"2025-04-09T20:36:34","guid":{"rendered":"https:\/\/morningscore.io\/?page_id=60469"},"modified":"2025-04-24T08:36:11","modified_gmt":"2025-04-24T08:36:11","slug":"kontakta","status":"publish","type":"page","link":"https:\/\/morningscore.io\/sv\/kontakta\/","title":{"rendered":"Kontakta"},"content":{"rendered":"<div id=\"pl-60469\" class=\"panel-layout\"><div id=\"pg-60469-0\" class=\"panel-grid panel-no-style\"><div id=\"pgc-60469-0-0\" class=\"panel-grid-cell\"><section class=\"hero  gradient_with_balls\" data-hero-layout=\"curved-v3-4-mask-left\" data-image-sizing=\"inner-no-overflow\" data-image-frame=\"rounded\" style=\"--hero-headline-size-multiplier: 1;position: relative;--hero-text-color: #312E81;\" data-side-type=\"image\">\n\n            <div class=\"hero-bg gradient_with_balls\" style=\"--gradient-start-color: #0A0A4D;--gradient-end-color: #563AC9;--gradient-angle: -180deg;background: none; overflow: visible;\">\n            \n                            <style>\n                    .floating-balls-wrapper {\n                        position: absolute;\n                        inset: 0;\n                        width: 100%;\n                        height: 180vh;\n                        pointer-events: none;\n                        overflow: hidden;\n                        z-index: -1;\n                    }\n\n                    .floating-balls-wrapper .ball {\n                        position: absolute;\n                        border-radius: 50%;\n                        backface-visibility: hidden;\n                        list-style: none;\n                        background: linear-gradient(to bottom left, rgba(224,231,255, 0.3), rgba(196,181,253, 0.3));\n                        filter: blur(2px);\n                    }\n\n                <\/style>\n                <div style=\"position: absolute;left: 0;top: -3.9rem;width: 100%;height: 120vh;z-index: -1;\">\n                    <div style=\"position: absolute;left: 0;top: 0;width: 100%;height: 100%;background-image: radial-gradient(circle at 40% 0%, #5439C53C 0%, transparent 50%), radial-gradient(circle at 0% 120%, #5439C53C 0%, transparent 50%), radial-gradient(circle at 100% 100%, #C4B5FDAA 0%, transparent 50%);mask-image: linear-gradient(180deg, white 90%, transparent 100%);\">\n                        <ul class=\"floating-balls-wrapper\"><\/ul>\n                    <\/div>\n                <\/div>\n                    <\/div>\n    \n\n    \n\n    <div class=\"inner-content\">\n        <div class=\"hero-main\">\n\n                            <h2 class=\"section-subheading\"><\/h2><p>Kontorstider:<br>\n            \n            <\/p><h1>Vi leker inte sv\u00e5rf\u00e5ngade<\/h1>\n\n            \n                            <div class=\"hero-subcontent\" data-margin=\"true\">\n                    <div class=\"hero-content \">\n                        <p>N\u00e5 oss var som helst! Din markpersonal \u00e4r h\u00e4r f\u00f6r att hj\u00e4lpa dig i m\u00e5nga kanaler. Vi vill att du ska k\u00e4nna dig v\u00e4lkommen.<\/p>\n                    <\/div>\n\n                    \n                    \n\n                                            <div class=\"so-widget-mssub-buttons so-widget-mssub-buttons-base\">\n\t\n\t\t\t<a href=\"#\" onclick=\"event.preventDefault();document.querySelector('#contact').scrollIntoView({behavior: 'smooth'});\" class=\"btn btn-primary\">H\u00f6r av dig<\/a>\n\t<\/div>                    \n                                            <div class=\"hero-extra-content\">\n                                                    <\/div>\n                    \n                <\/div>\n            \n            \n        <\/div>\n\n                    <div class=\"hero-side\">\n                                    <figure>\n                        <img loading=\"lazy\" decoding=\"async\" width=\"1514\" height=\"1010\" src=\"data:image\/png;base64,iVBORw0KGgoAAAANSUhEUgAAAAEAAAABCAQAAAC1HAwCAAAAC0lEQVR42mNkYAAAAAYAAjCB0C8AAAAASUVORK5CYII=\" class=\"lozad\" alt=\"\" sizes=\"auto, (max-width: 1514px) 100vw, 1514px\" data-src=\"https:\/\/morningscore.io\/wp-content\/uploads\/2024\/12\/contact.png\" data-srcset=\"https:\/\/morningscore.io\/wp-content\/uploads\/2024\/12\/contact.png 1514w, https:\/\/morningscore.io\/wp-content\/uploads\/2024\/12\/contact-300x200.png 300w\">                    <\/figure>\n                \n                            <\/div>\n        \n    <\/div>\n\n    <\/section>\n<section class=\"contact-cards-container default\">\n\t<div class=\"inner-content\">\n\t\t<div class=\"text-content\">\n\t\t\t<div class=\"so-widget-mssub-section-header so-widget-mssub-section-header-base\"><div class=\"section-header\" data-layout=\"headline-centered\">\n\t<span class=\"section-subheading\">L\u00e5t oss l\u00f6sa ditt problem<\/span>\n\t<div class=\"section-col section-col-1\">\n\t\t<h2 class=\"section-heading\">Vad letar du efter?<\/h2>\n\t<\/div>\n\n\t\t\n<\/div>\n<\/div>\n\t\t\t<div class=\"text\">\n\t\t\t\t<p>Oavsett om du beh\u00f6ver <a style=\"color: #5439c5;\" href=\"mailto:mail@morningscore.io\">personlig support<\/a> eller bara lite <a style=\"color: #5439c5;\" href=\"https:\/\/morningscore.io\/sv\/blog\/\">bra r\u00e5d<\/a> om att lyckas med SEO, s\u00e5 finns vi h\u00e4r f\u00f6r dig.<\/p>\n<p>Teamet \u00e4r din markpersonal, som ser till att varje tum av din cockpit fungerar smidigt. Tveka inte att h\u00f6ra av dig om det \u00e4r n\u00e5got som inte st\u00e4mmer!<\/p>\n<p>Som anv\u00e4ndare i Morningscore har du ocks\u00e5 tillg\u00e5ng till v\u00e5rt community, Basen. Ett bra st\u00e4lle att hitta hj\u00e4lp p\u00e5 ocks\u00e5.<\/p>\n\t\t\t<\/div>\n\t\t<\/div>\n\t\t<div class=\"cards-content\">\n\t\t\t\n\t\t\t\t<div class=\"card\">\n\t\t\t\t\t<div class=\"text-container\">\n\t\t\t\t\t\t<div class=\"title\">Beh\u00f6ver du hj\u00e4lp i verktyget?<\/div>\n\t\t\t\t\t\t<div class=\"subtitle\">Bes\u00f6k v\u00e5r hj\u00e4lpsektion f\u00f6r att hitta ett svar<\/div>\n\t\t\t\t\t<\/div>\n\t\t\t\t\t<div class=\"button-container\">\n\t\t\t\t\t\t<div class=\"so-widget-mssub-buttons so-widget-mssub-buttons-base\">\n\t\n\t\t\t\t\t<a href=\"https:\/\/help.morningscore.io\/en\/\" class=\"btn btn-outline\" target=\"_blank\">G\u00e5 till hj\u00e4lpsektionen<\/a>\n\t<\/div>\t\t\t\t\t<\/div>\n\t\t\t\t<\/div>\n\n\t\t\t\n\t\t\t\t<div class=\"card\">\n\t\t\t\t\t<div class=\"text-container\">\n\t\t\t\t\t\t<div class=\"title\">En demo, bara du och jag?<\/div>\n\t\t\t\t\t\t<div class=\"subtitle\">L\u00e5t oss boka in en tid och g\u00e5 igenom det<\/div>\n\t\t\t\t\t<\/div>\n\t\t\t\t\t<div class=\"button-container\">\n\t\t\t\t\t\t<div class=\"so-widget-mssub-buttons so-widget-mssub-buttons-base\">\n\t\n\t\t\t\t\t<a href=\"https:\/\/meetings.hubspot.com\/ruben-stochholm\/demos-from-contact-page-httpsmorningscoreiocontact\" class=\"btn btn-outline\" target=\"_blank\" rel=\"noopener\">Boka demo<\/a>\n\t<\/div>\t\t\t\t\t<\/div>\n\t\t\t\t<\/div>\n\n\t\t\t\n\t\t\t\t<div class=\"card\">\n\t\t\t\t\t<div class=\"text-container\">\n\t\t\t\t\t\t<div class=\"title\">Vill du chatta med oss?<\/div>\n\t\t\t\t\t\t<div class=\"subtitle\">Chatten \u00e4r \u00f6ppen 9-16 p\u00e5 vardagar<\/div>\n\t\t\t\t\t<\/div>\n\t\t\t\t\t<div class=\"button-container\">\n\t\t\t\t\t\t<div class=\"so-widget-mssub-buttons so-widget-mssub-buttons-base\">\n\t\n\t\t\t\t\t<a href=\"mailto:mail@morningscore.io\" onclick=\"if(typeof $crisp !== 'undefined'){event.preventDefault();$crisp.push(['do', 'chat:open']);}\" class=\"btn btn-outline\">Chatta med oss<\/a>\n\t<\/div>\t\t\t\t\t<\/div>\n\t\t\t\t<\/div>\n\n\t\t\t\t\t<\/div>\n\t<\/div>\n<\/section>\n<div id=\"contact\" class=\"panel-widget-style panel-widget-style-for-60469-0-0-2\"><section class=\"contact-form-and-info-container default\">\n\t<div class=\"curved-bg\"><\/div>\n\t<div class=\"inner-content\">\n\t\t<div class=\"so-widget-mssub-section-header so-widget-mssub-section-header-base\"><div class=\"section-header\" data-layout=\"headline-text\">\n\t<span class=\"section-subheading\">H\u00f6r av dig<\/span>\n\t<div class=\"section-col section-col-1\">\n\t\t<h2 class=\"section-heading\">Det finns ett svar p\u00e5 din fr\u00e5ga<\/h2>\n\t<\/div>\n\n\t\t<div class=\"section-col section-col-2\">\n\n\t\t\n\t\t\t\t\t<div class=\"col-text text\"><\/div>\n\t\t\n\t\t\n\t<\/div>\n\t\t\n<\/div>\n<\/div>\t<\/div>\n\t<div class=\"inner-content card\">\n        <div class=\"main-content\">\n            <div class=\"form-content\">\n                <form class=\"form form-contact form-send-ajax\" enctype=\"multipart\/form-data\">\n\n                    <div class=\"form-field\">\n                        <input type=\"text\" name=\"name\" placeholder=\"Namn...\" required>\n                    <\/div>\n\n                    <div class=\"form-field\">\n                        <input type=\"email\" name=\"email\" placeholder=\"e-postadress...\" required>\n                    <\/div>\n\n                    <div class=\"form-field\">\n                        <input type=\"text\" name=\"company\" placeholder=\"F\u00f6retag...\" required>\n                    <\/div>\n\n                    <div class=\"form-field\">\n                    <textarea name=\"message\" placeholder=\"Meddelande...\" required><\/textarea>\n                    <\/div>\n\n                    \n                    <div class=\"button-container\">\n                        <div class=\"so-widget-mssub-buttons so-widget-mssub-buttons-base\">\n\t\n\t\t\t<button type=\"submit\" class=\"btn btn-outline\">Skicka f\u00f6rfr\u00e5gan<\/button>\n\t<\/div>                        <div class=\"loader\"><\/div>\n                    <\/div>\n                    <div class=\"success-message\">\n                        <div class=\"checkmark ii ii-checkmark-circle\"><\/div>\n                        <div class=\"title\">\n                            Tack f\u00f6r att du kontaktade oss!                        <\/div>\n                        <div class=\"subtitle\">\n                            Vi har mottagit din f\u00f6rfr\u00e5gan och \u00e5terkommer till dig s\u00e5 snart som m\u00f6jligt.                        <\/div>\n                    <\/div>\n                <\/form>\n\n            <\/div>\n            <div class=\"info-content\">\n                <div class=\"title\">\n                    Morningscore ApS                <\/div>\n                <div class=\"subtitle\">\n                    Moms: DK39311437                <\/div>\n\n                <div class=\"entries\">\n                    \n                        <div class=\"entry\">\n                            <span class=\"icon ii ii-old-phone\"><\/span>\n                            <span class=\"content\">+ 45 71 74 76 15<\/span>\n                        <\/div>\n\n                    \n                        <div class=\"entry\">\n                            <span class=\"icon ii ii-write\"><\/span>\n                            <span class=\"content\">mail@morningscore.io<\/span>\n                        <\/div>\n\n                    \n                        <div class=\"entry\">\n                            <span class=\"icon ii ii-office\"><\/span>\n                            <span class=\"content\">St\u00e6rmoseg\u00e5rdsvej 8, st. 5230 Odense M<\/span>\n                        <\/div>\n\n                    \n                        <div class=\"entry\">\n                            <span class=\"icon ii ii-pin\"><\/span>\n                            <span class=\"content\">Danmark<\/span>\n                        <\/div>\n\n                                    <\/div>\n                <div class=\"text\"><p>Vi str\u00e4var efter att svara p\u00e5 alla f\u00f6rfr\u00e5gningar inom 24 timmar p\u00e5 vardagar. Om du beh\u00f6ver hj\u00e4lp med verktygsspecifika omr\u00e5den kan du ocks\u00e5 kolla in v\u00e5r <a href=\"https:\/\/help.morningscore.io\/en\/\">hj\u00e4lpsektion<\/a>.<\/p>\n<p>Kontorstid:<br>\n<strong>M\u00e5ndag - fredag | 9.00 - 16.00 CET<\/strong><\/p>\n<\/div>\n            <\/div>\n        <\/div>\n\t\t<div class=\"links-content\">\n\t\t\t<div class=\"crisp\">\n\t\t\t\t<a href=\"#\" onclick=\"if(typeof $crisp !== 'undefined'){event.preventDefault();$crisp.push(['do', 'chat:open']);}\">\n\t\t\t\t\t<div class=\"icon\">\n\t\t\t\t\t\t\n\t\t\t\t\t\t\t<div class=\"icon-image\">\n\t\t\t\t\t\t\t\t<img loading=\"lazy\" decoding=\"async\" src=\"data:image\/png;base64,iVBORw0KGgoAAAANSUhEUgAAAAEAAAABCAQAAAC1HAwCAAAAC0lEQVR42mNkYAAAAAYAAjCB0C8AAAAASUVORK5CYII=\" class=\"lozad\" alt=\"\" width=\"266\" height=\"266\" sizes=\"auto, 1px\" data-src=\"https:\/\/morningscore.io\/wp-content\/uploads\/2023\/04\/chat-icon.png\">\t\t\t\t\t\t\t<\/div>\n\t\t\t\t\t\t\n\t\t\t\t\t<\/div>\n\t\t\t\t\t<span>Chatta<\/span>\n\t\t\t\t<\/a>\n\t\t\t\t<span>med oss!<\/span>\n\t\t\t<\/div>\n\t\t\t<div class=\"social\">\n\t\t\t\t\t\t\t\t\t<div class=\"icon\">\n\t\t\t\t\t\t<a href=\"https:\/\/www.instagram.com\/morningscore\/\" target=\"_blank\" rel=\"noopener\">\n\t\t\t\t\t\t\t<div class=\"icon-image\">\n\t\t\t\t\t\t\t\t<img loading=\"lazy\" decoding=\"async\" src=\"data:image\/png;base64,iVBORw0KGgoAAAANSUhEUgAAAAEAAAABCAQAAAC1HAwCAAAAC0lEQVR42mNkYAAAAAYAAjCB0C8AAAAASUVORK5CYII=\" class=\"lozad\" alt=\"\" width=\"42\" height=\"42\" sizes=\"auto, 1px\" data-src=\"https:\/\/morningscore.io\/wp-content\/uploads\/2022\/12\/instagram.svg\">\t\t\t\t\t\t\t<\/div>\n\t\t\t\t\t\t<\/a>\n\t\t\t\t\t<\/div>\n\t\t\t\t\t\t\t\t\t<div class=\"icon\">\n\t\t\t\t\t\t<a href=\"https:\/\/www.linkedin.com\/company\/morningscore\/\" target=\"_blank\" rel=\"noopener\">\n\t\t\t\t\t\t\t<div class=\"icon-image\">\n\t\t\t\t\t\t\t\t<img loading=\"lazy\" decoding=\"async\" src=\"data:image\/png;base64,iVBORw0KGgoAAAANSUhEUgAAAAEAAAABCAQAAAC1HAwCAAAAC0lEQVR42mNkYAAAAAYAAjCB0C8AAAAASUVORK5CYII=\" class=\"lozad\" alt=\"\" width=\"42\" height=\"42\" sizes=\"auto, 1px\" data-src=\"https:\/\/morningscore.io\/wp-content\/uploads\/2022\/12\/linkedin-icon.svg\">\t\t\t\t\t\t\t<\/div>\n\t\t\t\t\t\t<\/a>\n\t\t\t\t\t<\/div>\n\t\t\t\t\t\t\t\t\t<div class=\"icon\">\n\t\t\t\t\t\t<a href=\"https:\/\/www.facebook.com\/morningscore\" target=\"_blank\" rel=\"noopener\">\n\t\t\t\t\t\t\t<div class=\"icon-image\">\n\t\t\t\t\t\t\t\t<img loading=\"lazy\" decoding=\"async\" src=\"data:image\/png;base64,iVBORw0KGgoAAAANSUhEUgAAAAEAAAABCAQAAAC1HAwCAAAAC0lEQVR42mNkYAAAAAYAAjCB0C8AAAAASUVORK5CYII=\" class=\"lozad\" alt=\"\" width=\"42\" height=\"42\" sizes=\"auto, 1px\" data-src=\"https:\/\/morningscore.io\/wp-content\/uploads\/2022\/12\/facebook-icon.svg\">\t\t\t\t\t\t\t<\/div>\n\t\t\t\t\t\t<\/a>\n\t\t\t\t\t<\/div>\n\t\t\t\t\t\t\t<\/div>\n\t\t<\/div>\n\t<\/div>\n\t<script>\n\t\twindow.contact_form_url = \"https:\/\/morningscore.io\/wp-admin\/admin-ajax.php\"\n\t<\/script>\n<\/section>\n<\/div><\/div><\/div><\/div><noscript><img loading=\"lazy\" decoding=\"async\" width=\"1514\" height=\"1010\" src=\"https:\/\/morningscore.io\/wp-content\/uploads\/2024\/12\/contact.png\" class=\"lozad\" alt=\"\" sizes=\"auto, (max-width: 1514px) 100vw, 1514px\" data-src=\"https:\/\/morningscore.io\/wp-content\/uploads\/2024\/12\/contact.png\" data-srcset=\"https:\/\/morningscore.io\/wp-content\/uploads\/2024\/12\/contact.png 1514w, https:\/\/morningscore.io\/wp-content\/uploads\/2024\/12\/contact-300x200.png 300w\" srcset=\"https:\/\/morningscore.io\/wp-content\/uploads\/2024\/12\/contact.png 1514w, https:\/\/morningscore.io\/wp-content\/uploads\/2024\/12\/contact-300x200.png 300w\"><\/noscript><noscript><img loading=\"lazy\" decoding=\"async\" src=\"https:\/\/morningscore.io\/wp-content\/uploads\/2023\/04\/chat-icon.png\" class=\"lozad\" alt=\"\" width=\"266\" height=\"266\" sizes=\"auto, 1px\" data-src=\"https:\/\/morningscore.io\/wp-content\/uploads\/2023\/04\/chat-icon.png\"><\/noscript><noscript><img loading=\"lazy\" decoding=\"async\" src=\"https:\/\/morningscore.io\/wp-content\/uploads\/2022\/12\/instagram.svg\" class=\"lozad\" alt=\"\" width=\"42\" height=\"42\" sizes=\"auto, 1px\" data-src=\"https:\/\/morningscore.io\/wp-content\/uploads\/2022\/12\/instagram.svg\"><\/noscript><noscript><img loading=\"lazy\" decoding=\"async\" src=\"https:\/\/morningscore.io\/wp-content\/uploads\/2022\/12\/linkedin-icon.svg\" class=\"lozad\" alt=\"\" width=\"42\" height=\"42\" sizes=\"auto, 1px\" data-src=\"https:\/\/morningscore.io\/wp-content\/uploads\/2022\/12\/linkedin-icon.svg\"><\/noscript><noscript><img loading=\"lazy\" decoding=\"async\" src=\"https:\/\/morningscore.io\/wp-content\/uploads\/2022\/12\/facebook-icon.svg\" class=\"lozad\" alt=\"\" width=\"42\" height=\"42\" sizes=\"auto, 1px\" data-src=\"https:\/\/morningscore.io\/wp-content\/uploads\/2022\/12\/facebook-icon.svg\"><\/noscript>","protected":false},"excerpt":{"rendered":"<p>Kontorstider: Vi leker inte sv\u00e5rf\u00e5ngade N\u00e5 oss var som helst! Din markpersonal \u00e4r h\u00e4r f\u00f6r att hj\u00e4lpa dig i m\u00e5nga kanaler. Vi vill att du ska k\u00e4nna dig v\u00e4lkommen. H\u00f6r av dig L\u00e5t oss l\u00f6sa ditt problem Vad letar du efter? Oavsett om du beh\u00f6ver personlig support eller bara lite bra r\u00e5d om att lyckas [&hellip;]<\/p>\n","protected":false},"author":1,"featured_media":0,"parent":0,"menu_order":0,"comment_status":"closed","ping_status":"closed","template":"","meta":{"_acf_changed":false,"inline_featured_image":false,"footnotes":""},"class_list":["post-60469","page","type-page","status-publish","hentry"],"acf":[],"_links":{"self":[{"href":"https:\/\/morningscore.io\/sv\/wp-json\/wp\/v2\/pages\/60469","targetHints":{"allow":["GET"]}}],"collection":[{"href":"https:\/\/morningscore.io\/sv\/wp-json\/wp\/v2\/pages"}],"about":[{"href":"https:\/\/morningscore.io\/sv\/wp-json\/wp\/v2\/types\/page"}],"author":[{"embeddable":true,"href":"https:\/\/morningscore.io\/sv\/wp-json\/wp\/v2\/users\/1"}],"replies":[{"embeddable":true,"href":"https:\/\/morningscore.io\/sv\/wp-json\/wp\/v2\/comments?post=60469"}],"version-history":[{"count":5,"href":"https:\/\/morningscore.io\/sv\/wp-json\/wp\/v2\/pages\/60469\/revisions"}],"predecessor-version":[{"id":62087,"href":"https:\/\/morningscore.io\/sv\/wp-json\/wp\/v2\/pages\/60469\/revisions\/62087"}],"wp:attachment":[{"href":"https:\/\/morningscore.io\/sv\/wp-json\/wp\/v2\/media?parent=60469"}],"curies":[{"name":"wp","href":"https:\/\/api.w.org\/{rel}","templated":true}]}}