{"id":59920,"date":"2025-04-09T14:43:23","date_gmt":"2025-04-09T14:43:23","guid":{"rendered":"https:\/\/morningscore.io\/?page_id=59920"},"modified":"2025-06-04T09:54:58","modified_gmt":"2025-06-04T09:54:58","slug":"blog","status":"publish","type":"page","link":"https:\/\/morningscore.io\/sv\/blog\/","title":{"rendered":"Blogg &#8211; SV"},"content":{"rendered":"<div id=\"pl-59920\" class=\"panel-layout\"><div id=\"pg-59920-0\" class=\"panel-grid panel-no-style\"><div id=\"pgc-59920-0-0\" class=\"panel-grid-cell\"><section class=\"hero  gradient_with_balls\" data-hero-layout=\"curved-no-image\" data-image-sizing=\"overflow\" style=\"--hero-headline-size-multiplier: 1;position: relative;--hero-text-color: #312E81;\" data-side-type=\"image\">\n\n            <div class=\"hero-bg gradient_with_balls\" style=\"--gradient-start-color: #0A0A4D;--gradient-end-color: #563AC9;--gradient-angle: -180deg;background: none; overflow: visible;\">\n            \n                            <style>\n                    .floating-balls-wrapper {\n                        position: absolute;\n                        inset: 0;\n                        width: 100%;\n                        height: 180vh;\n                        pointer-events: none;\n                        overflow: hidden;\n                        z-index: -1;\n                    }\n\n                    .floating-balls-wrapper .ball {\n                        position: absolute;\n                        border-radius: 50%;\n                        backface-visibility: hidden;\n                        list-style: none;\n                        background: linear-gradient(to bottom left, rgba(224,231,255, 0.3), rgba(196,181,253, 0.3));\n                        filter: blur(2px);\n                    }\n\n                <\/style>\n                <div style=\"position: absolute;left: 0;top: -3.9rem;width: 100%;height: 120vh;z-index: -1;\">\n                    <div style=\"position: absolute;left: 0;top: 0;width: 100%;height: 100%;background-image: radial-gradient(circle at 40% 0%, #5439C53C 0%, transparent 50%), radial-gradient(circle at 0% 120%, #5439C53C 0%, transparent 50%), radial-gradient(circle at 100% 100%, #C4B5FDAA 0%, transparent 50%);mask-image: linear-gradient(180deg, white 90%, transparent 100%);\">\n                        <ul class=\"floating-balls-wrapper\"><\/ul>\n                    <\/div>\n                <\/div>\n                    <\/div>\n    \n\n    \n\n    <div class=\"inner-content\">\n        <div class=\"hero-main\">\n\n            \n            <h1><span style=\"color:73ffee\">Morningscore blogg:<br><\/span> Allt om SEO p\u00e5 ett st\u00e4lle<\/h1>\n\n            \n                            <div class=\"hero-subcontent\" data-margin=\"true\">\n                    <div class=\"hero-content \">\n                        <p>V\u00e4lkommen till Morningscores blogguniversum \u2013 ett st\u00e4lle d\u00e4r vi delar SEO-insikter, kunskap och strategier f\u00f6r att hj\u00e4lpa ditt f\u00f6retag att lyckas online. V\u00e5rt m\u00e5l \u00e4r att vara din SEO-partner, inte bara ett verktyg, och d\u00e4rf\u00f6r har vi samlat v\u00e5ra b\u00e4sta tips, praktiska guider och de senaste trenderna inom SEO och digital marknadsf\u00f6ring h\u00e4r.<\/p>\n                    <\/div>\n\n                    \n                    \n\n                                            <div class=\"so-widget-mssub-buttons so-widget-\">\n<\/div>                    \n                                            <div class=\"hero-extra-content\">\n                                                    <\/div>\n                    \n                <\/div>\n            \n            \n        <\/div>\n\n        \n    <\/div>\n\n    <\/section>\n<\/div><\/div><div id=\"pg-59920-1\" class=\"panel-grid panel-no-style\"><div id=\"pgc-59920-1-0\" class=\"panel-grid-cell\">\n<section class=\"archive\">\n    <div class=\"inner-content\">\n                \n        <div class=\"archive-container\">\n                            <div class=\"archive-posts cards\">\n                                            <a href=\"https:\/\/morningscore.io\/sv\/sa-har-anvander-du-cloudflare-for-att-spara-och-analysera-loggar-fran-ai-botar\/\" class=\"archive-post card-shadow card-with-image\">\n                            <figure>\n                                <img decoding=\"async\" src=\"data:image\/png;base64,iVBORw0KGgoAAAANSUhEUgAAAAEAAAABCAQAAAC1HAwCAAAAC0lEQVR42mNkYAAAAAYAAjCB0C8AAAAASUVORK5CYII=\" alt=\"S\u00e5 h\u00e4r anv\u00e4nder du Cloudflare f\u00f6r att sp\u00e5ra och analysera loggar fr\u00e5n AI-botar\" loading=\"lazy\" data-src=\"https:\/\/morningscore.io\/wp-content\/uploads\/2026\/01\/ai-bot-log-analytics-cloudflare-guide-5-682x384.png\">\n                            <\/figure>\n                            <div class=\"card-content text small\">\n                                <span class=\"archive-post-byline\">\n                                                                            <span class=\"archive-post-category\">Okategoriserad<\/span>\n                                                                        <time datetime=\"2026-04-02 09:47:29\" title=\"April 2, 2026\">\n                                        April 2, 2026                                    <\/time>\n                                <\/span>\n                                <h6 class=\"archive-post-title\">S\u00e5 h\u00e4r anv\u00e4nder du Cloudflare f\u00f6r att sp\u00e5ra och analysera loggar fr\u00e5n AI-botar<\/h6>\n                                <p class=\"archive-post-excerpt\">Analys av serverloggfiler har blivit den nya coola marknadsf\u00f6ringsf\u00e4rdigheten nu n\u00e4r AI \u00e4r s\u00e5 sv\u00e5r att sp\u00e5ra i allm\u00e4nhet. L\u00e5t mig bevisa f\u00f6r dig att <\/p>\n                            <\/div>\n                        <\/a>\n                                            <a href=\"https:\/\/morningscore.io\/sv\/seo-for-searchgpt\/\" class=\"archive-post card-shadow card-with-image\">\n                            <figure>\n                                <img decoding=\"async\" src=\"data:image\/png;base64,iVBORw0KGgoAAAANSUhEUgAAAAEAAAABCAQAAAC1HAwCAAAAC0lEQVR42mNkYAAAAAYAAjCB0C8AAAAASUVORK5CYII=\" alt='SEO f\u00f6r SearchGPT: F\u00e5 synlighet i ChatGPT-s\u00f6kning med \"LLMO\" \/ \"GEO\"' loading=\"lazy\" data-src=\"https:\/\/morningscore.io\/wp-content\/uploads\/2024\/12\/Rank-in-searchGPT-682x384.jpg\">\n                            <\/figure>\n                            <div class=\"card-content text small\">\n                                <span class=\"archive-post-byline\">\n                                                                            <span class=\"archive-post-category\">AI<\/span>\n                                                                        <time datetime=\"2026-04-02 07:59:00\" title=\"April 2, 2026\">\n                                        April 2, 2026                                    <\/time>\n                                <\/span>\n                                <h6 class=\"archive-post-title\">SEO f\u00f6r SearchGPT: F\u00e5 synlighet i ChatGPT-s\u00f6kning med \"LLMO\" \/ \"GEO\"<\/h6>\n                                <p class=\"archive-post-excerpt\">SearchGPT\/ChatGPT Search har kommit och SEO \u00e4r d\u00f6tt.\n\u00c5tminstone \u00e4r det intrycket du l\u00e4tt kan f\u00e5 om du navigerar p\u00e5 sociala medieplattformar som L<\/p>\n                            <\/div>\n                        <\/a>\n                                            <a href=\"https:\/\/morningscore.io\/sv\/20-basta-seo-verktygen\/\" class=\"archive-post card-shadow card-with-image\">\n                            <figure>\n                                <img decoding=\"async\" src=\"data:image\/png;base64,iVBORw0KGgoAAAANSUhEUgAAAAEAAAABCAQAAAC1HAwCAAAAC0lEQVR42mNkYAAAAAYAAjCB0C8AAAAASUVORK5CYII=\" alt=\"20 b\u00e4sta SEO-verktygen fr\u00e5n januari 2026: Gratis och betalda verktyg personligen testade\" loading=\"lazy\" data-src=\"https:\/\/morningscore.io\/wp-content\/uploads\/2025\/05\/best-seo-tools-test-682x384.png\">\n                            <\/figure>\n                            <div class=\"card-content text small\">\n                                <span class=\"archive-post-byline\">\n                                                                            <span class=\"archive-post-category\">SEO<\/span>\n                                                                        <time datetime=\"2026-01-13 15:53:41\" title=\"January 13, 2026\">\n                                        January 13, 2026                                    <\/time>\n                                <\/span>\n                                <h6 class=\"archive-post-title\">20 b\u00e4sta SEO-verktygen fr\u00e5n januari 2026: Gratis och betalda verktyg personligen testade<\/h6>\n                                <p class=\"archive-post-excerpt\">Det finns \u00f6ver 450 SEO-verktyg i v\u00e4rlden. Antalet har vuxit med 100 i min r\u00e4kning f\u00f6r 2026 p\u00e5 grund av m\u00e5nga nya AI-synlighetsverktyg (GEO).\nHur v<\/p>\n                            <\/div>\n                        <\/a>\n                                            <a href=\"https:\/\/morningscore.io\/sv\/hur-man-sparar-ai-overviews\/\" class=\"archive-post card-shadow card-with-image\">\n                            <figure>\n                                <img decoding=\"async\" src=\"data:image\/png;base64,iVBORw0KGgoAAAANSUhEUgAAAAEAAAABCAQAAAC1HAwCAAAAC0lEQVR42mNkYAAAAAYAAjCB0C8AAAAASUVORK5CYII=\" alt=\"Hur man sp\u00e5rar AI Overviews - enkelt och l\u00e4tt med Morningscore\" loading=\"lazy\" data-src=\"https:\/\/morningscore.io\/wp-content\/uploads\/2025\/08\/morningscore-blog-cover.png\">\n                            <\/figure>\n                            <div class=\"card-content text small\">\n                                <span class=\"archive-post-byline\">\n                                                                            <span class=\"archive-post-category\">AI<\/span>\n                                                                        <time datetime=\"2025-10-31 13:08:11\" title=\"October 31, 2025\">\n                                        October 31, 2025                                    <\/time>\n                                <\/span>\n                                <h6 class=\"archive-post-title\">Hur man sp\u00e5rar AI Overviews - enkelt och l\u00e4tt med Morningscore<\/h6>\n                                <p class=\"archive-post-excerpt\">Dina SEO-dashboards s\u00e4ger att allt \u00e4r bra. Dina s\u00f6kord \u00e4r stabila, rankingen ser solid ut och inneh\u00e5llskvaliteten \u00e4r b\u00e4ttre \u00e4n n\u00e5gonsin. \u00c4nd\u00e5 k\u00e4nns<\/p>\n                            <\/div>\n                        <\/a>\n                                            <a href=\"https:\/\/morningscore.io\/sv\/forsta-resultaten-med-geo-rankning-i-chatgpt\/\" class=\"archive-post card-shadow card-with-image\">\n                            <figure>\n                                <img decoding=\"async\" src=\"data:image\/png;base64,iVBORw0KGgoAAAANSUhEUgAAAAEAAAABCAQAAAC1HAwCAAAAC0lEQVR42mNkYAAAAAYAAjCB0C8AAAAASUVORK5CYII=\" alt=\"F\u00f6rsta resultaten med GEO (rankning i ChatGPT)\" loading=\"lazy\" data-src=\"https:\/\/morningscore.io\/wp-content\/themes\/mtt-wordpress-theme\/assets\/img\/single-post-cover.png\">\n                            <\/figure>\n                            <div class=\"card-content text small\">\n                                <span class=\"archive-post-byline\">\n                                                                            <span class=\"archive-post-category\">AI<\/span>\n                                                                        <time datetime=\"2025-09-16 07:31:32\" title=\"September 16, 2025\">\n                                        September 16, 2025                                    <\/time>\n                                <\/span>\n                                <h6 class=\"archive-post-title\">F\u00f6rsta resultaten med GEO (rankning i ChatGPT)<\/h6>\n                                <p class=\"archive-post-excerpt\">Jag gick fr\u00e5n teori till praktik och nu till resultat med GEO inom 72 timmar.\nS\u00e5 jag jobbar p\u00e5 v\u00e5r egen GEO (optimerar f\u00f6r ChatGPT)\nOch dett<\/p>\n                            <\/div>\n                        <\/a>\n                                            <a href=\"https:\/\/morningscore.io\/sv\/geo-dagbook-forsoker-fa-mer-chatgpt-synlighet\/\" class=\"archive-post card-shadow card-with-image\">\n                            <figure>\n                                <img decoding=\"async\" src=\"data:image\/png;base64,iVBORw0KGgoAAAANSUhEUgAAAAEAAAABCAQAAAC1HAwCAAAAC0lEQVR42mNkYAAAAAYAAjCB0C8AAAAASUVORK5CYII=\" alt=\"GEO-dagbok - F\u00f6lj 10 dagar i en killes liv som f\u00f6rs\u00f6ker f\u00e5 mer ChatGPT-synlighet \ud83e\udd20\" loading=\"lazy\" data-src=\"https:\/\/morningscore.io\/wp-content\/themes\/mtt-wordpress-theme\/assets\/img\/single-post-cover.png\">\n                            <\/figure>\n                            <div class=\"card-content text small\">\n                                <span class=\"archive-post-byline\">\n                                                                            <span class=\"archive-post-category\">AI<\/span>\n                                                                        <time datetime=\"2025-09-16 06:45:57\" title=\"September 16, 2025\">\n                                        September 16, 2025                                    <\/time>\n                                <\/span>\n                                <h6 class=\"archive-post-title\">GEO-dagbok - F\u00f6lj 10 dagar i en killes liv som f\u00f6rs\u00f6ker f\u00e5 mer ChatGPT-synlighet \ud83e\udd20<\/h6>\n                                <p class=\"archive-post-excerpt\">K\u00e4ra dagbok, jag har spenderat 10 dagar i de leriga skyttegravarna och k\u00e4mpat f\u00f6r att f\u00e5 v\u00e5rt varum\u00e4rke p\u00e5 ChatGPT\nDag 1: Reddit-kommentarer och<\/p>\n                            <\/div>\n                        <\/a>\n                                    <\/div>\n                \n                                    <div class=\"pagination\">\n                                                \n                                                                                    <span class=\"pagination-current\" aria-current=\"page\" aria-label=\"Page 1, current page\">\n                                    1                                <\/span>\n                                                                                                                <a href=\"https:\/\/morningscore.io\/sv\/wp-json\/wp\/v2\/pages\/59920\/page\/2\/\" aria-label=\"Page 2\">\n                                    2                                <\/a>\n                                                                                                                <a href=\"https:\/\/morningscore.io\/sv\/wp-json\/wp\/v2\/pages\/59920\/page\/3\/\" aria-label=\"Page 3\">\n                                    3                                <\/a>\n                                                                                                                <a href=\"https:\/\/morningscore.io\/sv\/wp-json\/wp\/v2\/pages\/59920\/page\/4\/\" aria-label=\"Page 4\">\n                                    4                                <\/a>\n                                                                                                                <a href=\"https:\/\/morningscore.io\/sv\/wp-json\/wp\/v2\/pages\/59920\/page\/5\/\" aria-label=\"Page 5\">\n                                    5                                <\/a>\n                                                                                                                <a href=\"https:\/\/morningscore.io\/sv\/wp-json\/wp\/v2\/pages\/59920\/page\/6\/\" aria-label=\"Page 6\">\n                                    6                                <\/a>\n                                                                                                                <a href=\"https:\/\/morningscore.io\/sv\/wp-json\/wp\/v2\/pages\/59920\/page\/7\/\" aria-label=\"Page 7\">\n                                    7                                <\/a>\n                                                                                                                <a href=\"https:\/\/morningscore.io\/sv\/wp-json\/wp\/v2\/pages\/59920\/page\/8\/\" aria-label=\"Page 8\">\n                                    8                                <\/a>\n                                                                                                                <a href=\"https:\/\/morningscore.io\/sv\/wp-json\/wp\/v2\/pages\/59920\/page\/9\/\" aria-label=\"Page 9\">\n                                    9                                <\/a>\n                                                                                                                <a href=\"https:\/\/morningscore.io\/sv\/wp-json\/wp\/v2\/pages\/59920\/page\/10\/\" aria-label=\"Page 10\">\n                                    10                                <\/a>\n                                                                                                                <a href=\"https:\/\/morningscore.io\/sv\/wp-json\/wp\/v2\/pages\/59920\/page\/11\/\" aria-label=\"Page 11\">\n                                    11                                <\/a>\n                                                                                                                <a href=\"https:\/\/morningscore.io\/sv\/wp-json\/wp\/v2\/pages\/59920\/page\/12\/\" aria-label=\"Page 12\">\n                                    12                                <\/a>\n                                                                                                                <a href=\"https:\/\/morningscore.io\/sv\/wp-json\/wp\/v2\/pages\/59920\/page\/13\/\" aria-label=\"Page 13\">\n                                    13                                <\/a>\n                                                                                                                <a href=\"https:\/\/morningscore.io\/sv\/wp-json\/wp\/v2\/pages\/59920\/page\/14\/\" aria-label=\"Page 14\">\n                                    14                                <\/a>\n                                                                                                                <a href=\"https:\/\/morningscore.io\/sv\/wp-json\/wp\/v2\/pages\/59920\/page\/15\/\" aria-label=\"Page 15\">\n                                    15                                <\/a>\n                                                                                                                <a href=\"https:\/\/morningscore.io\/sv\/wp-json\/wp\/v2\/pages\/59920\/page\/16\/\" aria-label=\"Page 16\">\n                                    16                                <\/a>\n                                                                                                                <a href=\"https:\/\/morningscore.io\/sv\/wp-json\/wp\/v2\/pages\/59920\/page\/17\/\" aria-label=\"Page 17\">\n                                    17                                <\/a>\n                                                                                                                <a href=\"https:\/\/morningscore.io\/sv\/wp-json\/wp\/v2\/pages\/59920\/page\/18\/\" aria-label=\"Page 18\">\n                                    18                                <\/a>\n                                                                                                                <a href=\"https:\/\/morningscore.io\/sv\/wp-json\/wp\/v2\/pages\/59920\/page\/19\/\" aria-label=\"Page 19\">\n                                    19                                <\/a>\n                                                                                                                <a href=\"https:\/\/morningscore.io\/sv\/wp-json\/wp\/v2\/pages\/59920\/page\/20\/\" aria-label=\"Page 20\">\n                                    20                                <\/a>\n                                                                                                                <a href=\"https:\/\/morningscore.io\/sv\/wp-json\/wp\/v2\/pages\/59920\/page\/21\/\" aria-label=\"Page 21\">\n                                    21                                <\/a>\n                                                                                                                <a href=\"https:\/\/morningscore.io\/sv\/wp-json\/wp\/v2\/pages\/59920\/page\/22\/\" aria-label=\"Page 22\">\n                                    22                                <\/a>\n                                                                                                                <a href=\"https:\/\/morningscore.io\/sv\/wp-json\/wp\/v2\/pages\/59920\/page\/23\/\" aria-label=\"Page 23\">\n                                    23                                <\/a>\n                                                                                                                <a href=\"https:\/\/morningscore.io\/sv\/wp-json\/wp\/v2\/pages\/59920\/page\/24\/\" aria-label=\"Page 24\">\n                                    24                                <\/a>\n                                                                                                                <a href=\"https:\/\/morningscore.io\/sv\/wp-json\/wp\/v2\/pages\/59920\/page\/25\/\" aria-label=\"Page 25\">\n                                    25                                <\/a>\n                                                                                                                <a href=\"https:\/\/morningscore.io\/sv\/wp-json\/wp\/v2\/pages\/59920\/page\/26\/\" aria-label=\"Page 26\">\n                                    26                                <\/a>\n                                                                                                                <a href=\"https:\/\/morningscore.io\/sv\/wp-json\/wp\/v2\/pages\/59920\/page\/27\/\" aria-label=\"Page 27\">\n                                    27                                <\/a>\n                                                                            \n                                                    <a href=\"https:\/\/morningscore.io\/sv\/wp-json\/wp\/v2\/pages\/59920\/page\/2\/\" class=\"pagination-next\" rel=\"next\" aria-label=\"Next page\">\n                                Next                            <\/a>\n                                            <\/div>\n                                    <\/div>\n    <\/div>\n<\/section>\n<\/div><\/div><\/div><noscript><img decoding=\"async\" src=\"https:\/\/morningscore.io\/wp-content\/uploads\/2026\/01\/ai-bot-log-analytics-cloudflare-guide-5-682x384.png\" alt=\"S\u00e5 h\u00e4r anv\u00e4nder du Cloudflare f\u00f6r att sp\u00e5ra och analysera loggar fr\u00e5n AI-botar\" loading=\"lazy\" data-src=\"https:\/\/morningscore.io\/wp-content\/uploads\/2026\/01\/ai-bot-log-analytics-cloudflare-guide-5-682x384.png\"><\/noscript><noscript><img decoding=\"async\" src=\"https:\/\/morningscore.io\/wp-content\/uploads\/2024\/12\/Rank-in-searchGPT-682x384.jpg\" alt='SEO f\u00f6r SearchGPT: F\u00e5 synlighet i ChatGPT-s\u00f6kning med \"LLMO\" \/ \"GEO\"' loading=\"lazy\" data-src=\"https:\/\/morningscore.io\/wp-content\/uploads\/2024\/12\/Rank-in-searchGPT-682x384.jpg\"><\/noscript><noscript><img decoding=\"async\" src=\"https:\/\/morningscore.io\/wp-content\/uploads\/2025\/05\/best-seo-tools-test-682x384.png\" alt=\"20 b\u00e4sta SEO-verktygen fr\u00e5n januari 2026: Gratis och betalda verktyg personligen testade\" loading=\"lazy\" data-src=\"https:\/\/morningscore.io\/wp-content\/uploads\/2025\/05\/best-seo-tools-test-682x384.png\"><\/noscript><noscript><img decoding=\"async\" src=\"https:\/\/morningscore.io\/wp-content\/uploads\/2025\/08\/morningscore-blog-cover.png\" alt=\"Hur man sp\u00e5rar AI Overviews - enkelt och l\u00e4tt med Morningscore\" loading=\"lazy\" data-src=\"https:\/\/morningscore.io\/wp-content\/uploads\/2025\/08\/morningscore-blog-cover.png\"><\/noscript><noscript><img decoding=\"async\" src=\"https:\/\/morningscore.io\/wp-content\/themes\/mtt-wordpress-theme\/assets\/img\/single-post-cover.png\" alt=\"F\u00f6rsta resultaten med GEO (rankning i ChatGPT)\" loading=\"lazy\" data-src=\"https:\/\/morningscore.io\/wp-content\/themes\/mtt-wordpress-theme\/assets\/img\/single-post-cover.png\"><\/noscript><noscript><img decoding=\"async\" src=\"https:\/\/morningscore.io\/wp-content\/themes\/mtt-wordpress-theme\/assets\/img\/single-post-cover.png\" alt=\"GEO-dagbok - F\u00f6lj 10 dagar i en killes liv som f\u00f6rs\u00f6ker f\u00e5 mer ChatGPT-synlighet \ud83e\udd20\" loading=\"lazy\" data-src=\"https:\/\/morningscore.io\/wp-content\/themes\/mtt-wordpress-theme\/assets\/img\/single-post-cover.png\"><\/noscript>","protected":false},"excerpt":{"rendered":"<p>Morningscore blogg: Allt om SEO p\u00e5 ett st\u00e4lle V\u00e4lkommen till Morningscores blogguniversum \u2013 ett st\u00e4lle d\u00e4r vi delar SEO-insikter, kunskap och strategier f\u00f6r att hj\u00e4lpa ditt f\u00f6retag att lyckas online. V\u00e5rt m\u00e5l \u00e4r att vara din SEO-partner, inte bara ett verktyg, och d\u00e4rf\u00f6r har vi samlat v\u00e5ra b\u00e4sta tips, praktiska guider och de senaste trenderna [&hellip;]<\/p>\n","protected":false},"author":1,"featured_media":0,"parent":0,"menu_order":235,"comment_status":"closed","ping_status":"closed","template":"","meta":{"_acf_changed":false,"inline_featured_image":false,"footnotes":""},"class_list":["post-59920","page","type-page","status-publish","hentry"],"acf":[],"_links":{"self":[{"href":"https:\/\/morningscore.io\/sv\/wp-json\/wp\/v2\/pages\/59920","targetHints":{"allow":["GET"]}}],"collection":[{"href":"https:\/\/morningscore.io\/sv\/wp-json\/wp\/v2\/pages"}],"about":[{"href":"https:\/\/morningscore.io\/sv\/wp-json\/wp\/v2\/types\/page"}],"author":[{"embeddable":true,"href":"https:\/\/morningscore.io\/sv\/wp-json\/wp\/v2\/users\/1"}],"replies":[{"embeddable":true,"href":"https:\/\/morningscore.io\/sv\/wp-json\/wp\/v2\/comments?post=59920"}],"version-history":[{"count":2,"href":"https:\/\/morningscore.io\/sv\/wp-json\/wp\/v2\/pages\/59920\/revisions"}],"predecessor-version":[{"id":60160,"href":"https:\/\/morningscore.io\/sv\/wp-json\/wp\/v2\/pages\/59920\/revisions\/60160"}],"wp:attachment":[{"href":"https:\/\/morningscore.io\/sv\/wp-json\/wp\/v2\/media?parent=59920"}],"curies":[{"name":"wp","href":"https:\/\/api.w.org\/{rel}","templated":true}]}}