{"id":74231,"date":"2025-10-02T06:14:09","date_gmt":"2025-10-02T06:14:09","guid":{"rendered":"https:\/\/morningscore.io\/?page_id=74231"},"modified":"2025-10-02T06:14:09","modified_gmt":"2025-10-02T06:14:09","slug":"algemene-voorwaarden","status":"publish","type":"page","link":"https:\/\/morningscore.io\/nl\/algemene-voorwaarden\/","title":{"rendered":"Algemene voorwaarden"},"content":{"rendered":"<p>Deze Algemene Voorwaarden vormen een bindende overeenkomst voor het gebruik van onze producten en diensten (\u201cDienst\u201d). De Dienst wordt geleverd door Morningscore Aps (\u201cMorningscore\u201d, \u201cwij\u201d, \u201cons\u201d of \u201conze\u201d), gevestigd te St\u00e6rmoseg\u00e5rdsvej 8, st., 5230 Odense M, Denemarken. Door gebruik te maken van onze Dienst ga je akkoord met deze voorwaarden. We raden je aan deze zorgvuldig te lezen.<\/p>\n<h3><span style=\"font-weight: 400;\">TOEGANG TOT EN GEBRUIK VAN DE DIENST<\/span><\/h3>\n<p><span style=\"font-weight: 400;\">Toegang tot en gebruik van onze Dienst geeft je geen eigendom van intellectuele eigendomsrechten in onze Dienst of de inhoud waartoe je toegang hebt.<\/span><\/p>\n<p><span style=\"font-weight: 400;\">Onze Dienst toont inhoud die niet van Morningscore is. Deze inhoud valt uitsluitend onder de verantwoordelijkheid van de entiteit die deze beschikbaar stelt. We kunnen inhoud beoordelen om te bepalen of deze illegaal is of ons beleid schendt, en we kunnen inhoud verwijderen of weigeren weer te geven waarvan we redelijkerwijs aannemen dat deze ons beleid of de wet schendt.<\/span><\/p>\n<h3><span style=\"font-weight: 400;\">BESCHRIJVING VAN DE DIENST<\/span><\/h3>\n<p><span style=\"font-weight: 400;\">Morningscore geeft je toegang tot een rijke verzameling hulpmiddelen, inclusief maar niet beperkt tot, zoekmachine optimalisatie tools, link analyse tools, SEO missies en nog veel meer. Je begrijpt ook dat de Dienst bepaalde communicatie van Morningscore kan omvatten, zoals serviceaankondigingen en administratieve berichten, die gerelateerd zijn aan de levering van de Dienst. Tenzij expliciet anders vermeld, zijn alle nieuwe functies of tools die door ons worden uitgebracht in verband met de Dienst onderworpen aan deze Overeenkomst.<\/span><span style=\"font-weight: 400;\">De Service is een online product dat toegang vereist via internet of een andere netwerkverbinding. Jij bent verantwoordelijk voor het verkrijgen van de benodigde internet- of netwerkverbinding om toegang te krijgen tot de Service van Morningscore, en jij bent verantwoordelijk voor de bijbehorende kosten van derden (zoals internetprovider- of zendtijdkosten) voor de connectiviteit met de Service. Bovendien ben jij verantwoordelijk voor het aanschaffen en onderhouden van alle apparatuur die nodig is om verbinding te maken met de Service. De kwaliteit van de Service die jij ervaart, kan afhangen van jouw connectiviteit en apparatuur. Morningscore is niet verantwoordelijk voor claims of verliezen die voortvloeien uit jouw connectiviteit en apparatuur.<\/span><\/p>\n<h3><span style=\"font-weight: 400;\">VERMELDINGSPLICHT<\/span><\/h3>\n<p><span style=\"font-weight: 400;\">Jij erkent dat alle Morningscore bedrijfseigen metrics die via de Service worden verkregen, het intellectuele eigendom van Morningscore blijven, en stemt ermee in om metrics zoals, maar niet beperkt tot, de Morningscore metric, Linkscore, Onsite Health Score en Pagescore te vermelden in elke publicatie of distributie van genoemde bedrijfseigen metrics.<\/span><\/p>\n<h3><span style=\"font-weight: 400;\">ACCOUNTTOEGANG<\/span><\/h3>\n<p><span style=\"font-weight: 400;\">Je moet je geldige e-mailadres en alle andere gevraagde informatie opgeven om het abonnementsproces te voltooien en een registrant te worden. Je login mag slechts door \u00e9\u00e9n persoon worden gebruikt. Een enkele login die door meerdere gebruikers wordt gedeeld, is niet toegestaan. We behouden ons het recht voor om je toegang tot de Dienst te annuleren of op te schorten als we verdachte activiteiten op je account zien die redelijkerwijs aantonen dat je je inloggegevens willens en wetens met een andere gebruiker hebt gedeeld. Je bent verantwoordelijk voor het handhaven van de veiligheid van je account en wachtwoord. Morningscore kan en zal niet aansprakelijk zijn voor enig verlies of schade als gevolg van het niet naleven van deze verplichting.<\/span><\/p>\n<h3><span style=\"font-weight: 400;\">JE REGISTRATIEPLICHTEN<\/span><\/h3>\n<p><span style=\"font-weight: 400;\">Als geregistreerde gebruiker van de Service van Morningscore, verklaar je dat je de wettelijke leeftijd hebt om een bindend contract aan te gaan. Je stemt er ook mee in om: (a) ware, accurate, actuele en volledige informatie over jezelf te verstrekken zoals gevraagd door het registratieformulier van de Service (de \u201cRegistratiegegevens\u201d) en (b) de Registratiegegevens te onderhouden en onmiddellijk bij te werken om deze waar, accuraat, actueel en volledig te houden. Indien je informatie verstrekt die onwaar, onnauwkeurig, niet actueel of onvolledig is, of Morningscore redelijke gronden heeft om te vermoeden dat dergelijke informatie onwaar, onnauwkeurig, niet actueel of onvolledig is, heeft Morningscore het recht om je account op te schorten of te be\u00ebindigen en elk huidig of toekomstig gebruik van de Service (of enig deel daarvan) te weigeren.<\/span><\/p>\n<h3><span style=\"font-weight: 400;\">GEEN WEDERVERKOOP OF HERDISTRIBUTIE VAN DE SERVICE<\/span><\/h3>\n<p><span style=\"font-weight: 400;\">Het is je toegestaan de Service intern binnen het bedrijf te gebruiken met als doel inzichten en analyses te verkrijgen om je website(s) en gerelateerde campagnes te optimaliseren.<\/span><span style=\"font-weight: 400;\">Tenzij uitdrukkelijk geautoriseerd door Morningscore, stem je ermee in om geen enkel deel van de Dienst, het gebruik van de Dienst, of de toegang tot de Dienst of de computercode die de Dienst aandrijft, te reproduceren, dupliceren, kopi\u00ebren, verkopen, verhandelen, doorverkopen, toegang te verlenen, te wijzigen, afgeleide werken te cre\u00ebren, of voor commerci\u00eble doeleinden te exploiteren.<\/span><span style=\"font-weight: 400;\">Je bent verantwoordelijk voor al het gebruik van de Dienst via jouw account. Je bent verantwoordelijk voor het vertrouwelijk houden van jouw online accountgegevens.<\/span><\/p>\n<h3><span style=\"font-weight: 400;\">DIENST- EN MARKETINGMELDINGEN<\/span><\/h3>\n<p><span style=\"font-weight: 400;\">Door een account te registreren bij Morningscore (gratis of betaald) geef je ons toestemming om e-mailmeldingen te sturen naar het e-mailadres dat je bij de registratie hebt opgegeven.<\/span><\/p>\n<p><span style=\"font-weight: 400;\">Deze e-mailmeldingen kunnen omvatten: updates van de Morningscore-toolset, tips en tutorials over het gebruik van Morningscore-tools, en systeemberichten.<\/span><\/p>\n<p><span style=\"font-weight: 400;\">Je krijgt ook de optie om je te abonneren op promotionele aanbiedingen. Houd er rekening mee dat je je op elk moment kunt afmelden voor deze optionele e-mails door de link \u2018Afmelden\u2019 te gebruiken die onderaan elke e-mail staat die we je sturen.<\/span><\/p>\n<p><span style=\"font-weight: 400;\">We kunnen berichten of e-mails versturen via onze eigen mailingdienst of via diensten van derden.<\/span><\/p>\n<h3><span style=\"font-weight: 400;\">ONBEVOEGDE GEBRUIKERS<\/span><\/h3>\n<p><span style=\"font-weight: 400;\">Accountregistratie moet door een mens worden voltooid. Accounts die zijn geregistreerd door \u201cbots\u201d of andere geautomatiseerde methoden zijn niet toegestaan.<\/span><\/p>\n<h3><span style=\"font-weight: 400;\">ONBEVOEGDE TOEGANG<\/span><\/h3>\n<p>Je mag de Dienst niet wijzigen, aanpassen of hacken, of een andere website wijzigen om ten onrechte te impliceren dat deze geassocieerd is met de Dienst of Morningscore. Je mag geen objectcode reverse-engineeren of broncode hergebruiken die in verband met de Dienst is geleverd. Dit omvat alle JavaScript. De code is auteursrechtelijk beschermd door Morningscore. Je mag geen wormen of virussen of enige code van destructieve of kwaadaardige aard verzenden.Je stemt ermee in om geen code die in verband met de Dienst wordt geleverd op welke manier of vorm dan ook te wijzigen, noch om gewijzigde versies van dergelijke code te gebruiken, inclusief (maar niet beperkt tot) met het doel om ongeautoriseerde toegang tot de Dienst te verkrijgen. Je stemt ermee in om de Dienst niet te benaderen via andere middelen dan via de interface die door Morningscore wordt geleverd voor toegang tot de Dienst. Alle onnatuurlijke middelen of onwettige pogingen om toegang te krijgen tot onze Dienst, website, server of database, inclusief door middel van automatische tools zoals scrapers of bots, zijn verboden. We kunnen je toegang be\u00ebindigen, opschorten en\/of blokkeren als we vaststellen dat je gebruik of toegang tot onze Dienst onze voorwaarden schendt. Onder voorbehoud van de andere hierin vermelde beperkingen, mag je alleen geautomatiseerde tools gebruiken om toegang te krijgen tot onze Dienst via de Application Program Interfaces (API) die wij leveren.<\/p>\n<p><span style=\"font-weight: 400;\">Je mag niet proberen om functionaliteit of toegangsfuncties op de website direct te omzeilen door aangepaste http (of andere) oproepen te gebruiken, of proberen de Dienst te manipuleren, of deze te benaderen op een andere manier dan op een manier die een redelijk persoon als normaal toegestaan gebruik zou beschouwen.<\/span><\/p>\n<p><span style=\"font-weight: 400;\">Je mag geen misbruik maken van een functie die een redelijk persoon zou beschouwen als een duidelijke omissie of fout op de Dienst en website.<\/span><\/p>\n<h3><span style=\"font-weight: 400;\">BLOKKEREN VAN IP-ADRESSEN<\/span><\/h3>\n<p><span style=\"font-weight: 400;\">Om de integriteit van de Dienst te beschermen, behoudt Morningscore zich het recht voor om te allen tijde, naar eigen goeddunken, registratiehouders en abonnees van bepaalde IP-adressen de toegang tot de Dienst te ontzeggen.<\/span><\/p>\n<h3><span style=\"font-weight: 400;\">REGISTRATIE EN ABONNEMENT<\/span><\/h3>\n<p><span style=\"font-weight: 400;\">Je kunt kosteloos een registratiehouder van de Dienst worden. Als registratiehouder heb je toegang tot sommige, maar niet alle, functies en tools die beschikbaar zijn binnen de Dienst.<\/span><\/p>\n<p><span style=\"font-weight: 400;\">Om toegang te krijgen tot aanvullende functies, waaronder de mogelijkheid om veel van onze tools te gebruiken, moet je abonnee worden van de Dienst.<\/span><\/p>\n<p><span style=\"font-weight: 400;\">Afhankelijk van het abonnement dat je kiest, heb je recht op een vari\u00ebrend aantal functies en\/of verschillende limieten.<\/span><\/p>\n<h3><span style=\"font-weight: 400;\">VASTE PERIODE EN OPZEGGINGSTERMIJN<\/span><\/h3>\n<p><span style=\"font-weight: 400;\">Abonnementen zijn bindend voor de gekozen periode (\u00e9\u00e9n maand of \u00e9\u00e9n jaar) en worden automatisch verlengd met een overeenkomstige vaste periode, tenzij er een individuele overeenkomst is gesloten. In het geval van individuele overeenkomsten wordt het abonnement verlengd met een vaste periode van \u00e9\u00e9n jaar.<\/span><\/p>\n<p>Opzegging kan plaatsvinden v\u00f3\u00f3r de facturering van een nieuwe abonnementsperiode. Je kunt je abonnement zelf opzeggen via het instellingenmenu in Morningscore of door contact op te nemen met de klantenservice via chat of mail@morningscore.io.<\/p>\n<h3><span style=\"font-weight: 400;\">AUTOMATISCHE AFBOEKING VAN JE BETAALKAART<\/span><\/h3>\n<p><span style=\"font-weight: 400;\">Als je een nieuwe kaart krijgt, update dan je kaartgegevens. Dit kun je doen in de abonnementsinstellingen. Je kunt ook contact opnemen met de klantenservice via onze chat of mail@morningscore.io.<\/span><\/p>\n<p>Je kunt je toestemming om je kaart te belasten op elk moment intrekken.<\/p>\n<p>Je kunt ook een klacht indienen bij je kaartaanbieder (meestal je bank) als je ontdekt dat er een ongeautoriseerde opname is gedaan. Je moet zo snel mogelijk een geschil indienen en uiterlijk 8 weken na de betaling, tenzij anders overeengekomen.<\/p>\n<h3><span style=\"font-weight: 400;\">TERUGBETALINGSBELEID<\/span><\/h3>\n<p><span style=\"font-weight: 400;\">Tenzij wettelijk vereist, is Morningscore op geen enkel moment verplicht om je een terugbetaling te geven. Elk betaald bedrag (of het equivalent daarvan in je lokale valuta) voor een abonnement is strikt niet-restitueerbaar. Voor je maandelijkse abonnement kun je na betaling een terugbetaling aanvragen voor niet-gebruik, maar houd er rekening mee dat we het recht behouden om je terugbetalingsverzoek te weigeren mochten we aanzienlijke activiteit op je account zien.<\/span><\/p>\n<h3><span style=\"font-weight: 400;\">ANNULERING VAN DE DIENST<\/span><\/h3>\n<p><span style=\"font-weight: 400;\">Morningscore behoudt zich het recht voor om de dienst eenzijdig te annuleren onder de volgende omstandigheden:<\/span><\/p>\n<ul>\n<li style=\"font-weight: 400;\" aria-level=\"1\"><span style=\"font-weight: 400;\">Je een van deze voorwaarden schendt;<\/span><\/li>\n<li style=\"font-weight: 400;\" aria-level=\"1\"><span style=\"font-weight: 400;\">We ongebruikelijke gebruikspatronen detecteren met betrekking tot de Dienst;<\/span><\/li>\n<li style=\"font-weight: 400;\" aria-level=\"1\"><span style=\"font-weight: 400;\">Je probeert schade toe te brengen aan onze reputatie, werk of Dienst;<\/span><\/li>\n<li style=\"font-weight: 400;\" aria-level=\"1\"><span style=\"font-weight: 400;\">Als reactie op verzoeken van wetshandhaving of andere overheidsinstanties.<\/span><\/li>\n<\/ul>\n<h3><span style=\"font-weight: 400;\">WIJZIGINGEN IN DE DIENST<\/span><\/h3>\n<p><span style=\"font-weight: 400;\">We zijn constant bezig met het veranderen en verbeteren van onze Dienst. We kunnen functionaliteiten of functies toevoegen of verwijderen, en we kunnen de Dienst geheel opschorten of stopzetten. Je kunt op elk moment stoppen met het gebruik van onze Dienst, hoewel we het jammer vinden je te zien gaan. Morningscore kan ook op elk moment stoppen met het leveren van de Dienst aan jou, of nieuwe limieten toevoegen of cre\u00ebren aan onze Dienst.<\/span><\/p>\n<p><span style=\"font-weight: 400;\">Je gaat ermee akkoord dat Morningscore niet aansprakelijk is, jegens jou of een derde partij, voor enige wijziging, opschorting of stopzetting van de Dienst.<\/span><\/p>\n<h3><span style=\"font-weight: 400;\">GEGEVENSVERZAMELING EN -GEBRUIK<\/span><\/h3>\n<p><span style=\"font-weight: 400;\">Je begrijpt en gaat ermee akkoord dat Morningscore alle gegevens die je deelt met de Dienst, inclusief gegevens die zijn gekoppeld aan je Google Analytics- en Google Search Console-accounts, kan anonimiseren en aggregeren, en deze kan gebruiken zonder jou te identificeren voor het verbeteren van de Dienst.<\/span><\/p>\n<h3><span style=\"font-weight: 400;\">EXTERNE LINKS<\/span><\/h3>\n<p><span style=\"font-weight: 400;\">De Dienst kan links naar andere World Wide Web-sites of -bronnen bevatten. Aangezien Morningscore geen controle heeft over dergelijke sites of bronnen, erken en ga je ermee akkoord dat Morningscore niet verantwoordelijk is voor de beschikbaarheid van dergelijke externe sites of bronnen, deze sites\/bronnen niet onderschrijft, en niet verantwoordelijk of aansprakelijk is voor enige inhoud, reclame of ander materiaal op of beschikbaar via dergelijke sites of bronnen. Je erkent en gaat er verder mee akkoord dat Morningscore niet direct of indirect verantwoordelijk of aansprakelijk zal zijn voor enige schade of verlies veroorzaakt of beweerd te zijn veroorzaakt door of op enigerlei wijze gerelateerd aan het gebruik van of het vertrouwen op dergelijke inhoud, goederen of diensten die beschikbaar zijn op of via een dergelijke site of bron.<\/span><\/p>\n<h3><span style=\"font-weight: 400;\">AANSPRAKELIJKHEID VOOR ONZE DIENST<\/span><\/h3>\n<p><span style=\"font-weight: 400;\">De Dienst en alle daarin verstrekte informatie worden aangeboden op een \u201cas is\u201d en \u201cas available\u201d basis zonder enige garantie.<\/span><\/p>\n<p>Voor zover wettelijk toegestaan, <span style=\"font-weight: 400;\">is Morningscore niet verantwoordelijk voor gederfde winsten, inkomsten of gegevens, financi\u00eble verliezen of indirecte, speciale, gevolg-, voorbeeldige of punitieve schade.<\/span><\/p>\n<p><span style=\"font-weight: 400;\">Voor zover wettelijk toegestaan, is de totale aansprakelijkheid van Morningscore voor elke claim onder deze voorwaarden, inclusief voor impliciete garanties, beperkt tot het bedrag dat je ons hebt betaald om de dienst te gebruiken in de 12 maanden voorafgaand aan de claim (of, indien wij dat kiezen, om je de dienst opnieuw te leveren).<\/span><\/p>\n<p>Voor zover wettelijk toegestaan, is Morningscore niet aansprakelijk voor enig verlies of schade die niet redelijkerwijs voorzienbaar is.<\/p>\n<h3><\/h3>\n<h3><span style=\"font-weight: 400;\">OVER DEZE ALGEMENE VOORWAARDEN<\/span><\/h3>\n<p><span style=\"font-weight: 400;\">We kunnen deze voorwaarden of aanvullende voorwaarden die van toepassing zijn op de Dienst wijzigen, bijvoorbeeld om wijzigingen in de wet of wijzigingen in onze Dienst weer te geven. Je dient de online versie van onze voorwaarden regelmatig te raadplegen. We zullen kennisgeving van wijzigingen in deze voorwaarden op deze pagina plaatsen. Wijzigingen zijn niet met terugwerkende kracht van toepassing en worden niet eerder van kracht dan zeven dagen nadat ze zijn geplaatst. Wijzigingen die nieuwe functies voor de Dienst betreffen of wijzigingen die om juridische redenen zijn aangebracht, worden echter onmiddellijk van kracht. Als je niet akkoord gaat met de gewijzigde voorwaarden van de Dienst, dien je het gebruik van onze Dienst te staken.<\/span><\/p>\n<p><span style=\"font-weight: 400;\">Deze voorwaarden regelen de relatie tussen Morningscore en jou. Ze cre\u00ebren geen rechten voor derden.<\/span><\/p>\n<p><span style=\"font-weight: 400;\">Als je niet voldoet aan deze voorwaarden en we ondernemen niet meteen actie, betekent dit niet dat we afstand doen van rechten die we mogelijk hebben, zoals het ondernemen van actie in de toekomst.<\/span><\/p>\n<p><span style=\"font-weight: 400;\">Als een van deze voorwaarden ongeldig, onuitvoerbaar of nietig wordt verklaard, blijven de andere voorwaarden geldig, uitvoerbaar en onaangetast.<\/span><\/p>\n<p><span style=\"font-weight: 400;\">De sectietitels in de hierin opgenomen voorwaarden zijn uitsluitend voor het gemak en hebben geen juridisch of contractueel effect.<\/span><\/p>\n","protected":false},"excerpt":{"rendered":"<p>Deze Algemene Voorwaarden vormen een bindende overeenkomst voor het gebruik van onze producten en diensten (\u201cDienst\u201d). De Dienst wordt geleverd door Morningscore Aps (\u201cMorningscore\u201d, \u201cwij\u201d, \u201cons\u201d of \u201conze\u201d), gevestigd te St\u00e6rmoseg\u00e5rdsvej 8, st., 5230 Odense M, Denemarken. Door gebruik te maken van onze Dienst ga je akkoord met deze voorwaarden. We raden je aan deze [&hellip;]<\/p>\n","protected":false},"author":15,"featured_media":0,"parent":0,"menu_order":0,"comment_status":"closed","ping_status":"closed","template":"\/templates\/page-templates\/text-page.php","meta":{"_acf_changed":false,"inline_featured_image":false,"footnotes":""},"class_list":["post-74231","page","type-page","status-publish","hentry"],"acf":[],"_links":{"self":[{"href":"https:\/\/morningscore.io\/nl\/wp-json\/wp\/v2\/pages\/74231","targetHints":{"allow":["GET"]}}],"collection":[{"href":"https:\/\/morningscore.io\/nl\/wp-json\/wp\/v2\/pages"}],"about":[{"href":"https:\/\/morningscore.io\/nl\/wp-json\/wp\/v2\/types\/page"}],"author":[{"embeddable":true,"href":"https:\/\/morningscore.io\/nl\/wp-json\/wp\/v2\/users\/15"}],"replies":[{"embeddable":true,"href":"https:\/\/morningscore.io\/nl\/wp-json\/wp\/v2\/comments?post=74231"}],"version-history":[{"count":1,"href":"https:\/\/morningscore.io\/nl\/wp-json\/wp\/v2\/pages\/74231\/revisions"}],"predecessor-version":[{"id":74251,"href":"https:\/\/morningscore.io\/nl\/wp-json\/wp\/v2\/pages\/74231\/revisions\/74251"}],"wp:attachment":[{"href":"https:\/\/morningscore.io\/nl\/wp-json\/wp\/v2\/media?parent=74231"}],"curies":[{"name":"wp","href":"https:\/\/api.w.org\/{rel}","templated":true}]}}