{"id":74125,"date":"2025-09-30T08:29:34","date_gmt":"2025-09-30T08:29:34","guid":{"rendered":"https:\/\/morningscore.io\/?page_id=74125"},"modified":"2025-11-18T10:03:59","modified_gmt":"2025-11-18T10:03:59","slug":"blog","status":"publish","type":"page","link":"https:\/\/morningscore.io\/nl\/blog\/","title":{"rendered":"Blog"},"content":{"rendered":"<div id=\"pl-74125\" class=\"panel-layout\"><div id=\"pg-74125-0\" class=\"panel-grid panel-no-style\"><div id=\"pgc-74125-0-0\" class=\"panel-grid-cell\"><section class=\"hero  gradient_with_balls\" data-hero-layout=\"curved-no-image\" data-image-sizing=\"overflow\" style=\"--hero-headline-size-multiplier: 1;position: relative;--hero-text-color: #312E81;\" data-side-type=\"image\">\n\n            <div class=\"hero-bg gradient_with_balls\" style=\"--gradient-start-color: #0A0A4D;--gradient-end-color: #563AC9;--gradient-angle: -180deg;background: none; overflow: visible;\">\n            \n                            <style>\n                    .floating-balls-wrapper {\n                        position: absolute;\n                        inset: 0;\n                        width: 100%;\n                        height: 180vh;\n                        pointer-events: none;\n                        overflow: hidden;\n                        z-index: -1;\n                    }\n\n                    .floating-balls-wrapper .ball {\n                        position: absolute;\n                        border-radius: 50%;\n                        backface-visibility: hidden;\n                        list-style: none;\n                        background: linear-gradient(to bottom left, rgba(224,231,255, 0.3), rgba(196,181,253, 0.3));\n                        filter: blur(2px);\n                    }\n\n                <\/style>\n                <div style=\"position: absolute;left: 0;top: -3.9rem;width: 100%;height: 120vh;z-index: -1;\">\n                    <div style=\"position: absolute;left: 0;top: 0;width: 100%;height: 100%;background-image: radial-gradient(circle at 40% 0%, #5439C53C 0%, transparent 50%), radial-gradient(circle at 0% 120%, #5439C53C 0%, transparent 50%), radial-gradient(circle at 100% 100%, #C4B5FDAA 0%, transparent 50%);mask-image: linear-gradient(180deg, white 90%, transparent 100%);\">\n                        <ul class=\"floating-balls-wrapper\"><\/ul>\n                    <\/div>\n                <\/div>\n                    <\/div>\n    \n\n    \n\n    <div class=\"inner-content\">\n        <div class=\"hero-main\">\n\n            \n            <h1>Morningscore blog: <br>Alles over SEO op \u00e9\u00e9n plek<\/h1>\n\n            \n                            <div class=\"hero-subcontent\" data-margin=\"true\">\n                    <div class=\"hero-content \">\n                        <p>Welkom in het bloguniversum van Morningscore - d\u00e9 plek waar we SEO-inzichten, kennis en strategie\u00ebn delen om je bedrijf te helpen online te slagen. Ons doel is om je SEO-partner te zijn, niet zomaar een tool. Daarom hebben we hier onze beste tips, praktische handleidingen en de nieuwste trends op het gebied van SEO en digitale marketing verzameld.<\/p>\n                    <\/div>\n\n                    \n                    \n\n                                            <div class=\"so-widget-mssub-buttons so-widget-\">\n<\/div>                    \n                                            <div class=\"hero-extra-content\">\n                                                    <\/div>\n                    \n                <\/div>\n            \n            \n        <\/div>\n\n        \n    <\/div>\n\n    <\/section>\n<\/div><\/div><div id=\"pg-74125-1\" class=\"panel-grid panel-no-style\"><div id=\"pgc-74125-1-0\" class=\"panel-grid-cell\">\n<section class=\"archive\">\n    <div class=\"inner-content\">\n                \n        <div class=\"archive-container\">\n                            <div class=\"archive-posts cards\">\n                                            <a href=\"https:\/\/morningscore.io\/nl\/hoe-cloudflare-te-gebruiken-om-ai-bots-log-te-volgen-en-te-analyseren\/\" class=\"archive-post card-shadow card-with-image\">\n                            <figure>\n                                <img decoding=\"async\" src=\"data:image\/png;base64,iVBORw0KGgoAAAANSUhEUgAAAAEAAAABCAQAAAC1HAwCAAAAC0lEQVR42mNkYAAAAAYAAjCB0C8AAAAASUVORK5CYII=\" alt=\"Hoe Cloudflare te gebruiken om AI-bots log te volgen en te analyseren\" loading=\"lazy\" data-src=\"https:\/\/morningscore.io\/wp-content\/uploads\/2026\/01\/ai-bot-log-analytics-cloudflare-guide-5-682x384.png\">\n                            <\/figure>\n                            <div class=\"card-content text small\">\n                                <span class=\"archive-post-byline\">\n                                                                            <span class=\"archive-post-category\">Ongecategoriseerd<\/span>\n                                                                        <time datetime=\"2026-04-02 09:47:53\" title=\"April 2, 2026\">\n                                        April 2, 2026                                    <\/time>\n                                <\/span>\n                                <h6 class=\"archive-post-title\">Hoe Cloudflare te gebruiken om AI-bots log te volgen en te analyseren<\/h6>\n                                <p class=\"archive-post-excerpt\">Serverlogbestandanalyse is de nieuwe coole marketeerskill geworden, nu AI over het algemeen zo moeilijk te volgen is. Laat me je bewijzen dat het eigenlijk HEE<\/p>\n                            <\/div>\n                        <\/a>\n                                            <a href=\"https:\/\/morningscore.io\/nl\/beste-seo-tools\/\" class=\"archive-post card-shadow card-with-image\">\n                            <figure>\n                                <img decoding=\"async\" src=\"data:image\/png;base64,iVBORw0KGgoAAAANSUhEUgAAAAEAAAABCAQAAAC1HAwCAAAAC0lEQVR42mNkYAAAAAYAAjCB0C8AAAAASUVORK5CYII=\" alt=\"20 beste SEO tools per januari 2026: Gratis en betaalde tools persoonlijk getest\" loading=\"lazy\" data-src=\"https:\/\/morningscore.io\/wp-content\/uploads\/2025\/05\/best-seo-tools-test-682x384.png\">\n                            <\/figure>\n                            <div class=\"card-content text small\">\n                                <span class=\"archive-post-byline\">\n                                                                            <span class=\"archive-post-category\">SEO<\/span>\n                                                                        <time datetime=\"2026-01-13 15:24:22\" title=\"January 13, 2026\">\n                                        January 13, 2026                                    <\/time>\n                                <\/span>\n                                <h6 class=\"archive-post-title\">20 beste SEO tools per januari 2026: Gratis en betaalde tools persoonlijk getest<\/h6>\n                                <p class=\"archive-post-excerpt\">Er zijn ruim 450 SEO-tools in de wereld. Het aantal is in mijn telling van 2026 met 100 gegroeid vanwege vele nieuwe AI-zichtbaarheidstools (GEO).\nHoe w<\/p>\n                            <\/div>\n                        <\/a>\n                                            <a href=\"https:\/\/morningscore.io\/nl\/hoe-ai-overviews-te-volgen\/\" class=\"archive-post card-shadow card-with-image\">\n                            <figure>\n                                <img decoding=\"async\" src=\"data:image\/png;base64,iVBORw0KGgoAAAANSUhEUgAAAAEAAAABCAQAAAC1HAwCAAAAC0lEQVR42mNkYAAAAAYAAjCB0C8AAAAASUVORK5CYII=\" alt=\"Hoe AI Overviews te volgen - eenvoudig en gemakkelijk met Morningscore\" loading=\"lazy\" data-src=\"https:\/\/morningscore.io\/wp-content\/uploads\/2025\/08\/morningscore-blog-cover.png\">\n                            <\/figure>\n                            <div class=\"card-content text small\">\n                                <span class=\"archive-post-byline\">\n                                                                            <span class=\"archive-post-category\">AI<\/span>\n                                                                        <time datetime=\"2025-10-31 13:24:27\" title=\"October 31, 2025\">\n                                        October 31, 2025                                    <\/time>\n                                <\/span>\n                                <h6 class=\"archive-post-title\">Hoe AI Overviews te volgen - eenvoudig en gemakkelijk met Morningscore<\/h6>\n                                <p class=\"archive-post-excerpt\">Je SEO-dashboards zeggen dat alles in orde is. Je zoekwoorden zijn stabiel, de rankings zien er solide uit en de contentkwaliteit is beter dan ooit. Toch voelt<\/p>\n                            <\/div>\n                        <\/a>\n                                            <a href=\"https:\/\/morningscore.io\/nl\/automatische-seo-wordpress-plugin-rank-ai\/\" class=\"archive-post card-shadow card-with-image\">\n                            <figure>\n                                <img decoding=\"async\" src=\"data:image\/png;base64,iVBORw0KGgoAAAANSUhEUgAAAAEAAAABCAQAAAC1HAwCAAAAC0lEQVR42mNkYAAAAAYAAjCB0C8AAAAASUVORK5CYII=\" alt=\"Automatische SEO WordPress plugin: RANK AI\" loading=\"lazy\" data-src=\"https:\/\/morningscore.io\/wp-content\/themes\/mtt-wordpress-theme\/assets\/img\/single-post-cover.png\">\n                            <\/figure>\n                            <div class=\"card-content text small\">\n                                <span class=\"archive-post-byline\">\n                                                                            <span class=\"archive-post-category\">AI<\/span>\n                                                                        <time datetime=\"2025-10-28 13:06:28\" title=\"October 28, 2025\">\n                                        October 28, 2025                                    <\/time>\n                                <\/span>\n                                <h6 class=\"archive-post-title\">Automatische SEO WordPress plugin: RANK AI<\/h6>\n                                <p class=\"archive-post-excerpt\">Nu kun je SEO on-site gezondheidsoplossingen volledig automatiseren met Morningscore en deze gloednieuwe WordPress-plugin waarbij jij de oplossingen be<\/p>\n                            <\/div>\n                        <\/a>\n                                            <a href=\"https:\/\/morningscore.io\/nl\/wat-zijn-dofollow-en-nofollow-backlinks\/\" class=\"archive-post card-shadow card-with-image\">\n                            <figure>\n                                <img decoding=\"async\" src=\"data:image\/png;base64,iVBORw0KGgoAAAANSUhEUgAAAAEAAAABCAQAAAC1HAwCAAAAC0lEQVR42mNkYAAAAAYAAjCB0C8AAAAASUVORK5CYII=\" alt=\"Wat zijn Dofollow &amp; Nofollow backlinks, en hoe verschillen ze?\" loading=\"lazy\" data-src=\"https:\/\/morningscore.io\/wp-content\/uploads\/2021\/09\/what-are-dofollow-nofollow-backlinks-and-how-do-they-differ-682x384.png\">\n                            <\/figure>\n                            <div class=\"card-content text small\">\n                                <span class=\"archive-post-byline\">\n                                                                            <span class=\"archive-post-category\">Linkbuilding<\/span>\n                                                                        <time datetime=\"2025-10-21 11:49:11\" title=\"October 21, 2025\">\n                                        October 21, 2025                                    <\/time>\n                                <\/span>\n                                <h6 class=\"archive-post-title\">Wat zijn Dofollow &amp; Nofollow backlinks, en hoe verschillen ze?<\/h6>\n                                <p class=\"archive-post-excerpt\">Het is algemeen bekend dat backlinks een cruciale rol spelen bij het bepalen van de autoriteit e<\/p>\n                            <\/div>\n                        <\/a>\n                                            <a href=\"https:\/\/morningscore.io\/nl\/inkomende-en-uitgaande-links\/\" class=\"archive-post card-shadow card-with-image\">\n                            <figure>\n                                <img decoding=\"async\" src=\"data:image\/png;base64,iVBORw0KGgoAAAANSUhEUgAAAAEAAAABCAQAAAC1HAwCAAAAC0lEQVR42mNkYAAAAAYAAjCB0C8AAAAASUVORK5CYII=\" alt=\"Inkomende en uitgaande links: Wat zijn ze, en hoe verschillen ze?\" loading=\"lazy\" data-src=\"https:\/\/morningscore.io\/wp-content\/uploads\/2021\/09\/inbound-outbound-links-682x384.png\">\n                            <\/figure>\n                            <div class=\"card-content text small\">\n                                <span class=\"archive-post-byline\">\n                                                                            <span class=\"archive-post-category\">Linkbuilding<\/span>\n                                                                        <time datetime=\"2025-10-21 11:42:16\" title=\"October 21, 2025\">\n                                        October 21, 2025                                    <\/time>\n                                <\/span>\n                                <h6 class=\"archive-post-title\">Inkomende en uitgaande links: Wat zijn ze, en hoe verschillen ze?<\/h6>\n                                <p class=\"archive-post-excerpt\">Wat zijn inkomende en uitgaande links?\n\n\u2b07\ufe0f Inkomende links = links van andere websites naar jouw website. Dus als Amazon.com l<\/p>\n                            <\/div>\n                        <\/a>\n                                    <\/div>\n                \n                                    <div class=\"pagination\">\n                                                \n                                                                                    <span class=\"pagination-current\" aria-current=\"page\" aria-label=\"Page 1, current page\">\n                                    1                                <\/span>\n                                                                                                                <a href=\"https:\/\/morningscore.io\/nl\/wp-json\/wp\/v2\/pages\/74125\/page\/2\/\" aria-label=\"Page 2\">\n                                    2                                <\/a>\n                                                                                                                <a href=\"https:\/\/morningscore.io\/nl\/wp-json\/wp\/v2\/pages\/74125\/page\/3\/\" aria-label=\"Page 3\">\n                                    3                                <\/a>\n                                                                                                                <a href=\"https:\/\/morningscore.io\/nl\/wp-json\/wp\/v2\/pages\/74125\/page\/4\/\" aria-label=\"Page 4\">\n                                    4                                <\/a>\n                                                                                                                <a href=\"https:\/\/morningscore.io\/nl\/wp-json\/wp\/v2\/pages\/74125\/page\/5\/\" aria-label=\"Page 5\">\n                                    5                                <\/a>\n                                                                                                                <a href=\"https:\/\/morningscore.io\/nl\/wp-json\/wp\/v2\/pages\/74125\/page\/6\/\" aria-label=\"Page 6\">\n                                    6                                <\/a>\n                                                                                                                <a href=\"https:\/\/morningscore.io\/nl\/wp-json\/wp\/v2\/pages\/74125\/page\/7\/\" aria-label=\"Page 7\">\n                                    7                                <\/a>\n                                                                                                                <a href=\"https:\/\/morningscore.io\/nl\/wp-json\/wp\/v2\/pages\/74125\/page\/8\/\" aria-label=\"Page 8\">\n                                    8                                <\/a>\n                                                                                                                <a href=\"https:\/\/morningscore.io\/nl\/wp-json\/wp\/v2\/pages\/74125\/page\/9\/\" aria-label=\"Page 9\">\n                                    9                                <\/a>\n                                                                                                                <a href=\"https:\/\/morningscore.io\/nl\/wp-json\/wp\/v2\/pages\/74125\/page\/10\/\" aria-label=\"Page 10\">\n                                    10                                <\/a>\n                                                                                                                <a href=\"https:\/\/morningscore.io\/nl\/wp-json\/wp\/v2\/pages\/74125\/page\/11\/\" aria-label=\"Page 11\">\n                                    11                                <\/a>\n                                                                                                                <a href=\"https:\/\/morningscore.io\/nl\/wp-json\/wp\/v2\/pages\/74125\/page\/12\/\" aria-label=\"Page 12\">\n                                    12                                <\/a>\n                                                                            \n                                                    <a href=\"https:\/\/morningscore.io\/nl\/wp-json\/wp\/v2\/pages\/74125\/page\/2\/\" class=\"pagination-next\" rel=\"next\" aria-label=\"Next page\">\n                                Next                            <\/a>\n                                            <\/div>\n                                    <\/div>\n    <\/div>\n<\/section>\n<\/div><\/div><\/div><noscript><img decoding=\"async\" src=\"https:\/\/morningscore.io\/wp-content\/uploads\/2026\/01\/ai-bot-log-analytics-cloudflare-guide-5-682x384.png\" alt=\"Hoe Cloudflare te gebruiken om AI-bots log te volgen en te analyseren\" loading=\"lazy\" data-src=\"https:\/\/morningscore.io\/wp-content\/uploads\/2026\/01\/ai-bot-log-analytics-cloudflare-guide-5-682x384.png\"><\/noscript><noscript><img decoding=\"async\" src=\"https:\/\/morningscore.io\/wp-content\/uploads\/2025\/05\/best-seo-tools-test-682x384.png\" alt=\"20 beste SEO tools per januari 2026: Gratis en betaalde tools persoonlijk getest\" loading=\"lazy\" data-src=\"https:\/\/morningscore.io\/wp-content\/uploads\/2025\/05\/best-seo-tools-test-682x384.png\"><\/noscript><noscript><img decoding=\"async\" src=\"https:\/\/morningscore.io\/wp-content\/uploads\/2025\/08\/morningscore-blog-cover.png\" alt=\"Hoe AI Overviews te volgen - eenvoudig en gemakkelijk met Morningscore\" loading=\"lazy\" data-src=\"https:\/\/morningscore.io\/wp-content\/uploads\/2025\/08\/morningscore-blog-cover.png\"><\/noscript><noscript><img decoding=\"async\" src=\"https:\/\/morningscore.io\/wp-content\/themes\/mtt-wordpress-theme\/assets\/img\/single-post-cover.png\" alt=\"Automatische SEO WordPress plugin: RANK AI\" loading=\"lazy\" data-src=\"https:\/\/morningscore.io\/wp-content\/themes\/mtt-wordpress-theme\/assets\/img\/single-post-cover.png\"><\/noscript><noscript><img decoding=\"async\" src=\"https:\/\/morningscore.io\/wp-content\/uploads\/2021\/09\/what-are-dofollow-nofollow-backlinks-and-how-do-they-differ-682x384.png\" alt=\"Wat zijn Dofollow &amp; Nofollow backlinks, en hoe verschillen ze?\" loading=\"lazy\" data-src=\"https:\/\/morningscore.io\/wp-content\/uploads\/2021\/09\/what-are-dofollow-nofollow-backlinks-and-how-do-they-differ-682x384.png\"><\/noscript><noscript><img decoding=\"async\" src=\"https:\/\/morningscore.io\/wp-content\/uploads\/2021\/09\/inbound-outbound-links-682x384.png\" alt=\"Inkomende en uitgaande links: Wat zijn ze, en hoe verschillen ze?\" loading=\"lazy\" data-src=\"https:\/\/morningscore.io\/wp-content\/uploads\/2021\/09\/inbound-outbound-links-682x384.png\"><\/noscript>","protected":false},"excerpt":{"rendered":"<p>Morningscore blog: Alles over SEO op \u00e9\u00e9n plek Welkom in het bloguniversum van Morningscore &#8211; d\u00e9 plek waar we SEO-inzichten, kennis en strategie\u00ebn delen om je bedrijf te helpen online te slagen. Ons doel is om je SEO-partner te zijn, niet zomaar een tool. Daarom hebben we hier onze beste tips, praktische handleidingen en de [&hellip;]<\/p>\n","protected":false},"author":15,"featured_media":0,"parent":0,"menu_order":235,"comment_status":"closed","ping_status":"closed","template":"","meta":{"_acf_changed":false,"inline_featured_image":false,"footnotes":""},"class_list":["post-74125","page","type-page","status-publish","hentry"],"acf":[],"_links":{"self":[{"href":"https:\/\/morningscore.io\/nl\/wp-json\/wp\/v2\/pages\/74125","targetHints":{"allow":["GET"]}}],"collection":[{"href":"https:\/\/morningscore.io\/nl\/wp-json\/wp\/v2\/pages"}],"about":[{"href":"https:\/\/morningscore.io\/nl\/wp-json\/wp\/v2\/types\/page"}],"author":[{"embeddable":true,"href":"https:\/\/morningscore.io\/nl\/wp-json\/wp\/v2\/users\/15"}],"replies":[{"embeddable":true,"href":"https:\/\/morningscore.io\/nl\/wp-json\/wp\/v2\/comments?post=74125"}],"version-history":[{"count":6,"href":"https:\/\/morningscore.io\/nl\/wp-json\/wp\/v2\/pages\/74125\/revisions"}],"predecessor-version":[{"id":76320,"href":"https:\/\/morningscore.io\/nl\/wp-json\/wp\/v2\/pages\/74125\/revisions\/76320"}],"wp:attachment":[{"href":"https:\/\/morningscore.io\/nl\/wp-json\/wp\/v2\/media?parent=74125"}],"curies":[{"name":"wp","href":"https:\/\/api.w.org\/{rel}","templated":true}]}}