{"id":82782,"date":"2026-04-13T09:38:23","date_gmt":"2026-04-13T09:38:23","guid":{"rendered":"https:\/\/morningscore.io\/?page_id=82782"},"modified":"2026-04-13T09:38:32","modified_gmt":"2026-04-13T09:38:32","slug":"seo-patarimu-dovana","status":"publish","type":"page","link":"https:\/\/morningscore.io\/lt\/seo-patarimu-dovana\/","title":{"rendered":"SEO patarim\u0173 dovana"},"content":{"rendered":"<div id=\"pl-82782\" class=\"panel-layout\"><div id=\"pg-82782-0\" class=\"panel-grid panel-no-style\"><div id=\"pgc-82782-0-0\" class=\"panel-grid-cell\"><section class=\"hero  with_custom_bg_image\" data-hero-layout=\"curved-no-image\" data-image-sizing=\"overflow\" style=\"--hero-headline-size-multiplier: 1;--hero-bg-image: url(https:\/\/morningscore.io\/wp-content\/uploads\/2024\/11\/background-2-1.png);--hero-bg-image-full: url(https:\/\/morningscore.io\/wp-content\/uploads\/2024\/11\/background-2-1.png);--hero-bg-image-hero-mobile-small-width: url(https:\/\/morningscore.io\/wp-content\/uploads\/2024\/11\/background-2-1.png);--hero-bg-image-mobile-width: url(https:\/\/morningscore.io\/wp-content\/uploads\/2024\/11\/background-2-1.png);--hero-bg-image-tablet-width: url(https:\/\/morningscore.io\/wp-content\/uploads\/2024\/11\/background-2-1.png);--hero-bg-image-laptop-width: url(https:\/\/morningscore.io\/wp-content\/uploads\/2024\/11\/background-2-1.png);position: relative;\" data-side-type=\"image\">\n\n            <div class=\"hero-bg with_custom_bg_image\" style=\"--gradient-start-color: #0A0A4D;--gradient-end-color: #563AC9;--gradient-angle: -180deg;\">\n            \n                    <\/div>\n    \n\n    \n\n    <div class=\"inner-content\">\n        <div class=\"hero-main\">\n\n            \n            <h1>U\u017esisakyk savo 1:1 sesij\u0105 \u010dia<\/h1>\n\n            \n                            <div class=\"hero-subcontent\" data-margin=\"true\">\n                    <div class=\"hero-content \">\n                        <p>Nor\u0117dami pad\u0117koti, kad esi m\u016bs\u0173 klientas jau 3 m\u0117nesius, kvie\u010diame tave u\u017esisakyti nemokam\u0105 1:1 sesij\u0105 su vienu i\u0161 m\u016bs\u0173 SEO ekspert\u0173 naudojantis \u017eemiau esan\u010diu kalendoriumi.<\/p>\n                    <\/div>\n\n                    \n                    \n\n                                            <div class=\"so-widget-mssub-buttons so-widget-\">\n<\/div>                    \n                                            <div class=\"hero-extra-content\">\n                                                    <\/div>\n                    \n                <\/div>\n            \n            \n        <\/div>\n\n        \n    <\/div>\n\n    <\/section>\n\n<section class=\"content-image-container default\" data-box-alignment=\"image-right\" data-content-box-width=\"50\">\n\n\t<div class=\"inner-content\">\n\t\t<div class=\"content-image-content\">\n\t\t\t<div class=\"so-widget-mssub-content-flexible so-widget-mssub-content-flexible-base\">\n<div class=\"content-flexible\">\n\n\n\t<h2 class=\"section-heading\">Gauk savo nemokam\u0105 sesij\u0105 dabar<\/h2>\n\n\t<div class=\"text\">\n\t\t<div class=\"flex-shrink-0 flex flex-col relative items-end\">\n<div>\n<div class=\"pt-0\">\n<div class=\"gizmo-bot-avatar flex h-8 w-8 items-center justify-center overflow-hidden rounded-full\">\n<div class=\"relative p-1 rounded-sm flex items-center justify-center bg-token-main-surface-primary text-token-text-primary h-8 w-8\">Spustel\u0117k \u017eemiau esant\u012f mygtuk\u0105, kad u\u017esisakytum nemokam\u0105 1:1 sesij\u0105 su vienu i\u0161 m\u016bs\u0173 SEO ekspert\u0173.<\/div>\n<\/div>\n<\/div>\n<\/div>\n<\/div>\n<div class=\"group\/conversation-turn relative flex w-full min-w-0 flex-col agent-turn\">\n<div class=\"flex-col gap-1 md:gap-3\">\n<div class=\"flex max-w-full flex-col flex-grow\">\n<div class=\"min-h-8 text-message flex w-full flex-col items-end gap-2 whitespace-normal break-words text-start [.text-message+&amp;]:mt-5\">\n<div class=\"flex w-full flex-col gap-1 empty:hidden first:pt-[3px]\">\n<div class=\"markdown prose w-full break-words dark:prose-invert light\">\n<p>Kai tavo u\u017esakymas bus baigtas, gausi patvirtinimo el. lai\u0161k\u0105.<\/p>\n<p>Nekantraujame pad\u0117ti tau pakelti tavo SEO pastangas \u012f kit\u0105 lyg\u012f.<\/p>\n<\/div>\n<\/div>\n<\/div>\n<\/div>\n<\/div>\n<\/div>\n\t<\/div>\n\n\t\n\t\n\t\t\t<div class=\"so-widget-mssub-buttons so-widget-mssub-buttons-base\">\n\t\n\t\t\t\t\t<a href=\"https:\/\/meetings.hubspot.com\/christian289\/3-months-offer?uuid=1b5f68c7-1839-4cf9-a56b-6620f033f370\" class=\"btn btn-primary\" target=\"\" rel=\"noopener\">U\u017esisakyk savo sesij\u0105<\/a>\n\t<\/div>\t<\/div><\/div>\t\t<\/div>\n\n\t\t<figure class=\"content-image-image\">\n\t\t\t<div class=\"so-widget-mssub-media so-widget-mssub-media-base\">\n\t<img loading=\"lazy\" decoding=\"async\" width=\"1686\" height=\"1097\" src=\"data:image\/png;base64,iVBORw0KGgoAAAANSUhEUgAAAAEAAAABCAQAAAC1HAwCAAAAC0lEQVR42mNkYAAAAAYAAjCB0C8AAAAASUVORK5CYII=\" class=\"lozad\" alt=\"\" sizes=\"auto, (max-width: 1686px) 100vw, 1686px\" data-src=\"https:\/\/morningscore.io\/wp-content\/uploads\/2024\/12\/1.1-session.png\" data-srcset=\"https:\/\/morningscore.io\/wp-content\/uploads\/2024\/12\/1.1-session.png 1686w, https:\/\/morningscore.io\/wp-content\/uploads\/2024\/12\/1.1-session-300x195.png 300w\">\n<\/div>\t\t<\/figure>\n\t<\/div>\n\n<\/section><\/div><\/div><\/div><noscript><img loading=\"lazy\" decoding=\"async\" width=\"1686\" height=\"1097\" src=\"https:\/\/morningscore.io\/wp-content\/uploads\/2024\/12\/1.1-session.png\" class=\"lozad\" alt=\"\" sizes=\"auto, (max-width: 1686px) 100vw, 1686px\" data-src=\"https:\/\/morningscore.io\/wp-content\/uploads\/2024\/12\/1.1-session.png\" data-srcset=\"https:\/\/morningscore.io\/wp-content\/uploads\/2024\/12\/1.1-session.png 1686w, https:\/\/morningscore.io\/wp-content\/uploads\/2024\/12\/1.1-session-300x195.png 300w\" srcset=\"https:\/\/morningscore.io\/wp-content\/uploads\/2024\/12\/1.1-session.png 1686w, https:\/\/morningscore.io\/wp-content\/uploads\/2024\/12\/1.1-session-300x195.png 300w\"><\/noscript>","protected":false},"excerpt":{"rendered":"<p>U\u017esisakyk savo 1:1 sesij\u0105 \u010dia Nor\u0117dami pad\u0117koti, kad esi m\u016bs\u0173 klientas jau 3 m\u0117nesius, kvie\u010diame tave u\u017esisakyti nemokam\u0105 1:1 sesij\u0105 su vienu i\u0161 m\u016bs\u0173 SEO ekspert\u0173 naudojantis \u017eemiau esan\u010diu kalendoriumi. Gauk savo nemokam\u0105 sesij\u0105 dabar Spustel\u0117k \u017eemiau esant\u012f mygtuk\u0105, kad u\u017esisakytum nemokam\u0105 1:1 sesij\u0105 su vienu i\u0161 m\u016bs\u0173 SEO ekspert\u0173. Kai tavo u\u017esakymas bus baigtas, [&hellip;]<\/p>\n","protected":false},"author":0,"featured_media":0,"parent":0,"menu_order":0,"comment_status":"closed","ping_status":"closed","template":"","meta":{"_acf_changed":false,"inline_featured_image":false,"footnotes":""},"class_list":["post-82782","page","type-page","status-publish","hentry"],"acf":[],"_links":{"self":[{"href":"https:\/\/morningscore.io\/lt\/wp-json\/wp\/v2\/pages\/82782","targetHints":{"allow":["GET"]}}],"collection":[{"href":"https:\/\/morningscore.io\/lt\/wp-json\/wp\/v2\/pages"}],"about":[{"href":"https:\/\/morningscore.io\/lt\/wp-json\/wp\/v2\/types\/page"}],"replies":[{"embeddable":true,"href":"https:\/\/morningscore.io\/lt\/wp-json\/wp\/v2\/comments?post=82782"}],"version-history":[{"count":1,"href":"https:\/\/morningscore.io\/lt\/wp-json\/wp\/v2\/pages\/82782\/revisions"}],"predecessor-version":[{"id":82783,"href":"https:\/\/morningscore.io\/lt\/wp-json\/wp\/v2\/pages\/82782\/revisions\/82783"}],"wp:attachment":[{"href":"https:\/\/morningscore.io\/lt\/wp-json\/wp\/v2\/media?parent=82782"}],"curies":[{"name":"wp","href":"https:\/\/api.w.org\/{rel}","templated":true}]}}