{"id":81332,"date":"2026-04-10T10:10:22","date_gmt":"2026-04-10T10:10:22","guid":{"rendered":"https:\/\/morningscore.io\/?page_id=81332"},"modified":"2026-04-10T10:16:09","modified_gmt":"2026-04-10T10:16:09","slug":"kontaktai","status":"publish","type":"page","link":"https:\/\/morningscore.io\/lt\/kontaktai\/","title":{"rendered":"Kontaktai LT"},"content":{"rendered":"<div id=\"pl-81332\" class=\"panel-layout\"><div id=\"pg-81332-0\" class=\"panel-grid panel-no-style\"><div id=\"pgc-81332-0-0\" class=\"panel-grid-cell\"><section class=\"hero  gradient_with_balls\" data-hero-layout=\"curved-v3-4-mask-left\" data-image-sizing=\"inner-no-overflow\" data-image-frame=\"rounded\" style=\"--hero-headline-size-multiplier: 1;position: relative;--hero-text-color: #312E81;\" data-side-type=\"image\">\n\n            <div class=\"hero-bg gradient_with_balls\" style=\"--gradient-start-color: #0A0A4D;--gradient-end-color: #563AC9;--gradient-angle: -180deg;background: none; overflow: visible;\">\n            \n                            <style>\n                    .floating-balls-wrapper {\n                        position: absolute;\n                        inset: 0;\n                        width: 100%;\n                        height: 180vh;\n                        pointer-events: none;\n                        overflow: hidden;\n                        z-index: -1;\n                    }\n\n                    .floating-balls-wrapper .ball {\n                        position: absolute;\n                        border-radius: 50%;\n                        backface-visibility: hidden;\n                        list-style: none;\n                        background: linear-gradient(to bottom left, rgba(224,231,255, 0.3), rgba(196,181,253, 0.3));\n                        filter: blur(2px);\n                    }\n\n                <\/style>\n                <div style=\"position: absolute;left: 0;top: -3.9rem;width: 100%;height: 120vh;z-index: -1;\">\n                    <div style=\"position: absolute;left: 0;top: 0;width: 100%;height: 100%;background-image: radial-gradient(circle at 40% 0%, #5439C53C 0%, transparent 50%), radial-gradient(circle at 0% 120%, #5439C53C 0%, transparent 50%), radial-gradient(circle at 100% 100%, #C4B5FDAA 0%, transparent 50%);mask-image: linear-gradient(180deg, white 90%, transparent 100%);\">\n                        <ul class=\"floating-balls-wrapper\"><\/ul>\n                    <\/div>\n                <\/div>\n                    <\/div>\n    \n\n    \n\n    <div class=\"inner-content\">\n        <div class=\"hero-main\">\n\n                            <h2 class=\"section-subheading\">Susisiekti<\/h2>\n            \n            <h1>Mes nevaidiname<br> nepasiekiam\u0173<\/h1>\n\n            \n                            <div class=\"hero-subcontent\" data-margin=\"true\">\n                    <div class=\"hero-content \">\n                        <p>Susisiek su mumis bet kur! Tavo ant\u017eemin\u0117 komanda pasiruo\u0161usi pad\u0117ti \u012fvairiais kanalais. Norime, kad jaustumeisi laukiamas.<\/p>\n                    <\/div>\n\n                    \n                    \n\n                                            <div class=\"so-widget-mssub-buttons so-widget-mssub-buttons-base\">\n\t\n\t\t\t<a href=\"#\" onclick=\"event.preventDefault();document.querySelector('#contact').scrollIntoView({behavior: 'smooth'});\" class=\"btn btn-primary\">Susisiek<\/a>\n\t<\/div>                    \n                                            <div class=\"hero-extra-content\">\n                                                    <\/div>\n                    \n                <\/div>\n            \n            \n        <\/div>\n\n                    <div class=\"hero-side\">\n                                    <figure>\n                        <img loading=\"lazy\" decoding=\"async\" width=\"1514\" height=\"1010\" src=\"data:image\/png;base64,iVBORw0KGgoAAAANSUhEUgAAAAEAAAABCAQAAAC1HAwCAAAAC0lEQVR42mNkYAAAAAYAAjCB0C8AAAAASUVORK5CYII=\" class=\"lozad\" alt=\"\" sizes=\"auto, (max-width: 1514px) 100vw, 1514px\" data-src=\"https:\/\/morningscore.io\/wp-content\/uploads\/2024\/12\/contact.png\" data-srcset=\"https:\/\/morningscore.io\/wp-content\/uploads\/2024\/12\/contact.png 1514w, https:\/\/morningscore.io\/wp-content\/uploads\/2024\/12\/contact-300x200.png 300w\">                    <\/figure>\n                \n                            <\/div>\n        \n    <\/div>\n\n    <\/section>\n<section class=\"contact-cards-container default\">\n\t<div class=\"inner-content\">\n\t\t<div class=\"text-content\">\n\t\t\t<div class=\"so-widget-mssub-section-header so-widget-mssub-section-header-base\"><div class=\"section-header\" data-layout=\"headline-centered\">\n\t<span class=\"section-subheading\">I\u0161spr\u0119skime tavo problem\u0105<\/span>\n\t<div class=\"section-col section-col-1\">\n\t\t<h2 class=\"section-heading\">Ko ie\u0161kai?<\/h2>\n\t<\/div>\n\n\t\t\n<\/div>\n<\/div>\n\t\t\t<div class=\"text\">\n\t\t\t\t<p>Jei tau reikia <a style=\"color: #5439c5\" href=\"mailto:mail@morningscore.io\">asmeninio palaikymo el. pa\u0161tu<\/a>\u00a0 ar nori susisiekti su mumis pokalbi\u0173 lange, mes esame \u010dia d\u0117l tav\u0119s. Visus kontaktinius duomenis rasi \u017eemiau \ud83d\udc47\ufe0f<\/p>\n<p>\u00a0<\/p>\n<p>Komanda yra tavo ant\u017eemin\u0117 \u012fgula, u\u017etikrinanti, kad kiekvienas tavo kabinos centimetras veikt\u0173 skland\u017eiai. Jei ka\u017ekas trukdo, nedvejok ir susisiek!<\/p>\n\t\t\t<\/div>\n\t\t<\/div>\n\t\t<div class=\"cards-content\">\n\t\t\t\n\t\t\t\t<div class=\"card\">\n\t\t\t\t\t<div class=\"text-container\">\n\t\t\t\t\t\t<div class=\"title\">Reikia pagalbos \u012frankio viduje?<\/div>\n\t\t\t\t\t\t<div class=\"subtitle\">Apsilankyk m\u016bs\u0173 pagalbos skiltyje ir rask atsakym\u0105<\/div>\n\t\t\t\t\t<\/div>\n\t\t\t\t\t<div class=\"button-container\">\n\t\t\t\t\t\t<div class=\"so-widget-mssub-buttons so-widget-mssub-buttons-base\">\n\t\n\t\t\t\t\t<a href=\"https:\/\/help.morningscore.io\/en\/\" class=\"btn btn-outline\" target=\"_blank\">Eiti \u012f pagalbos skilt\u012f<\/a>\n\t<\/div>\t\t\t\t\t<\/div>\n\t\t\t\t<\/div>\n\n\t\t\t\n\t\t\t\t<div class=\"card\">\n\t\t\t\t\t<div class=\"text-container\">\n\t\t\t\t\t\t<div class=\"title\">Individuali demonstracija?<\/div>\n\t\t\t\t\t\t<div class=\"subtitle\">Paskirkime dat\u0105 ir visk\u0105 ap\u017evelkime<\/div>\n\t\t\t\t\t<\/div>\n\t\t\t\t\t<div class=\"button-container\">\n\t\t\t\t\t\t<div class=\"so-widget-mssub-buttons so-widget-mssub-buttons-base\">\n\t\n\t\t\t\t\t<a href=\"https:\/\/meetings.hubspot.com\/ruben-stochholm\/demos-from-contact-page-httpsmorningscoreiocontact\" class=\"btn btn-outline\" target=\"_blank\" rel=\"noopener\">U\u017esisakyti demonstracij\u0105<\/a>\n\t<\/div>\t\t\t\t\t<\/div>\n\t\t\t\t<\/div>\n\n\t\t\t\n\t\t\t\t<div class=\"card\">\n\t\t\t\t\t<div class=\"text-container\">\n\t\t\t\t\t\t<div class=\"title\">Nori pabendrauti su mumis?<\/div>\n\t\t\t\t\t\t<div class=\"subtitle\">Pokalbiai veikia darbo dienomis nuo 9 iki 16 val.<\/div>\n\t\t\t\t\t<\/div>\n\t\t\t\t\t<div class=\"button-container\">\n\t\t\t\t\t\t<div class=\"so-widget-mssub-buttons so-widget-mssub-buttons-base\">\n\t\n\t\t\t\t\t<a href=\"mailto:mail@morningscore.io\" onclick=\"if(typeof $crisp !== 'undefined'){event.preventDefault();$crisp.push(['do', 'chat:open']);}\" class=\"btn btn-outline\">Kalb\u0117kis su mumis<\/a>\n\t<\/div>\t\t\t\t\t<\/div>\n\t\t\t\t<\/div>\n\n\t\t\t\t\t<\/div>\n\t<\/div>\n<\/section>\n<div id=\"contact\" class=\"panel-widget-style panel-widget-style-for-81332-0-0-2\"><section class=\"contact-form-and-info-container default\">\n\t<div class=\"curved-bg\"><\/div>\n\t<div class=\"inner-content\">\n\t\t<div class=\"so-widget-mssub-section-header so-widget-mssub-section-header-base\"><div class=\"section-header\" data-layout=\"headline-text\">\n\t<span class=\"section-subheading\">Susisiek<\/span>\n\t<div class=\"section-col section-col-1\">\n\t\t<h2 class=\"section-heading\">Yra atsakymas \u012f tavo klausim\u0105<\/h2>\n\t<\/div>\n\n\t\t<div class=\"section-col section-col-2\">\n\n\t\t\n\t\t\t\t\t<div class=\"col-text text\"><\/div>\n\t\t\n\t\t\n\t<\/div>\n\t\t\n<\/div>\n<\/div>\t<\/div>\n\t<div class=\"inner-content card\">\n        <div class=\"main-content\">\n            <div class=\"form-content\">\n                <form class=\"form form-contact form-send-ajax\" enctype=\"multipart\/form-data\">\n\n                    <div class=\"form-field\">\n                        <input type=\"text\" name=\"name\" placeholder=\"Vardas...\" required>\n                    <\/div>\n\n                    <div class=\"form-field\">\n                        <input type=\"email\" name=\"email\" placeholder=\"El. pa\u0161tas...\" required>\n                    <\/div>\n\n                    <div class=\"form-field\">\n                        <input type=\"text\" name=\"company\" placeholder=\"\u012emon\u0117...\" required>\n                    <\/div>\n\n                    <div class=\"form-field\">\n                    <textarea name=\"message\" placeholder=\"\u017dinut\u0117...\" required><\/textarea>\n                    <\/div>\n\n                    \n                    <div class=\"button-container\">\n                        <div class=\"so-widget-mssub-buttons so-widget-mssub-buttons-base\">\n\t\n\t\t\t<button type=\"submit\" class=\"btn btn-outline\">Si\u0173sti u\u017eklaus\u0105<\/button>\n\t<\/div>                        <div class=\"loader\"><\/div>\n                    <\/div>\n                    <div class=\"success-message\">\n                        <div class=\"checkmark ii ii-checkmark-circle\"><\/div>\n                        <div class=\"title\">\n                            A\u010di\u016b, kad susisiekei su mumis!                        <\/div>\n                        <div class=\"subtitle\">\n                            Gavome tavo u\u017eklaus\u0105 ir susisieksime su tavimi kaip \u012fmanoma grei\u010diau.                        <\/div>\n                    <\/div>\n                <\/form>\n\n            <\/div>\n            <div class=\"info-content\">\n                <div class=\"title\">\n                    Morningscore ApS                <\/div>\n                <div class=\"subtitle\">\n                    PVM: DK39311437                <\/div>\n\n                <div class=\"entries\">\n                    \n                        <div class=\"entry\">\n                            <span class=\"icon ii ii-old-phone\"><\/span>\n                            <span class=\"content\">+ 45 71 74 76 15<\/span>\n                        <\/div>\n\n                    \n                        <div class=\"entry\">\n                            <span class=\"icon ii ii-write\"><\/span>\n                            <span class=\"content\">mail@morningscore.io<\/span>\n                        <\/div>\n\n                    \n                        <div class=\"entry\">\n                            <span class=\"icon ii ii-office\"><\/span>\n                            <span class=\"content\">St\u00e6rmoseg\u00e5rdsvej 8, st. 5230 Odense M<\/span>\n                        <\/div>\n\n                    \n                        <div class=\"entry\">\n                            <span class=\"icon ii ii-pin\"><\/span>\n                            <span class=\"content\">Danija<\/span>\n                        <\/div>\n\n                                    <\/div>\n                <div class=\"text\"><p>Stengiam\u0117s atsakyti \u012f visas u\u017eklausas per 24 valandas darbo dienomis. Jei tau reikia pagalbos d\u0117l konkre\u010di\u0173 \u012frankio funkcij\u0173, taip pat gali per\u017ei\u016br\u0117ti m\u016bs\u0173 <a href=\"https:\/\/help.morningscore.io\/en\/\">pagalbos skilt\u012f<\/a>.<\/p>\n<p>Darbo laikas:<br>\n<strong>Pirmadienis - penktadienis | 9:00 - 16:00 CET<\/strong><\/p>\n<\/div>\n            <\/div>\n        <\/div>\n\t\t<div class=\"links-content\">\n\t\t\t<div class=\"crisp\">\n\t\t\t\t<a href=\"#\" onclick=\"if(typeof $crisp !== 'undefined'){event.preventDefault();$crisp.push(['do', 'chat:open']);}\">\n\t\t\t\t\t<div class=\"icon\">\n\t\t\t\t\t\t\n\t\t\t\t\t\t\t<div class=\"icon-image\">\n\t\t\t\t\t\t\t\t<img loading=\"lazy\" decoding=\"async\" src=\"data:image\/png;base64,iVBORw0KGgoAAAANSUhEUgAAAAEAAAABCAQAAAC1HAwCAAAAC0lEQVR42mNkYAAAAAYAAjCB0C8AAAAASUVORK5CYII=\" class=\"lozad\" alt=\"\" width=\"266\" height=\"266\" sizes=\"auto, 1px\" data-src=\"https:\/\/morningscore.io\/wp-content\/uploads\/2023\/04\/chat-icon.png\">\t\t\t\t\t\t\t<\/div>\n\t\t\t\t\t\t\n\t\t\t\t\t<\/div>\n\t\t\t\t\t<span>Susira\u0161in\u0117k<\/span>\n\t\t\t\t<\/a>\n\t\t\t\t<span>su mumis!<\/span>\n\t\t\t<\/div>\n\t\t\t<div class=\"social\">\n\t\t\t\t\t\t\t\t\t<div class=\"icon\">\n\t\t\t\t\t\t<a href=\"https:\/\/www.instagram.com\/morningscore\/\" target=\"_blank\" rel=\"noopener\">\n\t\t\t\t\t\t\t<div class=\"icon-image\">\n\t\t\t\t\t\t\t\t<img loading=\"lazy\" decoding=\"async\" src=\"data:image\/png;base64,iVBORw0KGgoAAAANSUhEUgAAAAEAAAABCAQAAAC1HAwCAAAAC0lEQVR42mNkYAAAAAYAAjCB0C8AAAAASUVORK5CYII=\" class=\"lozad\" alt=\"\" width=\"42\" height=\"42\" sizes=\"auto, 1px\" data-src=\"https:\/\/morningscore.io\/wp-content\/uploads\/2022\/12\/instagram.svg\">\t\t\t\t\t\t\t<\/div>\n\t\t\t\t\t\t<\/a>\n\t\t\t\t\t<\/div>\n\t\t\t\t\t\t\t\t\t<div class=\"icon\">\n\t\t\t\t\t\t<a href=\"https:\/\/www.linkedin.com\/company\/morningscore\/\" target=\"_blank\" rel=\"noopener\">\n\t\t\t\t\t\t\t<div class=\"icon-image\">\n\t\t\t\t\t\t\t\t<img loading=\"lazy\" decoding=\"async\" src=\"data:image\/png;base64,iVBORw0KGgoAAAANSUhEUgAAAAEAAAABCAQAAAC1HAwCAAAAC0lEQVR42mNkYAAAAAYAAjCB0C8AAAAASUVORK5CYII=\" class=\"lozad\" alt=\"\" width=\"42\" height=\"42\" sizes=\"auto, 1px\" data-src=\"https:\/\/morningscore.io\/wp-content\/uploads\/2022\/12\/linkedin-icon.svg\">\t\t\t\t\t\t\t<\/div>\n\t\t\t\t\t\t<\/a>\n\t\t\t\t\t<\/div>\n\t\t\t\t\t\t\t\t\t<div class=\"icon\">\n\t\t\t\t\t\t<a href=\"https:\/\/www.facebook.com\/morningscore\" target=\"_blank\" rel=\"noopener\">\n\t\t\t\t\t\t\t<div class=\"icon-image\">\n\t\t\t\t\t\t\t\t<img loading=\"lazy\" decoding=\"async\" src=\"data:image\/png;base64,iVBORw0KGgoAAAANSUhEUgAAAAEAAAABCAQAAAC1HAwCAAAAC0lEQVR42mNkYAAAAAYAAjCB0C8AAAAASUVORK5CYII=\" class=\"lozad\" alt=\"\" width=\"42\" height=\"42\" sizes=\"auto, 1px\" data-src=\"https:\/\/morningscore.io\/wp-content\/uploads\/2022\/12\/facebook-icon.svg\">\t\t\t\t\t\t\t<\/div>\n\t\t\t\t\t\t<\/a>\n\t\t\t\t\t<\/div>\n\t\t\t\t\t\t\t<\/div>\n\t\t<\/div>\n\t<\/div>\n\t<script>\n\t\twindow.contact_form_url = \"https:\/\/morningscore.io\/wp-admin\/admin-ajax.php\"\n\t<\/script>\n<\/section>\n<\/div><\/div><\/div><\/div><noscript><img loading=\"lazy\" decoding=\"async\" width=\"1514\" height=\"1010\" src=\"https:\/\/morningscore.io\/wp-content\/uploads\/2024\/12\/contact.png\" class=\"lozad\" alt=\"\" sizes=\"auto, (max-width: 1514px) 100vw, 1514px\" data-src=\"https:\/\/morningscore.io\/wp-content\/uploads\/2024\/12\/contact.png\" data-srcset=\"https:\/\/morningscore.io\/wp-content\/uploads\/2024\/12\/contact.png 1514w, https:\/\/morningscore.io\/wp-content\/uploads\/2024\/12\/contact-300x200.png 300w\" srcset=\"https:\/\/morningscore.io\/wp-content\/uploads\/2024\/12\/contact.png 1514w, https:\/\/morningscore.io\/wp-content\/uploads\/2024\/12\/contact-300x200.png 300w\"><\/noscript><noscript><img loading=\"lazy\" decoding=\"async\" src=\"https:\/\/morningscore.io\/wp-content\/uploads\/2023\/04\/chat-icon.png\" class=\"lozad\" alt=\"\" width=\"266\" height=\"266\" sizes=\"auto, 1px\" data-src=\"https:\/\/morningscore.io\/wp-content\/uploads\/2023\/04\/chat-icon.png\"><\/noscript><noscript><img loading=\"lazy\" decoding=\"async\" src=\"https:\/\/morningscore.io\/wp-content\/uploads\/2022\/12\/instagram.svg\" class=\"lozad\" alt=\"\" width=\"42\" height=\"42\" sizes=\"auto, 1px\" data-src=\"https:\/\/morningscore.io\/wp-content\/uploads\/2022\/12\/instagram.svg\"><\/noscript><noscript><img loading=\"lazy\" decoding=\"async\" src=\"https:\/\/morningscore.io\/wp-content\/uploads\/2022\/12\/linkedin-icon.svg\" class=\"lozad\" alt=\"\" width=\"42\" height=\"42\" sizes=\"auto, 1px\" data-src=\"https:\/\/morningscore.io\/wp-content\/uploads\/2022\/12\/linkedin-icon.svg\"><\/noscript><noscript><img loading=\"lazy\" decoding=\"async\" src=\"https:\/\/morningscore.io\/wp-content\/uploads\/2022\/12\/facebook-icon.svg\" class=\"lozad\" alt=\"\" width=\"42\" height=\"42\" sizes=\"auto, 1px\" data-src=\"https:\/\/morningscore.io\/wp-content\/uploads\/2022\/12\/facebook-icon.svg\"><\/noscript>","protected":false},"excerpt":{"rendered":"<p>Susisiekti Mes nevaidiname nepasiekiam\u0173 Susisiek su mumis bet kur! Tavo ant\u017eemin\u0117 komanda pasiruo\u0161usi pad\u0117ti \u012fvairiais kanalais. Norime, kad jaustumeisi laukiamas. Susisiek I\u0161spr\u0119skime tavo problem\u0105 Ko ie\u0161kai? Jei tau reikia asmeninio palaikymo el. pa\u0161tu\u00a0 ar nori susisiekti su mumis pokalbi\u0173 lange, mes esame \u010dia d\u0117l tav\u0119s. Visus kontaktinius duomenis rasi \u017eemiau \ud83d\udc47\ufe0f \u00a0 Komanda yra tavo [&hellip;]<\/p>\n","protected":false},"author":1,"featured_media":0,"parent":0,"menu_order":0,"comment_status":"closed","ping_status":"closed","template":"","meta":{"_acf_changed":false,"inline_featured_image":false,"footnotes":""},"class_list":["post-81332","page","type-page","status-publish","hentry"],"acf":[],"_links":{"self":[{"href":"https:\/\/morningscore.io\/lt\/wp-json\/wp\/v2\/pages\/81332","targetHints":{"allow":["GET"]}}],"collection":[{"href":"https:\/\/morningscore.io\/lt\/wp-json\/wp\/v2\/pages"}],"about":[{"href":"https:\/\/morningscore.io\/lt\/wp-json\/wp\/v2\/types\/page"}],"author":[{"embeddable":true,"href":"https:\/\/morningscore.io\/lt\/wp-json\/wp\/v2\/users\/1"}],"replies":[{"embeddable":true,"href":"https:\/\/morningscore.io\/lt\/wp-json\/wp\/v2\/comments?post=81332"}],"version-history":[{"count":2,"href":"https:\/\/morningscore.io\/lt\/wp-json\/wp\/v2\/pages\/81332\/revisions"}],"predecessor-version":[{"id":81337,"href":"https:\/\/morningscore.io\/lt\/wp-json\/wp\/v2\/pages\/81332\/revisions\/81337"}],"wp:attachment":[{"href":"https:\/\/morningscore.io\/lt\/wp-json\/wp\/v2\/media?parent=81332"}],"curies":[{"name":"wp","href":"https:\/\/api.w.org\/{rel}","templated":true}]}}