{"id":81276,"date":"2026-04-10T10:03:58","date_gmt":"2026-04-10T10:03:58","guid":{"rendered":"https:\/\/morningscore.io\/?page_id=81276"},"modified":"2026-04-10T10:22:39","modified_gmt":"2026-04-10T10:22:39","slug":"atvejai","status":"publish","type":"page","link":"https:\/\/morningscore.io\/lt\/atvejai\/","title":{"rendered":"Klient\u0173 s\u0117km\u0117s istorijos"},"content":{"rendered":"<div id=\"pl-81276\" class=\"panel-layout\"><div id=\"pg-81276-0\" class=\"panel-grid panel-no-style\"><div id=\"pgc-81276-0-0\" class=\"panel-grid-cell\"><section class=\"hero  gradient_with_balls\" data-hero-layout=\"curved-no-image\" data-image-sizing=\"inner-no-overflow\" style=\"--hero-headline-size-multiplier: 1;position: relative;--hero-text-color: #312E81;\" data-side-type=\"image\">\n\n            <div class=\"hero-bg gradient_with_balls\" style=\"--gradient-start-color: #0A0A4D;--gradient-end-color: #563AC9;--gradient-angle: -180deg;background: none; overflow: visible;\">\n            \n                            <style>\n                    .floating-balls-wrapper {\n                        position: absolute;\n                        inset: 0;\n                        width: 100%;\n                        height: 180vh;\n                        pointer-events: none;\n                        overflow: hidden;\n                        z-index: -1;\n                    }\n\n                    .floating-balls-wrapper .ball {\n                        position: absolute;\n                        border-radius: 50%;\n                        backface-visibility: hidden;\n                        list-style: none;\n                        background: linear-gradient(to bottom left, rgba(224,231,255, 0.3), rgba(196,181,253, 0.3));\n                        filter: blur(2px);\n                    }\n\n                <\/style>\n                <div style=\"position: absolute;left: 0;top: -3.9rem;width: 100%;height: 120vh;z-index: -1;\">\n                    <div style=\"position: absolute;left: 0;top: 0;width: 100%;height: 100%;background-image: radial-gradient(circle at 40% 0%, #5439C53C 0%, transparent 50%), radial-gradient(circle at 0% 120%, #5439C53C 0%, transparent 50%), radial-gradient(circle at 100% 100%, #C4B5FDAA 0%, transparent 50%);mask-image: linear-gradient(180deg, white 90%, transparent 100%);\">\n                        <ul class=\"floating-balls-wrapper\"><\/ul>\n                    <\/div>\n                <\/div>\n                    <\/div>\n    \n\n    \n\n    <div class=\"inner-content\">\n        <div class=\"hero-main\">\n\n            \n            <h1>M\u016bs\u0173 <span style=\"color:#A78BFA\">Augimo herojai<\/span> kuria savo s\u0117km\u0119!<\/h1>\n\n            \n                            <div class=\"hero-subcontent\" data-margin=\"true\">\n                    <div class=\"hero-content \">\n                        <p>Kasdien \u0161imtai vartotoj\u0173 leid\u017eiasi \u012f bendr\u0105 misij\u0105 pasiekti paie\u0161kos rezultat\u0173 vir\u0161\u016bn\u0119! \u010cia atrask \u012fkvepian\u010dias kai kuri\u0173 m\u016bs\u0173 Augimo heroj\u0173 keliones ir su\u017einok, kaip jie prad\u0117jo savo keli\u0105 \u012f s\u0117km\u0119.<\/p>\n                    <\/div>\n\n                    \n                    \n\n                    \n                                            <div class=\"hero-extra-content\">\n                                                    <\/div>\n                    \n                <\/div>\n            \n            \n        <\/div>\n\n        \n    <\/div>\n\n    <\/section>\n\n<section class=\"archive\">\n    <div class=\"inner-content\">\n                \n        <div class=\"archive-container\">\n                            <div class=\"archive-posts cards\">\n                                            <a href=\"https:\/\/morningscore.io\/lt\/case\/seo-strategy-digital-performance-agency-advenue\/\" class=\"archive-post card-shadow card-with-image\">\n                            <figure>\n                                <img decoding=\"async\" src=\"data:image\/png;base64,iVBORw0KGgoAAAANSUhEUgAAAAEAAAABCAQAAAC1HAwCAAAAC0lEQVR42mNkYAAAAAYAAjCB0C8AAAAASUVORK5CYII=\" alt=\"How a Digital Performance Agency Improved Client Retention and Saved 78% of Reporting Time\" loading=\"lazy\" data-src=\"https:\/\/morningscore.io\/wp-content\/uploads\/2025\/06\/Peter-Weikop-advenue-morningscore-customer-case-682x384.png\">\n                            <\/figure>\n                            <div class=\"card-content text small\">\n                                <span class=\"archive-post-byline\">\n                                                                        <time datetime=\"2025-06-17 09:59:02\" title=\"June 17, 2025\">\n                                        June 17, 2025                                    <\/time>\n                                <\/span>\n                                <h6 class=\"archive-post-title\">How a Digital Performance Agency Improved Client Retention and Saved 78% of Reporting Time<\/h6>\n                                <p class=\"archive-post-excerpt\">THE CHALLENGE: Explaining SEO to clients is often overly technical and hard to understand\n<\/p>\n                            <\/div>\n                        <\/a>\n                                            <a href=\"https:\/\/morningscore.io\/lt\/case\/from-100-to-1000-monthly-organic-clicks\/\" class=\"archive-post card-shadow card-with-image\">\n                            <figure>\n                                <img decoding=\"async\" src=\"data:image\/png;base64,iVBORw0KGgoAAAANSUhEUgAAAAEAAAABCAQAAAC1HAwCAAAAC0lEQVR42mNkYAAAAAYAAjCB0C8AAAAASUVORK5CYII=\" alt=\"From 100 to 1.000 monthly organic clicks\" loading=\"lazy\" data-src=\"https:\/\/morningscore.io\/wp-content\/uploads\/2025\/01\/Morningscore-karlsson-02-1-682x384.png\">\n                            <\/figure>\n                            <div class=\"card-content text small\">\n                                <span class=\"archive-post-byline\">\n                                                                        <time datetime=\"2025-01-31 09:29:26\" title=\"January 31, 2025\">\n                                        January 31, 2025                                    <\/time>\n                                <\/span>\n                                <h6 class=\"archive-post-title\">From 100 to 1.000 monthly organic clicks<\/h6>\n                                <p class=\"archive-post-excerpt\">The expensive ad budget\nCharlotte Karlsson, owner of <\/p>\n                            <\/div>\n                        <\/a>\n                                            <a href=\"https:\/\/morningscore.io\/lt\/case\/nordicbar-wild-growth-in-just-5-months\/\" class=\"archive-post card-shadow card-with-image\">\n                            <figure>\n                                <img decoding=\"async\" src=\"data:image\/png;base64,iVBORw0KGgoAAAANSUhEUgAAAAEAAAABCAQAAAC1HAwCAAAAC0lEQVR42mNkYAAAAAYAAjCB0C8AAAAASUVORK5CYII=\" alt=\"Nordicbar: Wild growth in just 5 months\" loading=\"lazy\" data-src=\"https:\/\/morningscore.io\/wp-content\/uploads\/2024\/10\/Nordicbar-case-682x384.png\">\n                            <\/figure>\n                            <div class=\"card-content text small\">\n                                <span class=\"archive-post-byline\">\n                                                                        <time datetime=\"2025-01-07 12:41:23\" title=\"January 7, 2025\">\n                                        January 7, 2025                                    <\/time>\n                                <\/span>\n                                <h6 class=\"archive-post-title\">Nordicbar: Wild growth in just 5 months<\/h6>\n                                <p class=\"archive-post-excerpt\">A successful SEO journey with Morningscore\nAfter merging their two domains, mixmeister.dk and <\/p>\n                            <\/div>\n                        <\/a>\n                                            <a href=\"https:\/\/morningscore.io\/lt\/case\/saas-seo-strategy-fenerum\/\" class=\"archive-post card-shadow card-with-image\">\n                            <figure>\n                                <img decoding=\"async\" src=\"data:image\/png;base64,iVBORw0KGgoAAAANSUhEUgAAAAEAAAABCAQAAAC1HAwCAAAAC0lEQVR42mNkYAAAAAYAAjCB0C8AAAAASUVORK5CYII=\" alt=\"How a B2B Finance SaaS Increased Traffic by 500% Without an SEO Team\" loading=\"lazy\" data-src=\"https:\/\/morningscore.io\/wp-content\/uploads\/2024\/10\/Fenerum-case-682x384.png\">\n                            <\/figure>\n                            <div class=\"card-content text small\">\n                                <span class=\"archive-post-byline\">\n                                                                        <time datetime=\"2025-01-07 12:24:55\" title=\"January 7, 2025\">\n                                        January 7, 2025                                    <\/time>\n                                <\/span>\n                                <h6 class=\"archive-post-title\">How a B2B Finance SaaS Increased Traffic by 500% Without an SEO Team<\/h6>\n                                <p class=\"archive-post-excerpt\">THE CHALLENGE: SEO? No thanks, we\u2019re busy!\nAt\u00a0Fenerum, which provides subscription<\/p>\n                            <\/div>\n                        <\/a>\n                                            <a href=\"https:\/\/morningscore.io\/lt\/case\/from-seo-maze-to-measurable-momentum\/\" class=\"archive-post card-shadow card-with-image\">\n                            <figure>\n                                <img decoding=\"async\" src=\"data:image\/png;base64,iVBORw0KGgoAAAANSUhEUgAAAAEAAAABCAQAAAC1HAwCAAAAC0lEQVR42mNkYAAAAAYAAjCB0C8AAAAASUVORK5CYII=\" alt=\"From SEO maze to measurable momentum\" loading=\"lazy\" data-src=\"https:\/\/morningscore.io\/wp-content\/uploads\/2024\/11\/Pulsure-case-682x384.png\">\n                            <\/figure>\n                            <div class=\"card-content text small\">\n                                <span class=\"archive-post-byline\">\n                                                                        <time datetime=\"2025-01-07 12:08:17\" title=\"January 7, 2025\">\n                                        January 7, 2025                                    <\/time>\n                                <\/span>\n                                <h6 class=\"archive-post-title\">From SEO maze to measurable momentum<\/h6>\n                                <p class=\"archive-post-excerpt\">\u201cWe were in the middle of an SEO maze\u201d\nPulsure.dk, with Product Manager Nico<\/p>\n                            <\/div>\n                        <\/a>\n                                            <a href=\"https:\/\/morningscore.io\/lt\/case\/nordthy-boosts-seo-efforts-with-morningscore\/\" class=\"archive-post card-shadow card-with-image\">\n                            <figure>\n                                <img decoding=\"async\" src=\"data:image\/png;base64,iVBORw0KGgoAAAANSUhEUgAAAAEAAAABCAQAAAC1HAwCAAAAC0lEQVR42mNkYAAAAAYAAjCB0C8AAAAASUVORK5CYII=\" alt=\"Nordthy boosts SEO efforts with Morningscore\" loading=\"lazy\" data-src=\"https:\/\/morningscore.io\/wp-content\/uploads\/2024\/12\/Nordthy-case-682x384.png\">\n                            <\/figure>\n                            <div class=\"card-content text small\">\n                                <span class=\"archive-post-byline\">\n                                                                        <time datetime=\"2025-01-07 11:08:07\" title=\"January 7, 2025\">\n                                        January 7, 2025                                    <\/time>\n                                <\/span>\n                                <h6 class=\"archive-post-title\">Nordthy boosts SEO efforts with Morningscore<\/h6>\n                                <p class=\"archive-post-excerpt\">Nordthy strengthens its SEO journey with Morningscore\nJane Munkholm Kristensen, e-commerce manager at Nordthy<\/p>\n                            <\/div>\n                        <\/a>\n                                    <\/div>\n                \n                                    <div class=\"pagination\">\n                                                \n                                                                                    <span class=\"pagination-current\" aria-current=\"page\" aria-label=\"Page 1, current page\">\n                                    1                                <\/span>\n                                                                                                                <a href=\"https:\/\/morningscore.io\/lt\/wp-json\/wp\/v2\/pages\/81276\/page\/2\/\" aria-label=\"Page 2\">\n                                    2                                <\/a>\n                                                                                                                <a href=\"https:\/\/morningscore.io\/lt\/wp-json\/wp\/v2\/pages\/81276\/page\/3\/\" aria-label=\"Page 3\">\n                                    3                                <\/a>\n                                                                                                                <a href=\"https:\/\/morningscore.io\/lt\/wp-json\/wp\/v2\/pages\/81276\/page\/4\/\" aria-label=\"Page 4\">\n                                    4                                <\/a>\n                                                                            \n                                                    <a href=\"https:\/\/morningscore.io\/lt\/wp-json\/wp\/v2\/pages\/81276\/page\/2\/\" class=\"pagination-next\" rel=\"next\" aria-label=\"Next page\">\n                                Next                            <\/a>\n                                            <\/div>\n                                    <\/div>\n    <\/div>\n<\/section>\n<\/div><\/div><\/div><noscript><img decoding=\"async\" src=\"https:\/\/morningscore.io\/wp-content\/uploads\/2025\/06\/Peter-Weikop-advenue-morningscore-customer-case-682x384.png\" alt=\"How a Digital Performance Agency Improved Client Retention and Saved 78% of Reporting Time\" loading=\"lazy\" data-src=\"https:\/\/morningscore.io\/wp-content\/uploads\/2025\/06\/Peter-Weikop-advenue-morningscore-customer-case-682x384.png\"><\/noscript><noscript><img decoding=\"async\" src=\"https:\/\/morningscore.io\/wp-content\/uploads\/2025\/01\/Morningscore-karlsson-02-1-682x384.png\" alt=\"From 100 to 1.000 monthly organic clicks\" loading=\"lazy\" data-src=\"https:\/\/morningscore.io\/wp-content\/uploads\/2025\/01\/Morningscore-karlsson-02-1-682x384.png\"><\/noscript><noscript><img decoding=\"async\" src=\"https:\/\/morningscore.io\/wp-content\/uploads\/2024\/10\/Nordicbar-case-682x384.png\" alt=\"Nordicbar: Wild growth in just 5 months\" loading=\"lazy\" data-src=\"https:\/\/morningscore.io\/wp-content\/uploads\/2024\/10\/Nordicbar-case-682x384.png\"><\/noscript><noscript><img decoding=\"async\" src=\"https:\/\/morningscore.io\/wp-content\/uploads\/2024\/10\/Fenerum-case-682x384.png\" alt=\"How a B2B Finance SaaS Increased Traffic by 500% Without an SEO Team\" loading=\"lazy\" data-src=\"https:\/\/morningscore.io\/wp-content\/uploads\/2024\/10\/Fenerum-case-682x384.png\"><\/noscript><noscript><img decoding=\"async\" src=\"https:\/\/morningscore.io\/wp-content\/uploads\/2024\/11\/Pulsure-case-682x384.png\" alt=\"From SEO maze to measurable momentum\" loading=\"lazy\" data-src=\"https:\/\/morningscore.io\/wp-content\/uploads\/2024\/11\/Pulsure-case-682x384.png\"><\/noscript><noscript><img decoding=\"async\" src=\"https:\/\/morningscore.io\/wp-content\/uploads\/2024\/12\/Nordthy-case-682x384.png\" alt=\"Nordthy boosts SEO efforts with Morningscore\" loading=\"lazy\" data-src=\"https:\/\/morningscore.io\/wp-content\/uploads\/2024\/12\/Nordthy-case-682x384.png\"><\/noscript>","protected":false},"excerpt":{"rendered":"<p>M\u016bs\u0173 Augimo herojai kuria savo s\u0117km\u0119! Kasdien \u0161imtai vartotoj\u0173 leid\u017eiasi \u012f bendr\u0105 misij\u0105 pasiekti paie\u0161kos rezultat\u0173 vir\u0161\u016bn\u0119! \u010cia atrask \u012fkvepian\u010dias kai kuri\u0173 m\u016bs\u0173 Augimo heroj\u0173 keliones ir su\u017einok, kaip jie prad\u0117jo savo keli\u0105 \u012f s\u0117km\u0119. June 17, 2025 How a Digital Performance Agency Improved Client Retention and Saved 78% of Reporting Time THE CHALLENGE: Explaining [&hellip;]<\/p>\n","protected":false},"author":11,"featured_media":0,"parent":0,"menu_order":22,"comment_status":"closed","ping_status":"closed","template":"","meta":{"_acf_changed":false,"inline_featured_image":false,"footnotes":""},"class_list":["post-81276","page","type-page","status-publish","hentry"],"acf":[],"_links":{"self":[{"href":"https:\/\/morningscore.io\/lt\/wp-json\/wp\/v2\/pages\/81276","targetHints":{"allow":["GET"]}}],"collection":[{"href":"https:\/\/morningscore.io\/lt\/wp-json\/wp\/v2\/pages"}],"about":[{"href":"https:\/\/morningscore.io\/lt\/wp-json\/wp\/v2\/types\/page"}],"author":[{"embeddable":true,"href":"https:\/\/morningscore.io\/lt\/wp-json\/wp\/v2\/users\/11"}],"replies":[{"embeddable":true,"href":"https:\/\/morningscore.io\/lt\/wp-json\/wp\/v2\/comments?post=81276"}],"version-history":[{"count":2,"href":"https:\/\/morningscore.io\/lt\/wp-json\/wp\/v2\/pages\/81276\/revisions"}],"predecessor-version":[{"id":81344,"href":"https:\/\/morningscore.io\/lt\/wp-json\/wp\/v2\/pages\/81276\/revisions\/81344"}],"wp:attachment":[{"href":"https:\/\/morningscore.io\/lt\/wp-json\/wp\/v2\/media?parent=81276"}],"curies":[{"name":"wp","href":"https:\/\/api.w.org\/{rel}","templated":true}]}}