{"id":81273,"date":"2026-04-10T09:40:21","date_gmt":"2026-04-10T09:40:21","guid":{"rendered":"https:\/\/morningscore.io\/?page_id=81273"},"modified":"2026-04-10T09:40:21","modified_gmt":"2026-04-10T09:40:21","slug":"terminai","status":"publish","type":"page","link":"https:\/\/morningscore.io\/lt\/terminai\/","title":{"rendered":"Taisykl\u0117s ir s\u0105lygos"},"content":{"rendered":"<p><span style=\"font-weight: 400;\">\u0160ios taisykl\u0117s ir s\u0105lygos sudaro privalom\u0105 susitarim\u0105 d\u0117l m\u016bs\u0173 produkt\u0173 ir paslaug\u0173 (\u201ePaslauga\u201c) naudojimo. Paslaug\u0105 teikia \u201eMorningscore Aps\u201c (\u201eMorningscore\u201c, \u201emes\u201c, \u201emus\u201c arba \u201em\u016bs\u0173\u201c), \u012fsik\u016brusi adresu St\u00e6rmoseg\u00e5rdsvej 8, st., 5230 Odense M, Danija. Naudodamasis m\u016bs\u0173 Paslauga, sutinki su \u0161iomis s\u0105lygomis. Patariame jas atid\u017eiai perskaityti.<\/span><\/p>\n<p>Informacij\u0105 apie tai, kaip tvarkome asmens duomenis, rasi m\u016bs\u0173 <a href=\"https:\/\/morningscore.io\/lt\/privatumo-politika\/\">Privatumo politikoje<\/a> ir <a href=\"https:\/\/morningscore.io\/lt\/duomenu-tvarkymo-sutartis-dpa\/\">Duomen\u0173 tvarkymo sutartyje<\/a>.<\/p>\n<p>\u00a0<\/p>\n<h3><span style=\"font-weight: 400;\">PRIEIGA PRIE PASLAUGOS IR JOS NAUDOJIMAS<\/span><\/h3>\n<p><span style=\"font-weight: 400;\">Prieiga prie m\u016bs\u0173 Paslaugos ir jos naudojimas nesuteikia tau joki\u0173 intelektin\u0117s nuosavyb\u0117s teisi\u0173 \u012f m\u016bs\u0173 Paslaug\u0105 ar turin\u012f, prie kurio gauni prieig\u0105.<\/span><\/p>\n<p><span style=\"font-weight: 400;\">M\u016bs\u0173 Paslaugoje rodomas tam tikras turinys, kuris nepriklauso \u201eMorningscore\u201c. U\u017e \u0161\u012f turin\u012f atsako tik j\u012f pateikiantis subjektas. Mes galime per\u017ei\u016br\u0117ti turin\u012f, kad nustatytume, ar jis n\u0117ra neteis\u0117tas arba nepa\u017eeid\u017eia m\u016bs\u0173 politikos, ir galime pa\u0161alinti arba atsisakyti rodyti turin\u012f, kuris, m\u016bs\u0173 pagr\u012fsta nuomone, pa\u017eeid\u017eia m\u016bs\u0173 politik\u0105 ar \u012fstatymus.<\/span><\/p>\n<p>\u00a0<\/p>\n<h3><span style=\"font-weight: 400;\">PASLAUGOS APRA\u0160YMAS<\/span><\/h3>\n<p><span style=\"font-weight: 400;\">\u201eMorningscore\u201c suteikia tau prieig\u0105 prie gausios i\u0161tekli\u0173 kolekcijos, \u012fskaitant, bet neapsiribojant, paie\u0161kos sistem\u0173 optimizavimo \u012frankius, nuorod\u0173 analiz\u0117s \u012frankius, SEO misijas ir daug daugiau. Taip pat supranti, kad Paslauga gali apimti tam tikrus \u201eMorningscore\u201c prane\u0161imus, pvz., paslaug\u0173 prane\u0161imus ir administracinius prane\u0161imus, susijusius su Paslaugos teikimu. Jei ai\u0161kiai nenurodyta kitaip, bet kokioms naujoms funkcijoms ar \u012frankiams, kuriuos i\u0161leid\u017eiame ry\u0161ium su Paslauga, taikoma \u0161i Sutartis.<\/span><\/p>\n<p><span style=\"font-weight: 400;\">Paslauga yra internetinis produktas, kuriam reikalinga prieiga per internet\u0105 ar kit\u0105 tinklo ry\u0161\u012f. Tu esi atsakingas u\u017e reikiamo interneto ar tinklo ry\u0161io gavim\u0105, kad gal\u0117tum pasiekti \u201eMorningscore\u201c Paslaug\u0105, ir esi atsakingas u\u017e susijusius tre\u010di\u0173j\u0173 \u0161ali\u0173 mokes\u010dius (pvz., interneto paslaug\u0173 teik\u0117jo ar eterio laiko mokes\u010dius) u\u017e prisijungim\u0105 prie Paslaugos. Be to, esi atsakingas u\u017e visos \u012frangos, reikalingos prisijungti prie Paslaugos, \u012fsigijim\u0105 ir prie\u017ei\u016br\u0105. Paslaugos kokyb\u0117, kuri\u0105 patiri, gali priklausyti nuo tavo ry\u0161io ir \u012frangos. \u201eMorningscore\u201c neatsako u\u017e jokias pretenzijas ar nuostolius, atsiradusius d\u0117l tavo ry\u0161io ir \u012frangos.<\/span><\/p>\n<p>\u00a0<\/p>\n<h3><span style=\"font-weight: 400;\">PRISKYRIMO PRANE\u0160IMAS<\/span><\/h3>\n<p><span style=\"font-weight: 400;\">Pripa\u017e\u012fsti, kad visa \u201eMorningscore\u201c patentuota metrika, gauta per Paslaug\u0105, lieka \u201eMorningscore\u201c intelektine nuosavybe, ir sutinki priskirti metrik\u0105, toki\u0105 kaip, bet neapsiribojant, \u201eMorningscore\u201c metrika, \u201eLinkscore\u201c, \u201eOnsite Health Score\u201c ir \u201ePagescore\u201c, bet kokiame min\u0117tos patentuotos metrikos publikavime ar platinime.<\/span><\/p>\n<p>\u00a0<\/p>\n<h3><span style=\"font-weight: 400;\">PASKYROS PRIEIGA<\/span><\/h3>\n<p><span style=\"font-weight: 400;\">Nor\u0117damas u\u017ebaigti prenumeratos proces\u0105 ir tapti registruotu vartotoju, privalai pateikti galiojant\u012f el. pa\u0161to adres\u0105 ir bet koki\u0105 kit\u0105 pra\u0161om\u0105 informacij\u0105. Tavo prisijungimu gali naudotis tik vienas asmuo. Vienas prisijungimas, kuriuo dalijasi keli vartotojai, neleid\u017eiamas. Mes pasiliekame teis\u0119 at\u0161aukti arba sustabdyti tavo prieig\u0105 prie Paslaugos, jei tavo paskyroje pasteb\u0117sime bet koki\u0105 \u012ftartin\u0105 veikl\u0105, kuri pagr\u012fstai rodo, kad noriai ir (arba) s\u0105moningai pasidalinai savo prisijungimo duomenimis su kitu vartotoju. Tu esi atsakingas u\u017e savo paskyros ir slapta\u017eod\u017eio saugumo palaikym\u0105. \u201eMorningscore\u201c negali ir nebus atsakinga u\u017e jokius nuostolius ar \u017eal\u0105, atsiradusi\u0105 d\u0117l to, kad nesilaikei \u0161ios pareigos.<\/span><\/p>\n<p>\u00a0<\/p>\n<h3><span style=\"font-weight: 400;\">DUOMEN\u0172 TVARKYMAS<\/span><\/h3>\n<p>Kai naudoji m\u016bs\u0173 Paslaug\u0105, \u201eMorningscore\u201c veikia kaip duomen\u0173 tvarkytojas tavo vardu. M\u016bs\u0173 Duomen\u0173 tvarkymo sutartis (DPA) apra\u0161o, kaip mes tvarkome asmens duomenis pagal BDAR 28 straipsn\u012f.<\/p>\n<p>Pagrindiniai punktai:<br>\n\u2013 Visi duomenys saugomi ES (Vokietijoje)<br>\n\u2013 Gali bet kada i\u0161trinti savo paskyr\u0105 ir visus duomenis per savitarn\u0105<br>\n\u2013 Nenaudojami jokie antriniai tvarkytojai<br>\n\u2013 Visi\u0161kas BDAR atitiktis<\/p>\n<p>Skaityk m\u016bs\u0173 vis\u0105 <a href=\"https:\/\/morningscore.io\/lt\/duomenu-tvarkymo-sutartis-dpa\/\">Duomen\u0173 tvarkymo sutart\u012f \u010dia<\/a><\/p>\n<p>\u00a0<\/p>\n<h3><span style=\"font-weight: 400;\">TAVO REGISTRACIJOS \u012eSIPAREIGOJIMAI<\/span><\/h3>\n<p><span style=\"font-weight: 400;\">Kaip registruotas \u201eMorningscore\u201c paslaugos naudotojas, patvirtini, kad esi pilnametis ir gali sudaryti teisi\u0161kai \u012fpareigojan\u010di\u0105 sutart\u012f. Taip pat sutinki: (a) pateikti teising\u0105, tiksli\u0105, naujausi\u0105 ir i\u0161sami\u0105 informacij\u0105 apie save, kaip to reikalaujama paslaugos registracijos formoje (\u201eRegistracijos duomenys\u201c), ir (b) pri\u017ei\u016br\u0117ti bei nedelsiant atnaujinti Registracijos duomenis, kad jie i\u0161likt\u0173 teisingi, tiksl\u016bs, naujausi ir i\u0161sam\u016bs. Jei pateiksi bet koki\u0105 neteising\u0105, netiksli\u0105, pasenusi\u0105 ar nei\u0161sami\u0105 informacij\u0105, arba \u201eMorningscore\u201c tur\u0117s pagr\u012fst\u0173 prie\u017eas\u010di\u0173 \u012ftarti, kad tokia informacija yra neteisinga, netiksli, pasenusi ar nei\u0161sami, \u201eMorningscore\u201c turi teis\u0119 sustabdyti arba nutraukti tavo paskyros galiojim\u0105 ir atsisakyti leisti tau naudotis paslauga (ar bet kuria jos dalimi) dabar ar ateityje.<\/span><\/p>\n<p>\u00a0<\/p>\n<h3><span style=\"font-weight: 400;\">DRAUDIMAS PERPARDUOTI ARBA PLATINTI PASLAUG\u0104<\/span><\/h3>\n<p><span style=\"font-weight: 400;\">Tau leid\u017eiama naudotis paslauga \u012fmon\u0117s viduje, siekiant gauti \u012f\u017evalg\u0173 ir analiz\u0119, kad gal\u0117tum optimizuoti savo svetain\u0119 (-es) ir susijusias kampanijas.<\/span><\/p>\n<p><span style=\"font-weight: 400;\">I\u0161skyrus atvejus, kai \u201eMorningscore\u201c ai\u0161kiai tai leid\u017eia, sutinki neatgaminti, nedubliuoti, nekopijuoti, neparduoti, neprekiauti, neperparduoti, neleisti prieigos, nemodifikuoti, nekurti i\u0161vestini\u0173 k\u016brini\u0173 ir nenaudoti jokiais komerciniais tikslais jokios paslaugos dalies, paslaugos naudojimo, prieigos prie paslaugos ar kompiuterinio kodo, kuriuo veikia paslauga.<\/span><\/p>\n<p><span style=\"font-weight: 400;\">Esi atsakingas u\u017e vis\u0105 paslaugos naudojim\u0105 per savo paskyr\u0105. Esi atsakingas u\u017e savo internetin\u0117s paskyros prisijungimo duomen\u0173 konfidencialumo i\u0161saugojim\u0105.<\/span><\/p>\n<p>\u00a0<\/p>\n<h3><span style=\"font-weight: 400;\">PASLAUG\u0172 IR RINKODAROS PRANE\u0160IMAI<\/span><\/h3>\n<p><span style=\"font-weight: 400;\">Registruodamas paskyr\u0105 \u201eMorningscore\u201c (nemokam\u0105 ar mokam\u0105), duodi mums leidim\u0105 si\u0173sti el. lai\u0161kus el. pa\u0161to adresu, kur\u012f nurodei registruodamasis.<\/span><\/p>\n<p><span style=\"font-weight: 400;\">\u0160ie el. lai\u0161kai gali apimti: \u201eMorningscore\u201c \u012franki\u0173 rinkinio atnaujinimus, patarimus ir mokymus, kaip naudotis \u201eMorningscore\u201c \u012frankiais, bei sistemos prane\u0161imus.<\/span><\/p>\n<p><span style=\"font-weight: 400;\">Tau taip pat suteikiama galimyb\u0117 prenumeruoti reklaminius pasi\u016blymus. Atkreipk d\u0117mes\u012f, kad bet kada gali atsisakyti \u0161i\u0173 neprivalom\u0173 el. lai\u0161k\u0173, pasinaudoj\u0119s \u201eAtsisakyti prenumeratos\u201c nuoroda, esan\u010dia kiekvieno m\u016bs\u0173 siun\u010diamo el. lai\u0161ko apa\u010dioje.<\/span><\/p>\n<p><span style=\"font-weight: 400;\">Mes galime si\u0173sti prane\u0161imus ar el. lai\u0161kus per savo pa\u0161to paslaug\u0105 arba per tre\u010di\u0173j\u0173 \u0161ali\u0173 paslaugas.<\/span><\/p>\n<p>\u00a0<\/p>\n<h3><span style=\"font-weight: 400;\">NE\u012eGALIOTI NAUDOTOJAI<\/span><\/h3>\n<p><span style=\"font-weight: 400;\">Paskyros registracij\u0105 turi atlikti \u017emogus. Paskyros, kurias registruoja \u201ebotai\u201c ar kiti automatiniai metodai, n\u0117ra leid\u017eiamos.<\/span><\/p>\n<p>\u00a0<\/p>\n<h3><span style=\"font-weight: 400;\">NE\u012eGALIOTA PRIEIGA<\/span><\/h3>\n<p><span style=\"font-weight: 400;\">Draud\u017eiama modifikuoti, pritaikyti ar \u012fsilau\u017eti \u012f paslaug\u0105 arba modifikuoti kit\u0105 svetain\u0119 taip, kad b\u016bt\u0173 klaidingai sudarytas \u012fsp\u016bdis, jog ji susijusi su paslauga ar \u201eMorningscore\u201c. Negali atlikti objektinio kodo atvirk\u0161tin\u0117s in\u017einerijos ar pakartotinai naudoti \u0161altinio kodo, pateikto ry\u0161ium su paslauga. Tai apima bet kok\u012f ir vis\u0105 \u201eJavaScript\u201c. Kodas yra \u201eMorningscore\u201c autori\u0173 teisi\u0173 objektas. Negali perduoti joki\u0173 kirmin\u0173, virus\u0173 ar bet kokio destruktyvaus ar kenk\u0117ji\u0161ko pob\u016bd\u017eio kodo. Sutinki jokiu b\u016bdu ar forma nemodifikuoti jokio kodo, pateikto ry\u0161ium su paslauga, ir nenaudoti modifikuot\u0173 tokio kodo versij\u0173, \u012fskaitant (bet neapsiribojant) siekiant gauti ne\u012fgaliot\u0105 prieig\u0105 prie paslaugos. Sutinki nebandyti pasiekti paslaugos jokiais kitais b\u016bdais, i\u0161skyrus per s\u0105saj\u0105, kuri\u0105 \u201eMorningscore\u201c pateikia naudoti pasiekiant paslaug\u0105. Visi nenat\u016bral\u016bs b\u016bdai ar neteis\u0117ti bandymai pasiekti m\u016bs\u0173 paslaug\u0105, svetain\u0119, server\u012f ar duomen\u0173 baz\u0119, \u012fskaitant bet kokius automatinius \u012frankius, tokius kaip \u201eskreperiai\u201c ar \u201ebotai\u201c, yra draud\u017eiami. Mes galime nutraukti, sustabdyti ir (arba) u\u017eblokuoti tavo prieig\u0105, jei nustatysime, kad tavo naudojimasis paslauga ar prieiga prie jos pa\u017eeid\u017eia m\u016bs\u0173 s\u0105lygas. Atsi\u017evelgiant \u012f kitus \u010dia nurodytus apribojimus, automatinius \u012frankius pasiekti m\u016bs\u0173 paslaug\u0105 gali naudoti tik per m\u016bs\u0173 teikiamas taikom\u0173j\u0173 program\u0173 s\u0105sajas (API).<\/span><\/p>\n<p><span style=\"font-weight: 400;\">Negali bandyti apeiti jokio funkcionalumo ar pasiekti svetain\u0117s funkcij\u0173 tiesiogiai naudodamas pasirinktines http (ar kitas) u\u017eklausas, bandyti manipuliuoti paslauga ar pasiekti j\u0105 tokiu b\u016bdu, kurio protingas asmuo nelaikyt\u0173 \u012fprastu leid\u017eiamu naudojimu.<\/span><\/p>\n<p><span style=\"font-weight: 400;\">Netur\u0117tum bandyti pasinaudoti jokia funkcija, kuri\u0105 protingas asmuo laikyt\u0173 akivaizd\u017eiu paslaugos ir svetain\u0117s praleidimu ar klaida.<\/span><\/p>\n<p>\u00a0<\/p>\n<h3><span style=\"font-weight: 400;\">IP ADRES\u0172 BLOKAVIMAS<\/span><\/h3>\n<p><span style=\"font-weight: 400;\">Siekdama apsaugoti paslaugos vientisum\u0105, \u201eMorningscore\u201c pasilieka teis\u0119 bet kuriuo metu savo nuo\u017ei\u016bra blokuoti registruot\u0173 naudotoj\u0173 ir prenumeratorius i\u0161 tam tikr\u0173 IP adres\u0173 prieig\u0105 prie paslaugos.<\/span><\/p>\n<p>\u00a0<\/p>\n<h3><span style=\"font-weight: 400;\">REGISTRACIJA IR PRENUMERATA<\/span><\/h3>\n<p><span style=\"font-weight: 400;\">Gali tapti registruotu paslaugos naudotoju nemokamai. Kaip registruotas naudotojas, tur\u0117si galimyb\u0119 naudotis kai kuriomis, bet ne visomis paslaugoje esan\u010diomis funkcijomis ir \u012frankiais.<\/span><\/p>\n<p><span style=\"font-weight: 400;\">Nor\u0117damas pasiekti papildomas funkcijas, \u012fskaitant galimyb\u0119 naudotis daugeliu m\u016bs\u0173 \u012franki\u0173, turi tapti paslaugos prenumeratoriumi.<\/span><\/p>\n<p><span style=\"font-weight: 400;\">Priklausomai nuo pasirinkto prenumeratos plano, tur\u0117si teis\u0119 \u012f skirting\u0105 funkcij\u0173 skai\u010di\u0173 ir (arba) skirtingus limitus.<\/span><\/p>\n<p>\u00a0<\/p>\n<h3><span style=\"font-weight: 400;\">\u012eSIPAREIGOJIMO LAIKOTARPIS IR PRANE\u0160IMAS APIE NUTRAUKIM\u0104<\/span><\/h3>\n<p><span style=\"font-weight: 400;\">Prenumeratos yra privalomos pasirinktam laikotarpiui (vienam m\u0117nesiui arba vieniems metams) ir yra automati\u0161kai atnaujinamos atitinkamam \u012fsipareigojimo laikotarpiui, nebent buvo sudarytas individualus susitarimas. Individuali\u0173 susitarim\u0173 atveju prenumerata atnaujinama vien\u0173 met\u0173 \u012fsipareigojimo laikotarpiui.<\/span><\/p>\n<p>At\u0161aukti galima prie\u0161 i\u0161ra\u0161ant s\u0105skait\u0105 u\u017e nauj\u0105 prenumeratos laikotarp\u012f. Prenumerat\u0105 gali at\u0161aukti pats per nustatym\u0173 meniu \u201eMorningscore\u201c arba susisiek\u0119s su klient\u0173 aptarnavimo skyriumi per pokalb\u012f ar el. pa\u0161tu mail@morningscore.io.<\/p>\n<p>\u00a0<\/p>\n<h3><span style=\"font-weight: 400;\">AUTOMATINIS NUSKAITYMAS NUO TAVO MOK\u0116JIMO KORTEL\u0116S<\/span><\/h3>\n<p><span style=\"font-weight: 400;\">Jei gauni nauj\u0105 kortel\u0119, atnaujink savo kortel\u0117s duomenis. Tai gali padaryti prenumeratos nustatymuose. Arba gali susisiekti su klient\u0173 aptarnavimo skyriumi per m\u016bs\u0173 pokalb\u012f ar el. pa\u0161tu mail@morningscore.io.<\/span><\/p>\n<p>Gali bet kada at\u0161aukti savo sutikim\u0105 mums nuskaityti l\u0117\u0161as nuo tavo kortel\u0117s.<\/p>\n<p>Taip pat gali pateikti skund\u0105 savo kortel\u0117s teik\u0117jui (paprastai savo bankui), jei pastebi, kad buvo atliktas neteis\u0117tas nuskaitymas. Privalai pateikti gin\u010d\u0105 kuo grei\u010diau ir ne v\u0117liau kaip per 8 savaites po mok\u0117jimo, nebent susitarta kitaip.<\/p>\n<h3><span style=\"font-weight: 400;\">PINIG\u0172 GR\u0104\u017dINIMO POLITIKA<\/span><\/h3>\n<p><span style=\"font-weight: 400;\">Nebent to reikalauja \u012fstatymai, \u201eMorningscore\u201c neprivalo tau gr\u0105\u017einti pinig\u0173 bet kuriuo metu. Bet kokia u\u017e prenumerat\u0105 sumok\u0117ta suma (arba jos atitikmuo tavo vietine valiuta) yra grie\u017etai negr\u0105\u017einama. D\u0117l m\u0117nesin\u0117s prenumeratos gali pra\u0161yti gr\u0105\u017einti pinigus po to, kai buvo atliktas mok\u0117jimas u\u017e nenaudojim\u0105, ta\u010diau atkreipk d\u0117mes\u012f, kad mes pasiliekame teis\u0119 atmesti tavo pra\u0161ym\u0105 gr\u0105\u017einti pinigus, jei tavo paskyroje pasteb\u0117sime bet koki\u0105 reik\u0161ming\u0105 veikl\u0105.<\/span><\/p>\n<p>\u00a0<\/p>\n<h3><span style=\"font-weight: 400;\">PASLAUGOS AT\u0160AUKIMAS<\/span><\/h3>\n<p><span style=\"font-weight: 400;\">\u201eMorningscore\u201c pasilieka teis\u0119 viena\u0161ali\u0161kai at\u0161aukti paslaug\u0105 \u0161iomis aplinkyb\u0117mis:<\/span><\/p>\n<ul>\n<li style=\"font-weight: 400;\" aria-level=\"1\"><span style=\"font-weight: 400;\">Tu pa\u017eeidi bet kuri\u0105 i\u0161 \u0161i\u0173 s\u0105lyg\u0173;<\/span><\/li>\n<li style=\"font-weight: 400;\" aria-level=\"1\"><span style=\"font-weight: 400;\">Mes aptinkame ne\u012fprastus naudojimo modelius, susijusius su Paslauga;<\/span><\/li>\n<li style=\"font-weight: 400;\" aria-level=\"1\"><span style=\"font-weight: 400;\">Tu bandai padaryti \u017eal\u0105 ar pakenkti m\u016bs\u0173 reputacijai, darbui ar Paslaugai;<\/span><\/li>\n<li style=\"font-weight: 400;\" aria-level=\"1\"><span style=\"font-weight: 400;\">Reaguojant \u012f teis\u0117saugos ar kit\u0173 vie\u0161\u0173j\u0173 agent\u016br\u0173 pra\u0161ymus.<\/span><\/li>\n<\/ul>\n<p>\u00a0<\/p>\n<h3><span style=\"font-weight: 400;\">PASLAUGOS PAKEITIMAI<\/span><\/h3>\n<p><span style=\"font-weight: 400;\">Mes nuolat kei\u010diame ir tobuliname savo Paslaug\u0105. Galime prid\u0117ti arba pa\u0161alinti funkcijas ar ypatybes, ir galime sustabdyti arba visi\u0161kai nutraukti Paslaug\u0105. Gali bet kada nustoti naudotis m\u016bs\u0173 Paslauga, nors mums bus gaila, kad i\u0161eini. \u201eMorningscore\u201c taip pat gali bet kada nustoti teikti tau Paslaug\u0105, arba prid\u0117ti ar sukurti naujus apribojimus m\u016bs\u0173 Paslaugai.<\/span><\/p>\n<p><span style=\"font-weight: 400;\">Tu sutinki, kad \u201eMorningscore\u201c nebus atsakinga tau ar jokiai tre\u010diajai \u0161aliai u\u017e bet kok\u012f Paslaugos pakeitim\u0105, sustabdym\u0105 ar nutraukim\u0105.<\/span><\/p>\n<p>\u00a0<\/p>\n<h3><span style=\"font-weight: 400;\">DUOMEN\u0172 RINKIMAS IR NAUDOJIMAS<\/span><\/h3>\n<p><span style=\"font-weight: 400;\">Tu supranti ir sutinki, kad \u201eMorningscore\u201c gali anonimizuoti ir apibendrinti bet kokius duomenis, kuriais daliniesi su Paslauga, \u012fskaitant duomenis, susijusius su tavo \u201eGoogle Analytics\u201c ir \u201eGoogle Search Console\u201c paskyromis, ir naudoti juos neidentifikuojant tav\u0119s Paslaugos tobulinimo tikslais.<\/span><\/p>\n<p>\u00a0<\/p>\n<h3><span style=\"font-weight: 400;\">I\u0160ORIN\u0116S NUORODOS<\/span><\/h3>\n<p><span style=\"font-weight: 400;\">Paslauga gali pateikti nuorodas \u012f kitas pasaulinio \u017einiatinklio svetaines ar i\u0161teklius. Kadangi \u201eMorningscore\u201c nekontroliuoja toki\u0173 svetaini\u0173 ar i\u0161tekli\u0173, tu pripa\u017e\u012fsti ir sutinki, kad \u201eMorningscore\u201c n\u0117ra atsakinga u\u017e toki\u0173 i\u0161orini\u0173 svetaini\u0173 ar i\u0161tekli\u0173 prieinamum\u0105, nepatvirtina min\u0117t\u0173 svetaini\u0173 \/ i\u0161tekli\u0173 ir n\u0117ra atsakinga u\u017e jok\u012f turin\u012f, reklam\u0105 ar kit\u0105 med\u017eiag\u0105, esan\u010di\u0105 ar prieinam\u0105 i\u0161 toki\u0173 svetaini\u0173 ar i\u0161tekli\u0173. Tu taip pat pripa\u017e\u012fsti ir sutinki, kad \u201eMorningscore\u201c nebus atsakinga, tiesiogiai ar netiesiogiai, u\u017e joki\u0105 \u017eal\u0105 ar nuostolius, atsiradusius ar tariamai atsiradusius d\u0117l bet kokio tokio turinio, preki\u0173 ar paslaug\u0173, prieinam\u0173 tokioje svetain\u0117je ar i\u0161tekliuje, naudojimo ar pasikliovimo jais.<\/span><\/p>\n<p>\u00a0<\/p>\n<h3><span style=\"font-weight: 400;\">ATSAKOMYB\u0116 U\u017d M\u016aS\u0172 PASLAUG\u0104<\/span><\/h3>\n<p><span style=\"font-weight: 400;\">Paslauga ir visa joje pateikta informacija teikiama tokia, \u201ekokia yra\u201c ir \u201ekokia prieinama\u201c, be jokios garantijos.<\/span><\/p>\n<p>Tiek, kiek leid\u017eia \u012fstatymai, <span style=\"font-weight: 400;\">\u201eMorningscore\u201c nebus atsakinga u\u017e prarast\u0105 peln\u0105, pajamas ar duomenis, finansinius nuostolius ar netiesiogin\u0119, speciali\u0105j\u0105, pasekmin\u0119, pavyzdin\u0119 ar baud\u017eiam\u0105j\u0105 \u017eal\u0105.<\/span><\/p>\n<p><span style=\"font-weight: 400;\">Tiek, kiek leid\u017eia \u012fstatymai, bendra \u201eMorningscore\u201c atsakomyb\u0117 u\u017e bet kokias pretenzijas pagal \u0161ias s\u0105lygas, \u012fskaitant bet kokias numanomas garantijas, apsiriboja suma, kuri\u0105 sumok\u0117jai mums u\u017e naudojim\u0105si paslauga per 12 m\u0117nesi\u0173 iki pretenzijos pateikimo (arba, jei mes pasirinksime, paslaugos tau suteikimu i\u0161 naujo).<\/span><\/p>\n<p>Tiek, kiek leid\u017eia \u012fstatymai, \u201eMorningscore\u201c neatsako u\u017e jokius nuostolius ar \u017eal\u0105, kuri\u0173 nebuvo galima pagr\u012fstai numatyti.<\/p>\n<h3><\/h3>\n<h3><span style=\"font-weight: 400;\">APIE \u0160IAS S\u0104LYGAS IR NUOSTATAS<\/span><\/h3>\n<p><span style=\"font-weight: 400;\">Mes galime pakeisti \u0161ias s\u0105lygas ar bet kokias papildomas s\u0105lygas, taikomas Paslaugai, pavyzd\u017eiui, siekdami atspind\u0117ti \u012fstatym\u0173 ar m\u016bs\u0173 Paslaugos pakeitimus. Tu tur\u0117tum reguliariai per\u017ei\u016br\u0117k m\u016bs\u0173 s\u0105lyg\u0173 internetin\u0119 versij\u0105. Prane\u0161imus apie \u0161i\u0173 s\u0105lyg\u0173 pakeitimus skelbsime \u0161iame puslapyje. Pakeitimai nebus taikomi atgaline data ir \u012fsigalios ne anks\u010diau kaip po septyni\u0173 dien\u0173 nuo j\u0173 paskelbimo. Ta\u010diau pakeitimai, susij\u0119 su naujomis Paslaugos funkcijomis, arba pakeitimai, padaryti d\u0117l teisini\u0173 prie\u017eas\u010di\u0173, \u012fsigalios nedelsiant. Jei nesutinki su pakeistomis Paslaugos s\u0105lygomis, tur\u0117tum nutraukti m\u016bs\u0173 Paslaugos naudojim\u0105.<\/span><\/p>\n<p><span style=\"font-weight: 400;\">\u0160ios s\u0105lygos reglamentuoja santykius tarp \u201eMorningscore\u201c ir tav\u0119s. Jos nesukuria joki\u0173 tre\u010di\u0173j\u0173 \u0161ali\u0173 naudos gav\u0117j\u0173 teisi\u0173.<\/span><\/p>\n<p><span style=\"font-weight: 400;\">Jei nesilaikysi \u0161i\u0173 s\u0105lyg\u0173, o mes nesiimsime veiksm\u0173 i\u0161 karto, tai nerei\u0161kia, kad atsisakome koki\u0173 nors savo teisi\u0173, pavyzd\u017eiui, imtis veiksm\u0173 ateityje.<\/span><\/p>\n<p><span style=\"font-weight: 400;\">Jei kuri nors i\u0161 \u0161i\u0173 s\u0105lyg\u0173 pripa\u017e\u012fstama negaliojan\u010dia, ne\u012fgyvendinama ar niekine, kitos s\u0105lygos lieka galioti, yra \u012fgyvendinamos ir joms tai neturi \u012ftakos.<\/span><\/p>\n<p><span style=\"font-weight: 400;\">\u0160i\u0173 s\u0105lyg\u0173 skyri\u0173 pavadinimai yra tik d\u0117l patogumo ir neturi jokios teisin\u0117s ar sutartin\u0117s galios.<\/span><\/p>\n<p>\u00a0<\/p>\n","protected":false},"excerpt":{"rendered":"<p>\u0160ios taisykl\u0117s ir s\u0105lygos sudaro privalom\u0105 susitarim\u0105 d\u0117l m\u016bs\u0173 produkt\u0173 ir paslaug\u0173 (\u201ePaslauga\u201c) naudojimo. Paslaug\u0105 teikia \u201eMorningscore Aps\u201c (\u201eMorningscore\u201c, \u201emes\u201c, \u201emus\u201c arba \u201em\u016bs\u0173\u201c), \u012fsik\u016brusi adresu St\u00e6rmoseg\u00e5rdsvej 8, st., 5230 Odense M, Danija. Naudodamasis m\u016bs\u0173 Paslauga, sutinki su \u0161iomis s\u0105lygomis. Patariame jas atid\u017eiai perskaityti. Informacij\u0105 apie tai, kaip tvarkome asmens duomenis, rasi m\u016bs\u0173 Privatumo politikoje ir [&hellip;]<\/p>\n","protected":false},"author":1,"featured_media":0,"parent":0,"menu_order":0,"comment_status":"closed","ping_status":"closed","template":"\/templates\/page-templates\/text-page.php","meta":{"_acf_changed":false,"inline_featured_image":false,"footnotes":""},"class_list":["post-81273","page","type-page","status-publish","hentry"],"acf":[],"_links":{"self":[{"href":"https:\/\/morningscore.io\/lt\/wp-json\/wp\/v2\/pages\/81273","targetHints":{"allow":["GET"]}}],"collection":[{"href":"https:\/\/morningscore.io\/lt\/wp-json\/wp\/v2\/pages"}],"about":[{"href":"https:\/\/morningscore.io\/lt\/wp-json\/wp\/v2\/types\/page"}],"author":[{"embeddable":true,"href":"https:\/\/morningscore.io\/lt\/wp-json\/wp\/v2\/users\/1"}],"replies":[{"embeddable":true,"href":"https:\/\/morningscore.io\/lt\/wp-json\/wp\/v2\/comments?post=81273"}],"version-history":[{"count":1,"href":"https:\/\/morningscore.io\/lt\/wp-json\/wp\/v2\/pages\/81273\/revisions"}],"predecessor-version":[{"id":81274,"href":"https:\/\/morningscore.io\/lt\/wp-json\/wp\/v2\/pages\/81273\/revisions\/81274"}],"wp:attachment":[{"href":"https:\/\/morningscore.io\/lt\/wp-json\/wp\/v2\/media?parent=81273"}],"curies":[{"name":"wp","href":"https:\/\/api.w.org\/{rel}","templated":true}]}}