{"id":79046,"date":"2026-04-08T15:38:03","date_gmt":"2026-04-08T15:38:03","guid":{"rendered":"https:\/\/morningscore.io\/?page_id=79046"},"modified":"2026-04-08T15:38:03","modified_gmt":"2026-04-08T15:38:03","slug":"privatumo-politika","status":"publish","type":"page","link":"https:\/\/morningscore.io\/lt\/privatumo-politika\/","title":{"rendered":"Privatumo politika"},"content":{"rendered":"<p>Paskutin\u012f kart\u0105 atnaujinta: 2025 m. lapkri\u010dio 19 d.<\/p>\n<p>\u201eMorningscore ApS\u201c (\u201e\u012emon\u0117\u201c, \u201eMorningscore\u201c arba \u201eMes\u201c) gerbia tavo privatum\u0105 ir yra \u012fsipareigojusi j\u012f saugoti laikydamasi \u0161ios politikos.<\/p>\n<p>\u201eMorningscore\u201c si\u016blo \u012fvairias paslaugas (\u201ePaslaugos\u201c), kad suteikt\u0173 verslams ir asmenims prieig\u0105 prie gausios i\u0161tekli\u0173 kolekcijos, susijusios su paie\u0161kos sistem\u0173 optimizavimu ir atvykstam\u0105ja rinkodara, \u012fskaitant, bet neapsiribojant, paie\u0161kos sistem\u0173 optimizavimo \u012frankius, nuorod\u0173 analiz\u0117s \u012frankius, taikom\u0173j\u0173 program\u0173 s\u0105sajas (\u201eAPI\u201c), svetaini\u0173 profili\u0173 paslaugas, paie\u0161kos analitik\u0105, tinklara\u0161\u010dius, vartotoj\u0173 sukurt\u0105 turin\u012f, personalizuot\u0105 turin\u012f ir pramon\u0117s apklausas bei nuomoni\u0173 tyrimus. Paslaugos apima prieig\u0105 prie svetain\u0117s adresu <a href=\"https:\/\/morningscore.io\/lt\/\" target=\"_blank\" rel=\"noopener noreferrer\">www.morningscore.io<\/a> ir bet kokios susijusios svetain\u0117s ar domeno, kur\u012f valdo \u012emon\u0117 (\u201eSvetain\u0117s\u201c).<\/p>\n<p>\u0160i privatumo politika apra\u0161o informacijos tipus, kuriuos galime rinkti i\u0161 tav\u0119s arba kuriuos gali pateikti lankydamasis m\u016bs\u0173 Svetain\u0117se ar naudodamasis m\u016bs\u0173 Paslaugomis apskritai, ir m\u016bs\u0173 praktik\u0105 renkant, naudojant, pri\u017ei\u016brint, saugant ir atskleid\u017eiant t\u0105 informacij\u0105.<\/p>\n<p><strong><b>\u0160i politika taikoma informacijai, kuri\u0105 renkame:<\/b><\/strong><\/p>\n<ul>\n<li>Svetain\u0117se.<\/li>\n<li>El. lai\u0161kuose, tekstiniuose ir kituose elektroniniuose prane\u0161imuose tarp tav\u0119s ir Svetaini\u0173.<\/li>\n<\/ul>\n<p>Atid\u017eiai perskaityk \u0161i\u0105 politik\u0105, kad suprastum m\u016bs\u0173 politik\u0105 ir praktik\u0105, susijusi\u0105 su tavo informacija ir kaip mes su ja elgsim\u0117s. Jei nesutinki su m\u016bs\u0173 politika ir praktika, tavo vienintel\u0117 i\u0161eitis yra nesinaudoti m\u016bs\u0173 Svetain\u0117mis ar Paslaugomis. Prisijungdamas prie Svetaini\u0173 ar Paslaug\u0173 arba jomis naudodamasis, sutinki su \u0161ia privatumo politika.<\/p>\n<p>\u0160i politika gali b\u016bti kartais kei\u010diama. Tavo tolesnis naudojimasis \u0161iomis Svetain\u0117mis ar Paslaugomis po to, kai padarome pakeitimus, laikomas t\u0173 pakeitim\u0173 pri\u0117mimu, tod\u0117l pra\u0161ome periodi\u0161kai tikrinti politik\u0105 d\u0117l atnaujinim\u0173.<\/p>\n<p><strong><b>Informacija, kuri\u0105 renkame apie tave, ir kaip j\u0105 renkame<\/b><\/strong><\/p>\n<p><strong><b>Mes renkame keli\u0173 tip\u0173 informacij\u0105 i\u0161 m\u016bs\u0173 Svetaini\u0173 ir Paslaug\u0173 vartotoj\u0173 ir apie juos, \u012fskaitant informacij\u0105:<\/b><\/strong><\/p>\n<ul>\n<li>pagal kuri\u0105 tave galima asmeni\u0161kai identifikuoti, pvz., vard\u0105, pa\u0161to adres\u0105, el. pa\u0161to adres\u0105 ar telefono numer\u012f (\u201easmenin\u0117 informacija\u201c);<\/li>\n<li>kuri yra apie tave, bet atskirai tav\u0119s neidentifikuoja, pvz., tavo \u012fmon\u0117s pavadinimas ir pareigos; ir (arba)<\/li>\n<li>apie tavo interneto ry\u0161\u012f, \u012frang\u0105, kuri\u0105 naudoji prisijungdamas prie m\u016bs\u0173 Svetaini\u0173, ir naudojimo detales.<\/li>\n<\/ul>\n<p><strong><b>Mes renkame \u0161i\u0105 informacij\u0105:<\/b><\/strong><\/p>\n<ul>\n<li>Tiesiogiai i\u0161 tav\u0119s, kai j\u0105 mums pateiki.<\/li>\n<li>Automati\u0161kai, kai nar\u0161ai svetain\u0117je. Automati\u0161kai renkama informacija gali apimti naudojimo detales, el. pa\u0161to adres\u0105, IP adresus ir informacij\u0105, surinkt\u0105 per slapukus ir kitas steb\u0117jimo technologijas.<\/li>\n<li>I\u0161 tre\u010di\u0173j\u0173 \u0161ali\u0173, pavyzd\u017eiui, m\u016bs\u0173 verslo partneri\u0173 ir tre\u010di\u0173j\u0173 \u0161ali\u0173 paslaug\u0173 teik\u0117j\u0173, su kuriais tu \u012fgaliojai mus rinkti duomenis.<\/li>\n<li>Finansiniai duomenys renkami per \u201eStripe\u201c ir dalijamasi su Danijos SaaS analitikos \u012frankiu <a href=\"https:\/\/growpanel.io\/\" target=\"_blank\" rel=\"noopener\">GrowPanel<\/a> analizei.<\/li>\n<\/ul>\n<p><strong>Tiesioginis pokalbis per \u201eCrisp\u201c<\/strong><\/p>\n<p>Mes naudojame \u201eCrisp\u201c, tiesiogini\u0173 pokalbi\u0173 platform\u0105, kuri\u0105 teikia \u201eCrisp IM SARL\u201c (Pranc\u016bzija), kad leistume tau tiesiogiai bendrauti su mumis per m\u016bs\u0173 svetain\u0119. Naudojant pokalb\u012f, gali b\u016bti tvarkomi tokie duomenys kaip tavo IP adresas, nar\u0161ykl\u0117s tipas ir bet kokia informacija, kuri\u0105 savanori\u0161kai pateiki (pvz., vardas, el. pa\u0161tas). \u0160io tvarkymo tikslas yra atsakyti \u012f tavo u\u017eklausas. Mes pasira\u0161\u0117me Duomen\u0173 tvarkymo sutart\u012f su \u201eCrisp\u201c, kad u\u017etikrintume, jog tavo duomenys tvarkomi laikantis BDAR. Daugiau apie \u201eCrisp\u201c BDAR atitikt\u012f gali paskaityti \u010dia: <a href=\"https:\/\/help.crisp.chat\/en\/article\/whats-crisp-eu-gdpr-compliance-status-nhv54c\/\" target=\"_blank\" rel=\"noopener\">https:\/\/help.crisp.chat\/en\/article\/whats-crisp-eu-gdpr-compliance-status-nhv54c\/<\/a><\/p>\n<p>\u00a0<\/p>\n<p><strong><b>Informacija, kuri\u0105 mums pateiki<\/b><\/strong><\/p>\n<p><strong><b>Informacija, kuri\u0105 renkame m\u016bs\u0173 Svetain\u0117se ar Paslaugose arba per jas, gali apimti:<\/b><\/strong><\/p>\n<ul>\n<li>Informacij\u0105, kuri\u0105 pateiki pildydamas formas m\u016bs\u0173 Svetain\u0117se. Tai apima, bet neapsiribojant, informacij\u0105, pateikt\u0105 prenumeruojant Paslaugas ir kai prane\u0161i apie problem\u0105 m\u016bs\u0173 Svetain\u0117se.<\/li>\n<li>Tavo susira\u0161in\u0117jimo (\u012fskaitant el. pa\u0161to adresus) \u012fra\u0161ai ir kopijos, jei susisieki su mumis.<\/li>\n<li>Tavo atsakymai \u012f apklausas, kurias galime papra\u0161yti u\u017epildyti tyrim\u0173 tikslais.<\/li>\n<li>I\u0161sami informacija apie operacijas, kurias atlieki per m\u016bs\u0173 Svetaines, ir apie tavo u\u017esakym\u0173 vykdym\u0105. Prie\u0161 pateikiant u\u017esakym\u0105 per m\u016bs\u0173 Svetaines, gali tekti pateikti finansin\u0119 informacij\u0105.<\/li>\n<li>Tavo paie\u0161kos u\u017eklausos Svetain\u0117se.<\/li>\n<li>Informacija, kuri\u0105 \u012fvedi \u012f m\u016bs\u0173 Svetaines apie savo rinkodaros veikl\u0105, kad gal\u0117tume tau teikti Paslaugas.<\/li>\n<\/ul>\n<p>Taip pat gali pateikti informacij\u0105, kuri bus skelbiama, rodoma ar perduodama (toliau \u2013 \u201eskelbiama\u201c) vie\u0161ose Svetaini\u0173 srityse arba perduodama kitiems Svetaini\u0173 vartotojams ar tre\u010diosioms \u0161alims (bendrai \u2013 \u201eInteraktyvus turinys\u201c). Tavo Interaktyvus turinys skelbiamas ir perduodamas kitiems tavo pa\u010dios rizika; mes negalime kontroliuoti kit\u0173 Svetaini\u0173 vartotoj\u0173, su kuriais gali nuspr\u0119sti pasidalinti savo Interaktyviu turiniu, veiksm\u0173. Tod\u0117l negalime garantuoti ir negarantuojame, kad Interaktyvaus turinio nepamatys ne\u012fgalioti asmenys.<\/p>\n<p><strong><b>Naudojimo informacija, IP adresai, slapukai ir kitos technologijos<\/b><\/strong><\/p>\n<p><strong><b>Tau nar\u0161ant ir s\u0105veikaujant su m\u016bs\u0173 Svetain\u0117mis ir Paslaugomis, galime automati\u0161kai rinkti tam tikr\u0105 informacij\u0105 apie tavo \u012frang\u0105, nar\u0161ymo veiksmus ir modelius, \u012fskaitant, bet neapsiribojant:<\/b><\/strong><\/p>\n<ul>\n<li>I\u0161sami informacija apie tavo apsilankymus m\u016bs\u0173 Svetain\u0117se, \u012fskaitant srauto duomenis, vietos duomenis, \u017eurnalus ir kitus ry\u0161io duomenis bei i\u0161teklius, kuriuos pasieki ir naudoji Svetain\u0117se.<\/li>\n<li>Informacija apie tavo kompiuter\u012f ir interneto ry\u0161\u012f, \u012fskaitant tavo IP adres\u0105, operacin\u0119 sistem\u0105 ir nar\u0161ykl\u0117s tip\u0105.<\/li>\n<\/ul>\n<p><strong><b>Informacija, kuri\u0105 renkame automati\u0161kai, yra statistiniai duomenys ir neidentifikuoja jokio asmens. Tai padeda mums tobulinti m\u016bs\u0173 Svetaines ir Paslaugas bei teikti geresnes ir labiau personalizuotas ateities paslaugas, leid\u017eiant mums atlikti tokius dalykus kaip:<\/b><\/strong><\/p>\n<ul>\n<li>\u012evertinti m\u016bs\u0173 auditorijos dyd\u012f ir naudojimo modelius.<\/li>\n<li>Saugoti informacij\u0105 apie tavo pageidavimus, leid\u017eiant mums pritaikyti m\u016bs\u0173 Svetaines pagal tavo individualius interesus.<\/li>\n<li>Atpa\u017einti tave, kai gr\u012f\u017eti \u012f m\u016bs\u0173 Svetaines.<\/li>\n<\/ul>\n<p><strong><b>Technologijos, kurias naudojame \u0161iam automatiniam duomen\u0173 rinkimui, gali apimti:<\/b><\/strong><\/p>\n<ul>\n<li><strong><b>Slapukai (arba nar\u0161ykl\u0117s slapukai).<\/b><\/strong>\u00a0Slapukas yra nedidelis failas, patalpintas tavo kompiuterio kietajame diske. Gali atsisakyti priimti nar\u0161ykl\u0117s slapukus, suaktyvindamas atitinkam\u0105 nustatym\u0105 savo nar\u0161ykl\u0117je. Ta\u010diau, jei pasirinksi \u0161\u012f nustatym\u0105, gali negal\u0117ti pasiekti tam tikr\u0173 m\u016bs\u0173 Svetaini\u0173 dali\u0173. Nebent pakoregavai savo nar\u0161ykl\u0117s nustatym\u0105 taip, kad ji atsisakyt\u0173 slapuk\u0173, m\u016bs\u0173 sistema i\u0161duos slapukus, kai nukreipsi savo nar\u0161ykl\u0119 \u012f m\u016bs\u0173 Svetaines.<\/li>\n<li><strong><b>Flash slapukai.<\/b><\/strong>\u00a0Tam tikros m\u016bs\u0173 Svetaini\u0173 funkcijos gali naudoti vietinius saugomus objektus (arba Flash slapukus), kad rinkt\u0173 ir saugot\u0173 informacij\u0105 apie tavo pageidavimus ir nar\u0161ym\u0105 \u012f, i\u0161 ir m\u016bs\u0173 Svetain\u0117se. Flash slapukai n\u0117ra valdomi tais pa\u010diais nar\u0161ykl\u0117s nustatymais, kurie naudojami nar\u0161ykl\u0117s slapukams. Nor\u0117dama gauti informacijos apie tai, kaip valdyti savo privatumo ir saugumo nustatymus Flash slapukams, \u017er. Pasirinkimai apie tai, kaip mes naudojame ir atskleid\u017eiame tavo informacij\u0105.<\/li>\n<li><strong><b>\u017diniatinklio \u0161vyturiai.<\/b><\/strong>\u00a0M\u016bs\u0173 Svetaini\u0173 puslapiuose ir m\u016bs\u0173 el. lai\u0161kuose gali b\u016bti nedideli\u0173 elektronini\u0173 fail\u0173, \u017einom\u0173 kaip \u017einiatinklio \u0161vyturiai (taip pat vadinami ai\u0161kiais gifais, pikseli\u0173 \u017eymomis ir vieno pikselio gifais), kurie leid\u017eia mums, pavyzd\u017eiui, suskai\u010diuoti vartotojus, kurie apsilank\u0117 tuose puslapiuose ar atidar\u0117 el. lai\u0161k\u0105, ir kitai susijusiai svetain\u0117s statistikai (pavyzd\u017eiui, \u012fra\u0161ant tam tikro svetain\u0117s turinio populiarum\u0105 ir tikrinant sistemos bei serverio vientisum\u0105).<\/li>\n<\/ul>\n<p>Mes nerenkame asmenin\u0117s informacijos automati\u0161kai, bet galime susieti \u0161i\u0105 informacij\u0105 su asmenine informacija apie tave, kuri\u0105 renkame i\u0161 kit\u0173 \u0161altini\u0173 arba kuri\u0105 tu mums pateiki.<\/p>\n<p><strong><b>Kaip mes naudojame tavo informacij\u0105<\/b><\/strong><\/p>\n<p><strong><b>Mes naudojame informacij\u0105, kuri\u0105 renkame apie tave arba kuri\u0105 tu mums pateiki, \u012fskaitant bet koki\u0105 asmenin\u0119 informacij\u0105:<\/b><\/strong><\/p>\n<ul>\n<li>Pateikti tau m\u016bs\u0173 Svetaines ir j\u0173 turin\u012f.<\/li>\n<li>Suteikti tau informacij\u0105, produktus ar paslaugas, kuri\u0173 i\u0161 m\u016bs\u0173 pra\u0161ai.<\/li>\n<li>\u012evykdyti bet kok\u012f kit\u0105 tiksl\u0105, kuriam j\u0105 pateiki.<\/li>\n<li>Pateikti tau prane\u0161imus apie tavo Paslaug\u0173 prenumeratas, \u012fskaitant prane\u0161imus apie galiojimo pabaig\u0105 ir atnaujinim\u0105.<\/li>\n<li>Vykdyti m\u016bs\u0173 \u012fsipareigojimus ir \u012fgyvendinti m\u016bs\u0173 teises, kylan\u010dias i\u0161 bet koki\u0173 sutar\u010di\u0173, sudaryt\u0173 tarp tav\u0119s ir m\u016bs\u0173, \u012fskaitant atsiskaitym\u0105 ir inkasavim\u0105.<\/li>\n<li>Prane\u0161ti tau apie m\u016bs\u0173 Svetaini\u0173 ar bet koki\u0173 produkt\u0173 ar paslaug\u0173, kuriuos si\u016blome ar teikiame per jas, pakeitimus.<\/li>\n<li>Bet kokiam kitam tikslui su tavo sutikimu.<\/li>\n<\/ul>\n<p>Mes niekada neparduodame tavo asmenin\u0117s informacijos ir neteikiame jos kitiems rinkodaros tikslais.<\/p>\n<p><strong><b>Tavo informacijos atskleidimas<\/b><\/strong><\/p>\n<p>Mes galime rinkti ir atskleisti anonimin\u0119 ir apibendrint\u0105 informacij\u0105 apie savo vartotojus ir prenumeratorius, taip pat kit\u0105 informacij\u0105, kuri neidentifikuoja jokio asmens, be apribojim\u0173 produkt\u0173 tyrim\u0173 tikslais, siekiant pagerinti m\u016bs\u0173 Paslaugas ir kitais komerciniais tikslais.<\/p>\n<p><strong><b>Mes galime atskleisti asmenin\u0119 informacij\u0105, kuri\u0105 renkame arba kuri\u0105 tu pateiki, kaip apra\u0161yta \u0161ioje privatumo politikoje:<\/b><\/strong><\/p>\n<ul>\n<li>M\u016bs\u0173 dukterin\u0117ms ir asocijuotoms \u012fmon\u0117ms.<\/li>\n<li>Bet kokiam kitam tikslui, kur\u012f atskleid\u017eiame, kai pateiki informacij\u0105.<\/li>\n<li>Su tavo sutikimu.<\/li>\n<\/ul>\n<p><strong><b>Mes taip pat galime atskleisti tavo asmenin\u0119 informacij\u0105:<\/b><\/strong><\/p>\n<ul>\n<li>Kad laikytum\u0117m\u0117s bet kokio teismo sprendimo, \u012fstatymo ar teisinio proceso, \u012fskaitant atsakym\u0105 \u012f bet kok\u012f vyriausyb\u0117s ar reguliavimo institucijos pra\u0161ym\u0105.<\/li>\n<li>Kad \u012fgyvendintume ar taikytume m\u016bs\u0173 Naudojimo s\u0105lygas ir kitas sutartis, \u012fskaitant atsiskaitymo ir inkasavimo tikslais.<\/li>\n<\/ul>\n<p><strong><b>Prieiga prie tavo informacijos ir jos taisymas<\/b><\/strong><\/p>\n<p>Gali per\u017ei\u016br\u0117ti ir pakeisti savo asmenin\u0119 informacij\u0105 prisijung\u0119s prie Svetaini\u0173 ir apsilank\u0119s savo paskyros profilio puslapyje.<\/p>\n<p>Taip pat gali atsi\u0173sti mums el. lai\u0161k\u0105 adresu info@morningscore.io ir papra\u0161yti prieigos prie bet kokios asmenin\u0117s informacijos, kuri\u0105 mums pateikei, j\u0105 i\u0161taisyti arba i\u0161trinti.<\/p>\n<p><strong><b>Duomen\u0173 saugumas<\/b><\/strong><\/p>\n<p>Mes \u012fgyvendinome priemones, skirtas apsaugoti tavo asmenin\u0119 informacij\u0105 nuo atsitiktinio praradimo ir nuo neteis\u0117tos prieigos, naudojimo, pakeitimo ir atskleidimo. Visa informacija, kuri\u0105 mums pateiki, saugoma m\u016bs\u0173 saugiuose serveriuose u\u017e ugniasieni\u0173. Bet kokios mok\u0117jimo operacijos bus u\u017e\u0161ifruotos naudojant SSL technologij\u0105.<\/p>\n<p>Tavo informacijos saugumas taip pat priklauso nuo tav\u0119s. Jei suteik\u0117me tau (arba jei pasirinkai) slapta\u017eod\u012f prieigai prie tam tikr\u0173 m\u016bs\u0173 Svetaini\u0173 dali\u0173, tu esi atsakingas u\u017e \u0161io slapta\u017eod\u017eio konfidencialumo i\u0161saugojim\u0105. Pra\u0161ome nesidalinti savo slapta\u017eod\u017eiu su niekuo. Raginame b\u016bti atsargiam teikiant informacij\u0105 vie\u0161ose Svetaini\u0173 vietose, pavyzd\u017eiui, prane\u0161im\u0173 lentose. Informacij\u0105, kuria daliniesi vie\u0161ose vietose, gali per\u017ei\u016br\u0117ti bet kuris Svetaini\u0173 vartotojas.<\/p>\n<p>Deja, informacijos perdavimas internetu n\u0117ra visi\u0161kai saugus. Nors mes darome visk\u0105, kad apsaugotume tavo asmenin\u0119 informacij\u0105, negalime garantuoti tavo asmenin\u0117s informacijos, perduodamos \u012f m\u016bs\u0173 Svetaines ar per m\u016bs\u0173 Paslaugas, saugumo.\u00a0<strong><b>Bet koks asmenin\u0117s informacijos perdavimas yra tavo paties rizika.\u00a0<\/b><\/strong>Mes nesame atsakingi u\u017e bet koki\u0173 privatumo nustatym\u0173 ar saugumo priemoni\u0173, esan\u010di\u0173 Svetain\u0117se ar per Paslaugas, ap\u0117jim\u0105.<\/p>\n<p><strong><b>M\u016bs\u0173 privatumo politikos pakeitimai<\/b><\/strong><\/p>\n<p>M\u016bs\u0173 politika yra skelbti bet kokius privatumo politikos pakeitimus \u0161iame puslapyje. Jei padarysime esmini\u0173 pakeitim\u0173, kaip elgiam\u0117s su savo vartotoj\u0173 asmenine informacija, prane\u0161ime tau el. pa\u0161tu \u012f pagrindin\u012f el. pa\u0161to adres\u0105, nurodyt\u0105 tavo paskyroje, ir (arba) galb\u016bt per prane\u0161im\u0105 Svetaini\u0173 pagrindiniame puslapyje. Privatumo politikos paskutinio per\u017ei\u016br\u0117jimo data nurodyta puslapio vir\u0161uje. Tu esi atsakingas u\u017e tai, kad tur\u0117tume tavo atnaujint\u0105, aktyv\u0173 ir pristatom\u0105 el. pa\u0161to adres\u0105, ir u\u017e tai, kad periodi\u0161kai lankytumeisi m\u016bs\u0173 Svetain\u0117se ir \u0161ioje privatumo politikoje, kad patikrintum, ar n\u0117ra pakeitim\u0173.<\/p>\n<p><strong><b>Kontaktin\u0117 informacija<\/b><\/strong><\/p>\n<p>Nor\u0117damas u\u017eduoti klausim\u0173 ar pakomentuoti \u0161i\u0105 privatumo politik\u0105 ir m\u016bs\u0173 privatumo praktik\u0105, susisiek su mumis adresu <a href=\"mailto:info@morningscore.io\">info@morningscore.io<\/a><\/p>\n<p>Adresas: St\u00e6rmoseg\u00e5rdsvej 8, st., 5230 Odense M, Danija<\/p>\n","protected":false},"excerpt":{"rendered":"<p>Paskutin\u012f kart\u0105 atnaujinta: 2025 m. lapkri\u010dio 19 d. \u201eMorningscore ApS\u201c (\u201e\u012emon\u0117\u201c, \u201eMorningscore\u201c arba \u201eMes\u201c) gerbia tavo privatum\u0105 ir yra \u012fsipareigojusi j\u012f saugoti laikydamasi \u0161ios politikos. \u201eMorningscore\u201c si\u016blo \u012fvairias paslaugas (\u201ePaslaugos\u201c), kad suteikt\u0173 verslams ir asmenims prieig\u0105 prie gausios i\u0161tekli\u0173 kolekcijos, susijusios su paie\u0161kos sistem\u0173 optimizavimu ir atvykstam\u0105ja rinkodara, \u012fskaitant, bet neapsiribojant, paie\u0161kos sistem\u0173 optimizavimo \u012frankius, [&hellip;]<\/p>\n","protected":false},"author":0,"featured_media":0,"parent":0,"menu_order":0,"comment_status":"closed","ping_status":"closed","template":"\/templates\/page-templates\/text-page.php","meta":{"_acf_changed":false,"inline_featured_image":false,"footnotes":""},"class_list":["post-79046","page","type-page","status-publish","hentry"],"acf":[],"_links":{"self":[{"href":"https:\/\/morningscore.io\/lt\/wp-json\/wp\/v2\/pages\/79046","targetHints":{"allow":["GET"]}}],"collection":[{"href":"https:\/\/morningscore.io\/lt\/wp-json\/wp\/v2\/pages"}],"about":[{"href":"https:\/\/morningscore.io\/lt\/wp-json\/wp\/v2\/types\/page"}],"replies":[{"embeddable":true,"href":"https:\/\/morningscore.io\/lt\/wp-json\/wp\/v2\/comments?post=79046"}],"version-history":[{"count":2,"href":"https:\/\/morningscore.io\/lt\/wp-json\/wp\/v2\/pages\/79046\/revisions"}],"predecessor-version":[{"id":81166,"href":"https:\/\/morningscore.io\/lt\/wp-json\/wp\/v2\/pages\/79046\/revisions\/81166"}],"wp:attachment":[{"href":"https:\/\/morningscore.io\/lt\/wp-json\/wp\/v2\/media?parent=79046"}],"curies":[{"name":"wp","href":"https:\/\/api.w.org\/{rel}","templated":true}]}}