{"id":79035,"date":"2026-04-08T15:36:31","date_gmt":"2026-04-08T15:36:31","guid":{"rendered":"https:\/\/morningscore.io\/?page_id=79035"},"modified":"2026-04-14T20:18:02","modified_gmt":"2026-04-14T20:18:02","slug":"blog","status":"publish","type":"page","link":"https:\/\/morningscore.io\/lt\/blog\/","title":{"rendered":"Tinklara\u0161tis &#8211; LT"},"content":{"rendered":"<div id=\"pl-79035\" class=\"panel-layout\"><div id=\"pg-79035-0\" class=\"panel-grid panel-no-style\"><div id=\"pgc-79035-0-0\" class=\"panel-grid-cell\"><section class=\"hero  gradient_with_balls\" data-hero-layout=\"curved-no-image\" data-image-sizing=\"overflow\" data-headline-is-long=\"true\" style=\"--hero-headline-size-multiplier: 1;position: relative;--hero-text-color: #312E81;\" data-side-type=\"image\">\n\n            <div class=\"hero-bg gradient_with_balls\" style=\"--gradient-start-color: #0A0A4D;--gradient-end-color: #563AC9;--gradient-angle: -180deg;background: none; overflow: visible;\">\n            \n                            <style>\n                    .floating-balls-wrapper {\n                        position: absolute;\n                        inset: 0;\n                        width: 100%;\n                        height: 180vh;\n                        pointer-events: none;\n                        overflow: hidden;\n                        z-index: -1;\n                    }\n\n                    .floating-balls-wrapper .ball {\n                        position: absolute;\n                        border-radius: 50%;\n                        backface-visibility: hidden;\n                        list-style: none;\n                        background: linear-gradient(to bottom left, rgba(224,231,255, 0.3), rgba(196,181,253, 0.3));\n                        filter: blur(2px);\n                    }\n\n                <\/style>\n                <div style=\"position: absolute;left: 0;top: -3.9rem;width: 100%;height: 120vh;z-index: -1;\">\n                    <div style=\"position: absolute;left: 0;top: 0;width: 100%;height: 100%;background-image: radial-gradient(circle at 40% 0%, #5439C53C 0%, transparent 50%), radial-gradient(circle at 0% 120%, #5439C53C 0%, transparent 50%), radial-gradient(circle at 100% 100%, #C4B5FDAA 0%, transparent 50%);mask-image: linear-gradient(180deg, white 90%, transparent 100%);\">\n                        <ul class=\"floating-balls-wrapper\"><\/ul>\n                    <\/div>\n                <\/div>\n                    <\/div>\n    \n\n    \n\n    <div class=\"inner-content\">\n        <div class=\"hero-main\">\n\n            \n            <h1><span style=\"color:73ffee\">Morningscore tinklara\u0161tis:<br><\/span> Viskas apie SEO vienoje vietoje<\/h1>\n\n            \n                            <div class=\"hero-subcontent\" data-margin=\"true\">\n                    <div class=\"hero-content \">\n                        <p>Sveiki atvyk\u0119 \u012f Morningscore tinklara\u0161\u010dio visat\u0105 \u2013 viet\u0105, kurioje dalijam\u0117s SEO \u012f\u017evalgomis, \u017einiomis ir strategijomis, pad\u0117sian\u010diomis tavo verslui pasiekti s\u0117km\u0119 internete. M\u016bs\u0173 tikslas \u2013 b\u016bti tavo SEO partneriu, o ne tik \u012frankiu, tod\u0117l \u010dia surinkome geriausius patarimus, praktinius vadovus ir naujausias SEO bei skaitmenin\u0117s rinkodaros tendencijas.<\/p>\n                    <\/div>\n\n                    \n                    \n\n                                            <div class=\"so-widget-mssub-buttons so-widget-\">\n<\/div>                    \n                                            <div class=\"hero-extra-content\">\n                                                    <\/div>\n                    \n                <\/div>\n            \n            \n        <\/div>\n\n        \n    <\/div>\n\n    <\/section>\n<\/div><\/div><div id=\"pg-79035-1\" class=\"panel-grid panel-no-style\"><div id=\"pgc-79035-1-0\" class=\"panel-grid-cell\">\n<section class=\"archive\">\n    <div class=\"inner-content\">\n                \n        <div class=\"archive-container\">\n                            <div class=\"archive-posts cards\">\n                                            <a href=\"https:\/\/morningscore.io\/lt\/padidinti-pardavimus-neisleidziant-pinigu-rinkodarai-ar-reklamai\/\" class=\"archive-post card-shadow card-with-image\">\n                            <figure>\n                                <img decoding=\"async\" src=\"data:image\/png;base64,iVBORw0KGgoAAAANSUhEUgAAAAEAAAABCAQAAAC1HAwCAAAAC0lEQVR42mNkYAAAAAYAAjCB0C8AAAAASUVORK5CYII=\" alt=\"10 strategij\u0173, kaip padidinti pardavimus nei\u0161leid\u017eiant pinig\u0173 rinkodarai ar reklamai\" loading=\"lazy\" data-src=\"https:\/\/morningscore.io\/wp-content\/uploads\/2021\/05\/increase-sales-without-spending-money-on-marketing-or-advertising-682x384.png\">\n                            <\/figure>\n                            <div class=\"card-content text small\">\n                                <span class=\"archive-post-byline\">\n                                                                            <span class=\"archive-post-category\">SEO<\/span>\n                                                                        <time datetime=\"2026-04-13 13:52:20\" title=\"April 13, 2026\">\n                                        April 13, 2026                                    <\/time>\n                                <\/span>\n                                <h6 class=\"archive-post-title\">10 strategij\u0173, kaip padidinti pardavimus nei\u0161leid\u017eiant pinig\u0173 rinkodarai ar reklamai<\/h6>\n                                <p class=\"archive-post-excerpt\">\nPagrindiniai akcentai\n\nGali padidinti pardavimus nei\u0161leisdamas pinig\u0173 rinkodarai ar reklamai, bet tai reikalauja da<\/p>\n                            <\/div>\n                        <\/a>\n                                            <a href=\"https:\/\/morningscore.io\/lt\/ar-tiksliniu-raktiniu-zodziu-keitimas-neigiamai-veikia-jusu-seo\/\" class=\"archive-post card-shadow card-with-image\">\n                            <figure>\n                                <img decoding=\"async\" src=\"data:image\/png;base64,iVBORw0KGgoAAAANSUhEUgAAAAEAAAABCAQAAAC1HAwCAAAAC0lEQVR42mNkYAAAAAYAAjCB0C8AAAAASUVORK5CYII=\" alt=\"Ar tikslini\u0173 raktini\u0173 \u017eod\u017ei\u0173 keitimas neigiamai paveikia j\u016bs\u0173 SEO?\" loading=\"lazy\" data-src=\"https:\/\/morningscore.io\/wp-content\/uploads\/2021\/01\/does-changing-target-keywords-negatively-affect-your-seo-682x384.png\">\n                            <\/figure>\n                            <div class=\"card-content text small\">\n                                <span class=\"archive-post-byline\">\n                                                                            <span class=\"archive-post-category\">SEO<\/span>\n                                                                        <time datetime=\"2026-04-13 13:52:15\" title=\"April 13, 2026\">\n                                        April 13, 2026                                    <\/time>\n                                <\/span>\n                                <h6 class=\"archive-post-title\">Ar tikslini\u0173 raktini\u0173 \u017eod\u017ei\u0173 keitimas neigiamai paveikia j\u016bs\u0173 SEO?<\/h6>\n                                <p class=\"archive-post-excerpt\">Visi \u017einome, kad raktiniai \u017eod\u017eiai yra SEO pagrindas. Nors me<\/p>\n                            <\/div>\n                        <\/a>\n                                            <a href=\"https:\/\/morningscore.io\/lt\/kas-yra-meta-aprasymai-seo-ir-kaip-jie-veikia\/\" class=\"archive-post card-shadow card-with-image\">\n                            <figure>\n                                <img decoding=\"async\" src=\"data:image\/png;base64,iVBORw0KGgoAAAANSUhEUgAAAAEAAAABCAQAAAC1HAwCAAAAC0lEQVR42mNkYAAAAAYAAjCB0C8AAAAASUVORK5CYII=\" alt=\"Kas yra meta apra\u0161ymai SEO ir kaip jie veikia?\" loading=\"lazy\" data-src=\"https:\/\/morningscore.io\/wp-content\/uploads\/2024\/03\/hvad-er-metabeskrivelser-i-seo-682x384.png\">\n                            <\/figure>\n                            <div class=\"card-content text small\">\n                                <span class=\"archive-post-byline\">\n                                                                            <span class=\"archive-post-category\">SEO<\/span>\n                                                                        <time datetime=\"2026-04-13 13:51:58\" title=\"April 13, 2026\">\n                                        April 13, 2026                                    <\/time>\n                                <\/span>\n                                <h6 class=\"archive-post-title\">Kas yra meta apra\u0161ymai SEO ir kaip jie veikia?<\/h6>\n                                <p class=\"archive-post-excerpt\">Visi \u017einome, kaip svarbu, kad vartotojai paspaust\u0173 ant m\u016bs\u0173 svetain\u0117s paie\u0161kos rezultatuose, kai ie\u0161ko m\u016bs\u0173 produkt\u0173 ir paslaug\u0173. Konkurencija d\u0117l <\/p>\n                            <\/div>\n                        <\/a>\n                                            <a href=\"https:\/\/morningscore.io\/lt\/kas-yra-seo-piramides-strategija\/\" class=\"archive-post card-shadow card-with-image\">\n                            <figure>\n                                <img decoding=\"async\" src=\"data:image\/png;base64,iVBORw0KGgoAAAANSUhEUgAAAAEAAAABCAQAAAC1HAwCAAAAC0lEQVR42mNkYAAAAAYAAjCB0C8AAAAASUVORK5CYII=\" alt=\"Kas yra SEO piramid\u0117s strategija? | +17 patarim\u0173, kaip su ja auginti savo pozicijas\" loading=\"lazy\" data-src=\"https:\/\/morningscore.io\/wp-content\/uploads\/2021\/09\/what-is-the-seo-pyramid-strategy-682x384.png\">\n                            <\/figure>\n                            <div class=\"card-content text small\">\n                                <span class=\"archive-post-byline\">\n                                                                            <span class=\"archive-post-category\">SEO<\/span>\n                                                                        <time datetime=\"2026-04-13 13:51:39\" title=\"April 13, 2026\">\n                                        April 13, 2026                                    <\/time>\n                                <\/span>\n                                <h6 class=\"archive-post-title\">Kas yra SEO piramid\u0117s strategija? | +17 patarim\u0173, kaip su ja auginti savo pozicijas<\/h6>\n                                <p class=\"archive-post-excerpt\">\nAutorius: Lukas Rasmussen<\/p>\n                            <\/div>\n                        <\/a>\n                                            <a href=\"https:\/\/morningscore.io\/lt\/kaip-rasti-ir-patikrinti-bet-kurios-svetaines-atgalines-nuorodas\/\" class=\"archive-post card-shadow card-with-image\">\n                            <figure>\n                                <img decoding=\"async\" src=\"data:image\/png;base64,iVBORw0KGgoAAAANSUhEUgAAAAEAAAABCAQAAAC1HAwCAAAAC0lEQVR42mNkYAAAAAYAAjCB0C8AAAAASUVORK5CYII=\" alt=\"Kaip rasti ir patikrinti bet kurios svetain\u0117s atgalines nuorodas [Pradedantiesiems]\" loading=\"lazy\" data-src=\"https:\/\/morningscore.io\/wp-content\/uploads\/2024\/03\/how-to-find-and-check-any-websites-backlinks-1-min-min-682x384.png\">\n                            <\/figure>\n                            <div class=\"card-content text small\">\n                                <span class=\"archive-post-byline\">\n                                                                            <span class=\"archive-post-category\">SEO<\/span>\n                                                                        <time datetime=\"2026-04-13 13:51:24\" title=\"April 13, 2026\">\n                                        April 13, 2026                                    <\/time>\n                                <\/span>\n                                <h6 class=\"archive-post-title\">Kaip rasti ir patikrinti bet kurios svetain\u0117s atgalines nuorodas [Pradedantiesiems]<\/h6>\n                                <p class=\"archive-post-excerpt\">\nPagrindiniai akcentai\n\nSvetain\u0117s atgalines nuorodas gali rasti naudodamas du pagrindinius metodus: tre\u010di\u0173j\u0173 \u0161ali<\/p>\n                            <\/div>\n                        <\/a>\n                                            <a href=\"https:\/\/morningscore.io\/lt\/geros-ir-blogos-nuorodos-kaip-atskirti\/\" class=\"archive-post card-shadow card-with-image\">\n                            <figure>\n                                <img decoding=\"async\" src=\"data:image\/png;base64,iVBORw0KGgoAAAANSUhEUgAAAAEAAAABCAQAAAC1HAwCAAAAC0lEQVR42mNkYAAAAAYAAjCB0C8AAAAASUVORK5CYII=\" alt=\"Geros ir blogos nuorodos \u2013 kaip atskirti\" loading=\"lazy\" data-src=\"https:\/\/morningscore.io\/wp-content\/uploads\/2023\/04\/seo-externe-links-min-682x384.png\">\n                            <\/figure>\n                            <div class=\"card-content text small\">\n                                <span class=\"archive-post-byline\">\n                                                                            <span class=\"archive-post-category\">SEO<\/span>\n                                                                        <time datetime=\"2026-04-13 13:51:12\" title=\"April 13, 2026\">\n                                        April 13, 2026                                    <\/time>\n                                <\/span>\n                                <h6 class=\"archive-post-title\">Geros ir blogos nuorodos \u2013 kaip atskirti<\/h6>\n                                <p class=\"archive-post-excerpt\"><\/p>\n                            <\/div>\n                        <\/a>\n                                    <\/div>\n                \n                                    <div class=\"pagination\">\n                                                \n                                                                                    <span class=\"pagination-current\" aria-current=\"page\" aria-label=\"Page 1, current page\">\n                                    1                                <\/span>\n                                                                                                                <a href=\"https:\/\/morningscore.io\/lt\/wp-json\/wp\/v2\/pages\/79035\/page\/2\/\" aria-label=\"Page 2\">\n                                    2                                <\/a>\n                                                                                                                <a href=\"https:\/\/morningscore.io\/lt\/wp-json\/wp\/v2\/pages\/79035\/page\/3\/\" aria-label=\"Page 3\">\n                                    3                                <\/a>\n                                                                                                                <a href=\"https:\/\/morningscore.io\/lt\/wp-json\/wp\/v2\/pages\/79035\/page\/4\/\" aria-label=\"Page 4\">\n                                    4                                <\/a>\n                                                                                                                <a href=\"https:\/\/morningscore.io\/lt\/wp-json\/wp\/v2\/pages\/79035\/page\/5\/\" aria-label=\"Page 5\">\n                                    5                                <\/a>\n                                                                                                                <a href=\"https:\/\/morningscore.io\/lt\/wp-json\/wp\/v2\/pages\/79035\/page\/6\/\" aria-label=\"Page 6\">\n                                    6                                <\/a>\n                                                                                                                <a href=\"https:\/\/morningscore.io\/lt\/wp-json\/wp\/v2\/pages\/79035\/page\/7\/\" aria-label=\"Page 7\">\n                                    7                                <\/a>\n                                                                                                                <a href=\"https:\/\/morningscore.io\/lt\/wp-json\/wp\/v2\/pages\/79035\/page\/8\/\" aria-label=\"Page 8\">\n                                    8                                <\/a>\n                                                                                                                <a href=\"https:\/\/morningscore.io\/lt\/wp-json\/wp\/v2\/pages\/79035\/page\/9\/\" aria-label=\"Page 9\">\n                                    9                                <\/a>\n                                                                                                                <a href=\"https:\/\/morningscore.io\/lt\/wp-json\/wp\/v2\/pages\/79035\/page\/10\/\" aria-label=\"Page 10\">\n                                    10                                <\/a>\n                                                                                                                <a href=\"https:\/\/morningscore.io\/lt\/wp-json\/wp\/v2\/pages\/79035\/page\/11\/\" aria-label=\"Page 11\">\n                                    11                                <\/a>\n                                                                                                                <a href=\"https:\/\/morningscore.io\/lt\/wp-json\/wp\/v2\/pages\/79035\/page\/12\/\" aria-label=\"Page 12\">\n                                    12                                <\/a>\n                                                                                                                <a href=\"https:\/\/morningscore.io\/lt\/wp-json\/wp\/v2\/pages\/79035\/page\/13\/\" aria-label=\"Page 13\">\n                                    13                                <\/a>\n                                                                                                                <a href=\"https:\/\/morningscore.io\/lt\/wp-json\/wp\/v2\/pages\/79035\/page\/14\/\" aria-label=\"Page 14\">\n                                    14                                <\/a>\n                                                                                                                <a href=\"https:\/\/morningscore.io\/lt\/wp-json\/wp\/v2\/pages\/79035\/page\/15\/\" aria-label=\"Page 15\">\n                                    15                                <\/a>\n                                                                                                                <a href=\"https:\/\/morningscore.io\/lt\/wp-json\/wp\/v2\/pages\/79035\/page\/16\/\" aria-label=\"Page 16\">\n                                    16                                <\/a>\n                                                                                                                <a href=\"https:\/\/morningscore.io\/lt\/wp-json\/wp\/v2\/pages\/79035\/page\/17\/\" aria-label=\"Page 17\">\n                                    17                                <\/a>\n                                                                                                                <a href=\"https:\/\/morningscore.io\/lt\/wp-json\/wp\/v2\/pages\/79035\/page\/18\/\" aria-label=\"Page 18\">\n                                    18                                <\/a>\n                                                                                                                <a href=\"https:\/\/morningscore.io\/lt\/wp-json\/wp\/v2\/pages\/79035\/page\/19\/\" aria-label=\"Page 19\">\n                                    19                                <\/a>\n                                                                                                                <a href=\"https:\/\/morningscore.io\/lt\/wp-json\/wp\/v2\/pages\/79035\/page\/20\/\" aria-label=\"Page 20\">\n                                    20                                <\/a>\n                                                                                                                <a href=\"https:\/\/morningscore.io\/lt\/wp-json\/wp\/v2\/pages\/79035\/page\/21\/\" aria-label=\"Page 21\">\n                                    21                                <\/a>\n                                                                                                                <a href=\"https:\/\/morningscore.io\/lt\/wp-json\/wp\/v2\/pages\/79035\/page\/22\/\" aria-label=\"Page 22\">\n                                    22                                <\/a>\n                                                                                                                <a href=\"https:\/\/morningscore.io\/lt\/wp-json\/wp\/v2\/pages\/79035\/page\/23\/\" aria-label=\"Page 23\">\n                                    23                                <\/a>\n                                                                                                                <a href=\"https:\/\/morningscore.io\/lt\/wp-json\/wp\/v2\/pages\/79035\/page\/24\/\" aria-label=\"Page 24\">\n                                    24                                <\/a>\n                                                                                                                <a href=\"https:\/\/morningscore.io\/lt\/wp-json\/wp\/v2\/pages\/79035\/page\/25\/\" aria-label=\"Page 25\">\n                                    25                                <\/a>\n                                                                                                                <a href=\"https:\/\/morningscore.io\/lt\/wp-json\/wp\/v2\/pages\/79035\/page\/26\/\" aria-label=\"Page 26\">\n                                    26                                <\/a>\n                                                                                                                <a href=\"https:\/\/morningscore.io\/lt\/wp-json\/wp\/v2\/pages\/79035\/page\/27\/\" aria-label=\"Page 27\">\n                                    27                                <\/a>\n                                                                                                                <a href=\"https:\/\/morningscore.io\/lt\/wp-json\/wp\/v2\/pages\/79035\/page\/28\/\" aria-label=\"Page 28\">\n                                    28                                <\/a>\n                                                                                                                <a href=\"https:\/\/morningscore.io\/lt\/wp-json\/wp\/v2\/pages\/79035\/page\/29\/\" aria-label=\"Page 29\">\n                                    29                                <\/a>\n                                                                                                                <a href=\"https:\/\/morningscore.io\/lt\/wp-json\/wp\/v2\/pages\/79035\/page\/30\/\" aria-label=\"Page 30\">\n                                    30                                <\/a>\n                                                                            \n                                                    <a href=\"https:\/\/morningscore.io\/lt\/wp-json\/wp\/v2\/pages\/79035\/page\/2\/\" class=\"pagination-next\" rel=\"next\" aria-label=\"Next page\">\n                                Next                            <\/a>\n                                            <\/div>\n                                    <\/div>\n    <\/div>\n<\/section>\n<\/div><\/div><\/div><noscript><img decoding=\"async\" src=\"https:\/\/morningscore.io\/wp-content\/uploads\/2021\/05\/increase-sales-without-spending-money-on-marketing-or-advertising-682x384.png\" alt=\"10 strategij\u0173, kaip padidinti pardavimus nei\u0161leid\u017eiant pinig\u0173 rinkodarai ar reklamai\" loading=\"lazy\" data-src=\"https:\/\/morningscore.io\/wp-content\/uploads\/2021\/05\/increase-sales-without-spending-money-on-marketing-or-advertising-682x384.png\"><\/noscript><noscript><img decoding=\"async\" src=\"https:\/\/morningscore.io\/wp-content\/uploads\/2021\/01\/does-changing-target-keywords-negatively-affect-your-seo-682x384.png\" alt=\"Ar tikslini\u0173 raktini\u0173 \u017eod\u017ei\u0173 keitimas neigiamai paveikia j\u016bs\u0173 SEO?\" loading=\"lazy\" data-src=\"https:\/\/morningscore.io\/wp-content\/uploads\/2021\/01\/does-changing-target-keywords-negatively-affect-your-seo-682x384.png\"><\/noscript><noscript><img decoding=\"async\" src=\"https:\/\/morningscore.io\/wp-content\/uploads\/2024\/03\/hvad-er-metabeskrivelser-i-seo-682x384.png\" alt=\"Kas yra meta apra\u0161ymai SEO ir kaip jie veikia?\" loading=\"lazy\" data-src=\"https:\/\/morningscore.io\/wp-content\/uploads\/2024\/03\/hvad-er-metabeskrivelser-i-seo-682x384.png\"><\/noscript><noscript><img decoding=\"async\" src=\"https:\/\/morningscore.io\/wp-content\/uploads\/2021\/09\/what-is-the-seo-pyramid-strategy-682x384.png\" alt=\"Kas yra SEO piramid\u0117s strategija? | +17 patarim\u0173, kaip su ja auginti savo pozicijas\" loading=\"lazy\" data-src=\"https:\/\/morningscore.io\/wp-content\/uploads\/2021\/09\/what-is-the-seo-pyramid-strategy-682x384.png\"><\/noscript><noscript><img decoding=\"async\" src=\"https:\/\/morningscore.io\/wp-content\/uploads\/2024\/03\/how-to-find-and-check-any-websites-backlinks-1-min-min-682x384.png\" alt=\"Kaip rasti ir patikrinti bet kurios svetain\u0117s atgalines nuorodas [Pradedantiesiems]\" loading=\"lazy\" data-src=\"https:\/\/morningscore.io\/wp-content\/uploads\/2024\/03\/how-to-find-and-check-any-websites-backlinks-1-min-min-682x384.png\"><\/noscript><noscript><img decoding=\"async\" src=\"https:\/\/morningscore.io\/wp-content\/uploads\/2023\/04\/seo-externe-links-min-682x384.png\" alt=\"Geros ir blogos nuorodos \u2013 kaip atskirti\" loading=\"lazy\" data-src=\"https:\/\/morningscore.io\/wp-content\/uploads\/2023\/04\/seo-externe-links-min-682x384.png\"><\/noscript>","protected":false},"excerpt":{"rendered":"<p>Morningscore tinklara\u0161tis: Viskas apie SEO vienoje vietoje Sveiki atvyk\u0119 \u012f Morningscore tinklara\u0161\u010dio visat\u0105 \u2013 viet\u0105, kurioje dalijam\u0117s SEO \u012f\u017evalgomis, \u017einiomis ir strategijomis, pad\u0117sian\u010diomis tavo verslui pasiekti s\u0117km\u0119 internete. M\u016bs\u0173 tikslas \u2013 b\u016bti tavo SEO partneriu, o ne tik \u012frankiu, tod\u0117l \u010dia surinkome geriausius patarimus, praktinius vadovus ir naujausias SEO bei skaitmenin\u0117s rinkodaros tendencijas. SEO April [&hellip;]<\/p>\n","protected":false},"author":11,"featured_media":0,"parent":0,"menu_order":235,"comment_status":"closed","ping_status":"closed","template":"","meta":{"_acf_changed":false,"inline_featured_image":false,"footnotes":""},"class_list":["post-79035","page","type-page","status-publish","hentry"],"acf":[],"_links":{"self":[{"href":"https:\/\/morningscore.io\/lt\/wp-json\/wp\/v2\/pages\/79035","targetHints":{"allow":["GET"]}}],"collection":[{"href":"https:\/\/morningscore.io\/lt\/wp-json\/wp\/v2\/pages"}],"about":[{"href":"https:\/\/morningscore.io\/lt\/wp-json\/wp\/v2\/types\/page"}],"author":[{"embeddable":true,"href":"https:\/\/morningscore.io\/lt\/wp-json\/wp\/v2\/users\/11"}],"replies":[{"embeddable":true,"href":"https:\/\/morningscore.io\/lt\/wp-json\/wp\/v2\/comments?post=79035"}],"version-history":[{"count":2,"href":"https:\/\/morningscore.io\/lt\/wp-json\/wp\/v2\/pages\/79035\/revisions"}],"predecessor-version":[{"id":80756,"href":"https:\/\/morningscore.io\/lt\/wp-json\/wp\/v2\/pages\/79035\/revisions\/80756"}],"wp:attachment":[{"href":"https:\/\/morningscore.io\/lt\/wp-json\/wp\/v2\/media?parent=79035"}],"curies":[{"name":"wp","href":"https:\/\/api.w.org\/{rel}","templated":true}]}}