{"id":65923,"date":"2025-07-08T08:11:25","date_gmt":"2025-07-08T08:11:25","guid":{"rendered":"https:\/\/morningscore.io\/?page_id=65923"},"modified":"2025-07-08T08:11:25","modified_gmt":"2025-07-08T08:11:25","slug":"terminos-y-condiciones","status":"publish","type":"page","link":"https:\/\/morningscore.io\/es\/terminos-y-condiciones\/","title":{"rendered":"T\u00e9rminos y Condiciones"},"content":{"rendered":"<p>Estos T\u00e9rminos y Condiciones constituyen un acuerdo vinculante para el uso de nuestros productos y servicios (\u00abServicio\u00bb). El Servicio es proporcionado por Morningscore Aps (\u00abMorningscore\u00bb, \u201cnosotros\u201d, \u201cnos\u201d o \u201cnuestro\u201d), ubicado en St\u00e6rmoseg\u00e5rdsvej 8, st., 5230 Odense M, Dinamarca. Al usar nuestro Servicio, aceptas estos t\u00e9rminos. Te aconsejamos que los leas atentamente.<\/p>\n<h3><span style=\"font-weight: 400;\">ACCESO Y USO DEL SERVICIO<\/span><\/h3>\n<p><span style=\"font-weight: 400;\">El acceso y uso de nuestro Servicio no te otorga la propiedad de ning\u00fan derecho de propiedad intelectual sobre nuestro Servicio o el contenido al que accedes.<\/span><\/p>\n<p><span style=\"font-weight: 400;\">Nuestro Servicio muestra contenido que no es de Morningscore. Este contenido es responsabilidad exclusiva de la entidad que lo pone a disposici\u00f3n. Podemos revisar el contenido para determinar si es ilegal o infringe nuestras pol\u00edticas, y podemos eliminar o negarnos a mostrar contenido que creemos razonablemente que infringe nuestras pol\u00edticas o la ley.<\/span><\/p>\n<h3><span style=\"font-weight: 400;\">DESCRIPCI\u00d3N DEL SERVICIO<\/span><\/h3>\n<p><span style=\"font-weight: 400;\">Morningscore te proporciona acceso a una rica colecci\u00f3n de recursos, incluyendo, entre otros, herramientas de optimizaci\u00f3n de motores de b\u00fasqueda, herramientas de an\u00e1lisis de enlaces, misiones de SEO y mucho m\u00e1s. Tambi\u00e9n entiendes que el Servicio puede incluir ciertas comunicaciones de Morningscore, como anuncios de servicio y mensajes administrativos, que est\u00e1n relacionados con la prestaci\u00f3n del Servicio. A menos que se indique expl\u00edcitamente lo contrario, cualquier funci\u00f3n o herramienta nueva que publiquemos en relaci\u00f3n con el Servicio estar\u00e1 sujeta a este Acuerdo.<\/span><\/p>\n<p><span style=\"font-weight: 400;\">El Servicio es un producto en l\u00ednea que requiere acceso a trav\u00e9s de internet u otra conexi\u00f3n de red. Eres responsable de obtener la conexi\u00f3n a internet o de red necesaria para acceder al Servicio de Morningscore, y eres responsable de las tarifas de terceros asociadas (como las tarifas del proveedor de servicios de internet o las tarifas a\u00e9reas) para la conectividad al Servicio. Adem\u00e1s, eres responsable de obtener y mantener todo el equipo necesario para conectarte al Servicio. La calidad del Servicio que experimentas puede depender de tu conectividad y equipo. Morningscore no es responsable de ninguna reclamaci\u00f3n o p\u00e9rdida que surja como resultado de tu conectividad y equipo.<\/span><\/p>\n<h3><span style=\"font-weight: 400;\">AVISO DE ATRIBUCI\u00d3N<\/span><\/h3>\n<p><span style=\"font-weight: 400;\">Reconoces que todas las m\u00e9tricas patentadas de Morningscore obtenidas a trav\u00e9s del Servicio siguen siendo propiedad intelectual de Morningscore, y aceptas atribuir m\u00e9tricas como, entre otras, la m\u00e9trica de Morningscore, Linkscore, Onsite Health Score y Pagescore en cualquier publicaci\u00f3n o distribuci\u00f3n de dichas m\u00e9tricas patentadas.<\/span><\/p>\n<h3><span style=\"font-weight: 400;\">ACCESO A LA CUENTA<\/span><\/h3>\n<p><span style=\"font-weight: 400;\">Debes proporcionar tu direcci\u00f3n de correo electr\u00f3nico v\u00e1lida y cualquier otra informaci\u00f3n solicitada para completar el proceso de suscripci\u00f3n y convertirte en un suscriptor. Tu inicio de sesi\u00f3n solo puede ser utilizado por una persona. No se permite un solo inicio de sesi\u00f3n compartido por varios usuarios. Nos reservamos el derecho de cancelar o suspender tu acceso al Servicio si vemos alguna actividad sospechosa en tu cuenta que indique razonablemente que compartiste voluntaria y\/o a sabiendas tus credenciales con otro usuario. Eres responsable de mantener la seguridad de tu cuenta y contrase\u00f1a. Morningscore no puede y no ser\u00e1 responsable de ninguna p\u00e9rdida o da\u00f1o derivado de tu incumplimiento de esta obligaci\u00f3n.<\/span><\/p>\n<h3><span style=\"font-weight: 400;\">TUS OBLIGACIONES DE REGISTRO<\/span><\/h3>\n<p><span style=\"font-weight: 400;\">Como usuario registrado del Servicio de Morningscore, declaras que tienes la edad legal para formalizar un contrato vinculante. Tambi\u00e9n aceptas: (a) proporcionar informaci\u00f3n verdadera, precisa, actual y completa sobre ti mismo, tal como se solicita en el formulario de registro del Servicio (los \u00abDatos de registro\u00bb) y (b) mantener y actualizar r\u00e1pidamente los Datos de registro para que sigan siendo verdaderos, precisos, actuales y completos. Si proporcionas informaci\u00f3n falsa, inexacta, no actual o incompleta, o Morningscore tiene motivos razonables para sospechar que dicha informaci\u00f3n es falsa, inexacta, no actual o incompleta, Morningscore tiene el derecho de suspender o cancelar tu cuenta y rechazar cualquier uso actual o futuro del Servicio (o cualquier parte del mismo).<\/span><\/p>\n<h3><span style=\"font-weight: 400;\">NO REVENDER NI REDISTRIBUIR EL SERVICIO<\/span><\/h3>\n<p><span style=\"font-weight: 400;\">Tienes permiso para usar el Servicio internamente dentro de la empresa con el fin de obtener informaci\u00f3n y an\u00e1lisis para optimizar tu(s) sitio(s) web y campa\u00f1as relacionadas.<\/span><\/p>\n<p><span style=\"font-weight: 400;\">Salvo que Morningscore lo autorice expresamente, aceptas no reproducir, duplicar, copiar, vender, comercializar, revender, permitir el acceso, modificar, crear trabajos derivados o explotar con fines comerciales ninguna parte del Servicio, el uso del Servicio o el acceso al Servicio o al c\u00f3digo inform\u00e1tico que lo alimenta.<\/span><\/p>\n<p><span style=\"font-weight: 400;\">Eres responsable de todo el uso que se haga del Servicio utilizando tu cuenta. Eres responsable de mantener la confidencialidad de las credenciales de tu cuenta en l\u00ednea.<\/span><\/p>\n<h3><span style=\"font-weight: 400;\">\u200b\u200bNOTIFICACIONES DE SERVICIO Y MARKETING<\/span><\/h3>\n<p><span style=\"font-weight: 400;\">\u200bAl registrar una cuenta en Morningscore (gratuita o de pago) nos das tu permiso para enviar notificaciones por correo electr\u00f3nico a la direcci\u00f3n de correo electr\u00f3nico que especificaste al registrarte.<\/span><\/p>\n<p><span style=\"font-weight: 400;\">Estas notificaciones por correo electr\u00f3nico pueden incluir: actualizaciones del conjunto de herramientas de Morningscore, consejos y tutoriales sobre el uso de las herramientas de Morningscore y mensajes del sistema.<\/span><span style=\"font-weight: 400;\">\u200b\u200b<\/span><\/p>\n<p><span style=\"font-weight: 400;\">Tambi\u00e9n tienes la opci\u00f3n de suscribirte a ofertas promocionales. Ten en cuenta que puedes optar por no recibir ninguno de estos correos electr\u00f3nicos opcionales en cualquier momento utilizando el enlace \u00abCancelar suscripci\u00f3n\u00bb que se incluye al final de cada correo electr\u00f3nico que te enviamos.<\/span><span style=\"font-weight: 400;\">\u200b<\/span><\/p>\n<p><span style=\"font-weight: 400;\">Podemos enviar mensajes o correos electr\u00f3nicos a trav\u00e9s de nuestro propio servicio de correo o a trav\u00e9s de servicios de terceros.<\/span><\/p>\n<h3><span style=\"font-weight: 400;\">USUARIOS NO AUTORIZADOS<\/span><\/h3>\n<p><span style=\"font-weight: 400;\">El registro de la cuenta debe ser completado por un humano. No se permiten las cuentas registradas por \u00abbots\u00bb u otros m\u00e9todos automatizados.<\/span><\/p>\n<h3><span style=\"font-weight: 400;\">ACCESO NO AUTORIZADO<\/span><\/h3>\n<p><span style=\"font-weight: 400;\">No debes modificar, adaptar o hackear el Servicio ni modificar otro sitio web para insinuar falsamente que est\u00e1 asociado con el Servicio o Morningscore. No puedes aplicar ingenier\u00eda inversa al c\u00f3digo objeto ni reutilizar el c\u00f3digo fuente proporcionado en relaci\u00f3n con el Servicio. Esto incluye todo el JavaScript. El c\u00f3digo tiene derechos de autor de Morningscore. No debes transmitir gusanos, virus ni ning\u00fan c\u00f3digo de naturaleza destructiva o maliciosa. Aceptas no modificar ning\u00fan c\u00f3digo proporcionado en relaci\u00f3n con el Servicio de ninguna manera o forma, ni utilizar versiones modificadas de dicho c\u00f3digo, incluyendo (sin limitaci\u00f3n) con el fin de obtener acceso no autorizado al Servicio. Aceptas no acceder al Servicio por ning\u00fan otro medio que no sea la interfaz proporcionada por Morningscore para su uso en el acceso al Servicio. Todos los medios no naturales o intentos ilegales de acceder a nuestro Servicio, sitio web, servidor o base de datos, incluidos los medios de herramientas autom\u00e1ticas como scrapers o bots, est\u00e1n prohibidos. Podemos cancelar, suspender o bloquear tu acceso si determinamos que tu uso o acceso a nuestro Servicio infringe nuestros t\u00e9rminos. Sujeto a las dem\u00e1s restricciones establecidas en este documento, solo puedes utilizar herramientas automatizadas para acceder a nuestro Servicio a trav\u00e9s de las Interfaces de Programa de Aplicaciones (API) que proporcionamos.<\/span><\/p>\n<p><span style=\"font-weight: 400;\">No puedes intentar eludir ninguna funcionalidad o acceder a las funciones del sitio web directamente mediante el uso de llamadas http personalizadas (u otras), ni intentar manipular el Servicio, ni acceder a \u00e9l de una manera que no sea la que una persona razonable considerar\u00eda un uso normal permitido.<\/span><\/p>\n<p><span style=\"font-weight: 400;\">No debes intentar aprovecharte de ninguna caracter\u00edstica que una persona razonable considerar\u00eda una omisi\u00f3n o error obvio en el Servicio y el sitio web.<\/span><\/p>\n<h3><span style=\"font-weight: 400;\">BLOQUEO DE DIRECCIONES IP<\/span><\/h3>\n<p><span style=\"font-weight: 400;\">Para proteger la integridad del Servicio, Morningscore se reserva el derecho, en cualquier momento y a su entera discreci\u00f3n, de bloquear el acceso al Servicio a los solicitantes de registro y suscriptores desde ciertas direcciones IP.<\/span><\/p>\n<h3><span style=\"font-weight: 400;\">REGISTRO Y SUSCRIPCI\u00d3N<\/span><\/h3>\n<p><span style=\"font-weight: 400;\">Puedes registrarte en el Servicio sin costo alguno. Como usuario registrado, podr\u00e1s participar en algunas, pero no en todas, las funciones y herramientas disponibles dentro del Servicio.<\/span><\/p>\n<p><span style=\"font-weight: 400;\">Para acceder a funciones adicionales, incluida la capacidad de utilizar muchas de nuestras herramientas, debes suscribirte al Servicio.<\/span><\/p>\n<p><span style=\"font-weight: 400;\">Dependiendo del plan de suscripci\u00f3n que selecciones, tendr\u00e1s derecho a un n\u00famero variable de funciones o diferentes l\u00edmites.<\/span><\/p>\n<h3><span style=\"font-weight: 400;\">PER\u00cdODO DE COMPROMISO Y AVISO DE RESCISI\u00d3N<\/span><\/h3>\n<p><span style=\"font-weight: 400;\">Las suscripciones son vinculantes para el per\u00edodo elegido (un mes o un a\u00f1o) y se renuevan autom\u00e1ticamente con un per\u00edodo de compromiso correspondiente a menos que se haya llegado a un acuerdo individual. En el caso de acuerdos individuales, la suscripci\u00f3n se renueva con un per\u00edodo de compromiso de un a\u00f1o.<\/span><\/p>\n<p>La cancelaci\u00f3n se puede realizar antes de la facturaci\u00f3n de un nuevo per\u00edodo de suscripci\u00f3n. Puedes cancelar tu suscripci\u00f3n t\u00fa mismo a trav\u00e9s del men\u00fa de configuraci\u00f3n de Morningscore o poni\u00e9ndote en contacto con el servicio de atenci\u00f3n al cliente a trav\u00e9s del chat o mail@morningscore.io.<\/p>\n<h3><span style=\"font-weight: 400;\">CARGO AUTOM\u00c1TICO EN TU TARJETA DE PAGO<\/span><\/h3>\n<p><span style=\"font-weight: 400;\">Si obtienes una nueva tarjeta, actualiza los datos de tu tarjeta. Puedes hacerlo en la configuraci\u00f3n de la suscripci\u00f3n. Alternativamente, puedes ponerte en contacto con el servicio de atenci\u00f3n al cliente a trav\u00e9s de nuestro chat o mail@morningscore.io.<\/span><\/p>\n<p>Puedes retirar tu consentimiento para que te cobremos en tu tarjeta en cualquier momento.<\/p>\n<p>Tambi\u00e9n puedes quejarte a tu proveedor de tarjeta (normalmente tu banco) si descubres que se ha realizado un retiro no autorizado. Debes presentar una disputa lo antes posible y a m\u00e1s tardar 8 semanas despu\u00e9s del pago, a menos que se acuerde lo contrario.<\/p>\n<h3><span style=\"font-weight: 400;\">POL\u00cdTICA DE REEMBOLSO<\/span><\/h3>\n<p><span style=\"font-weight: 400;\">A menos que lo exija la ley, Morningscore no est\u00e1 obligado a reembolsarte en ning\u00fan momento. Cualquier cantidad pagada (o su equivalente en tu moneda local) por una suscripci\u00f3n no es reembolsable. Para tu suscripci\u00f3n mensual, puedes solicitar un reembolso despu\u00e9s de que se haya realizado el pago por falta de uso, pero ten en cuenta que nos reservamos el derecho de rechazar tu solicitud de reembolso si vemos alguna actividad material en tu cuenta.<\/span><\/p>\n<h3><span style=\"font-weight: 400;\">CANCELACI\u00d3N DEL SERVICIO<\/span><\/h3>\n<p><span style=\"font-weight: 400;\">Morningscore se reserva el derecho de cancelaci\u00f3n unilateral del servicio en las siguientes circunstancias:<\/span><\/p>\n<ul>\n<li style=\"font-weight: 400;\" aria-level=\"1\"><span style=\"font-weight: 400;\">Incumples cualquiera de estos t\u00e9rminos;<\/span><\/li>\n<li style=\"font-weight: 400;\" aria-level=\"1\"><span style=\"font-weight: 400;\">Detectamos patrones de uso inusuales en relaci\u00f3n con el Servicio;<\/span><\/li>\n<li style=\"font-weight: 400;\" aria-level=\"1\"><span style=\"font-weight: 400;\">Intentas infligir da\u00f1o o perjudicar nuestra reputaci\u00f3n, trabajo o Servicio;<\/span><\/li>\n<li style=\"font-weight: 400;\" aria-level=\"1\"><span style=\"font-weight: 400;\">En respuesta a solicitudes de las fuerzas del orden u otras agencias p\u00fablicas.<\/span><\/li>\n<\/ul>\n<h3><span style=\"font-weight: 400;\">MODIFICACIONES AL SERVICIO<\/span><\/h3>\n<p><span style=\"font-weight: 400;\">Estamos constantemente cambiando y mejorando nuestro Servicio. Podemos agregar o eliminar funcionalidades o caracter\u00edsticas, y podemos suspender o detener el Servicio por completo. Puedes dejar de usar nuestro Servicio en cualquier momento, aunque lamentaremos verte ir. Morningscore tambi\u00e9n puede dejar de proporcionarte el Servicio, o agregar o crear nuevos l\u00edmites a nuestro Servicio en cualquier momento.<\/span><\/p>\n<p><span style=\"font-weight: 400;\">Aceptas que Morningscore no ser\u00e1 responsable, ante ti ni ante ning\u00fan tercero, por ninguna modificaci\u00f3n, suspensi\u00f3n o interrupci\u00f3n del Servicio.<\/span><\/p>\n<h3><span style=\"font-weight: 400;\">RECOLECCI\u00d3N Y USO DE DATOS<\/span><\/h3>\n<p><span style=\"font-weight: 400;\">Entiendes y aceptas que Morningscore puede anonimizar y agregar cualquier dato que compartas con el Servicio, incluidos los datos asociados con tus cuentas de Google Analytics y Google Search Console, y usarlos sin identificarte para mejorar el Servicio.<\/span><\/p>\n<h3><span style=\"font-weight: 400;\">ENLACES EXTERNOS<\/span><\/h3>\n<p><span style=\"font-weight: 400;\">El Servicio puede proporcionar enlaces a otros sitios web o recursos de la World Wide Web. Dado que Morningscore no tiene control sobre dichos sitios o recursos, reconoces y aceptas que Morningscore no es responsable de la disponibilidad de dichos sitios o recursos externos, no respalda dichos sitios\/recursos y no es responsable ni est\u00e1 obligado por ning\u00fan contenido, publicidad u otros materiales en o disponibles en dichos sitios o recursos. Adem\u00e1s, reconoces y aceptas que Morningscore no ser\u00e1 responsable, directa o indirectamente, de ning\u00fan da\u00f1o o p\u00e9rdida causada o supuestamente causada por o relacionada de alguna manera con el uso o la confianza en dicho contenido, bienes o servicios disponibles en o a trav\u00e9s de dicho sitio o recurso.<\/span><\/p>\n<h3><span style=\"font-weight: 400;\">RESPONSABILIDAD POR NUESTRO SERVICIO<\/span><\/h3>\n<p><span style=\"font-weight: 400;\">El Servicio y toda la informaci\u00f3n proporcionada en el mismo se ofrecen \u00abtal cual\u00bb y \u00abseg\u00fan disponibilidad\u00bb sin ninguna garant\u00eda.<\/span><\/p>\n<p>En la medida en que lo permita la ley, <span style=\"font-weight: 400;\">Morningscore no ser\u00e1 responsable de la p\u00e9rdida de ganancias, ingresos o datos, p\u00e9rdidas financieras o da\u00f1os indirectos, especiales, consecuentes, ejemplares o punitivos.<\/span><\/p>\n<p><span style=\"font-weight: 400;\">En la medida en que lo permita la ley, la responsabilidad total de Morningscore por cualquier reclamaci\u00f3n bajo estos t\u00e9rminos, incluyendo cualquier garant\u00eda impl\u00edcita, se limita a la cantidad que nos pagaste para usar el servicio en los 12 meses anteriores a la reclamaci\u00f3n (o, si lo decidimos, a proporcionarte el servicio de nuevo).<\/span><\/p>\n<p>En la medida en que lo permita la ley, Morningscore no ser\u00e1 responsable de ninguna p\u00e9rdida o da\u00f1o que no sea razonablemente previsible.<\/p>\n<h3><\/h3>\n<h3><span style=\"font-weight: 400;\">SOBRE ESTOS T\u00c9RMINOS Y CONDICIONES<\/span><\/h3>\n<p><span style=\"font-weight: 400;\">Podemos modificar estos t\u00e9rminos o cualquier t\u00e9rmino adicional que se aplique al Servicio, por ejemplo, para reflejar cambios en la ley o cambios en nuestro Servicio. Deber\u00edas consultar la versi\u00f3n en l\u00ednea de nuestros t\u00e9rminos regularmente. Publicaremos un aviso de las modificaciones a estos t\u00e9rminos en esta p\u00e1gina. Los cambios no se aplicar\u00e1n retroactivamente y entrar\u00e1n en vigor no antes de siete d\u00edas despu\u00e9s de su publicaci\u00f3n. Sin embargo, los cambios que aborden nuevas funciones para el Servicio o los cambios realizados por razones legales entrar\u00e1n en vigor inmediatamente. Si no est\u00e1s de acuerdo con los t\u00e9rminos modificados del Servicio, debes interrumpir el uso de nuestro Servicio.<\/span><\/p>\n<p><span style=\"font-weight: 400;\">Estos t\u00e9rminos controlan la relaci\u00f3n entre Morningscore y t\u00fa. No crean ning\u00fan derecho de beneficiario de terceros.<\/span><\/p>\n<p><span style=\"font-weight: 400;\">Si no cumples con estos t\u00e9rminos, y no tomamos medidas de inmediato, esto no significa que renunciemos a ning\u00fan derecho que podamos tener, como tomar medidas en el futuro.<\/span><\/p>\n<p><span style=\"font-weight: 400;\">Si alguno de estos t\u00e9rminos se considera inv\u00e1lido, inaplicable o nulo, los dem\u00e1s t\u00e9rminos seguir\u00e1n siendo v\u00e1lidos, aplicables y no se ver\u00e1n afectados.<\/span><\/p>\n<p><span style=\"font-weight: 400;\">Los t\u00edtulos de las secciones de estos t\u00e9rminos son solo por conveniencia y no tienen ning\u00fan efecto legal o contractual.<\/span><\/p>\n","protected":false},"excerpt":{"rendered":"<p>Estos T\u00e9rminos y Condiciones constituyen un acuerdo vinculante para el uso de nuestros productos y servicios (\u00abServicio\u00bb). El Servicio es proporcionado por Morningscore Aps (\u00abMorningscore\u00bb, \u201cnosotros\u201d, \u201cnos\u201d o \u201cnuestro\u201d), ubicado en St\u00e6rmoseg\u00e5rdsvej 8, st., 5230 Odense M, Dinamarca. Al usar nuestro Servicio, aceptas estos t\u00e9rminos. Te aconsejamos que los leas atentamente. ACCESO Y USO DEL [&hellip;]<\/p>\n","protected":false},"author":15,"featured_media":0,"parent":0,"menu_order":0,"comment_status":"closed","ping_status":"closed","template":"\/templates\/page-templates\/text-page.php","meta":{"_acf_changed":false,"inline_featured_image":false,"footnotes":""},"class_list":["post-65923","page","type-page","status-publish","hentry"],"acf":[],"_links":{"self":[{"href":"https:\/\/morningscore.io\/es\/wp-json\/wp\/v2\/pages\/65923","targetHints":{"allow":["GET"]}}],"collection":[{"href":"https:\/\/morningscore.io\/es\/wp-json\/wp\/v2\/pages"}],"about":[{"href":"https:\/\/morningscore.io\/es\/wp-json\/wp\/v2\/types\/page"}],"author":[{"embeddable":true,"href":"https:\/\/morningscore.io\/es\/wp-json\/wp\/v2\/users\/15"}],"replies":[{"embeddable":true,"href":"https:\/\/morningscore.io\/es\/wp-json\/wp\/v2\/comments?post=65923"}],"version-history":[{"count":1,"href":"https:\/\/morningscore.io\/es\/wp-json\/wp\/v2\/pages\/65923\/revisions"}],"predecessor-version":[{"id":65924,"href":"https:\/\/morningscore.io\/es\/wp-json\/wp\/v2\/pages\/65923\/revisions\/65924"}],"wp:attachment":[{"href":"https:\/\/morningscore.io\/es\/wp-json\/wp\/v2\/media?parent=65923"}],"curies":[{"name":"wp","href":"https:\/\/api.w.org\/{rel}","templated":true}]}}