{"id":65746,"date":"2025-07-02T13:18:52","date_gmt":"2025-07-02T13:18:52","guid":{"rendered":"https:\/\/morningscore.io\/?page_id=65746"},"modified":"2025-08-20T11:48:53","modified_gmt":"2025-08-20T11:48:53","slug":"contact","status":"publish","type":"page","link":"https:\/\/morningscore.io\/es\/contact\/","title":{"rendered":"Contacto"},"content":{"rendered":"<div id=\"pl-65746\" class=\"panel-layout\"><div id=\"pg-65746-0\" class=\"panel-grid panel-no-style\"><div id=\"pgc-65746-0-0\" class=\"panel-grid-cell\"><section class=\"hero  gradient_with_balls\" data-hero-layout=\"curved-v3-4-mask-left\" data-image-sizing=\"inner-no-overflow\" data-image-frame=\"rounded\" style=\"--hero-headline-size-multiplier: 1;position: relative;--hero-text-color: #312E81;\" data-side-type=\"image\">\n\n            <div class=\"hero-bg gradient_with_balls\" style=\"--gradient-start-color: #0A0A4D;--gradient-end-color: #563AC9;--gradient-angle: -180deg;background: none; overflow: visible;\">\n            \n                            <style>\n                    .floating-balls-wrapper {\n                        position: absolute;\n                        inset: 0;\n                        width: 100%;\n                        height: 180vh;\n                        pointer-events: none;\n                        overflow: hidden;\n                        z-index: -1;\n                    }\n\n                    .floating-balls-wrapper .ball {\n                        position: absolute;\n                        border-radius: 50%;\n                        backface-visibility: hidden;\n                        list-style: none;\n                        background: linear-gradient(to bottom left, rgba(224,231,255, 0.3), rgba(196,181,253, 0.3));\n                        filter: blur(2px);\n                    }\n\n                <\/style>\n                <div style=\"position: absolute;left: 0;top: -3.9rem;width: 100%;height: 120vh;z-index: -1;\">\n                    <div style=\"position: absolute;left: 0;top: 0;width: 100%;height: 100%;background-image: radial-gradient(circle at 40% 0%, #5439C53C 0%, transparent 50%), radial-gradient(circle at 0% 120%, #5439C53C 0%, transparent 50%), radial-gradient(circle at 100% 100%, #C4B5FDAA 0%, transparent 50%);mask-image: linear-gradient(180deg, white 90%, transparent 100%);\">\n                        <ul class=\"floating-balls-wrapper\"><\/ul>\n                    <\/div>\n                <\/div>\n                    <\/div>\n    \n\n    \n\n    <div class=\"inner-content\">\n        <div class=\"hero-main\">\n\n                            <h2 class=\"section-subheading\">Lunes - viernes | 9h - 16h CET<\/h2>\n            \n            <h1>No nos hacemos <br> los dif\u00edciles<\/h1>\n\n            \n                            <div class=\"hero-subcontent\" data-margin=\"true\">\n                    <div class=\"hero-content \">\n                        <p>\u00a1Cont\u00e1ctanos donde sea! Tu equipo de tierra est\u00e1 aqu\u00ed para ayudarte en numerosos canales. Queremos que te sientas bienvenido.<\/p>\n                    <\/div>\n\n                    \n                    \n\n                                            <div class=\"so-widget-mssub-buttons so-widget-mssub-buttons-base\">\n\t\n\t\t\t<a href=\"#\" onclick=\"event.preventDefault();document.querySelector('#contact').scrollIntoView({behavior: 'smooth'});\" class=\"btn btn-primary\">Ponte en contacto<\/a>\n\t<\/div>                    \n                                            <div class=\"hero-extra-content\">\n                                                    <\/div>\n                    \n                <\/div>\n            \n            \n        <\/div>\n\n                    <div class=\"hero-side\">\n                                    <figure>\n                        <img loading=\"lazy\" decoding=\"async\" width=\"1514\" height=\"1010\" src=\"data:image\/png;base64,iVBORw0KGgoAAAANSUhEUgAAAAEAAAABCAQAAAC1HAwCAAAAC0lEQVR42mNkYAAAAAYAAjCB0C8AAAAASUVORK5CYII=\" class=\"lozad\" alt=\"\" sizes=\"auto, (max-width: 1514px) 100vw, 1514px\" data-src=\"https:\/\/morningscore.io\/wp-content\/uploads\/2024\/12\/contact.png\" data-srcset=\"https:\/\/morningscore.io\/wp-content\/uploads\/2024\/12\/contact.png 1514w, https:\/\/morningscore.io\/wp-content\/uploads\/2024\/12\/contact-300x200.png 300w\">                    <\/figure>\n                \n                            <\/div>\n        \n    <\/div>\n\n    <\/section>\n<section class=\"contact-cards-container default\">\n\t<div class=\"inner-content\">\n\t\t<div class=\"text-content\">\n\t\t\t<div class=\"so-widget-mssub-section-header so-widget-mssub-section-header-base\"><div class=\"section-header\" data-layout=\"headline-centered\">\n\t<span class=\"section-subheading\">Resolvamos tu problema<\/span>\n\t<div class=\"section-col section-col-1\">\n\t\t<h2 class=\"section-heading\">\u00bfQu\u00e9 buscas?<\/h2>\n\t<\/div>\n\n\t\t\n<\/div>\n<\/div>\n\t\t\t<div class=\"text\">\n\t\t\t\t<p>Si necesitas <a style=\"color: #5439c5;\" href=\"mailto:mail@morningscore.io\">soporte por correo electr\u00f3nico personal<\/a>\u00a0 o quieres contactarnos por chat, estamos aqu\u00ed para ti. Mira todos los detalles de contacto a continuaci\u00f3n \ud83d\udc47\ufe0f<\/p>\n<p>El equipo es su personal de tierra, que se asegura de que cada cent\u00edmetro de su cabina funcione a la perfecci\u00f3n. No dudes en ponerte en contacto con nosotros si algo no va bien.<\/p>\n<p>Como usuario de Morningscore, tambi\u00e9n tienes acceso a nuestra comunidad, La Base. Un gran lugar para encontrar ayuda tambi\u00e9n.<\/p>\n\t\t\t<\/div>\n\t\t<\/div>\n\t\t<div class=\"cards-content\">\n\t\t\t\n\t\t\t\t<div class=\"card\">\n\t\t\t\t\t<div class=\"text-container\">\n\t\t\t\t\t\t<div class=\"title\">\u00bfDudas en la herramienta?<\/div>\n\t\t\t\t\t\t<div class=\"subtitle\">Visita la secci\u00f3n de ayuda. (En ingl\u00e9s)<\/div>\n\t\t\t\t\t<\/div>\n\t\t\t\t\t<div class=\"button-container\">\n\t\t\t\t\t\t<div class=\"so-widget-mssub-buttons so-widget-mssub-buttons-base\">\n\t\n\t\t\t\t\t<a href=\"https:\/\/help.morningscore.io\/en\/\" class=\"btn btn-outline\" target=\"_blank\">Ir a la secci\u00f3n de ayuda<\/a>\n\t<\/div>\t\t\t\t\t<\/div>\n\t\t\t\t<\/div>\n\n\t\t\t\n\t\t\t\t<div class=\"card\">\n\t\t\t\t\t<div class=\"text-container\">\n\t\t\t\t\t\t<div class=\"title\">\u00bfUna demostraci\u00f3n personalizada?<\/div>\n\t\t\t\t\t\t<div class=\"subtitle\">Fijemos fecha y haz el recorrido.<\/div>\n\t\t\t\t\t<\/div>\n\t\t\t\t\t<div class=\"button-container\">\n\t\t\t\t\t\t<div class=\"so-widget-mssub-buttons so-widget-mssub-buttons-base\">\n\t\n\t\t\t\t\t<a href=\"https:\/\/meetings.hubspot.com\/ruben-stochholm\/demos-from-contact-page-httpsmorningscoreiocontact\" class=\"btn btn-outline\" target=\"_blank\" rel=\"noopener\">Reservar demostraci\u00f3n<\/a>\n\t<\/div>\t\t\t\t\t<\/div>\n\t\t\t\t<\/div>\n\n\t\t\t\n\t\t\t\t<div class=\"card\">\n\t\t\t\t\t<div class=\"text-container\">\n\t\t\t\t\t\t<div class=\"title\">\u00bfQuieres chatear con nosotros?<\/div>\n\t\t\t\t\t\t<div class=\"subtitle\">Chatea de 9\u202fa\u202f16 (lunes a viernes).<\/div>\n\t\t\t\t\t<\/div>\n\t\t\t\t\t<div class=\"button-container\">\n\t\t\t\t\t\t<div class=\"so-widget-mssub-buttons so-widget-mssub-buttons-base\">\n\t\n\t\t\t\t\t<a href=\"mailto:mail@morningscore.io\" onclick=\"if(typeof $crisp !== 'undefined'){event.preventDefault();$crisp.push(['do', 'chat:open']);}\" class=\"btn btn-outline\">Chatea con nosotros<\/a>\n\t<\/div>\t\t\t\t\t<\/div>\n\t\t\t\t<\/div>\n\n\t\t\t\t\t<\/div>\n\t<\/div>\n<\/section>\n<div id=\"contact\" class=\"panel-widget-style panel-widget-style-for-65746-0-0-2\"><section class=\"contact-form-and-info-container default\">\n\t<div class=\"curved-bg\"><\/div>\n\t<div class=\"inner-content\">\n\t\t<div class=\"so-widget-mssub-section-header so-widget-mssub-section-header-base\"><div class=\"section-header\" data-layout=\"headline-text\">\n\t<span class=\"section-subheading\">Cont\u00e1ctanos<\/span>\n\t<div class=\"section-col section-col-1\">\n\t\t<h2 class=\"section-heading\">Hay una respuesta a tu pregunta<\/h2>\n\t<\/div>\n\n\t\t<div class=\"section-col section-col-2\">\n\n\t\t\n\t\t\t\t\t<div class=\"col-text text\"><\/div>\n\t\t\n\t\t\n\t<\/div>\n\t\t\n<\/div>\n<\/div>\t<\/div>\n\t<div class=\"inner-content card\">\n        <div class=\"main-content\">\n            <div class=\"form-content\">\n                <form class=\"form form-contact form-send-ajax\" enctype=\"multipart\/form-data\">\n\n                    <div class=\"form-field\">\n                        <input type=\"text\" name=\"name\" placeholder=\"Nombre...\" required>\n                    <\/div>\n\n                    <div class=\"form-field\">\n                        <input type=\"email\" name=\"email\" placeholder=\"Email...\" required>\n                    <\/div>\n\n                    <div class=\"form-field\">\n                        <input type=\"text\" name=\"company\" placeholder=\"Empresa...\" required>\n                    <\/div>\n\n                    <div class=\"form-field\">\n                    <textarea name=\"message\" placeholder=\"Mensaje...\" required><\/textarea>\n                    <\/div>\n\n                    \n                    <div class=\"button-container\">\n                        <div class=\"so-widget-mssub-buttons so-widget-mssub-buttons-base\">\n\t\n\t\t\t<button type=\"submit\" class=\"btn btn-outline\">Enviar solicitud<\/button>\n\t<\/div>                        <div class=\"loader\"><\/div>\n                    <\/div>\n                    <div class=\"success-message\">\n                        <div class=\"checkmark ii ii-checkmark-circle\"><\/div>\n                        <div class=\"title\">\n                            Gracias por ponerse en contacto con nosotros.                        <\/div>\n                        <div class=\"subtitle\">\n                            Hemos recibido su solicitud y nos pondremos en contacto con usted lo antes posible.                        <\/div>\n                    <\/div>\n                <\/form>\n\n            <\/div>\n            <div class=\"info-content\">\n                <div class=\"title\">\n                    Morningscore ApS                <\/div>\n                <div class=\"subtitle\">\n                    IVA: DK39311437                <\/div>\n\n                <div class=\"entries\">\n                    \n                        <div class=\"entry\">\n                            <span class=\"icon ii ii-old-phone\"><\/span>\n                            <span class=\"content\">+ 45 71 74 76 15<\/span>\n                        <\/div>\n\n                    \n                        <div class=\"entry\">\n                            <span class=\"icon ii ii-write\"><\/span>\n                            <span class=\"content\">mail@morningscore.io<\/span>\n                        <\/div>\n\n                    \n                        <div class=\"entry\">\n                            <span class=\"icon ii ii-office\"><\/span>\n                            <span class=\"content\">St\u00e6rmoseg\u00e5rdsvej 8, st. 5230 Odense M<\/span>\n                        <\/div>\n\n                    \n                        <div class=\"entry\">\n                            <span class=\"icon ii ii-pin\"><\/span>\n                            <span class=\"content\">Dinamarca<\/span>\n                        <\/div>\n\n                                    <\/div>\n                <div class=\"text\"><p>Nos esforzamos por responder a todas las consultas dentro de las 24 horas en d\u00edas laborables. Si necesitas ayuda en \u00e1reas espec\u00edficas de la herramienta, tambi\u00e9n puedes consultar nuestra <a href=\"https:\/\/help.morningscore.io\/en\/\">secci\u00f3n de ayuda<\/a>.<\/p>\n<\/div>\n            <\/div>\n        <\/div>\n\t\t<div class=\"links-content\">\n\t\t\t<div class=\"crisp\">\n\t\t\t\t<a href=\"#\" onclick=\"if(typeof $crisp !== 'undefined'){event.preventDefault();$crisp.push(['do', 'chat:open']);}\">\n\t\t\t\t\t<div class=\"icon\">\n\t\t\t\t\t\t\n\t\t\t\t\t\t\t<div class=\"icon-image\">\n\t\t\t\t\t\t\t\t<img loading=\"lazy\" decoding=\"async\" src=\"data:image\/png;base64,iVBORw0KGgoAAAANSUhEUgAAAAEAAAABCAQAAAC1HAwCAAAAC0lEQVR42mNkYAAAAAYAAjCB0C8AAAAASUVORK5CYII=\" class=\"lozad\" alt=\"\" width=\"266\" height=\"266\" sizes=\"auto, 1px\" data-src=\"https:\/\/morningscore.io\/wp-content\/uploads\/2023\/04\/chat-icon.png\">\t\t\t\t\t\t\t<\/div>\n\t\t\t\t\t\t\n\t\t\t\t\t<\/div>\n\t\t\t\t\t<span>Chatea<\/span>\n\t\t\t\t<\/a>\n\t\t\t\t<span>con nosotros<\/span>\n\t\t\t<\/div>\n\t\t\t<div class=\"social\">\n\t\t\t\t\t\t\t\t\t<div class=\"icon\">\n\t\t\t\t\t\t<a href=\"https:\/\/www.instagram.com\/morningscore\/\" target=\"_blank\" rel=\"noopener\">\n\t\t\t\t\t\t\t<div class=\"icon-image\">\n\t\t\t\t\t\t\t\t<img loading=\"lazy\" decoding=\"async\" src=\"data:image\/png;base64,iVBORw0KGgoAAAANSUhEUgAAAAEAAAABCAQAAAC1HAwCAAAAC0lEQVR42mNkYAAAAAYAAjCB0C8AAAAASUVORK5CYII=\" class=\"lozad\" alt=\"\" width=\"42\" height=\"42\" sizes=\"auto, 1px\" data-src=\"https:\/\/morningscore.io\/wp-content\/uploads\/2022\/12\/instagram.svg\">\t\t\t\t\t\t\t<\/div>\n\t\t\t\t\t\t<\/a>\n\t\t\t\t\t<\/div>\n\t\t\t\t\t\t\t\t\t<div class=\"icon\">\n\t\t\t\t\t\t<a href=\"https:\/\/www.linkedin.com\/company\/morningscore\/\" target=\"_blank\" rel=\"noopener\">\n\t\t\t\t\t\t\t<div class=\"icon-image\">\n\t\t\t\t\t\t\t\t<img loading=\"lazy\" decoding=\"async\" src=\"data:image\/png;base64,iVBORw0KGgoAAAANSUhEUgAAAAEAAAABCAQAAAC1HAwCAAAAC0lEQVR42mNkYAAAAAYAAjCB0C8AAAAASUVORK5CYII=\" class=\"lozad\" alt=\"\" width=\"42\" height=\"42\" sizes=\"auto, 1px\" data-src=\"https:\/\/morningscore.io\/wp-content\/uploads\/2022\/12\/linkedin-icon.svg\">\t\t\t\t\t\t\t<\/div>\n\t\t\t\t\t\t<\/a>\n\t\t\t\t\t<\/div>\n\t\t\t\t\t\t\t\t\t<div class=\"icon\">\n\t\t\t\t\t\t<a href=\"https:\/\/www.facebook.com\/morningscore\" target=\"_blank\" rel=\"noopener\">\n\t\t\t\t\t\t\t<div class=\"icon-image\">\n\t\t\t\t\t\t\t\t<img loading=\"lazy\" decoding=\"async\" src=\"data:image\/png;base64,iVBORw0KGgoAAAANSUhEUgAAAAEAAAABCAQAAAC1HAwCAAAAC0lEQVR42mNkYAAAAAYAAjCB0C8AAAAASUVORK5CYII=\" class=\"lozad\" alt=\"\" width=\"42\" height=\"42\" sizes=\"auto, 1px\" data-src=\"https:\/\/morningscore.io\/wp-content\/uploads\/2022\/12\/facebook-icon.svg\">\t\t\t\t\t\t\t<\/div>\n\t\t\t\t\t\t<\/a>\n\t\t\t\t\t<\/div>\n\t\t\t\t\t\t\t<\/div>\n\t\t<\/div>\n\t<\/div>\n\t<script>\n\t\twindow.contact_form_url = \"https:\/\/morningscore.io\/wp-admin\/admin-ajax.php\"\n\t<\/script>\n<\/section>\n<\/div><\/div><\/div><\/div><noscript><img loading=\"lazy\" decoding=\"async\" width=\"1514\" height=\"1010\" src=\"https:\/\/morningscore.io\/wp-content\/uploads\/2024\/12\/contact.png\" class=\"lozad\" alt=\"\" sizes=\"auto, (max-width: 1514px) 100vw, 1514px\" data-src=\"https:\/\/morningscore.io\/wp-content\/uploads\/2024\/12\/contact.png\" data-srcset=\"https:\/\/morningscore.io\/wp-content\/uploads\/2024\/12\/contact.png 1514w, https:\/\/morningscore.io\/wp-content\/uploads\/2024\/12\/contact-300x200.png 300w\" srcset=\"https:\/\/morningscore.io\/wp-content\/uploads\/2024\/12\/contact.png 1514w, https:\/\/morningscore.io\/wp-content\/uploads\/2024\/12\/contact-300x200.png 300w\"><\/noscript><noscript><img loading=\"lazy\" decoding=\"async\" src=\"https:\/\/morningscore.io\/wp-content\/uploads\/2023\/04\/chat-icon.png\" class=\"lozad\" alt=\"\" width=\"266\" height=\"266\" sizes=\"auto, 1px\" data-src=\"https:\/\/morningscore.io\/wp-content\/uploads\/2023\/04\/chat-icon.png\"><\/noscript><noscript><img loading=\"lazy\" decoding=\"async\" src=\"https:\/\/morningscore.io\/wp-content\/uploads\/2022\/12\/instagram.svg\" class=\"lozad\" alt=\"\" width=\"42\" height=\"42\" sizes=\"auto, 1px\" data-src=\"https:\/\/morningscore.io\/wp-content\/uploads\/2022\/12\/instagram.svg\"><\/noscript><noscript><img loading=\"lazy\" decoding=\"async\" src=\"https:\/\/morningscore.io\/wp-content\/uploads\/2022\/12\/linkedin-icon.svg\" class=\"lozad\" alt=\"\" width=\"42\" height=\"42\" sizes=\"auto, 1px\" data-src=\"https:\/\/morningscore.io\/wp-content\/uploads\/2022\/12\/linkedin-icon.svg\"><\/noscript><noscript><img loading=\"lazy\" decoding=\"async\" src=\"https:\/\/morningscore.io\/wp-content\/uploads\/2022\/12\/facebook-icon.svg\" class=\"lozad\" alt=\"\" width=\"42\" height=\"42\" sizes=\"auto, 1px\" data-src=\"https:\/\/morningscore.io\/wp-content\/uploads\/2022\/12\/facebook-icon.svg\"><\/noscript>","protected":false},"excerpt":{"rendered":"<p>Lunes &#8211; viernes | 9h &#8211; 16h CET No nos hacemos los dif\u00edciles \u00a1Cont\u00e1ctanos donde sea! Tu equipo de tierra est\u00e1 aqu\u00ed para ayudarte en numerosos canales. Queremos que te sientas bienvenido. Ponte en contacto Resolvamos tu problema \u00bfQu\u00e9 buscas? Si necesitas soporte por correo electr\u00f3nico personal\u00a0 o quieres contactarnos por chat, estamos aqu\u00ed para [&hellip;]<\/p>\n","protected":false},"author":15,"featured_media":0,"parent":0,"menu_order":0,"comment_status":"closed","ping_status":"closed","template":"","meta":{"_acf_changed":false,"inline_featured_image":false,"footnotes":""},"class_list":["post-65746","page","type-page","status-publish","hentry"],"acf":[],"_links":{"self":[{"href":"https:\/\/morningscore.io\/es\/wp-json\/wp\/v2\/pages\/65746","targetHints":{"allow":["GET"]}}],"collection":[{"href":"https:\/\/morningscore.io\/es\/wp-json\/wp\/v2\/pages"}],"about":[{"href":"https:\/\/morningscore.io\/es\/wp-json\/wp\/v2\/types\/page"}],"author":[{"embeddable":true,"href":"https:\/\/morningscore.io\/es\/wp-json\/wp\/v2\/users\/15"}],"replies":[{"embeddable":true,"href":"https:\/\/morningscore.io\/es\/wp-json\/wp\/v2\/comments?post=65746"}],"version-history":[{"count":5,"href":"https:\/\/morningscore.io\/es\/wp-json\/wp\/v2\/pages\/65746\/revisions"}],"predecessor-version":[{"id":69277,"href":"https:\/\/morningscore.io\/es\/wp-json\/wp\/v2\/pages\/65746\/revisions\/69277"}],"wp:attachment":[{"href":"https:\/\/morningscore.io\/es\/wp-json\/wp\/v2\/media?parent=65746"}],"curies":[{"name":"wp","href":"https:\/\/api.w.org\/{rel}","templated":true}]}}