{"id":65707,"date":"2025-07-02T12:50:14","date_gmt":"2025-07-02T12:50:14","guid":{"rendered":"https:\/\/morningscore.io\/?page_id=65707"},"modified":"2025-07-02T13:02:02","modified_gmt":"2025-07-02T13:02:02","slug":"blog","status":"publish","type":"page","link":"https:\/\/morningscore.io\/es\/blog\/","title":{"rendered":"Blog &#8211; ES"},"content":{"rendered":"<div id=\"pl-65707\" class=\"panel-layout\"><div id=\"pg-65707-0\" class=\"panel-grid panel-no-style\"><div id=\"pgc-65707-0-0\" class=\"panel-grid-cell\"><section class=\"hero  gradient_with_balls\" data-hero-layout=\"curved-no-image\" data-image-sizing=\"overflow\" data-headline-is-long=\"true\" style=\"--hero-headline-size-multiplier: 1;position: relative;--hero-text-color: #312E81;\" data-side-type=\"image\">\n\n            <div class=\"hero-bg gradient_with_balls\" style=\"--gradient-start-color: #0A0A4D;--gradient-end-color: #563AC9;--gradient-angle: -180deg;background: none; overflow: visible;\">\n            \n                            <style>\n                    .floating-balls-wrapper {\n                        position: absolute;\n                        inset: 0;\n                        width: 100%;\n                        height: 180vh;\n                        pointer-events: none;\n                        overflow: hidden;\n                        z-index: -1;\n                    }\n\n                    .floating-balls-wrapper .ball {\n                        position: absolute;\n                        border-radius: 50%;\n                        backface-visibility: hidden;\n                        list-style: none;\n                        background: linear-gradient(to bottom left, rgba(224,231,255, 0.3), rgba(196,181,253, 0.3));\n                        filter: blur(2px);\n                    }\n\n                <\/style>\n                <div style=\"position: absolute;left: 0;top: -3.9rem;width: 100%;height: 120vh;z-index: -1;\">\n                    <div style=\"position: absolute;left: 0;top: 0;width: 100%;height: 100%;background-image: radial-gradient(circle at 40% 0%, #5439C53C 0%, transparent 50%), radial-gradient(circle at 0% 120%, #5439C53C 0%, transparent 50%), radial-gradient(circle at 100% 100%, #C4B5FDAA 0%, transparent 50%);mask-image: linear-gradient(180deg, white 90%, transparent 100%);\">\n                        <ul class=\"floating-balls-wrapper\"><\/ul>\n                    <\/div>\n                <\/div>\n                    <\/div>\n    \n\n    \n\n    <div class=\"inner-content\">\n        <div class=\"hero-main\">\n\n            \n            <h1><span style=\"color:73ffee\">Blog de Morningscore:<br><\/span> Todo sobre SEO en un solo lugar<\/h1>\n\n            \n                            <div class=\"hero-subcontent\" data-margin=\"true\">\n                    <div class=\"hero-content \">\n                        <p>Bienvenido al universo del blog de Morningscore - un lugar donde compartimos informaci\u00f3n, conocimientos y estrategias de SEO para ayudar a que tu negocio tenga \u00e9xito en l\u00ednea. Nuestro objetivo es ser tu socio de SEO, no solo una herramienta, por lo que aqu\u00ed hemos reunido nuestros mejores consejos, gu\u00edas pr\u00e1cticas y las \u00faltimas tendencias en SEO y marketing digital.<\/p>\n                    <\/div>\n\n                    \n                    \n\n                                            <div class=\"so-widget-mssub-buttons so-widget-\">\n<\/div>                    \n                                            <div class=\"hero-extra-content\">\n                                                    <\/div>\n                    \n                <\/div>\n            \n            \n        <\/div>\n\n        \n    <\/div>\n\n    <\/section>\n<\/div><\/div><div id=\"pg-65707-1\" class=\"panel-grid panel-no-style\"><div id=\"pgc-65707-1-0\" class=\"panel-grid-cell\">\n<section class=\"archive\">\n    <div class=\"inner-content\">\n                \n        <div class=\"archive-container\">\n                            <div class=\"archive-posts cards\">\n                                            <a href=\"https:\/\/morningscore.io\/es\/como-usar-cloudflare-para-rastrear-y-analizar-el-registro-de-bots-de-ia\/\" class=\"archive-post card-shadow card-with-image\">\n                            <figure>\n                                <img decoding=\"async\" src=\"data:image\/png;base64,iVBORw0KGgoAAAANSUhEUgAAAAEAAAABCAQAAAC1HAwCAAAAC0lEQVR42mNkYAAAAAYAAjCB0C8AAAAASUVORK5CYII=\" alt=\"C\u00f3mo usar Cloudflare para rastrear y analizar el registro de bots de IA\" loading=\"lazy\" data-src=\"https:\/\/morningscore.io\/wp-content\/uploads\/2026\/01\/ai-bot-log-analytics-cloudflare-guide-5-682x384.png\">\n                            <\/figure>\n                            <div class=\"card-content text small\">\n                                <span class=\"archive-post-byline\">\n                                                                            <span class=\"archive-post-category\">Sin categor\u00eda<\/span>\n                                                                        <time datetime=\"2026-04-02 09:47:41\" title=\"April 2, 2026\">\n                                        April 2, 2026                                    <\/time>\n                                <\/span>\n                                <h6 class=\"archive-post-title\">C\u00f3mo usar Cloudflare para rastrear y analizar el registro de bots de IA<\/h6>\n                                <p class=\"archive-post-excerpt\">El an\u00e1lisis de archivos de registro del servidor se ha convertido en la nueva habilidad genial del marketing, ahora que la IA es tan dif\u00edcil de rastrear en g<\/p>\n                            <\/div>\n                        <\/a>\n                                            <a href=\"https:\/\/morningscore.io\/es\/las-mejores-herramientas-de-seo\/\" class=\"archive-post card-shadow card-with-image\">\n                            <figure>\n                                <img decoding=\"async\" src=\"data:image\/png;base64,iVBORw0KGgoAAAANSUhEUgAAAAEAAAABCAQAAAC1HAwCAAAAC0lEQVR42mNkYAAAAAYAAjCB0C8AAAAASUVORK5CYII=\" alt=\"Las 20 mejores herramientas SEO a enero de 2026: Herramientas gratuitas y de pago probadas personalmente\" loading=\"lazy\" data-src=\"https:\/\/morningscore.io\/wp-content\/uploads\/2025\/05\/best-seo-tools-test-682x384.png\">\n                            <\/figure>\n                            <div class=\"card-content text small\">\n                                <span class=\"archive-post-byline\">\n                                                                            <span class=\"archive-post-category\">SEO<\/span>\n                                                                        <time datetime=\"2026-01-13 15:38:48\" title=\"January 13, 2026\">\n                                        January 13, 2026                                    <\/time>\n                                <\/span>\n                                <h6 class=\"archive-post-title\">Las 20 mejores herramientas SEO a enero de 2026: Herramientas gratuitas y de pago probadas personalmente<\/h6>\n                                <p class=\"archive-post-excerpt\">Hay m\u00e1s de 450 herramientas SEO en el mundo. El n\u00famero ha crecido en 100 en mi recuento de 2026 debido a muchas nuevas herramientas de visibilidad de IA (GEO<\/p>\n                            <\/div>\n                        <\/a>\n                                            <a href=\"https:\/\/morningscore.io\/es\/como-rastrear-las-ai-overviews\/\" class=\"archive-post card-shadow card-with-image\">\n                            <figure>\n                                <img decoding=\"async\" src=\"data:image\/png;base64,iVBORw0KGgoAAAANSUhEUgAAAAEAAAABCAQAAAC1HAwCAAAAC0lEQVR42mNkYAAAAAYAAjCB0C8AAAAASUVORK5CYII=\" alt=\"C\u00f3mo realizar un seguimiento de los AI Overviews - sencillo y f\u00e1cil con Morningscore\" loading=\"lazy\" data-src=\"https:\/\/morningscore.io\/wp-content\/uploads\/2025\/08\/morningscore-blog-cover.png\">\n                            <\/figure>\n                            <div class=\"card-content text small\">\n                                <span class=\"archive-post-byline\">\n                                                                            <span class=\"archive-post-category\">Sin categor\u00eda<\/span>\n                                                                        <time datetime=\"2025-10-31 13:16:36\" title=\"October 31, 2025\">\n                                        October 31, 2025                                    <\/time>\n                                <\/span>\n                                <h6 class=\"archive-post-title\">C\u00f3mo realizar un seguimiento de los AI Overviews - sencillo y f\u00e1cil con Morningscore<\/h6>\n                                <p class=\"archive-post-excerpt\">Tus paneles de SEO dicen que todo est\u00e1 bien. Tus palabras clave son estables, las posiciones parecen s\u00f3lidas y la calidad del contenido es mejor que nunca. S<\/p>\n                            <\/div>\n                        <\/a>\n                                            <a href=\"https:\/\/morningscore.io\/es\/plugin-automatico-de-seo-para-wordpress-rank-ai\/\" class=\"archive-post card-shadow card-with-image\">\n                            <figure>\n                                <img decoding=\"async\" src=\"data:image\/png;base64,iVBORw0KGgoAAAANSUhEUgAAAAEAAAABCAQAAAC1HAwCAAAAC0lEQVR42mNkYAAAAAYAAjCB0C8AAAAASUVORK5CYII=\" alt=\"Plugin autom\u00e1tico de SEO para WordPress: RANK AI\" loading=\"lazy\" data-src=\"https:\/\/morningscore.io\/wp-content\/themes\/mtt-wordpress-theme\/assets\/img\/single-post-cover.png\">\n                            <\/figure>\n                            <div class=\"card-content text small\">\n                                <span class=\"archive-post-byline\">\n                                                                            <span class=\"archive-post-category\">Sin categor\u00eda<\/span>\n                                                                        <time datetime=\"2025-09-19 08:59:31\" title=\"September 19, 2025\">\n                                        September 19, 2025                                    <\/time>\n                                <\/span>\n                                <h6 class=\"archive-post-title\">Plugin autom\u00e1tico de SEO para WordPress: RANK AI<\/h6>\n                                <p class=\"archive-post-excerpt\">Ahora puedes automatizar completamente las correcciones de salud SEO in situ con Morningscore y este nuevo plugin de WordPress donde t\u00fa eres el due\u00f1o<\/p>\n                            <\/div>\n                        <\/a>\n                                            <a href=\"https:\/\/morningscore.io\/es\/buscando-mas-visibilidad-en-chatgpt\/\" class=\"archive-post card-shadow card-with-image\">\n                            <figure>\n                                <img decoding=\"async\" src=\"data:image\/png;base64,iVBORw0KGgoAAAANSUhEUgAAAAEAAAABCAQAAAC1HAwCAAAAC0lEQVR42mNkYAAAAAYAAjCB0C8AAAAASUVORK5CYII=\" alt=\"Diario GEO - Sigue 10 d\u00edas en la vida de un chico intentando obtener m\u00e1s visibilidad en ChatGPT \ud83e\udd20\" loading=\"lazy\" data-src=\"https:\/\/morningscore.io\/wp-content\/themes\/mtt-wordpress-theme\/assets\/img\/single-post-cover.png\">\n                            <\/figure>\n                            <div class=\"card-content text small\">\n                                <span class=\"archive-post-byline\">\n                                                                            <span class=\"archive-post-category\">IA<\/span>\n                                                                        <time datetime=\"2025-09-11 06:40:56\" title=\"September 11, 2025\">\n                                        September 11, 2025                                    <\/time>\n                                <\/span>\n                                <h6 class=\"archive-post-title\">Diario GEO - Sigue 10 d\u00edas en la vida de un chico intentando obtener m\u00e1s visibilidad en ChatGPT \ud83e\udd20<\/h6>\n                                <p class=\"archive-post-excerpt\">Querido diario, he pasado 10 d\u00edas en las trincheras embarradas luchando para que nuestra marca aparezca en ChatGPT\nD\u00eda 1: Comentarios y publicaciones<\/p>\n                            <\/div>\n                        <\/a>\n                                            <a href=\"https:\/\/morningscore.io\/es\/primeros-resultados-con-geo-en-chatgpt\/\" class=\"archive-post card-shadow card-with-image\">\n                            <figure>\n                                <img decoding=\"async\" src=\"data:image\/png;base64,iVBORw0KGgoAAAANSUhEUgAAAAEAAAABCAQAAAC1HAwCAAAAC0lEQVR42mNkYAAAAAYAAjCB0C8AAAAASUVORK5CYII=\" alt=\"Primeros resultados con GEO (posicionamiento en ChatGPT)\" loading=\"lazy\" data-src=\"https:\/\/morningscore.io\/wp-content\/themes\/mtt-wordpress-theme\/assets\/img\/single-post-cover.png\">\n                            <\/figure>\n                            <div class=\"card-content text small\">\n                                <span class=\"archive-post-byline\">\n                                                                            <span class=\"archive-post-category\">IA<\/span>\n                                                                        <time datetime=\"2025-09-11 06:25:30\" title=\"September 11, 2025\">\n                                        September 11, 2025                                    <\/time>\n                                <\/span>\n                                <h6 class=\"archive-post-title\">Primeros resultados con GEO (posicionamiento en ChatGPT)<\/h6>\n                                <p class=\"archive-post-excerpt\">Pas\u00e9 de la teor\u00eda a la pr\u00e1ctica y ahora a los resultados con GEO en 72 horas.\nAs\u00ed que estoy trabajando en nuestro propio GEO (optimizando para ChatG<\/p>\n                            <\/div>\n                        <\/a>\n                                    <\/div>\n                \n                                    <div class=\"pagination\">\n                                                \n                                                                                    <span class=\"pagination-current\" aria-current=\"page\" aria-label=\"Page 1, current page\">\n                                    1                                <\/span>\n                                                                                                                <a href=\"https:\/\/morningscore.io\/es\/wp-json\/wp\/v2\/pages\/65707\/page\/2\/\" aria-label=\"Page 2\">\n                                    2                                <\/a>\n                                                                                                                <a href=\"https:\/\/morningscore.io\/es\/wp-json\/wp\/v2\/pages\/65707\/page\/3\/\" aria-label=\"Page 3\">\n                                    3                                <\/a>\n                                                                                                                <a href=\"https:\/\/morningscore.io\/es\/wp-json\/wp\/v2\/pages\/65707\/page\/4\/\" aria-label=\"Page 4\">\n                                    4                                <\/a>\n                                                                                                                <a href=\"https:\/\/morningscore.io\/es\/wp-json\/wp\/v2\/pages\/65707\/page\/5\/\" aria-label=\"Page 5\">\n                                    5                                <\/a>\n                                                                                                                <a href=\"https:\/\/morningscore.io\/es\/wp-json\/wp\/v2\/pages\/65707\/page\/6\/\" aria-label=\"Page 6\">\n                                    6                                <\/a>\n                                                                                                                <a href=\"https:\/\/morningscore.io\/es\/wp-json\/wp\/v2\/pages\/65707\/page\/7\/\" aria-label=\"Page 7\">\n                                    7                                <\/a>\n                                                                                                                <a href=\"https:\/\/morningscore.io\/es\/wp-json\/wp\/v2\/pages\/65707\/page\/8\/\" aria-label=\"Page 8\">\n                                    8                                <\/a>\n                                                                                                                <a href=\"https:\/\/morningscore.io\/es\/wp-json\/wp\/v2\/pages\/65707\/page\/9\/\" aria-label=\"Page 9\">\n                                    9                                <\/a>\n                                                                                                                <a href=\"https:\/\/morningscore.io\/es\/wp-json\/wp\/v2\/pages\/65707\/page\/10\/\" aria-label=\"Page 10\">\n                                    10                                <\/a>\n                                                                                                                <a href=\"https:\/\/morningscore.io\/es\/wp-json\/wp\/v2\/pages\/65707\/page\/11\/\" aria-label=\"Page 11\">\n                                    11                                <\/a>\n                                                                                                                <a href=\"https:\/\/morningscore.io\/es\/wp-json\/wp\/v2\/pages\/65707\/page\/12\/\" aria-label=\"Page 12\">\n                                    12                                <\/a>\n                                                                                                                <a href=\"https:\/\/morningscore.io\/es\/wp-json\/wp\/v2\/pages\/65707\/page\/13\/\" aria-label=\"Page 13\">\n                                    13                                <\/a>\n                                                                                                                <a href=\"https:\/\/morningscore.io\/es\/wp-json\/wp\/v2\/pages\/65707\/page\/14\/\" aria-label=\"Page 14\">\n                                    14                                <\/a>\n                                                                                                                <a href=\"https:\/\/morningscore.io\/es\/wp-json\/wp\/v2\/pages\/65707\/page\/15\/\" aria-label=\"Page 15\">\n                                    15                                <\/a>\n                                                                                                                <a href=\"https:\/\/morningscore.io\/es\/wp-json\/wp\/v2\/pages\/65707\/page\/16\/\" aria-label=\"Page 16\">\n                                    16                                <\/a>\n                                                                                                                <a href=\"https:\/\/morningscore.io\/es\/wp-json\/wp\/v2\/pages\/65707\/page\/17\/\" aria-label=\"Page 17\">\n                                    17                                <\/a>\n                                                                            \n                                                    <a href=\"https:\/\/morningscore.io\/es\/wp-json\/wp\/v2\/pages\/65707\/page\/2\/\" class=\"pagination-next\" rel=\"next\" aria-label=\"Next page\">\n                                Next                            <\/a>\n                                            <\/div>\n                                    <\/div>\n    <\/div>\n<\/section>\n<\/div><\/div><\/div><noscript><img decoding=\"async\" src=\"https:\/\/morningscore.io\/wp-content\/uploads\/2026\/01\/ai-bot-log-analytics-cloudflare-guide-5-682x384.png\" alt=\"C\u00f3mo usar Cloudflare para rastrear y analizar el registro de bots de IA\" loading=\"lazy\" data-src=\"https:\/\/morningscore.io\/wp-content\/uploads\/2026\/01\/ai-bot-log-analytics-cloudflare-guide-5-682x384.png\"><\/noscript><noscript><img decoding=\"async\" src=\"https:\/\/morningscore.io\/wp-content\/uploads\/2025\/05\/best-seo-tools-test-682x384.png\" alt=\"Las 20 mejores herramientas SEO a enero de 2026: Herramientas gratuitas y de pago probadas personalmente\" loading=\"lazy\" data-src=\"https:\/\/morningscore.io\/wp-content\/uploads\/2025\/05\/best-seo-tools-test-682x384.png\"><\/noscript><noscript><img decoding=\"async\" src=\"https:\/\/morningscore.io\/wp-content\/uploads\/2025\/08\/morningscore-blog-cover.png\" alt=\"C\u00f3mo realizar un seguimiento de los AI Overviews - sencillo y f\u00e1cil con Morningscore\" loading=\"lazy\" data-src=\"https:\/\/morningscore.io\/wp-content\/uploads\/2025\/08\/morningscore-blog-cover.png\"><\/noscript><noscript><img decoding=\"async\" src=\"https:\/\/morningscore.io\/wp-content\/themes\/mtt-wordpress-theme\/assets\/img\/single-post-cover.png\" alt=\"Plugin autom\u00e1tico de SEO para WordPress: RANK AI\" loading=\"lazy\" data-src=\"https:\/\/morningscore.io\/wp-content\/themes\/mtt-wordpress-theme\/assets\/img\/single-post-cover.png\"><\/noscript><noscript><img decoding=\"async\" src=\"https:\/\/morningscore.io\/wp-content\/themes\/mtt-wordpress-theme\/assets\/img\/single-post-cover.png\" alt=\"Diario GEO - Sigue 10 d\u00edas en la vida de un chico intentando obtener m\u00e1s visibilidad en ChatGPT \ud83e\udd20\" loading=\"lazy\" data-src=\"https:\/\/morningscore.io\/wp-content\/themes\/mtt-wordpress-theme\/assets\/img\/single-post-cover.png\"><\/noscript><noscript><img decoding=\"async\" src=\"https:\/\/morningscore.io\/wp-content\/themes\/mtt-wordpress-theme\/assets\/img\/single-post-cover.png\" alt=\"Primeros resultados con GEO (posicionamiento en ChatGPT)\" loading=\"lazy\" data-src=\"https:\/\/morningscore.io\/wp-content\/themes\/mtt-wordpress-theme\/assets\/img\/single-post-cover.png\"><\/noscript>","protected":false},"excerpt":{"rendered":"<p>Blog de Morningscore: Todo sobre SEO en un solo lugar Bienvenido al universo del blog de Morningscore &#8211; un lugar donde compartimos informaci\u00f3n, conocimientos y estrategias de SEO para ayudar a que tu negocio tenga \u00e9xito en l\u00ednea. Nuestro objetivo es ser tu socio de SEO, no solo una herramienta, por lo que aqu\u00ed hemos [&hellip;]<\/p>\n","protected":false},"author":15,"featured_media":0,"parent":0,"menu_order":235,"comment_status":"closed","ping_status":"closed","template":"","meta":{"_acf_changed":false,"inline_featured_image":false,"footnotes":""},"class_list":["post-65707","page","type-page","status-publish","hentry"],"acf":[],"_links":{"self":[{"href":"https:\/\/morningscore.io\/es\/wp-json\/wp\/v2\/pages\/65707","targetHints":{"allow":["GET"]}}],"collection":[{"href":"https:\/\/morningscore.io\/es\/wp-json\/wp\/v2\/pages"}],"about":[{"href":"https:\/\/morningscore.io\/es\/wp-json\/wp\/v2\/types\/page"}],"author":[{"embeddable":true,"href":"https:\/\/morningscore.io\/es\/wp-json\/wp\/v2\/users\/15"}],"replies":[{"embeddable":true,"href":"https:\/\/morningscore.io\/es\/wp-json\/wp\/v2\/comments?post=65707"}],"version-history":[{"count":2,"href":"https:\/\/morningscore.io\/es\/wp-json\/wp\/v2\/pages\/65707\/revisions"}],"predecessor-version":[{"id":65718,"href":"https:\/\/morningscore.io\/es\/wp-json\/wp\/v2\/pages\/65707\/revisions\/65718"}],"wp:attachment":[{"href":"https:\/\/morningscore.io\/es\/wp-json\/wp\/v2\/media?parent=65707"}],"curies":[{"name":"wp","href":"https:\/\/api.w.org\/{rel}","templated":true}]}}