{"id":36909,"date":"2023-04-03T13:22:46","date_gmt":"2023-04-03T13:22:46","guid":{"rendered":"https:\/\/morningscore.io\/contact\/"},"modified":"2025-03-27T10:56:06","modified_gmt":"2025-03-27T10:56:06","slug":"contact","status":"publish","type":"page","link":"https:\/\/morningscore.io\/de\/contact\/","title":{"rendered":"Contact DE"},"content":{"rendered":"<div id=\"pl-36909\" class=\"panel-layout\"><div id=\"pg-36909-0\" class=\"panel-grid panel-no-style\"><div id=\"pgc-36909-0-0\" class=\"panel-grid-cell\"><section class=\"hero  gradient_with_balls\" data-hero-layout=\"curved-v3-4-mask-left\" data-image-sizing=\"inner-no-overflow\" data-image-frame=\"rounded\" style=\"--hero-headline-size-multiplier: 1;position: relative;--hero-text-color: #312E81;\" data-side-type=\"image\">\n\n            <div class=\"hero-bg gradient_with_balls\" style=\"--gradient-start-color: #0A0A4D;--gradient-end-color: #563AC9;--gradient-angle: -180deg;background: none; overflow: visible;\">\n            \n                            <style>\n                    .floating-balls-wrapper {\n                        position: absolute;\n                        inset: 0;\n                        width: 100%;\n                        height: 180vh;\n                        pointer-events: none;\n                        overflow: hidden;\n                        z-index: -1;\n                    }\n\n                    .floating-balls-wrapper .ball {\n                        position: absolute;\n                        border-radius: 50%;\n                        backface-visibility: hidden;\n                        list-style: none;\n                        background: linear-gradient(to bottom left, rgba(224,231,255, 0.3), rgba(196,181,253, 0.3));\n                        filter: blur(2px);\n                    }\n\n                <\/style>\n                <div style=\"position: absolute;left: 0;top: -3.9rem;width: 100%;height: 120vh;z-index: -1;\">\n                    <div style=\"position: absolute;left: 0;top: 0;width: 100%;height: 100%;background-image: radial-gradient(circle at 40% 0%, #5439C53C 0%, transparent 50%), radial-gradient(circle at 0% 120%, #5439C53C 0%, transparent 50%), radial-gradient(circle at 100% 100%, #C4B5FDAA 0%, transparent 50%);mask-image: linear-gradient(180deg, white 90%, transparent 100%);\">\n                        <ul class=\"floating-balls-wrapper\"><\/ul>\n                    <\/div>\n                <\/div>\n                    <\/div>\n    \n\n    \n\n    <div class=\"inner-content\">\n        <div class=\"hero-main\">\n\n                            <h2 class=\"section-subheading\">Kontakt<\/h2>\n            \n            <h1>Wir spielen nicht \"schwer zu haben\"<\/h1>\n\n            \n                            <div class=\"hero-subcontent\" data-margin=\"true\">\n                    <div class=\"hero-content \">\n                        <p>Erreiche uns \u00fcberall! Dein Bodenpersonal ist hier, um dir auf zahlreichen Kan\u00e4len zu helfen. Wir m\u00f6chten, dass du dich willkommen f\u00fchlst.<\/p>\n                    <\/div>\n\n                    \n                    \n\n                                            <div class=\"so-widget-mssub-buttons so-widget-mssub-buttons-base\">\n\t\n\t\t\t<a href=\"#\" onclick=\"event.preventDefault();document.querySelector('#contact').scrollIntoView({behavior: 'smooth'});\" class=\"btn btn-primary\">Kontakt aufnehmen<\/a>\n\t<\/div>                    \n                                            <div class=\"hero-extra-content\">\n                                                    <\/div>\n                    \n                <\/div>\n            \n            \n        <\/div>\n\n                    <div class=\"hero-side\">\n                                    <figure>\n                        <img loading=\"lazy\" decoding=\"async\" width=\"1000\" height=\"640\" src=\"data:image\/png;base64,iVBORw0KGgoAAAANSUhEUgAAAAEAAAABCAQAAAC1HAwCAAAAC0lEQVR42mNkYAAAAAYAAjCB0C8AAAAASUVORK5CYII=\" class=\"lozad\" alt=\"teamet bag Morningscore\" sizes=\"auto, (max-width: 1000px) 100vw, 1000px\" data-src=\"https:\/\/morningscore.io\/wp-content\/uploads\/2023\/04\/team-morningscore-copy.jpg\" data-srcset=\"https:\/\/morningscore.io\/wp-content\/uploads\/2023\/04\/team-morningscore-copy.jpg 1000w, https:\/\/morningscore.io\/wp-content\/uploads\/2023\/04\/team-morningscore-copy-300x192.jpg 300w\">                    <\/figure>\n                \n                            <\/div>\n        \n    <\/div>\n\n    <\/section>\n<section class=\"contact-cards-container default\">\n\t<div class=\"inner-content\">\n\t\t<div class=\"text-content\">\n\t\t\t<div class=\"so-widget-mssub-section-header so-widget-mssub-section-header-base\"><div class=\"section-header\" data-layout=\"headline-centered\">\n\t<span class=\"section-subheading\">Lass uns dein Problem l\u00f6sen<\/span>\n\t<div class=\"section-col section-col-1\">\n\t\t<h2 class=\"section-heading\"> Wonach suchst du?<\/h2>\n\t<\/div>\n\n\t\t\n<\/div>\n<\/div>\n\t\t\t<div class=\"text\">\n\t\t\t\tEgal, ob du <a style=\"color: #5439c5;\" href=\"mailto:mail@morningscore.io\">pers\u00f6nliche Unterst\u00fctzung<\/a> oder einen <a style=\"color: #5439c5;\" href=\"\/de\/blog\">guten Rat<\/a> brauchst, um mit SEO erfolgreich zu sein, wir sind f\u00fcr dich da.\n<br><br>\nDas Team ist deine Bodencrew und sorgt daf\u00fcr, dass jeder Zentimeter deines Cockpits reibungslos funktioniert. Wenn dich etwas st\u00f6rt, z\u00f6gere nicht, uns zu kontaktieren!\n<br><br>\nAls Nutzer von Morningscore hast du auch Zugang zu unserer Community, der <span style=\"color: #43c9c3;\">Base<\/span>. Ein hervorragender Ort, um ebenfalls Hilfe zu finden.\t\t\t<\/div>\n\t\t<\/div>\n\t\t<div class=\"cards-content\">\n\t\t\t\n\t\t\t\t<div class=\"card\">\n\t\t\t\t\t<div class=\"text-container\">\n\t\t\t\t\t\t<div class=\"title\">Brauchst du Hilfe im Tool?<\/div>\n\t\t\t\t\t\t<div class=\"subtitle\">Besuche unseren Helpdesk<\/div>\n\t\t\t\t\t<\/div>\n\t\t\t\t\t<div class=\"button-container\">\n\t\t\t\t\t\t<div class=\"so-widget-mssub-buttons so-widget-mssub-buttons-base\">\n\t\n\t\t\t\t\t<a href=\"https:\/\/help.morningscore.io\/en\/\" class=\"btn btn-outline\" target=\"_blank\">Zum Help section (Englisch)<\/a>\n\t<\/div>\t\t\t\t\t<\/div>\n\t\t\t\t<\/div>\n\n\t\t\t\n\t\t\t\t<div class=\"card\">\n\t\t\t\t\t<div class=\"text-container\">\n\t\t\t\t\t\t<div class=\"title\">Eine pers\u00f6nliche Vorf\u00fchrung?<\/div>\n\t\t\t\t\t\t<div class=\"subtitle\">Lass uns einen Termin festlegen<\/div>\n\t\t\t\t\t<\/div>\n\t\t\t\t\t<div class=\"button-container\">\n\t\t\t\t\t\t<div class=\"so-widget-mssub-buttons so-widget-mssub-buttons-base\">\n\t\n\t\t\t\t\t<a href=\"https:\/\/meetings.hubspot.com\/ruben-stochholm\/demos-from-contact-page-httpsmorningscoreiocontact\" class=\"btn btn-outline\" target=\"_blank\" rel=\"noopener\">Buchvorf\u00fchrung<\/a>\n\t<\/div>\t\t\t\t\t<\/div>\n\t\t\t\t<\/div>\n\n\t\t\t\n\t\t\t\t<div class=\"card\">\n\t\t\t\t\t<div class=\"text-container\">\n\t\t\t\t\t\t<div class=\"title\">Willst du mit uns chatten?<\/div>\n\t\t\t\t\t\t<div class=\"subtitle\">Der Chat ist werktags von 9 bis 16 Uhr ge\u00f6ffnet<\/div>\n\t\t\t\t\t<\/div>\n\t\t\t\t\t<div class=\"button-container\">\n\t\t\t\t\t\t<div class=\"so-widget-mssub-buttons so-widget-mssub-buttons-base\">\n\t\n\t\t\t\t\t<a href=\"mailto:mail@morningscore.io\" onclick=\"if(typeof $crisp !== 'undefined'){event.preventDefault();$crisp.push(['do', 'chat:open']);}\" class=\"btn btn-outline\">Mit uns chatten<\/a>\n\t<\/div>\t\t\t\t\t<\/div>\n\t\t\t\t<\/div>\n\n\t\t\t\t\t<\/div>\n\t<\/div>\n<\/section>\n<div id=\"contact\" class=\"panel-widget-style panel-widget-style-for-36909-0-0-2\"><section class=\"contact-form-and-info-container default\">\n\t<div class=\"curved-bg\"><\/div>\n\t<div class=\"inner-content\">\n\t\t<div class=\"so-widget-mssub-section-header so-widget-mssub-section-header-base\"><div class=\"section-header\" data-layout=\"headline-text\">\n\t<span class=\"section-subheading\">Erreichen<\/span>\n\t<div class=\"section-col section-col-1\">\n\t\t<h2 class=\"section-heading\">Es gibt eine Antwort auf deine Frage<\/h2>\n\t<\/div>\n\n\t\t<div class=\"section-col section-col-2\">\n\n\t\t\n\t\t\t\t\t<div class=\"col-text text\"><\/div>\n\t\t\n\t\t\n\t<\/div>\n\t\t\n<\/div>\n<\/div>\t<\/div>\n\t<div class=\"inner-content card\">\n        <div class=\"main-content\">\n            <div class=\"form-content\">\n                <form class=\"form form-contact form-send-ajax\" enctype=\"multipart\/form-data\">\n\n                    <div class=\"form-field\">\n                        <input type=\"text\" name=\"name\" placeholder=\"Name...\" required>\n                    <\/div>\n\n                    <div class=\"form-field\">\n                        <input type=\"email\" name=\"email\" placeholder=\"Email...\" required>\n                    <\/div>\n\n                    <div class=\"form-field\">\n                        <input type=\"text\" name=\"company\" placeholder=\"Unternehmen...\" required>\n                    <\/div>\n\n                    <div class=\"form-field\">\n                    <textarea name=\"message\" placeholder=\"Nachricht...\" required><\/textarea>\n                    <\/div>\n\n                    \n                    <div class=\"button-container\">\n                        <div class=\"so-widget-mssub-buttons so-widget-mssub-buttons-base\">\n\t\n\t\t\t<button type=\"submit\" class=\"btn btn-outline\">Anfrage senden<\/button>\n\t<\/div>                        <div class=\"loader\"><\/div>\n                    <\/div>\n                    <div class=\"success-message\">\n                        <div class=\"checkmark ii ii-checkmark-circle\"><\/div>\n                        <div class=\"title\">\n                            Danke, dass du dich bei uns meldest!                         <\/div>\n                        <div class=\"subtitle\">\n                            Wir haben deine Anfrage erhalten und werden uns so schnell wie m\u00f6glich bei dir melden.                        <\/div>\n                    <\/div>\n                <\/form>\n\n            <\/div>\n            <div class=\"info-content\">\n                <div class=\"title\">\n                    Morningscore ApS                <\/div>\n                <div class=\"subtitle\">\n                    MWST.: 39311437                <\/div>\n\n                <div class=\"entries\">\n                    \n                        <div class=\"entry\">\n                            <span class=\"icon ii ii-old-phone\"><\/span>\n                            <span class=\"content\">+ 45 71 74 76 15<\/span>\n                        <\/div>\n\n                    \n                        <div class=\"entry\">\n                            <span class=\"icon ii ii-write\"><\/span>\n                            <span class=\"content\">mail@morningscore.io<\/span>\n                        <\/div>\n\n                    \n                        <div class=\"entry\">\n                            <span class=\"icon ii ii-office\"><\/span>\n                            <span class=\"content\">St\u00e6rmoseg\u00e5rdsvej 8, st. 5230 Odense M<\/span>\n                        <\/div>\n\n                    \n                        <div class=\"entry\">\n                            <span class=\"icon ii ii-pin\"><\/span>\n                            <span class=\"content\">Denmark<\/span>\n                        <\/div>\n\n                                    <\/div>\n                <div class=\"text\"><p>Wir bem\u00fchen uns, alle Anfragen werktags innerhalb von 24 Stunden zu beantworten. Wenn du Hilfe zu bestimmten Bereichen des Tools brauchst, findest du sie in unserem <a href=\"https:\/\/help.morningscore.io\/en\/\">help section<\/a>.<\/p>\n<p>\u00d6ffnungszeiten: <strong>Montag - Freitag | 9.00 - 16.00<\/strong><\/p>\n<\/div>\n            <\/div>\n        <\/div>\n\t\t<div class=\"links-content\">\n\t\t\t<div class=\"crisp\">\n\t\t\t\t<a href=\"#\" onclick=\"if(typeof $crisp !== 'undefined'){event.preventDefault();$crisp.push(['do', 'chat:open']);}\">\n\t\t\t\t\t<div class=\"icon\">\n\t\t\t\t\t\t\n\t\t\t\t\t\t\t<div class=\"icon-image\">\n\t\t\t\t\t\t\t\t<img loading=\"lazy\" decoding=\"async\" src=\"data:image\/png;base64,iVBORw0KGgoAAAANSUhEUgAAAAEAAAABCAQAAAC1HAwCAAAAC0lEQVR42mNkYAAAAAYAAjCB0C8AAAAASUVORK5CYII=\" class=\"lozad\" alt=\"\" width=\"266\" height=\"266\" sizes=\"auto, 1px\" data-src=\"https:\/\/morningscore.io\/wp-content\/uploads\/2023\/04\/chat-icon.png\">\t\t\t\t\t\t\t<\/div>\n\t\t\t\t\t\t\n\t\t\t\t\t<\/div>\n\t\t\t\t\t<span>Mit uns chatten<\/span>\n\t\t\t\t<\/a>\n\t\t\t\t<span><\/span>\n\t\t\t<\/div>\n\t\t\t<div class=\"social\">\n\t\t\t\t\t\t\t\t\t<div class=\"icon\">\n\t\t\t\t\t\t<a href=\"https:\/\/www.instagram.com\/morningscore\/\" target=\"_blank\" rel=\"noopener\">\n\t\t\t\t\t\t\t<div class=\"icon-image\">\n\t\t\t\t\t\t\t\t<img loading=\"lazy\" decoding=\"async\" src=\"data:image\/png;base64,iVBORw0KGgoAAAANSUhEUgAAAAEAAAABCAQAAAC1HAwCAAAAC0lEQVR42mNkYAAAAAYAAjCB0C8AAAAASUVORK5CYII=\" class=\"lozad\" alt=\"\" width=\"42\" height=\"42\" sizes=\"auto, 1px\" data-src=\"https:\/\/morningscore.io\/wp-content\/uploads\/2022\/12\/instagram.svg\">\t\t\t\t\t\t\t<\/div>\n\t\t\t\t\t\t<\/a>\n\t\t\t\t\t<\/div>\n\t\t\t\t\t\t\t\t\t<div class=\"icon\">\n\t\t\t\t\t\t<a href=\"https:\/\/www.linkedin.com\/company\/morningscore\/\" target=\"_blank\" rel=\"noopener\">\n\t\t\t\t\t\t\t<div class=\"icon-image\">\n\t\t\t\t\t\t\t\t<img loading=\"lazy\" decoding=\"async\" src=\"data:image\/png;base64,iVBORw0KGgoAAAANSUhEUgAAAAEAAAABCAQAAAC1HAwCAAAAC0lEQVR42mNkYAAAAAYAAjCB0C8AAAAASUVORK5CYII=\" class=\"lozad\" alt=\"\" width=\"42\" height=\"42\" sizes=\"auto, 1px\" data-src=\"https:\/\/morningscore.io\/wp-content\/uploads\/2022\/12\/linkedin-icon.svg\">\t\t\t\t\t\t\t<\/div>\n\t\t\t\t\t\t<\/a>\n\t\t\t\t\t<\/div>\n\t\t\t\t\t\t\t\t\t<div class=\"icon\">\n\t\t\t\t\t\t<a href=\"https:\/\/www.facebook.com\/morningscore\" target=\"_blank\" rel=\"noopener\">\n\t\t\t\t\t\t\t<div class=\"icon-image\">\n\t\t\t\t\t\t\t\t<img loading=\"lazy\" decoding=\"async\" src=\"data:image\/png;base64,iVBORw0KGgoAAAANSUhEUgAAAAEAAAABCAQAAAC1HAwCAAAAC0lEQVR42mNkYAAAAAYAAjCB0C8AAAAASUVORK5CYII=\" class=\"lozad\" alt=\"\" width=\"42\" height=\"42\" sizes=\"auto, 1px\" data-src=\"https:\/\/morningscore.io\/wp-content\/uploads\/2022\/12\/facebook-icon.svg\">\t\t\t\t\t\t\t<\/div>\n\t\t\t\t\t\t<\/a>\n\t\t\t\t\t<\/div>\n\t\t\t\t\t\t\t<\/div>\n\t\t<\/div>\n\t<\/div>\n\t<script>\n\t\twindow.contact_form_url = \"https:\/\/morningscore.io\/wp-admin\/admin-ajax.php\"\n\t<\/script>\n<\/section>\n<\/div><\/div><\/div><\/div><noscript><img loading=\"lazy\" decoding=\"async\" width=\"1000\" height=\"640\" src=\"https:\/\/morningscore.io\/wp-content\/uploads\/2023\/04\/team-morningscore-copy.jpg\" class=\"lozad\" alt=\"teamet bag Morningscore\" sizes=\"auto, (max-width: 1000px) 100vw, 1000px\" data-src=\"https:\/\/morningscore.io\/wp-content\/uploads\/2023\/04\/team-morningscore-copy.jpg\" data-srcset=\"https:\/\/morningscore.io\/wp-content\/uploads\/2023\/04\/team-morningscore-copy.jpg 1000w, https:\/\/morningscore.io\/wp-content\/uploads\/2023\/04\/team-morningscore-copy-300x192.jpg 300w\" srcset=\"https:\/\/morningscore.io\/wp-content\/uploads\/2023\/04\/team-morningscore-copy.jpg 1000w, https:\/\/morningscore.io\/wp-content\/uploads\/2023\/04\/team-morningscore-copy-300x192.jpg 300w\"><\/noscript><noscript><img loading=\"lazy\" decoding=\"async\" src=\"https:\/\/morningscore.io\/wp-content\/uploads\/2023\/04\/chat-icon.png\" class=\"lozad\" alt=\"\" width=\"266\" height=\"266\" sizes=\"auto, 1px\" data-src=\"https:\/\/morningscore.io\/wp-content\/uploads\/2023\/04\/chat-icon.png\"><\/noscript><noscript><img loading=\"lazy\" decoding=\"async\" src=\"https:\/\/morningscore.io\/wp-content\/uploads\/2022\/12\/instagram.svg\" class=\"lozad\" alt=\"\" width=\"42\" height=\"42\" sizes=\"auto, 1px\" data-src=\"https:\/\/morningscore.io\/wp-content\/uploads\/2022\/12\/instagram.svg\"><\/noscript><noscript><img loading=\"lazy\" decoding=\"async\" src=\"https:\/\/morningscore.io\/wp-content\/uploads\/2022\/12\/linkedin-icon.svg\" class=\"lozad\" alt=\"\" width=\"42\" height=\"42\" sizes=\"auto, 1px\" data-src=\"https:\/\/morningscore.io\/wp-content\/uploads\/2022\/12\/linkedin-icon.svg\"><\/noscript><noscript><img loading=\"lazy\" decoding=\"async\" src=\"https:\/\/morningscore.io\/wp-content\/uploads\/2022\/12\/facebook-icon.svg\" class=\"lozad\" alt=\"\" width=\"42\" height=\"42\" sizes=\"auto, 1px\" data-src=\"https:\/\/morningscore.io\/wp-content\/uploads\/2022\/12\/facebook-icon.svg\"><\/noscript>","protected":false},"excerpt":{"rendered":"<p>Kontakt Wir spielen nicht &#8222;schwer zu haben&#8220; Erreiche uns \u00fcberall! Dein Bodenpersonal ist hier, um dir auf zahlreichen Kan\u00e4len zu helfen. Wir m\u00f6chten, dass du dich willkommen f\u00fchlst. Kontakt aufnehmen Lass uns dein Problem l\u00f6sen Wonach suchst du? Egal, ob du pers\u00f6nliche Unterst\u00fctzung oder einen guten Rat brauchst, um mit SEO erfolgreich zu sein, wir [&hellip;]<\/p>\n","protected":false},"author":1,"featured_media":0,"parent":0,"menu_order":0,"comment_status":"closed","ping_status":"closed","template":"","meta":{"_acf_changed":false,"inline_featured_image":false,"footnotes":""},"class_list":["post-36909","page","type-page","status-publish","hentry"],"acf":[],"_links":{"self":[{"href":"https:\/\/morningscore.io\/de\/wp-json\/wp\/v2\/pages\/36909","targetHints":{"allow":["GET"]}}],"collection":[{"href":"https:\/\/morningscore.io\/de\/wp-json\/wp\/v2\/pages"}],"about":[{"href":"https:\/\/morningscore.io\/de\/wp-json\/wp\/v2\/types\/page"}],"author":[{"embeddable":true,"href":"https:\/\/morningscore.io\/de\/wp-json\/wp\/v2\/users\/1"}],"replies":[{"embeddable":true,"href":"https:\/\/morningscore.io\/de\/wp-json\/wp\/v2\/comments?post=36909"}],"version-history":[{"count":10,"href":"https:\/\/morningscore.io\/de\/wp-json\/wp\/v2\/pages\/36909\/revisions"}],"predecessor-version":[{"id":58713,"href":"https:\/\/morningscore.io\/de\/wp-json\/wp\/v2\/pages\/36909\/revisions\/58713"}],"wp:attachment":[{"href":"https:\/\/morningscore.io\/de\/wp-json\/wp\/v2\/media?parent=36909"}],"curies":[{"name":"wp","href":"https:\/\/api.w.org\/{rel}","templated":true}]}}