{"id":21796,"date":"2021-04-12T12:26:41","date_gmt":"2021-04-12T12:26:41","guid":{"rendered":"https:\/\/morningscore.io\/?page_id=21796"},"modified":"2024-09-19T12:25:36","modified_gmt":"2024-09-19T12:25:36","slug":"agbs","status":"publish","type":"page","link":"https:\/\/morningscore.io\/de\/agbs\/","title":{"rendered":"Morningscore AGBs \/ Gesch\u00e4ftsbedingungen"},"content":{"rendered":"<p><span style=\"font-weight: 400;\">Diese Allgemeinen Gesch\u00e4ftsbedingungen stellen eine verbindliche Vereinbarung \u00fcber die Nutzung unserer Produkte und Dienstleistungen (\u201eService\u201c) dar. Der Service wird von Morningscore Aps (\u201eMorningscore\u201c, \u201ewir\u201c, \u201euns\u201c oder \u201eunser\u201c) mit Sitz im St\u00e6rmoseg\u00e5rdsvej 8, st., 5230 Odense M, Denmark, bereitgestellt. Durch die Nutzung unseres Dienstes stimmen Sie diesen Bedingungen zu. Wir empfehlen Ihnen, diese sorgf\u00e4ltig durchzulesen.<\/span><\/p>\n<h2><span style=\"font-weight: 400;\">ZUGRIFF UND NUTZUNG DES SERVICE<\/span><\/h2>\n<p><span style=\"font-weight: 400;\">Durch den Zugriff und die Nutzung unseres Dienstes erhalten Sie kein Eigentumsrechten an unserem Dienst oder den Inhalten, auf die Sie zugreifen.<\/span><\/p>\n<p><span style=\"font-weight: 400;\">Unser Service zeigt einige Inhalte an, die nicht Eigentum von Morningscore sind. F\u00fcr diesen Inhalt ist allein das Unternehmen verantwortlich, das ihn zur Verf\u00fcgung stellt. Wir \u00fcberpr\u00fcfen Inhalte, um festzustellen, ob sie illegal sind oder gegen unsere Richtlinien versto\u00dfen, und wir k\u00f6nnen Inhalte entfernen oder deren Anzeige verweigern, von denen wir glauben, dass sie gegen unsere Richtlinien oder das Gesetz versto\u00dfen.<\/span><\/p>\n<h2><span style=\"font-weight: 400;\">LEISTUNGSBESCHREIBUNG<\/span><\/h2>\n<p><span style=\"font-weight: 400;\">Morningscore bietet Ihnen Zugriff auf eine reichhaltige Sammlung von Ressourcen, einschlie\u00dflich, aber nicht beschr\u00e4nkt auf Suchmaschinenoptimierungstools, Link-Analysetools, SEO-Missionen und vieles mehr. Sie nehmen hiermit auch zur Kenntnis, dass der Service bestimmte Mitteilungen von Morningscore beinhalten kann, wie Service- Ank\u00fcndigungen und administrative Nachrichten, die sich auf die Bereitstellung des Service beziehen. Sofern nicht ausdr\u00fccklich anders angegeben, unterliegen alle neuen Funktionen oder Tools, die von uns in Bezug auf den Service ver\u00f6ffentlicht werden, dieser Vereinbarung.<\/span><\/p>\n<p><span style=\"font-weight: 400;\">Der Service ist ein Online-Produkt, das den Zugriff \u00fcber eine Internet- oder andere Netzwerkverbindung erfordert. Sie sind daf\u00fcr verantwortlich, die erforderliche Internet- oder Netzwerkverbindung f\u00fcr den Zugriff auf den Morningscore-Dienst bereitzustellen und Sie sind verantwortlich, f\u00fcr die damit verbundenen Geb\u00fchren von Drittanbietern (wie Internetdienstanbieter- oder andere Geb\u00fchren) f\u00fcr die Konnektivit\u00e4t zum Dienst. Dar\u00fcber hinaus sind Sie f\u00fcr die Beschaffung und Wartung aller f\u00fcr die Verbindung mit dem Dienst erforderlichen Ger\u00e4te verantwortlich. Die Qualit\u00e4t des Dienstes, den Sie in Anspruch nehmen, kann von Ihrer Konnektivit\u00e4t und Ger\u00e4teausr\u00fcstung abh\u00e4ngen. Morningscore ist nicht verantwortlich f\u00fcr Anspr\u00fcche oder Verluste, die sich aus Ihrer Konnektivit\u00e4t und Ger\u00e4teausr\u00fcstung ergeben.<\/span><\/p>\n<h2><span style=\"font-weight: 400;\">ZUORDNUNG HINWEIS<\/span><\/h2>\n<p><span style=\"font-weight: 400;\">Sie erkennen an, dass alle \u00fcber den Morningscore-Service erhaltenen propriet\u00e4ren Messwerte geistiges Eigentum von Morningscore bleiben und erkl\u00e4ren sich damit einverstanden, uns diese in jeder Ver\u00f6ffentlichung oder Verbreitung dieser propriet\u00e4ren Messwerte, wie beispielsweise Morningscore-Messwert, Linkscore, Onsite-Health-Score und Pagescore, zuzuordnen.<\/span><\/p>\n<h2><span style=\"font-weight: 400;\">KONTOZUGRIFF<\/span><\/h2>\n<p><span style=\"font-weight: 400;\">Sie m\u00fcssen Ihre g\u00fcltige E-Mail-Adresse und alle anderen angeforderten Informationen angeben, um den Abonnement-Prozess abzuschlie\u00dfen und sich zu registrieren. Ihr Login darf nur von einer Person verwendet werden. Ein von mehreren Benutzern gemeinsam genutzter Login ist nicht zul\u00e4ssig. Wir behalten uns das Recht vor, Ihren Kontozugriff zu stornieren oder auszusetzen, wenn wir verd\u00e4chtige Aktivit\u00e4ten in Ihrem Konto feststellen, die darauf hinweisen, dass Sie Ihre Zugangsdaten absichtlich und\/oder wissentlich mit einem anderen Benutzer geteilt haben. Sie sind f\u00fcr die Aufrechterhaltung der Sicherheit Ihres Kontos und Passworts verantwortlich. Morningscore kann und wird nicht f\u00fcr Verluste oder Sch\u00e4den haftbar gemacht, die durch Ihre Nichteinhaltung dieser Verpflichtung entstehen.<\/span><\/p>\n<h2><span style=\"font-weight: 400;\">IHRE ANMELDEPFLICHTEN<\/span><\/h2>\n<p><span style=\"font-weight: 400;\">Als registrierter Nutzer des Morningscore-Service erkl\u00e4ren Sie, dass Sie vollj\u00e4hrig sind, um einen verbindlichen Vertrag abzuschlie\u00dfen. Sie stimmen auch zu: (a) wahrheitsgetreue, genaue, aktuelle und vollst\u00e4ndige Informationen \u00fcber sich selbst bereitzustellen, wie im Registrierungsformular des Dienstes (die \u201eRegistrierungsdaten\u201c) gefordert, und (b) die Registrierungsdaten zu pflegen und umgehend zu aktualisieren, um sie wahrheitsgetreu, aktuell, vollst\u00e4ndig und korrekt zu halten.\u00a0<\/span><\/p>\n<p><span style=\"font-weight: 400;\">Wenn Sie unwahre, ungenaue, nicht aktuelle oder unvollst\u00e4ndige Informationen angeben oder Morningscore begr\u00fcndeten Verdacht hat, dass diese Informationen unwahr, ungenau, nicht aktuell oder unvollst\u00e4ndig sind, hat Morningscore das Recht, Ihr Konto zu sperren oder zu k\u00fcndigen. Und zwar jegliche, d.h. die gesamte aktuelle oder zuk\u00fcnftige Nutzung des Dienstes (oder einen Teil davon).<\/span><\/p>\n<h2><span style=\"font-weight: 400;\">KEIN WIEDERVERKAUF ODER WEITERVERTEILUNG VON DIENSTLEISTUNGEN<\/span><\/h2>\n<p><span style=\"font-weight: 400;\">Sie d\u00fcrfen den Dienst unternehmensintern nutzen, um Einblicke und Analysen zu erhalten, um Ihre Website(s) und damit verbundene Kampagnen zu optimieren.<\/span><\/p>\n<p><span style=\"font-weight: 400;\">Sofern nicht ausdr\u00fccklich von Morningscore genehmigt, erkl\u00e4ren Sie sich damit einverstanden, keinen Teil des Dienstes oder die Nutzung des Dienstes zu reproduzieren, zu duplizieren, zu kopieren, zu verkaufen, zu handeln, weiterzuverkaufen, den Zugriff zu gestatten, zu modifizieren, abgeleitete Werke zu erstellen oder f\u00fcr kommerzielle Zwecke oder Zugriff auf den Dienst oder Computercode, der den Dienst antreibt, zu nutzen.<\/span><\/p>\n<p><span style=\"font-weight: 400;\">Sie sind f\u00fcr die gesamte Nutzung des Dienstes mit Ihrem Konto verantwortlich. Sie sind au\u00dferdem daf\u00fcr verantwortlich, die Vertraulichkeit Ihrer Online-Kontodaten zu wahren.<\/span><\/p>\n<h2><span style=\"font-weight: 400;\">SERVICE- UND MARKETING-BENACHRICHTIGUNGEN<\/span><\/h2>\n<p><span style=\"font-weight: 400;\">\u200bDurch die Registrierung eines Kontos bei Morningscore (kostenlos oder kostenpflichtig) erteilen Sie uns Ihre Erlaubnis, E-Mail-Benachrichtigungen an die E-Mail-Adresse zu senden, die Sie bei der Registrierung angegeben haben.<\/span><\/p>\n<p><span style=\"font-weight: 400;\">Diese E-Mail-Benachrichtigungen k\u00f6nnen Folgendes umfassen: Aktualisierungen des Toolset von Morningscore, Tipps und Tutorials zur Verwendung von Morningscore-Tools sowie Systemnachrichten.<\/span><\/p>\n<p><span style=\"font-weight: 400;\">\u200b\u200bSie haben auch die M\u00f6glichkeit, Werbeangebote zu abonnieren. Bitte beachten Sie, dass Sie sich jederzeit von diesen optionalen E-Mails abmelden k\u00f6nnen, indem Sie den Link \u201eAbbestellen\u201c verwenden, der am Ende jeder E-Mail, die wir Ihnen senden, enthalten ist.<\/span><\/p>\n<p><span style=\"font-weight: 400;\">\u200bWir werden unsere Nachrichten oder E-Mails \u00fcber unseren eigenen Mailing-Dienst oder \u00fcber die Dienste eines Drittanbieters senden.<\/span><\/p>\n<h2><span style=\"font-weight: 400;\">NICHT AUTORISIERTE BENUTZER<\/span><\/h2>\n<p><span style=\"font-weight: 400;\">Die Kontoregistrierung muss von einem Menschen durchgef\u00fchrt werden. Konten, die durch \u201eBots\u201c oder andere automatisierte Methoden registriert werden, sind nicht zul\u00e4ssig.<\/span><\/p>\n<h2><span style=\"font-weight: 400;\">UNAUTORISIERTER ZUGRIFF<\/span><\/h2>\n<p><span style=\"font-weight: 400;\">Sie d\u00fcrfen den Service nicht modifizieren, anpassen oder hacken oder eine andere Website modifizieren, um f\u00e4lschlicherweise zu unterstellen, dass sie mit dem Service oder Morningscore in Verbindung steht. Sie sind nicht berechtigt, den Objekt- oder Quellcode, der in Bezug auf den Dienst bereitgestellt wird, zur\u00fcckzuentwickeln oder wiederzuverwenden. Dies schlie\u00dft jegliches JavaScript ein. Der Code unterliegt dem Copyright von Morningscore.<\/span><\/p>\n<p><span style=\"font-weight: 400;\">Sie d\u00fcrfen keine W\u00fcrmer oder Viren oder Codes zerst\u00f6rerischer oder b\u00f6sartiger Natur \u00fcbertragen. Sie stimmen zu, keinen in Bezug auf den Dienst bereitgestellten Code in irgendeiner Weise oder Form zu \u00e4ndern oder modifizierte Versionen eines solchen Codes zu verwenden, einschlie\u00dflich (ohne Einschr\u00e4nkung) zum Zwecke des unbefugten Zugriffs auf den Dienst. Sie stimmen zu, auf keinem anderen Weg, als \u00fcber die von Morningscore f\u00fcr den Zugriff auf den Service bereitgestellte Schnittstelle, auf den Service zuzugreifen.<\/span><\/p>\n<p><span style=\"font-weight: 400;\">Alle unnat\u00fcrlichen Mittel oder rechtswidrigen Versuche, auf unseren Service, unsere Website, unseren Server oder unsere Datenbank zuzugreifen, einschlie\u00dflich automatischer Tools wie Scraper oder Bots, sind verboten. Wir k\u00f6nnen Ihren Zugang beenden, aussetzen und\/oder sperren, wenn wir feststellen, dass Ihre Nutzung oder Ihr Zugang zu unserem Service gegen unsere Bedingungen verst\u00f6\u00dft. Vorbehaltlich der anderen hierin genannten Einschr\u00e4nkungen d\u00fcrfen Sie nur automatisierte Tools verwenden, um \u00fcber die von uns bereitgestellten Programmierschnittstelle (API) auf unseren Dienst zuzugreifen.<\/span><\/p>\n<p><span style=\"font-weight: 400;\">Sie d\u00fcrfen nicht versuchen, Funktionen oder Zugriffsfunktionen auf der Website direkt zu umgehen, indem Sie benutzerdefinierte http-Aufrufe (oder andere) verwenden. Au\u00dferdem ist es nicht gestattet, den Dienst zu manipulieren oder auf eine andere Weise darauf zuzugreifen, als es eine normal handelnde Person tun w\u00fcrde.<\/span><\/p>\n<p><span style=\"font-weight: 400;\">Sie sollten nicht versuchen, eine Funktion auszunutzen, die eine vern\u00fcnftige Person als offensichtliche Auslassung oder einen offensichtlichen Fehler im Service und\/oder auf der Website ansehen w\u00fcrde.<\/span><\/p>\n<h2><span style=\"font-weight: 400;\">IP-ADRESSEN-BLOCKIERUNG<\/span><\/h2>\n<p><span style=\"font-weight: 400;\">Um die Integrit\u00e4t des Dienstes zu sch\u00fctzen, beh\u00e4lt sich Morningscore das Recht vor, jederzeit nach eigenem Ermessen Registranten und Abonnenten bestimmter IP-Adressen vom Zugriff auf den Dienst zu sperren.<\/span><\/p>\n<h2><span style=\"font-weight: 400;\">REGISTRIERUNG UND ABONNEMENT<\/span><\/h2>\n<p><span style=\"font-weight: 400;\">Sie k\u00f6nnen sich kostenlos f\u00fcr den Dienst registrieren. Als Registrant haben Sie die M\u00f6glichkeit, mit einigen, jedoch nicht allen, innerhalb des Dienstes verf\u00fcgbaren Funktionen und Tools zu arbeiten.<\/span><\/p>\n<p><span style=\"font-weight: 400;\">Um auf zus\u00e4tzliche Funktionen zugreifen zu k\u00f6nnen, einschlie\u00dflich der M\u00f6glichkeit, viele unserer Tools zu verwenden, m\u00fcssen Sie Abonnent des Dienstes werden.<\/span><\/p>\n<p><span style=\"font-weight: 400;\">Je nach ausgew\u00e4hltem Abonnement haben Sie Anspruch auf eine unterschiedliche Anzahl von Funktionen und\/oder unterschiedliche Beschr\u00e4nkungen.<\/span><\/p>\n<h2><span style=\"font-weight: 400;\">BINDUNGSDAUER UND K\u00dcNDIGUNGSFRIST<\/span><\/h2>\n<p>Das Abonnement ist f\u00fcr den gew\u00e4hlten Zeitraum (einen Monat oder ein Jahr) verbindlich und verl\u00e4ngert sich automatisch um einen entsprechenden Zeitraum, sofern keine individuelle Vereinbarung getroffen wurde. Bei individuellen Vereinbarungen wird das Abonnement mit einer Bindungsfrist von einem Jahr verl\u00e4ngert.<\/p>\n<p>Die K\u00fcndigung kann vor der Rechnungsstellung f\u00fcr einen neuen Abonnementzeitraum erfolgen. Sie k\u00f6nnen Ihr Abonnement selbst \u00fcber das Einstellungsmen\u00fc in Morningscore oder durch Kontaktaufnahme mit dem Kundendienst via Chat oder mail@morningscore.io k\u00fcndigen.<\/p>\n<h2><span style=\"font-weight: 400;\">AUTOMATISCHE ABBUCHUNG VON IHRER ZAHLUNGSKARTE<\/span><\/h2>\n<p>Wenn Sie eine neue Karte erhalten, aktualisieren Sie bitte Ihre Kartendaten. Sie k\u00f6nnen dies in den Abonnementeinstellungen tun. Alternativ k\u00f6nnen Sie den Kundendienst \u00fcber unseren Chat oder mail@morningscore.io kontaktieren.<\/p>\n<p>Sie k\u00f6nnen Ihre Zustimmung zur Belastung Ihrer Karte jederzeit widerrufen.<\/p>\n<p>Sie k\u00f6nnen sich auch bei Ihrem Kartenanbieter (in der Regel Ihre Bank) beschweren, wenn Sie feststellen, dass eine unberechtigte Abbuchung erfolgt ist. Sie m\u00fcssen so schnell wie m\u00f6glich, sp\u00e4testens jedoch 8 Wochen nach der Zahlung, eine Beschwerde einreichen, sofern nichts anderes vereinbart wurde.<\/p>\n<h2><span style=\"font-weight: 400;\">R\u00dcCKGABERECHT<\/span><\/h2>\n<p><span style=\"font-weight: 400;\">Sofern nicht gesetzlich vorgeschrieben, ist Morningscore nicht verpflichtet, Ihnen jederzeit eine R\u00fcckerstattung zu leisten. Jeder f\u00fcr ein Abonnement gezahlte Betrag (oder der entsprechende Betrag in Ihrer Landesw\u00e4hrung) ist grunds\u00e4tzlich nicht erstattungsf\u00e4hig.\u00a0<\/span><\/p>\n<p><span style=\"font-weight: 400;\">F\u00fcr Ihr monatliches Abonnement k\u00f6nnen Sie eine R\u00fcckerstattung beantragen, nachdem die Zahlung f\u00fcr die Nichtnutzung erfolgt ist. Bitte beachten Sie jedoch, dass wir uns das Recht vorbehalten, Ihren R\u00fcckerstattungsantrag abzulehnen, wenn wir wesentliche Aktivit\u00e4ten in Ihrem Konto feststellen.<\/span><\/p>\n<h2><span style=\"font-weight: 400;\">STORNIERUNG DER DIENSTLEISTUNG<\/span><\/h2>\n<p><span style=\"font-weight: 400;\">Morningscore beh\u00e4lt sich das Recht der einseitigen Service-Stornierung unter den folgenden Umst\u00e4nden vor:<\/span><\/p>\n<ul>\n<li style=\"font-weight: 400;\" aria-level=\"1\"><span style=\"font-weight: 400;\">Sie haben gegen eine der folgenden Bedingungen versto\u00dfen;<\/span><\/li>\n<li style=\"font-weight: 400;\" aria-level=\"1\"><span style=\"font-weight: 400;\">Wir erkennen ungew\u00f6hnliche Nutzungsmuster in Bezug auf den Dienst;<\/span><\/li>\n<li style=\"font-weight: 400;\" aria-level=\"1\"><span style=\"font-weight: 400;\">Sie versuchen, unserem Ruf, unserer Arbeit oder unserem Service Schaden zuzuf\u00fcgen oder zu sch\u00e4digen;<\/span><\/li>\n<li style=\"font-weight: 400;\" aria-level=\"1\"><span style=\"font-weight: 400;\">Als Reaktion auf Anfragen von Strafverfolgungsbeh\u00f6rden oder anderen \u00f6ffentlichen Stellen.<\/span><\/li>\n<\/ul>\n<h2><span style=\"font-weight: 400;\">\u00c4NDERUNGEN AM SERVICE<\/span><\/h2>\n<p><span style=\"font-weight: 400;\">Wir \u00e4ndern und verbessern unseren Service st\u00e4ndig. Wir k\u00f6nnen Funktionalit\u00e4ten oder Features hinzuf\u00fcgen oder entfernen, und wir k\u00f6nnen den Service ganz aussetzen oder einstellen. Sie k\u00f6nnen die Nutzung unseres Dienstes jederzeit beenden, auch wenn es in diesem Fall schade finden, dass Sie gehen. Morningscore kann jederzeit die Bereitstellung des Dienstes f\u00fcr Sie einstellen oder dem Dienst jederzeit neue Limits hinzuf\u00fcgen oder neue Limits erstellen.<\/span><\/p>\n<p><span style=\"font-weight: 400;\">Sie stimmen zu, dass Morningscore weder Ihnen noch Dritten gegen\u00fcber f\u00fcr \u00c4nderungen, Aussetzungen oder Einstellung des Dienstes haftet.<\/span><\/p>\n<h2><span style=\"font-weight: 400;\">DATENERHEBUNG UND NUTZUNG<\/span><\/h2>\n<p><span style=\"font-weight: 400;\">Sie nehmen zur Kenntnis und stimmen zu, dass Morningscore alle Daten, die Sie mit dem Dienst teilen, anonymisieren und aggregieren kann, einschlie\u00dflich Daten, die mit Ihren Google Analytics- und Google Search Console-Konten verkn\u00fcpft sind, und diese verwenden, ohne Sie zu identifizieren, um den Dienst zu verbessern.<\/span><\/p>\n<h2><span style=\"font-weight: 400;\">EXTERNE LINKS<\/span><\/h2>\n<p><span style=\"font-weight: 400;\">Der Service kann Links zu anderen World Wide Web-Sites oder -Ressourcen bereitstellen. Da Morningscore keine Kontrolle \u00fcber solche Websites oder Ressourcen hat, erkennen Sie an und stimmen zu, dass Morningscore nicht f\u00fcr die Verf\u00fcgbarkeit solcher externen Websites oder Ressourcen verantwortlich ist, diese Websites\/Ressourcen nicht bef\u00fcrwortet und f\u00fcr Inhalte oder Werbung nicht verantwortlich oder haftbar ist.<\/span><\/p>\n<p><span style=\"font-weight: 400;\">Sie erkennen ferner an und stimmen zu, dass Morningscore weder direkt noch indirekt f\u00fcr Sch\u00e4den oder Verluste verantwortlich oder haftbar ist, die durch die Nutzung oder das Vertrauen auf solche Inhalte, Waren oder Dienstleistungen, die auf oder \u00fcber eine solche Site oder Ressource entstehen.<\/span><\/p>\n<h2><span style=\"font-weight: 400;\">HAFTUNG F\u00dcR UNSEREN SERVICE<\/span><\/h2>\n<p><span style=\"font-weight: 400;\">Der Service und alle darin bereitgestellten Informationen sind \u201ewie besehen\u201c und \u201ewie verf\u00fcgbar\u201c ohne jegliche Gew\u00e4hrleistung.<\/span><\/p>\n<p><span style=\"font-weight: 400;\">SOWEIT GESETZLICH ZUL\u00c4SSIG, \u00dcBERNIMMT Morningscore KEINE HAFTUNG F\u00dcR GEWINN-, EINNAHMEN- ODER DATEN-, FINANZIELLE VERLUSTE ODER INDIREKTE, SONDER-, FOLGESCH\u00c4DEN, BEISPIELHAFTE ODER STRAFSCH\u00c4DEN.<\/span><\/p>\n<p><span style=\"font-weight: 400;\">SOWEIT GESETZLICH ZUL\u00c4SSIG, IST DIE GESAMTHAFTUNG VON MORNINGSCORE F\u00dcR JEGLICHE ANSPR\u00dcCHE IM RAHMEN DIESER BEDINGUNGEN, EINSCHLIESSLICH STILLSCHWEIGENDER GEW\u00c4HRLEISTUNGEN, AUF DEN BETRAG BESCHR\u00c4NKT, DEN SIE UNS F\u00dcR DIE NUTZUNG DES SERVICE IN DEN 12 MONATEN VOR DEM ANSPRUCH GEZAHLT HABEN \u2013 (ODER, WENN WIR ENTSCHEIDEN, IHNEN DEN SERVICE WIEDER ZU BIETEN).<\/span><\/p>\n<p><span style=\"font-weight: 400;\">SOWEIT GESETZLICH ZUL\u00c4SSIG, \u00dcBERNIMMT MORNINGSCORE KEINE HAFTUNG F\u00dcR VERLUSTE ODER SCH\u00c4DEN, DIE NICHT KLAR VORHERSEHBAR SIND.<\/span><\/p>\n<h2><span style=\"font-weight: 400;\">\u00dcBER DIESE GESCH\u00c4FTSBEDINGUNGEN<\/span><\/h2>\n<p><span style=\"font-weight: 400;\">Wir k\u00f6nnen diese oder zus\u00e4tzliche Bedingungen, die f\u00fcr den Dienst gelten, \u00e4ndern oder hinzuf\u00fcgen, beispielsweise um Gesetzes\u00e4nderungen oder \u00c4nderungen an unserem Dienst widerzuspiegeln. Sie sollten sich daher regelm\u00e4\u00dfig die Online-Version unserer Bedingungen ansehen. Wir werden \u00c4nderungen dieser Bedingungen auf dieser Seite ver\u00f6ffentlichen. \u00c4nderungen gelten nicht r\u00fcckwirkend und werden fr\u00fchestens sieben Tage nach ihrer Ver\u00f6ffentlichung wirksam. \u00c4nderungen, die neue Funktionen des Dienstes betreffen oder aus rechtlichen Gr\u00fcnden vorgenommen werden, werden jedoch sofort wirksam. Wenn Sie den ge\u00e4nderten Bedingungen des Dienstes nicht zustimmen, sollten Sie die Nutzung unseres Dienstes einstellen und schriftlich (per E-Mail) k\u00fcndigen.<\/span><\/p>\n<p><span style=\"font-weight: 400;\">Diese Bedingungen regeln die Beziehung zwischen Morningscore und Ihnen. Sie begr\u00fcnden keine Rechte Dritter.<\/span><\/p>\n<p><span style=\"font-weight: 400;\">Wenn Sie diese Bedingungen nicht einhalten und wir nicht sofort Ma\u00dfnahmen ergreifen, bedeutet dies nicht, dass wir irgendwelche Rechte aufgeben, die wir m\u00f6glicherweise haben, wie z. B. Ma\u00dfnahmen in der Zukunft.<\/span><\/p>\n<p><span style=\"font-weight: 400;\">Sollte eine dieser Bedingungen ung\u00fcltig, nicht durchsetzbar oder nichtig sein, bleiben die anderen Bedingungen g\u00fcltig, durchsetzbar und werden nicht ber\u00fchrt.<\/span><\/p>\n<p><span style=\"font-weight: 400;\">Die Abschnitts\u00fcberschriften in den hierin enthaltenen Bedingungen dienen nur der \u00dcbersichtlichkeit und haben keine rechtliche oder vertragliche Wirkung.<\/span><\/p>\n<p>\u00a0<\/p>\n","protected":false},"excerpt":{"rendered":"<p>Diese Allgemeinen Gesch\u00e4ftsbedingungen stellen eine verbindliche Vereinbarung \u00fcber die Nutzung unserer Produkte und Dienstleistungen (\u201eService\u201c) dar. Der Service wird von Morningscore Aps (\u201eMorningscore\u201c, \u201ewir\u201c, \u201euns\u201c oder \u201eunser\u201c) mit Sitz im St\u00e6rmoseg\u00e5rdsvej 8, st., 5230 Odense M, Denmark, bereitgestellt. Durch die Nutzung unseres Dienstes stimmen Sie diesen Bedingungen zu. Wir empfehlen Ihnen, diese sorgf\u00e4ltig durchzulesen. ZUGRIFF [&hellip;]<\/p>\n","protected":false},"author":1,"featured_media":0,"parent":0,"menu_order":141,"comment_status":"closed","ping_status":"closed","template":"\/templates\/page-templates\/text-page.php","meta":{"_acf_changed":false,"inline_featured_image":false,"footnotes":""},"class_list":["post-21796","page","type-page","status-publish","hentry"],"acf":[],"_links":{"self":[{"href":"https:\/\/morningscore.io\/de\/wp-json\/wp\/v2\/pages\/21796","targetHints":{"allow":["GET"]}}],"collection":[{"href":"https:\/\/morningscore.io\/de\/wp-json\/wp\/v2\/pages"}],"about":[{"href":"https:\/\/morningscore.io\/de\/wp-json\/wp\/v2\/types\/page"}],"author":[{"embeddable":true,"href":"https:\/\/morningscore.io\/de\/wp-json\/wp\/v2\/users\/1"}],"replies":[{"embeddable":true,"href":"https:\/\/morningscore.io\/de\/wp-json\/wp\/v2\/comments?post=21796"}],"version-history":[{"count":4,"href":"https:\/\/morningscore.io\/de\/wp-json\/wp\/v2\/pages\/21796\/revisions"}],"predecessor-version":[{"id":52739,"href":"https:\/\/morningscore.io\/de\/wp-json\/wp\/v2\/pages\/21796\/revisions\/52739"}],"wp:attachment":[{"href":"https:\/\/morningscore.io\/de\/wp-json\/wp\/v2\/media?parent=21796"}],"curies":[{"name":"wp","href":"https:\/\/api.w.org\/{rel}","templated":true}]}}