{"id":69138,"date":"2025-08-28T05:14:15","date_gmt":"2025-08-28T05:14:15","guid":{"rendered":"https:\/\/morningscore.io\/?page_id=69138"},"modified":"2025-10-28T13:49:25","modified_gmt":"2025-10-28T13:49:25","slug":"morningscore-lab","status":"publish","type":"page","link":"https:\/\/morningscore.io\/da\/morningscore-lab\/","title":{"rendered":"Morningscore LAB"},"content":{"rendered":"<div id=\"pl-69138\" class=\"panel-layout\"><div id=\"pg-69138-0\" class=\"panel-grid panel-no-style\"><div id=\"pgc-69138-0-0\" class=\"panel-grid-cell\"><section class=\"hero  with_custom_bg_image\" data-hero-layout=\"curved-above-short\" data-image-sizing=\"overflow\" style=\"--hero-headline-size-multiplier: 1;--hero-bg-image: url(https:\/\/morningscore.io\/wp-content\/uploads\/2025\/08\/bg-hero-lab.png);--hero-bg-image-full: url(https:\/\/morningscore.io\/wp-content\/uploads\/2025\/08\/bg-hero-lab.png);--hero-bg-image-hero-mobile-small-width: url(https:\/\/morningscore.io\/wp-content\/uploads\/2025\/08\/bg-hero-lab.png);--hero-bg-image-mobile-width: url(https:\/\/morningscore.io\/wp-content\/uploads\/2025\/08\/bg-hero-lab.png);--hero-bg-image-tablet-width: url(https:\/\/morningscore.io\/wp-content\/uploads\/2025\/08\/bg-hero-lab.png);--hero-bg-image-laptop-width: url(https:\/\/morningscore.io\/wp-content\/uploads\/2025\/08\/bg-hero-lab.png);position: relative;\" data-side-type=\"image\">\n\n            <div class=\"hero-bg with_custom_bg_image\" style=\"--gradient-start-color: #0A0A4D;--gradient-end-color: #563AC9;--gradient-angle: -180deg;\">\n            \n                    <\/div>\n    \n\n    \n\n    <div class=\"inner-content\">\n        <div class=\"hero-main\">\n\n            \n            <h1>Mere synlighed. Mindre besv\u00e6r.<\/h1>\n\n            \n                            <div class=\"hero-subcontent\" data-margin=\"true\">\n                    <div class=\"hero-content \">\n                        <p>Du beh\u00f8ver ikke selv kn\u00e6kke SEO-koden.<br>\nI Morningscore LAB tager vi os af det tunge l\u00e6s og guider dig trygt igennem en verden, hvor SEO \u00e6ndrer sig hurtigt. Vi lover \u00e6rlig sparring, gennemsigtighed og resultater, du kan f\u00f8lge trin for trin i Morningscores SEO-v\u00e6rkt\u00f8j.<\/p>\n                    <\/div>\n\n                    \n                    \n\n                                            <div class=\"so-widget-mssub-buttons so-widget-\">\n<\/div>                    \n                                            <div class=\"hero-extra-content\">\n                                                    <\/div>\n                    \n                <\/div>\n            \n            \n        <\/div>\n\n                    <div class=\"hero-side\">\n                                    <figure>\n                        <img loading=\"lazy\" decoding=\"async\" width=\"1004\" height=\"628\" src=\"data:image\/png;base64,iVBORw0KGgoAAAANSUhEUgAAAAEAAAABCAQAAAC1HAwCAAAAC0lEQVR42mNkYAAAAAYAAjCB0C8AAAAASUVORK5CYII=\" class=\"lozad\" alt=\"\" sizes=\"auto, (max-width: 1004px) 100vw, 1004px\" data-src=\"https:\/\/morningscore.io\/wp-content\/uploads\/2025\/08\/ms-lab-header.png\" data-srcset=\"https:\/\/morningscore.io\/wp-content\/uploads\/2025\/08\/ms-lab-header.png 1004w, https:\/\/morningscore.io\/wp-content\/uploads\/2025\/08\/ms-lab-header-300x188.png 300w\">                    <\/figure>\n                \n                            <\/div>\n        \n    <\/div>\n\n    <\/section>\n\n<section class=\"content-image-container default\" data-box-alignment=\"image-left\" data-content-box-width=\"50\">\n\n\t<div class=\"inner-content\">\n\t\t<div class=\"content-image-content\">\n\t\t\t<div class=\"so-widget-mssub-content-flexible so-widget-mssub-content-flexible-base\">\n<div class=\"content-flexible\">\n\n\t<span class=\"section-subheading\">Lad os drive din SEO-succes<\/span>\n\n\t<h2 class=\"section-heading\">SEO gjort for dig - men altid <span style=\"text-decoration:underline\">med<\/span> dig<\/h2>\n\n\t<div class=\"text\">\n\t\t<p>Morningscore LAB er for dig, der gerne vil have SEO-resultater - uden at skulle g\u00f8re det hele selv.<\/p>\n<p>Vi tager os af det tunge arbejde, mens du stadig har fuld gennemsigtighed i vores SEO-v\u00e6rkt\u00f8j. Ingen mystik, ingen tomme l\u00f8fter - kun \u00e6rligt arbejde, t\u00e6t dialog og konkrete resultater, du kan f\u00f8lge skridt for skridt.<\/p>\n<p>Vores m\u00e5l er, at du f\u00e5r succes - uanset om du selv sidder med din SEO eller overlader arbejdet til os.<\/p>\n\t<\/div>\n\n\t\n\t\n\t<\/div><\/div>\t\t<\/div>\n\n\t\t<figure class=\"content-image-image\">\n\t\t\t<div class=\"so-widget-mssub-media so-widget-mssub-media-base\">\n\t<img loading=\"lazy\" decoding=\"async\" width=\"1870\" height=\"1224\" src=\"data:image\/png;base64,iVBORw0KGgoAAAANSUhEUgAAAAEAAAABCAQAAAC1HAwCAAAAC0lEQVR42mNkYAAAAAYAAjCB0C8AAAAASUVORK5CYII=\" class=\"lozad\" alt=\"\" sizes=\"auto, (max-width: 1870px) 100vw, 1870px\" data-src=\"https:\/\/morningscore.io\/wp-content\/uploads\/2025\/09\/labs-samarbejde@2x.png\" data-srcset=\"https:\/\/morningscore.io\/wp-content\/uploads\/2025\/09\/labs-samarbejde@2x.png 1870w, https:\/\/morningscore.io\/wp-content\/uploads\/2025\/09\/labs-samarbejde@2x-300x196.png 300w\">\n<\/div>\t\t<\/figure>\n\t<\/div>\n\n<\/section>\n<section class=\"feature-boxes bg-alt\" data-boxes-layout=\"cards-shadow\" data-num-columns=\"3\">\n\n\t<div class=\"inner-content\">\n\t\t<div class=\"so-widget-mssub-section-header so-widget-mssub-section-header-base\"><div class=\"section-header\" data-layout=\"headline\">\n\t<span class=\"section-subheading\">S\u00e5dan arbejder vi<\/span>\n\t<div class=\"section-col section-col-1\">\n\t\t<h2 class=\"section-heading\">Tre l\u00f8fter vi altid holder<\/h2>\n\t<\/div>\n\n\t\t\n<\/div>\n<\/div>\n\t\t<div class=\"feature-boxes-boxes\">\n\t\t\t                                    <div class=\"feature-boxes-box\">\n\n                                                    <div class=\"feature-box-icon\"><i class=\"ii ii-speech-bubbles\"><\/i><\/div>\n                        \n                        <h3>Vi starter med dig<\/h3>\n\n                        <div class=\"text\"><p>Vi begynder altid med at forst\u00e5 din forretning, dine m\u00e5l og din m\u00e5lgruppe. F\u00f8rst n\u00e5r vi kender dig, kan vi lave SEO, der skaber reel v\u00e6rdi - ikke bare trafik, men resultater der virkelig betyder noget.<\/p>\n<\/div>\n\n                        <div class=\"more\">\n                            <div class=\"learn\">\n                                <span class=\"learn-more\">\n                                                                    <\/span>\n                                <span class=\"arrow-right\"><\/span>\n                            <\/div>\n                        <\/div>\n                    <\/div>\n                \t\t\t                                    <div class=\"feature-boxes-box\">\n\n                                                    <div class=\"feature-box-icon\"><i class=\"ii ii-coffee\"><\/i><\/div>\n                        \n                        <h3>Vi handler p\u00e5 planerne<\/h3>\n\n                        <div class=\"text\"><p>Vi overs\u00e6tter indsigter, data og analyser til en konkret handlingsplan. Herfra tager vi fat p\u00e5 de omr\u00e5der, der giver mest v\u00e6rdi for din virksomhed og arbejder os fremad mod dine m\u00e5l.<\/p>\n<\/div>\n\n                        <div class=\"more\">\n                            <div class=\"learn\">\n                                <span class=\"learn-more\">\n                                                                    <\/span>\n                                <span class=\"arrow-right\"><\/span>\n                            <\/div>\n                        <\/div>\n                    <\/div>\n                \t\t\t                                    <div class=\"feature-boxes-box\">\n\n                                                    <div class=\"feature-box-icon\"><i class=\"ii ii-people\"><\/i><\/div>\n                        \n                        <h3>Vi arbejder ikke i kulissen<\/h3>\n\n                        <div class=\"text\"><p>Vi ser os selv som en del af dit hold. Vi laver ikke bare SEO bag lukkede d\u00f8re, men arbejder \u00e5bent, \u00e6rligt og i samarbejde med dig - s\u00e5 indsatsen giver resultater, du faktisk kan m\u00e6rke.<\/p>\n<\/div>\n\n                        <div class=\"more\">\n                            <div class=\"learn\">\n                                <span class=\"learn-more\">\n                                                                    <\/span>\n                                <span class=\"arrow-right\"><\/span>\n                            <\/div>\n                        <\/div>\n                    <\/div>\n                \t\t\t\t\t<\/div>\n\n\t\t\t<\/div>\n\n<\/section>\n\n<section class=\"content-image-container default\" data-box-alignment=\"image-right\" data-content-box-width=\"50\">\n\n\t<div class=\"inner-content\">\n\t\t<div class=\"content-image-content\">\n\t\t\t<div class=\"so-widget-mssub-content-flexible so-widget-mssub-content-flexible-base\">\n<div class=\"content-flexible\">\n\n\t<span class=\"section-subheading\">Sikret i fremtiden<\/span>\n\n\t<h2 class=\"section-heading\">Vi har dig n\u00e5r tiderne skifter<\/h2>\n\n\t<div class=\"text\">\n\t\t<p>AI, GEO, SEO... Hvor skal man fokusere i en tid hvor alle taler om optimering til AI-modeller og nye s\u00f8gevaner?<\/p>\n<p>Det ER forvirrende, og vi forst\u00e5r det virkelig godt! Vi er her for at g\u00f8re tingene mere simple for dig.<\/p>\n<p>Vores team er p\u00e5 beatet og overs\u00e6tter alle de nye omr\u00e5der til konkrete optimeringer, s\u00e5 du ikke beh\u00f8ver at bekymre dig.<\/p>\n\t<\/div>\n\n\t\n\t\n\t<\/div><\/div>\t\t<\/div>\n\n\t\t<figure class=\"content-image-image\">\n\t\t\t<div class=\"so-widget-mssub-media so-widget-mssub-media-base\">\n\t<img loading=\"lazy\" decoding=\"async\" width=\"1664\" height=\"1245\" src=\"data:image\/png;base64,iVBORw0KGgoAAAANSUhEUgAAAAEAAAABCAQAAAC1HAwCAAAAC0lEQVR42mNkYAAAAAYAAjCB0C8AAAAASUVORK5CYII=\" class=\"lozad\" alt=\"\" sizes=\"auto, (max-width: 1664px) 100vw, 1664px\" data-src=\"https:\/\/morningscore.io\/wp-content\/uploads\/2025\/09\/lab-tilgaengelige@2x.png\" data-srcset=\"https:\/\/morningscore.io\/wp-content\/uploads\/2025\/09\/lab-tilgaengelige@2x.png 1664w, https:\/\/morningscore.io\/wp-content\/uploads\/2025\/09\/lab-tilgaengelige@2x-300x224.png 300w\">\n<\/div>\t\t<\/figure>\n\t<\/div>\n\n<\/section><section class=\"content-fullwidth\" style=\"text-align: center\">\n    <div class=\"curved-bg\"><\/div>\n\t<div class=\"inner-content\">\n\t\t<div class=\"so-widget-mssub-content-flexible so-widget-mssub-content-flexible-base\">\n<div class=\"content-flexible\">\n\n\n\n\t<div class=\"text\">\n\t\t<p><img loading=\"lazy\" decoding=\"async\" class=\"alignnone size-full wp-image-69315\" src=\"data:image\/png;base64,iVBORw0KGgoAAAANSUhEUgAAAAEAAAABCAQAAAC1HAwCAAAAC0lEQVR42mNkYAAAAAYAAjCB0C8AAAAASUVORK5CYII=\" alt=\"\" width=\"1921\" height=\"608\" data-src=\"https:\/\/morningscore.io\/wp-content\/uploads\/2025\/08\/banner_1.png\"><\/p>\n\t<\/div>\n\n\t\n\t\n\t<\/div><\/div>\t<\/div>\n<\/section>\n\n<section class=\"content-image-container default\" data-box-alignment=\"image-left\" data-content-box-width=\"50\">\n\n\t<div class=\"inner-content\">\n\t\t<div class=\"content-image-content\">\n\t\t\t<div class=\"so-widget-mssub-content-flexible so-widget-mssub-content-flexible-base\">\n<div class=\"content-flexible\">\n\n\t<span class=\"section-subheading\">Morningscore SEO-v\u00e6rkt\u00f8j<\/span>\n\n\t<h2 class=\"section-heading\">Vi m\u00f8des i Morningscore<\/h2>\n\n\t<div class=\"text\">\n\t\t<p>Morningscore er ikke kun det v\u00e6rkt\u00f8j, vi bruger til dit projekt - det er ogs\u00e5 det f\u00e6lles m\u00f8dested, hvor du altid kan se, hvordan vi arbejder, og hvor vi st\u00e5r i rejsen sammen.<\/p>\n<p>Vi spiller p\u00e5 samme hold \u2013 uden skjulte dagsordener.<\/p>\n<p>\u00c9t v\u00e6rkt\u00f8j, \u00e9n f\u00e6lles platform, fuld transparens.<\/p>\n\t<\/div>\n\n\t\n\t\n\t<\/div><\/div>\t\t<\/div>\n\n\t\t<figure class=\"content-image-image\">\n\t\t\t<div class=\"so-widget-mssub-media so-widget-mssub-media-base\">\n\t<img loading=\"lazy\" decoding=\"async\" width=\"1991\" height=\"1284\" src=\"data:image\/png;base64,iVBORw0KGgoAAAANSUhEUgAAAAEAAAABCAQAAAC1HAwCAAAAC0lEQVR42mNkYAAAAAYAAjCB0C8AAAAASUVORK5CYII=\" class=\"lozad\" alt=\"\" sizes=\"auto, (max-width: 1991px) 100vw, 1991px\" data-src=\"https:\/\/morningscore.io\/wp-content\/uploads\/2025\/09\/lab-work@2x.png\" data-srcset=\"https:\/\/morningscore.io\/wp-content\/uploads\/2025\/09\/lab-work@2x.png 1991w, https:\/\/morningscore.io\/wp-content\/uploads\/2025\/09\/lab-work@2x-300x193.png 300w\">\n<\/div>\t\t<\/figure>\n\t<\/div>\n\n<\/section><\/div><\/div><\/div><noscript><img loading=\"lazy\" decoding=\"async\" width=\"1004\" height=\"628\" src=\"https:\/\/morningscore.io\/wp-content\/uploads\/2025\/08\/ms-lab-header.png\" class=\"lozad\" alt=\"\" sizes=\"auto, (max-width: 1004px) 100vw, 1004px\" data-src=\"https:\/\/morningscore.io\/wp-content\/uploads\/2025\/08\/ms-lab-header.png\" data-srcset=\"https:\/\/morningscore.io\/wp-content\/uploads\/2025\/08\/ms-lab-header.png 1004w, https:\/\/morningscore.io\/wp-content\/uploads\/2025\/08\/ms-lab-header-300x188.png 300w\" srcset=\"https:\/\/morningscore.io\/wp-content\/uploads\/2025\/08\/ms-lab-header.png 1004w, https:\/\/morningscore.io\/wp-content\/uploads\/2025\/08\/ms-lab-header-300x188.png 300w\"><\/noscript><noscript><img loading=\"lazy\" decoding=\"async\" width=\"1870\" height=\"1224\" src=\"https:\/\/morningscore.io\/wp-content\/uploads\/2025\/09\/labs-samarbejde@2x.png\" class=\"lozad\" alt=\"\" sizes=\"auto, (max-width: 1870px) 100vw, 1870px\" data-src=\"https:\/\/morningscore.io\/wp-content\/uploads\/2025\/09\/labs-samarbejde@2x.png\" data-srcset=\"https:\/\/morningscore.io\/wp-content\/uploads\/2025\/09\/labs-samarbejde@2x.png 1870w, https:\/\/morningscore.io\/wp-content\/uploads\/2025\/09\/labs-samarbejde@2x-300x196.png 300w\" srcset=\"https:\/\/morningscore.io\/wp-content\/uploads\/2025\/09\/labs-samarbejde@2x.png 1870w, https:\/\/morningscore.io\/wp-content\/uploads\/2025\/09\/labs-samarbejde@2x-300x196.png 300w\"><\/noscript><noscript><img loading=\"lazy\" decoding=\"async\" width=\"1664\" height=\"1245\" src=\"https:\/\/morningscore.io\/wp-content\/uploads\/2025\/09\/lab-tilgaengelige@2x.png\" class=\"lozad\" alt=\"\" sizes=\"auto, (max-width: 1664px) 100vw, 1664px\" data-src=\"https:\/\/morningscore.io\/wp-content\/uploads\/2025\/09\/lab-tilgaengelige@2x.png\" data-srcset=\"https:\/\/morningscore.io\/wp-content\/uploads\/2025\/09\/lab-tilgaengelige@2x.png 1664w, https:\/\/morningscore.io\/wp-content\/uploads\/2025\/09\/lab-tilgaengelige@2x-300x224.png 300w\" srcset=\"https:\/\/morningscore.io\/wp-content\/uploads\/2025\/09\/lab-tilgaengelige@2x.png 1664w, https:\/\/morningscore.io\/wp-content\/uploads\/2025\/09\/lab-tilgaengelige@2x-300x224.png 300w\"><\/noscript><noscript><img loading=\"lazy\" decoding=\"async\" class=\"alignnone size-full wp-image-69315\" src=\"https:\/\/morningscore.io\/wp-content\/uploads\/2025\/08\/banner_1.png\" alt=\"\" width=\"1921\" height=\"608\" data-src=\"https:\/\/morningscore.io\/wp-content\/uploads\/2025\/08\/banner_1.png\" srcset=\"https:\/\/morningscore.io\/wp-content\/uploads\/2025\/08\/banner_1.png 1921w, https:\/\/morningscore.io\/wp-content\/uploads\/2025\/08\/banner_1-300x95.png 300w, https:\/\/morningscore.io\/wp-content\/uploads\/2025\/08\/banner_1-1024x324.png 1024w\" sizes=\"auto, (max-width: 1921px) 100vw, 1921px\" \/><\/noscript><noscript><img loading=\"lazy\" decoding=\"async\" width=\"1991\" height=\"1284\" src=\"https:\/\/morningscore.io\/wp-content\/uploads\/2025\/09\/lab-work@2x.png\" class=\"lozad\" alt=\"\" sizes=\"auto, (max-width: 1991px) 100vw, 1991px\" data-src=\"https:\/\/morningscore.io\/wp-content\/uploads\/2025\/09\/lab-work@2x.png\" data-srcset=\"https:\/\/morningscore.io\/wp-content\/uploads\/2025\/09\/lab-work@2x.png 1991w, https:\/\/morningscore.io\/wp-content\/uploads\/2025\/09\/lab-work@2x-300x193.png 300w\" srcset=\"https:\/\/morningscore.io\/wp-content\/uploads\/2025\/09\/lab-work@2x.png 1991w, https:\/\/morningscore.io\/wp-content\/uploads\/2025\/09\/lab-work@2x-300x193.png 300w\"><\/noscript>","protected":false},"excerpt":{"rendered":"<p>Mere synlighed. Mindre besv\u00e6r. Du beh\u00f8ver ikke selv kn\u00e6kke SEO-koden. I Morningscore LAB tager vi os af det tunge l\u00e6s og guider dig trygt igennem en verden, hvor SEO \u00e6ndrer sig hurtigt. Vi lover \u00e6rlig sparring, gennemsigtighed og resultater, du kan f\u00f8lge trin for trin i Morningscores SEO-v\u00e6rkt\u00f8j. Lad os drive din SEO-succes SEO gjort [&hellip;]<\/p>\n","protected":false},"author":1,"featured_media":0,"parent":0,"menu_order":0,"comment_status":"closed","ping_status":"closed","template":"","meta":{"_acf_changed":false,"inline_featured_image":false,"footnotes":""},"class_list":["post-69138","page","type-page","status-publish","hentry"],"acf":[],"_links":{"self":[{"href":"https:\/\/morningscore.io\/da\/wp-json\/wp\/v2\/pages\/69138","targetHints":{"allow":["GET"]}}],"collection":[{"href":"https:\/\/morningscore.io\/da\/wp-json\/wp\/v2\/pages"}],"about":[{"href":"https:\/\/morningscore.io\/da\/wp-json\/wp\/v2\/types\/page"}],"author":[{"embeddable":true,"href":"https:\/\/morningscore.io\/da\/wp-json\/wp\/v2\/users\/1"}],"replies":[{"embeddable":true,"href":"https:\/\/morningscore.io\/da\/wp-json\/wp\/v2\/comments?post=69138"}],"version-history":[{"count":10,"href":"https:\/\/morningscore.io\/da\/wp-json\/wp\/v2\/pages\/69138\/revisions"}],"predecessor-version":[{"id":75957,"href":"https:\/\/morningscore.io\/da\/wp-json\/wp\/v2\/pages\/69138\/revisions\/75957"}],"wp:attachment":[{"href":"https:\/\/morningscore.io\/da\/wp-json\/wp\/v2\/media?parent=69138"}],"curies":[{"name":"wp","href":"https:\/\/api.w.org\/{rel}","templated":true}]}}