{"id":59360,"date":"2025-06-06T06:46:04","date_gmt":"2025-06-06T06:46:04","guid":{"rendered":"https:\/\/morningscore.io\/?page_id=59360"},"modified":"2025-06-06T06:50:26","modified_gmt":"2025-06-06T06:50:26","slug":"linkbuilding-tilbud","status":"publish","type":"page","link":"https:\/\/morningscore.io\/da\/linkbuilding-tilbud\/","title":{"rendered":"Linkbuilding tilbud"},"content":{"rendered":"<div id=\"pl-59360\" class=\"panel-layout\"><div id=\"pg-59360-0\" class=\"panel-grid panel-no-style\"><div id=\"pgc-59360-0-0\" class=\"panel-grid-cell\"><section class=\"hero  gradient_with_balls\" data-hero-layout=\"curved-no-image\" data-image-sizing=\"overflow\" style=\"--hero-headline-size-multiplier: 1;position: relative;--hero-text-color: #312E81;\" data-side-type=\"image\">\n\n            <div class=\"hero-bg gradient_with_balls\" style=\"--gradient-start-color: #0A0A4D;--gradient-end-color: #563AC9;--gradient-angle: -180deg;background: none; overflow: visible;\">\n            \n                            <style>\n                    .floating-balls-wrapper {\n                        position: absolute;\n                        inset: 0;\n                        width: 100%;\n                        height: 180vh;\n                        pointer-events: none;\n                        overflow: hidden;\n                        z-index: -1;\n                    }\n\n                    .floating-balls-wrapper .ball {\n                        position: absolute;\n                        border-radius: 50%;\n                        backface-visibility: hidden;\n                        list-style: none;\n                        background: linear-gradient(to bottom left, rgba(224,231,255, 0.3), rgba(196,181,253, 0.3));\n                        filter: blur(2px);\n                    }\n\n                <\/style>\n                <div style=\"position: absolute;left: 0;top: -3.9rem;width: 100%;height: 120vh;z-index: -1;\">\n                    <div style=\"position: absolute;left: 0;top: 0;width: 100%;height: 100%;background-image: radial-gradient(circle at 40% 0%, #5439C53C 0%, transparent 50%), radial-gradient(circle at 0% 120%, #5439C53C 0%, transparent 50%), radial-gradient(circle at 100% 100%, #C4B5FDAA 0%, transparent 50%);mask-image: linear-gradient(180deg, white 90%, transparent 100%);\">\n                        <ul class=\"floating-balls-wrapper\"><\/ul>\n                    <\/div>\n                <\/div>\n                    <\/div>\n    \n\n    \n\n    <div class=\"inner-content\">\n        <div class=\"hero-main\">\n\n                            <h2 class=\"section-subheading\">K\u00f8b links<\/h2>\n            \n            <h1>F\u00e5 st\u00e6rke backlinks <br>- nemt og til en god pris!<\/h1>\n\n            \n                            <div class=\"hero-subcontent\" data-margin=\"true\">\n                    <div class=\"hero-content \">\n                        <p>Vi oplever ofte at virksomheder g\u00e5r i st\u00e5 med SEO n\u00e5r de kommer til link building delen.<br>\nDerfor er vi glade for at kunne pr\u00e6sentere vores helt nye link building partnerskab med WeDigitize. De har givet os muligheden for at s\u00e6lge links til dig, med en virkelig fordelagtig rabat! <\/p>\n                    <\/div>\n\n                    \n                    \n\n                                            <div class=\"so-widget-mssub-buttons so-widget-\">\n<\/div>                    \n                                            <div class=\"hero-extra-content\">\n                                                    <\/div>\n                    \n                <\/div>\n            \n            \n        <\/div>\n\n        \n    <\/div>\n\n    <\/section>\n\n<section class=\"content-image-container default\" data-box-alignment=\"image-left\" data-content-box-width=\"66\">\n\n\t<div class=\"inner-content\">\n\t\t<div class=\"content-image-content\">\n\t\t\t<div class=\"so-widget-mssub-content-flexible so-widget-mssub-content-flexible-base\">\n<div class=\"content-flexible\">\n\n\t<span class=\"section-subheading\">Et st\u00e6rkt samarbejde<\/span>\n\n\t<h2 class=\"section-heading\">Nyt partnerskab: Morningscore x WeDigitize<\/h2>\n\n\t<div class=\"text\">\n\t\t<p><span style=\"font-weight: 400;\">Vi hos Morningscore har indg\u00e5et et samarbejde med WeDigitize. En af Danmarks mest erfarne spillere inden for linkbuilding, som har en portef\u00f8lje p\u00e5 mere end 100.000 linkmuligheder. Det betyder, at du som bruger af Morningscore nu kan f\u00e5 adgang til tusindvis af medier og hjemmesider, b\u00e5de i Danmark og internationalt, hvor du kan k\u00f8be st\u00e6rke og relevante backlinks.<\/span><\/p>\n<p><span style=\"font-weight: 400;\">Det bliver endnu bedre:<\/span><span style=\"font-weight: 400;\"><br>\n<\/span><span style=\"font-weight: 400;\">Vi har f\u00e5et en <\/span><b>eksklusiv rabat p\u00e5 30% p\u00e5 alle linkk\u00f8b<\/b><span style=\"font-weight: 400;\">, som vi <\/span><b>giver 100% videre til dig<\/b><span style=\"font-weight: 400;\">. Vi tjener ikke en krone p\u00e5 det, for vores m\u00e5l er klart: Vi vil hj\u00e6lpe dig med at f\u00e5 succes med SEO.<\/span><\/p>\n\t<\/div>\n\n\t\n\t\n\t<\/div><\/div>\t\t<\/div>\n\n\t\t<figure class=\"content-image-image\">\n\t\t\t<div class=\"so-widget-mssub-media so-widget-mssub-media-base\">\n\t<img loading=\"lazy\" decoding=\"async\" width=\"1677\" height=\"1059\" src=\"data:image\/png;base64,iVBORw0KGgoAAAANSUhEUgAAAAEAAAABCAQAAAC1HAwCAAAAC0lEQVR42mNkYAAAAAYAAjCB0C8AAAAASUVORK5CYII=\" class=\"lozad\" alt=\"Partnerskab mellem Morgningscore og WeDigitize om links\" sizes=\"auto, (max-width: 1677px) 100vw, 1677px\" data-src=\"https:\/\/morningscore.io\/wp-content\/uploads\/2025\/04\/partnerskab.png\" data-srcset=\"https:\/\/morningscore.io\/wp-content\/uploads\/2025\/04\/partnerskab.png 1677w, https:\/\/morningscore.io\/wp-content\/uploads\/2025\/04\/partnerskab-300x189.png 300w\">\n<\/div>\t\t<\/figure>\n\t<\/div>\n\n<\/section>\n<section class=\"content-image-container default\" data-box-alignment=\"image-right\" data-content-box-width=\"50\">\n\n\t<div class=\"inner-content\">\n\t\t<div class=\"content-image-content\">\n\t\t\t<div class=\"so-widget-mssub-content-flexible so-widget-mssub-content-flexible-base\">\n<div class=\"content-flexible\">\n\n\t<span class=\"section-subheading\">Link building<\/span>\n\n\t<h2 class=\"section-heading\">Links er en af de vigtigste ranking faktorer<\/h2>\n\n\t<div class=\"text\">\n\t\t<p><span style=\"font-weight: 400;\">SEO er ikke kun teknik og gode tekster. Det handler ogs\u00e5 om autoritet og trov\u00e6rdighed. Og her spiller linkbuilding en n\u00f8glerolle. N\u00e5r andre trov\u00e6rdige og autorit\u00e6re hjemmesider linker til din, sender det et st\u00e6rkt signal til Google om, at dit indhold er v\u00e6rdifuldt. Jo bedre og mere relevante links, du har, jo st\u00f8rre chance har du for at ranke h\u00f8jt i s\u00f8geresultaterne.<\/span><\/p>\n<p><span style=\"font-weight: 400;\">Men linkbuilding er for mange et af de sv\u00e6reste omr\u00e5der inden for SEO. Hvor finder man de rigtige links? Hvordan vurderer man kvalitet? Og hvad koster det?<\/span><\/p>\n<p><span style=\"font-weight: 400;\">Vi har gjort det nemt, ved at g\u00f8re det for dig.<\/span><\/p>\n\t<\/div>\n\n\t\n\t\n\t<\/div><\/div>\t\t<\/div>\n\n\t\t<figure class=\"content-image-image\">\n\t\t\t<div class=\"so-widget-mssub-media so-widget-mssub-media-base\">\n\t<img loading=\"lazy\" decoding=\"async\" width=\"1745\" height=\"1144\" src=\"data:image\/png;base64,iVBORw0KGgoAAAANSUhEUgAAAAEAAAABCAQAAAC1HAwCAAAAC0lEQVR42mNkYAAAAAYAAjCB0C8AAAAASUVORK5CYII=\" class=\"lozad\" alt=\"Links er vigtige for din hjemmeside.\" sizes=\"auto, (max-width: 1745px) 100vw, 1745px\" data-src=\"https:\/\/morningscore.io\/wp-content\/uploads\/2025\/04\/links.png\" data-srcset=\"https:\/\/morningscore.io\/wp-content\/uploads\/2025\/04\/links.png 1745w, https:\/\/morningscore.io\/wp-content\/uploads\/2025\/04\/links-300x197.png 300w\">\n<\/div>\t\t<\/figure>\n\t<\/div>\n\n<\/section>\n<section class=\"content-image-container bg-alt\" data-box-alignment=\"image-left\" data-content-box-width=\"66\">\n\n\t<div class=\"inner-content\">\n\t\t<div class=\"content-image-content\">\n\t\t\t<div class=\"so-widget-mssub-content-flexible so-widget-mssub-content-flexible-base\">\n<div class=\"content-flexible\">\n\n\n\t<h2 class=\"section-heading\">Vi investerer i din succes<\/h2>\n\n\t<div class=\"text\">\n\t\t<p><span style=\"font-weight: 400;\">Vi v\u00e6lger at give hele rabatten videre til dig, fordi vi tror p\u00e5 den langsigtede v\u00e6rdi. N\u00e5r du lykkes med SEO, vinder vi ogs\u00e5. Det er kernen i alt, hvad vi laver i Morningscore. Vi vil v\u00e6re den bedste partner, n\u00e5r det kommer til at v\u00e6kste med SEO.<\/span><\/p>\n<p><span style=\"font-weight: 400;\">Du beh\u00f8ver ikke v\u00e6re SEO-ekspert eller bruge timer p\u00e5 at forst\u00e5 linkbuilding. Vi hj\u00e6lper dig hele vejen og s\u00f8rger for, at du f\u00e5r mest muligt ud af dit budget og kigger ud over DA, DR og Linkscore.<\/span><\/p>\n<p><b>Klar til at f\u00e5 st\u00e6rke links?<\/b><\/p>\n<p><span style=\"font-weight: 400;\">Skriv <span style=\"color: #563ac9;\"><strong>LINKBUILDING TILBUD <\/strong><\/span>til <strong>lukas@morningscore.io<\/strong> og f\u00e5 et uforpligtende linkforslag skr\u00e6ddersyet til dig.<\/span><\/p>\n<p><span style=\"font-weight: 400;\">Har du sp\u00f8rgsm\u00e5l? Lukas er klar til at svare p\u00e5 alle de sp\u00f8rgsm\u00e5l du m\u00e5 have, s\u00e5 du skal ikke holde dig tilbage. Vi gl\u00e6der os til at hj\u00e6lpe dig med at tage din SEO til n\u00e6ste niveau.<\/span><\/p>\n\t<\/div>\n\n\t\n\t\n\t\t\t<div class=\"so-widget-mssub-buttons so-widget-mssub-buttons-base\">\n\t\n\t\t\t\t\t<a href=\"mailto:lukas@morningscore.io\" class=\"btn btn-primary\" target=\"\">F\u00c5 UFORPLIGTENDE TILBUD<\/a>\n\t<\/div>\t<\/div><\/div>\t\t<\/div>\n\n\t\t<figure class=\"content-image-image\">\n\t\t\t<div class=\"so-widget-mssub-media so-widget-mssub-media-base\">\n\t<img loading=\"lazy\" decoding=\"async\" width=\"801\" height=\"785\" src=\"data:image\/png;base64,iVBORw0KGgoAAAANSUhEUgAAAAEAAAABCAQAAAC1HAwCAAAAC0lEQVR42mNkYAAAAAYAAjCB0C8AAAAASUVORK5CYII=\" class=\"lozad\" alt=\"\" sizes=\"auto, (max-width: 801px) 100vw, 801px\" data-src=\"https:\/\/morningscore.io\/wp-content\/uploads\/2025\/06\/linkbuilding-tilbud.png\" data-srcset=\"https:\/\/morningscore.io\/wp-content\/uploads\/2025\/06\/linkbuilding-tilbud.png 801w, https:\/\/morningscore.io\/wp-content\/uploads\/2025\/06\/linkbuilding-tilbud-300x294.png 300w, https:\/\/morningscore.io\/wp-content\/uploads\/2025\/06\/linkbuilding-tilbud-60x60.png 60w\">\n<\/div>\t\t<\/figure>\n\t<\/div>\n\n<\/section>\n<section class=\"content-image-container default\" data-box-alignment=\"image-right\" data-content-box-width=\"66\">\n\n\t<div class=\"inner-content\">\n\t\t<div class=\"content-image-content\">\n\t\t\t<div class=\"so-widget-mssub-content-flexible so-widget-mssub-content-flexible-base\">\n<div class=\"content-flexible\">\n\n\t<span class=\"section-subheading\">Link building<\/span>\n\n\t<h2 class=\"section-heading\">De samme links som bureauerne s\u00e6lger - bare billigere<\/h2>\n\n\t<div class=\"text\">\n\t\t<p><span style=\"font-weight: 400;\">De links, du f\u00e5r adgang til gennem os, er <\/span><b>pr\u00e6cis de samme links<\/b><span style=\"font-weight: 400;\">, som mange bureauer s\u00e6lger til deres kunder fordi de ogs\u00e5 k\u00f8ber links via bl.a. WeDigitize.\u00a0<\/span><\/p>\n<p><span style=\"font-weight: 400;\">Forskellen?<\/span><span style=\"font-weight: 400;\"><br>\n<\/span><span style=\"font-weight: 400;\"><br>\n<\/span><span style=\"font-weight: 400;\">Bureauerne l\u00e6gger ofte ekstra oveni prisen for at tjene penge p\u00e5 salget, hvilket er naturligt. <\/span><b>Hos os f\u00e5r du samme links. Bare til lavere pris.<\/b><\/p>\n<p><span style=\"font-weight: 400;\">Takket v\u00e6re vores aftale med WeDigitize f\u00e5r vi 30% rabat og den giver vi direkte videre til dig.<\/span><\/p>\n<p><b>Hvorfor betale mere for det samme?<\/b><b><br>\n<\/b><span style=\"font-weight: 400;\">Med Morningscore f\u00e5r du fuld gennemsigtighed og en l\u00f8sning, der er bygget p\u00e5 din succes og ikke vores profit.<\/span><\/p>\n\t<\/div>\n\n\t\n\t\n\t<\/div><\/div>\t\t<\/div>\n\n\t\t<figure class=\"content-image-image\">\n\t\t\t<div class=\"so-widget-mssub-media so-widget-mssub-media-base\">\n\t<img loading=\"lazy\" decoding=\"async\" width=\"1457\" height=\"1097\" src=\"data:image\/png;base64,iVBORw0KGgoAAAANSUhEUgAAAAEAAAABCAQAAAC1HAwCAAAAC0lEQVR42mNkYAAAAAYAAjCB0C8AAAAASUVORK5CYII=\" class=\"lozad\" alt=\"\" sizes=\"auto, (max-width: 1457px) 100vw, 1457px\" data-src=\"https:\/\/morningscore.io\/wp-content\/uploads\/2025\/06\/Link-building-value-for-money-1.png\" data-srcset=\"https:\/\/morningscore.io\/wp-content\/uploads\/2025\/06\/Link-building-value-for-money-1.png 1457w, https:\/\/morningscore.io\/wp-content\/uploads\/2025\/06\/Link-building-value-for-money-1-300x226.png 300w\">\n<\/div>\t\t<\/figure>\n\t<\/div>\n\n<\/section><section class=\"full-width-cards-v3-10-container\">\n\t<div class=\"inner-content\">\n\n        <div class=\"so-widget-mssub-section-header so-widget-mssub-section-header-base\"><div class=\"section-header\" data-layout=\"headline\">\n\t<span class=\"section-subheading\"><\/span>\n\t<div class=\"section-col section-col-1\">\n\t\t<h2 class=\"section-heading\">S\u00e5dan foreg\u00e5r det<\/h2>\n\t<\/div>\n\n\t\t\n<\/div>\n<\/div>        <div class=\"cards-container\">\n                            <div class=\"card-shadow\" data-highlight=\"\">\n                    <div class=\"card-v3-10\">\n                        <div class=\"card-title\">\n                                                        <div class=\"icon\">\n                                <span class=\"sow-icon-materialicons sowm-regular\" data-sow-icon=\"\ue400\" aria-hidden=\"true\"><\/span>                            <\/div>\n                                                        Du kontakter os                        <\/div>\n\n                        <div class=\"card-container\">\n                            <div class=\"so-widget-mssub-content-flexible so-widget-mssub-content-flexible-base\">\n<div class=\"content-flexible\">\n\n\t<span class=\"section-subheading\"><strong>Step 1<\/strong><\/span>\n\n\n\t<div class=\"text\">\n\t\t<p>Du sender en e-mail til Lukas, p\u00e5 emailen<span style=\"font-weight: 400;\">\u00a0<strong>lukas@morningscore.io <\/strong>med beskeden <strong>\"LINKBUILDING TILBUD\"<\/strong><\/span><\/p>\n\t<\/div>\n\n\t\n\t\n\t<\/div><\/div>                        <\/div>\n                    <\/div>\n                <\/div>\n                            <div class=\"card-shadow\" data-highlight=\"\">\n                    <div class=\"card-v3-10\">\n                        <div class=\"card-title\">\n                                                        <div class=\"icon\">\n                                <span class=\"sow-icon-materialicons sowm-regular\" data-sow-icon=\"\ue401\" aria-hidden=\"true\"><\/span>                            <\/div>\n                                                        Vi indg\u00e5r en dialog om behov og \u00f8nsker                        <\/div>\n\n                        <div class=\"card-container\">\n                            <div class=\"so-widget-mssub-content-flexible so-widget-mssub-content-flexible-base\">\n<div class=\"content-flexible\">\n\n\t<span class=\"section-subheading\"><strong>Step 2<\/strong><\/span>\n\n\n\t<div class=\"text\">\n\t\t<p>Vi vil derefter indg\u00e5 en dialog om \u00f8nsker, herunder<\/p>\n<ol>\n<li><span style=\"font-weight: 400;\">Hvilket dom\u00e6ne du vil have links til<\/span><\/li>\n<li><span style=\"font-weight: 400;\">Gerne nogle specifikke landingssider du \u00f8nsker fokus p\u00e5<\/span><\/li>\n<li><span style=\"font-weight: 400;\">Dit budget - alts\u00e5 hvor meget du vil bruge p\u00e5 links<\/span><\/li>\n<\/ol>\n\t<\/div>\n\n\t\n\t\n\t<\/div><\/div>                        <\/div>\n                    <\/div>\n                <\/div>\n                            <div class=\"card-shadow\" data-highlight=\"\">\n                    <div class=\"card-v3-10\">\n                        <div class=\"card-title\">\n                                                        <div class=\"icon\">\n                                <span class=\"sow-icon-materialicons sowm-regular\" data-sow-icon=\"\ue3fb\" aria-hidden=\"true\"><\/span>                            <\/div>\n                                                        Vi skr\u00e6ddersyer et tilbud til dig                        <\/div>\n\n                        <div class=\"card-container\">\n                            <div class=\"so-widget-mssub-content-flexible so-widget-mssub-content-flexible-base\">\n<div class=\"content-flexible\">\n\n\t<span class=\"section-subheading\"><strong>Step 3<\/strong><\/span>\n\n\n\t<div class=\"text\">\n\t\t<p><span style=\"font-weight: 400;\">Lukas finder relevante og st\u00e6rke links ud fra dine \u00f8nsker og dit budget, og tjekker selvf\u00f8lgelig dine eksisterende links for at sikre at du ikke allerede har et link fra siderne der udv\u00e6lges.<\/span><\/p>\n\t<\/div>\n\n\t\n\t\n\t<\/div><\/div>                        <\/div>\n                    <\/div>\n                <\/div>\n                            <div class=\"card-shadow\" data-highlight=\"\">\n                    <div class=\"card-v3-10\">\n                        <div class=\"card-title\">\n                                                        <div class=\"icon\">\n                                <span class=\"sow-icon-materialicons sowm-regular\" data-sow-icon=\"\ue3fd\" aria-hidden=\"true\"><\/span>                            <\/div>\n                                                        Du modtager et tilbud                         <\/div>\n\n                        <div class=\"card-container\">\n                            <div class=\"so-widget-mssub-content-flexible so-widget-mssub-content-flexible-base\">\n<div class=\"content-flexible\">\n\n\t<span class=\"section-subheading\"><strong>Step 4<\/strong><\/span>\n\n\n\t<div class=\"text\">\n\t\t<p><span style=\"font-weight: 400;\">Du modtager en mail med en liste over links - du kan frit sige acceptere eller afvise tilbuddet, eller bede om nye alternativer.<\/span><\/p>\n<p>\u00a0<\/p>\n<p><b>Ingen binding eller forpligtelser - du bestemmer hele vejen igennem.<br>\n<\/b><\/p>\n\t<\/div>\n\n\t\n\t\n\t<\/div><\/div>                        <\/div>\n                    <\/div>\n                <\/div>\n                            <div class=\"card-shadow\" data-highlight=\"\">\n                    <div class=\"card-v3-10\">\n                        <div class=\"card-title\">\n                                                        <div class=\"icon\">\n                                <span class=\"sow-icon-materialicons sowm-regular\" data-sow-icon=\"\ue3fe\" aria-hidden=\"true\"><\/span>                            <\/div>\n                                                        \"G\u00f8r det selv\" eller lad os klare det for dig                        <\/div>\n\n                        <div class=\"card-container\">\n                            <div class=\"so-widget-mssub-content-flexible so-widget-mssub-content-flexible-base\">\n<div class=\"content-flexible\">\n\n\t<span class=\"section-subheading\"><strong>Step 5<\/strong><\/span>\n\n\n\t<div class=\"text\">\n\t\t<p><span style=\"font-weight: 400;\">Hvert link kr\u00e6ver et tilh\u00f8rende blogindl\u00e6g eller artikel, og du har to muligheder:<\/span><\/p>\n<p><b>Skriv selv indholdet<\/b><span style=\"font-weight: 400;\"> og spar penge<\/span><span style=\"font-weight: 400;\"><\/span><\/p>\n<p><\/p>\n<p><b>Lad os klare det for dig<\/b><span style=\"font-weight: 400;\">:<\/span><\/p>\n<ul>\n<li><span style=\"font-weight: 400;\">208 kr. for en artikel p\u00e5 400 ord<\/span><span style=\"font-weight: 400;\">\n<p><\/p><\/span><\/li>\n<li><span style=\"font-weight: 400;\">\u00d8nsker du l\u00e6ngere indhold, koster det bare 42 kr. pr. 100 ekstra ord.<br>\n<\/span><\/li>\n<\/ul>\n<p><span style=\"font-weight: 400;\"><em>Indholdet vil blive produceret delvist med AI af tekstforfattere, s\u00e5 vi kan holde prisen nede.<\/em><\/span><\/p>\n\t<\/div>\n\n\t\n\t\n\t<\/div><\/div>                        <\/div>\n                    <\/div>\n                <\/div>\n                    <\/div>\n\t<\/div>\n<\/section>\n<\/div><\/div><\/div><noscript><img loading=\"lazy\" decoding=\"async\" width=\"1677\" height=\"1059\" src=\"https:\/\/morningscore.io\/wp-content\/uploads\/2025\/04\/partnerskab.png\" class=\"lozad\" alt=\"Partnerskab mellem Morgningscore og WeDigitize om links\" sizes=\"auto, (max-width: 1677px) 100vw, 1677px\" data-src=\"https:\/\/morningscore.io\/wp-content\/uploads\/2025\/04\/partnerskab.png\" data-srcset=\"https:\/\/morningscore.io\/wp-content\/uploads\/2025\/04\/partnerskab.png 1677w, https:\/\/morningscore.io\/wp-content\/uploads\/2025\/04\/partnerskab-300x189.png 300w\" srcset=\"https:\/\/morningscore.io\/wp-content\/uploads\/2025\/04\/partnerskab.png 1677w, https:\/\/morningscore.io\/wp-content\/uploads\/2025\/04\/partnerskab-300x189.png 300w\"><\/noscript><noscript><img loading=\"lazy\" decoding=\"async\" width=\"1745\" height=\"1144\" src=\"https:\/\/morningscore.io\/wp-content\/uploads\/2025\/04\/links.png\" class=\"lozad\" alt=\"Links er vigtige for din hjemmeside.\" sizes=\"auto, (max-width: 1745px) 100vw, 1745px\" data-src=\"https:\/\/morningscore.io\/wp-content\/uploads\/2025\/04\/links.png\" data-srcset=\"https:\/\/morningscore.io\/wp-content\/uploads\/2025\/04\/links.png 1745w, https:\/\/morningscore.io\/wp-content\/uploads\/2025\/04\/links-300x197.png 300w\" srcset=\"https:\/\/morningscore.io\/wp-content\/uploads\/2025\/04\/links.png 1745w, https:\/\/morningscore.io\/wp-content\/uploads\/2025\/04\/links-300x197.png 300w\"><\/noscript><noscript><img loading=\"lazy\" decoding=\"async\" width=\"801\" height=\"785\" src=\"https:\/\/morningscore.io\/wp-content\/uploads\/2025\/06\/linkbuilding-tilbud.png\" class=\"lozad\" alt=\"\" sizes=\"auto, (max-width: 801px) 100vw, 801px\" data-src=\"https:\/\/morningscore.io\/wp-content\/uploads\/2025\/06\/linkbuilding-tilbud.png\" data-srcset=\"https:\/\/morningscore.io\/wp-content\/uploads\/2025\/06\/linkbuilding-tilbud.png 801w, https:\/\/morningscore.io\/wp-content\/uploads\/2025\/06\/linkbuilding-tilbud-300x294.png 300w, https:\/\/morningscore.io\/wp-content\/uploads\/2025\/06\/linkbuilding-tilbud-60x60.png 60w\" srcset=\"https:\/\/morningscore.io\/wp-content\/uploads\/2025\/06\/linkbuilding-tilbud.png 801w, https:\/\/morningscore.io\/wp-content\/uploads\/2025\/06\/linkbuilding-tilbud-300x294.png 300w, https:\/\/morningscore.io\/wp-content\/uploads\/2025\/06\/linkbuilding-tilbud-60x60.png 60w\"><\/noscript><noscript><img loading=\"lazy\" decoding=\"async\" width=\"1457\" height=\"1097\" src=\"https:\/\/morningscore.io\/wp-content\/uploads\/2025\/06\/Link-building-value-for-money-1.png\" class=\"lozad\" alt=\"\" sizes=\"auto, (max-width: 1457px) 100vw, 1457px\" data-src=\"https:\/\/morningscore.io\/wp-content\/uploads\/2025\/06\/Link-building-value-for-money-1.png\" data-srcset=\"https:\/\/morningscore.io\/wp-content\/uploads\/2025\/06\/Link-building-value-for-money-1.png 1457w, https:\/\/morningscore.io\/wp-content\/uploads\/2025\/06\/Link-building-value-for-money-1-300x226.png 300w\" srcset=\"https:\/\/morningscore.io\/wp-content\/uploads\/2025\/06\/Link-building-value-for-money-1.png 1457w, https:\/\/morningscore.io\/wp-content\/uploads\/2025\/06\/Link-building-value-for-money-1-300x226.png 300w\"><\/noscript>","protected":false},"excerpt":{"rendered":"<p>K\u00f8b links F\u00e5 st\u00e6rke backlinks &#8211; nemt og til en god pris! Vi oplever ofte at virksomheder g\u00e5r i st\u00e5 med SEO n\u00e5r de kommer til link building delen. Derfor er vi glade for at kunne pr\u00e6sentere vores helt nye link building partnerskab med WeDigitize. De har givet os muligheden for at s\u00e6lge links til [&hellip;]<\/p>\n","protected":false},"author":1,"featured_media":0,"parent":0,"menu_order":0,"comment_status":"closed","ping_status":"closed","template":"","meta":{"_acf_changed":false,"inline_featured_image":false,"footnotes":""},"class_list":["post-59360","page","type-page","status-publish","hentry"],"acf":[],"_links":{"self":[{"href":"https:\/\/morningscore.io\/da\/wp-json\/wp\/v2\/pages\/59360","targetHints":{"allow":["GET"]}}],"collection":[{"href":"https:\/\/morningscore.io\/da\/wp-json\/wp\/v2\/pages"}],"about":[{"href":"https:\/\/morningscore.io\/da\/wp-json\/wp\/v2\/types\/page"}],"author":[{"embeddable":true,"href":"https:\/\/morningscore.io\/da\/wp-json\/wp\/v2\/users\/1"}],"replies":[{"embeddable":true,"href":"https:\/\/morningscore.io\/da\/wp-json\/wp\/v2\/comments?post=59360"}],"version-history":[{"count":11,"href":"https:\/\/morningscore.io\/da\/wp-json\/wp\/v2\/pages\/59360\/revisions"}],"predecessor-version":[{"id":64656,"href":"https:\/\/morningscore.io\/da\/wp-json\/wp\/v2\/pages\/59360\/revisions\/64656"}],"wp:attachment":[{"href":"https:\/\/morningscore.io\/da\/wp-json\/wp\/v2\/media?parent=59360"}],"curies":[{"name":"wp","href":"https:\/\/api.w.org\/{rel}","templated":true}]}}