{"id":53633,"date":"2024-12-13T12:23:49","date_gmt":"2024-12-13T12:23:49","guid":{"rendered":"https:\/\/morningscore.io\/?page_id=53633"},"modified":"2024-12-13T12:24:05","modified_gmt":"2024-12-13T12:24:05","slug":"seo-raadgivning-gave","status":"publish","type":"page","link":"https:\/\/morningscore.io\/da\/seo-raadgivning-gave\/","title":{"rendered":"SEO r\u00e5dgivning gave"},"content":{"rendered":"<div id=\"pl-53633\" class=\"panel-layout\"><div id=\"pg-53633-0\" class=\"panel-grid panel-no-style\"><div id=\"pgc-53633-0-0\" class=\"panel-grid-cell\"><section class=\"hero  with_custom_bg_image\" data-hero-layout=\"curved-no-image\" data-image-sizing=\"overflow\" style=\"--hero-headline-size-multiplier: 1;--hero-bg-image: url(https:\/\/morningscore.io\/wp-content\/uploads\/2024\/11\/background-2-1.png);--hero-bg-image-full: url(https:\/\/morningscore.io\/wp-content\/uploads\/2024\/11\/background-2-1.png);--hero-bg-image-hero-mobile-small-width: url(https:\/\/morningscore.io\/wp-content\/uploads\/2024\/11\/background-2-1.png);--hero-bg-image-mobile-width: url(https:\/\/morningscore.io\/wp-content\/uploads\/2024\/11\/background-2-1.png);--hero-bg-image-tablet-width: url(https:\/\/morningscore.io\/wp-content\/uploads\/2024\/11\/background-2-1.png);--hero-bg-image-laptop-width: url(https:\/\/morningscore.io\/wp-content\/uploads\/2024\/11\/background-2-1.png);position: relative;\" data-side-type=\"image\">\n\n            <div class=\"hero-bg with_custom_bg_image\" style=\"--gradient-start-color: #0A0A4D;--gradient-end-color: #563AC9;--gradient-angle: -180deg;\">\n            \n                    <\/div>\n    \n\n    \n\n    <div class=\"inner-content\">\n        <div class=\"hero-main\">\n\n            \n            <h1>Book din 1:1 session her<\/h1>\n\n            \n                            <div class=\"hero-subcontent\" data-margin=\"true\">\n                    <div class=\"hero-content \">\n                        <p>Som tak for at du har v\u00e6ret kunde hos os i 3 m\u00e5neder, kan du i kalenderen herunder booke en 1:1 session med en af vores SEO-eksperter - Det er helt gratis. <\/p>\n                    <\/div>\n\n                    \n                    \n\n                                            <div class=\"so-widget-mssub-buttons so-widget-\">\n<\/div>                    \n                                            <div class=\"hero-extra-content\">\n                                                    <\/div>\n                    \n                <\/div>\n            \n            \n        <\/div>\n\n        \n    <\/div>\n\n    <\/section>\n\n<section class=\"content-image-container default\" data-box-alignment=\"image-right\" data-content-box-width=\"50\">\n\n\t<div class=\"inner-content\">\n\t\t<div class=\"content-image-content\">\n\t\t\t<div class=\"so-widget-mssub-content-flexible so-widget-mssub-content-flexible-base\">\n<div class=\"content-flexible\">\n\n\n\t<h2 class=\"section-heading\">Direkte booking i kalenderen<\/h2>\n\n\t<div class=\"text\">\n\t\t<p>Tryk p\u00e5 knappen herunder og book din gratis 1:1 session med en af vores SEO-eksperter.<\/p>\n<p>S\u00e5 snart du har gennemf\u00f8rt bookingen, f\u00e5r du en bekr\u00e6ftelse p\u00e5 mail.<\/p>\n<p>Vi ser frem til at tage din SEO indsats til nye h\u00f8jder.<\/p>\n\t<\/div>\n\n\t\n\t\n\t\t\t<div class=\"so-widget-mssub-buttons so-widget-mssub-buttons-base\">\n\t\n\t\t\t\t\t<a href=\"https:\/\/meetings.hubspot.com\/christian289\/3-months-offer?uuid=1b5f68c7-1839-4cf9-a56b-6620f033f370\" class=\"btn btn-primary\" target=\"\" rel=\"noopener\">Book din session her<\/a>\n\t<\/div>\t<\/div><\/div>\t\t<\/div>\n\n\t\t<figure class=\"content-image-image\">\n\t\t\t<div class=\"so-widget-mssub-media so-widget-mssub-media-base\">\n\t<img loading=\"lazy\" decoding=\"async\" width=\"1686\" height=\"1097\" src=\"data:image\/png;base64,iVBORw0KGgoAAAANSUhEUgAAAAEAAAABCAQAAAC1HAwCAAAAC0lEQVR42mNkYAAAAAYAAjCB0C8AAAAASUVORK5CYII=\" class=\"lozad\" alt=\"\" sizes=\"auto, (max-width: 1686px) 100vw, 1686px\" data-src=\"https:\/\/morningscore.io\/wp-content\/uploads\/2024\/12\/1.1-session.png\" data-srcset=\"https:\/\/morningscore.io\/wp-content\/uploads\/2024\/12\/1.1-session.png 1686w, https:\/\/morningscore.io\/wp-content\/uploads\/2024\/12\/1.1-session-300x195.png 300w\">\n<\/div>\t\t<\/figure>\n\t<\/div>\n\n<\/section><\/div><\/div><\/div><noscript><img loading=\"lazy\" decoding=\"async\" width=\"1686\" height=\"1097\" src=\"https:\/\/morningscore.io\/wp-content\/uploads\/2024\/12\/1.1-session.png\" class=\"lozad\" alt=\"\" sizes=\"auto, (max-width: 1686px) 100vw, 1686px\" data-src=\"https:\/\/morningscore.io\/wp-content\/uploads\/2024\/12\/1.1-session.png\" data-srcset=\"https:\/\/morningscore.io\/wp-content\/uploads\/2024\/12\/1.1-session.png 1686w, https:\/\/morningscore.io\/wp-content\/uploads\/2024\/12\/1.1-session-300x195.png 300w\" srcset=\"https:\/\/morningscore.io\/wp-content\/uploads\/2024\/12\/1.1-session.png 1686w, https:\/\/morningscore.io\/wp-content\/uploads\/2024\/12\/1.1-session-300x195.png 300w\"><\/noscript>","protected":false},"excerpt":{"rendered":"<p>Book din 1:1 session her Som tak for at du har v\u00e6ret kunde hos os i 3 m\u00e5neder, kan du i kalenderen herunder booke en 1:1 session med en af vores SEO-eksperter &#8211; Det er helt gratis. Direkte booking i kalenderen Tryk p\u00e5 knappen herunder og book din gratis 1:1 session med en af vores [&hellip;]<\/p>\n","protected":false},"author":1,"featured_media":0,"parent":0,"menu_order":0,"comment_status":"closed","ping_status":"closed","template":"","meta":{"_acf_changed":false,"inline_featured_image":false,"footnotes":""},"class_list":["post-53633","page","type-page","status-publish","hentry"],"acf":[],"_links":{"self":[{"href":"https:\/\/morningscore.io\/da\/wp-json\/wp\/v2\/pages\/53633","targetHints":{"allow":["GET"]}}],"collection":[{"href":"https:\/\/morningscore.io\/da\/wp-json\/wp\/v2\/pages"}],"about":[{"href":"https:\/\/morningscore.io\/da\/wp-json\/wp\/v2\/types\/page"}],"author":[{"embeddable":true,"href":"https:\/\/morningscore.io\/da\/wp-json\/wp\/v2\/users\/1"}],"replies":[{"embeddable":true,"href":"https:\/\/morningscore.io\/da\/wp-json\/wp\/v2\/comments?post=53633"}],"version-history":[{"count":8,"href":"https:\/\/morningscore.io\/da\/wp-json\/wp\/v2\/pages\/53633\/revisions"}],"predecessor-version":[{"id":53644,"href":"https:\/\/morningscore.io\/da\/wp-json\/wp\/v2\/pages\/53633\/revisions\/53644"}],"wp:attachment":[{"href":"https:\/\/morningscore.io\/da\/wp-json\/wp\/v2\/media?parent=53633"}],"curies":[{"name":"wp","href":"https:\/\/api.w.org\/{rel}","templated":true}]}}