{"id":52791,"date":"2024-09-26T09:10:49","date_gmt":"2024-09-26T09:10:49","guid":{"rendered":"https:\/\/morningscore.io\/?page_id=52791"},"modified":"2024-10-03T06:50:13","modified_gmt":"2024-10-03T06:50:13","slug":"dandomain-webinar-recording","status":"publish","type":"page","link":"https:\/\/morningscore.io\/da\/dandomain-webinar-recording\/","title":{"rendered":"Dadomain webinar: Temus indflydelse &#8211; Recording"},"content":{"rendered":"<div id=\"pl-52791\" class=\"panel-layout\"><div id=\"pg-52791-0\" class=\"panel-grid panel-no-style\"><div id=\"pgc-52791-0-0\" class=\"panel-grid-cell\"><section class=\"hero  with_custom_bg_image\" data-hero-layout=\"curved-no-image\" data-image-sizing=\"overflow\" style=\"--hero-headline-size-multiplier: 1;--hero-bg-image: url(https:\/\/morningscore.io\/wp-content\/uploads\/2024\/09\/bg-header@2x.png);--hero-bg-image-full: url(https:\/\/morningscore.io\/wp-content\/uploads\/2024\/09\/bg-header@2x.png);--hero-bg-image-hero-mobile-small-width: url(https:\/\/morningscore.io\/wp-content\/uploads\/2024\/09\/bg-header@2x.png);--hero-bg-image-mobile-width: url(https:\/\/morningscore.io\/wp-content\/uploads\/2024\/09\/bg-header@2x.png);--hero-bg-image-tablet-width: url(https:\/\/morningscore.io\/wp-content\/uploads\/2024\/09\/bg-header@2x.png);--hero-bg-image-laptop-width: url(https:\/\/morningscore.io\/wp-content\/uploads\/2024\/09\/bg-header@2x.png);position: relative;\" data-side-type=\"image\">\n\n            <div class=\"hero-bg with_custom_bg_image\" style=\"--gradient-start-color: #0A0A4D;--gradient-end-color: #563AC9;--gradient-angle: -180deg;\">\n            \n                    <\/div>\n    \n\n    \n\n    <div class=\"inner-content\">\n        <div class=\"hero-main\">\n\n            \n            <h1><span style=\"color: #73ffee\">Se webinaret:<\/span> Temus indflydelse p\u00e5 din forretning<\/h1>\n\n            \n                            <div class=\"hero-subcontent\" data-margin=\"true\">\n                    <div class=\"hero-content \">\n                        <p>Den hurtige v\u00e6kst af platforme som Temu har skabt nye dynamikker i det digitale landskab. S\u00e6rligt p\u00e5virker det m\u00e5den, hvorp\u00e5 Google viser annoncer og rangerer sider. Men hvad betyder det egentlig for dig og din online forretning?<br>\nSe optagelsen af webinaret herunder! \u2b07\ufe0f<\/p>\n                    <\/div>\n\n                    \n                    \n\n                                            <div class=\"so-widget-mssub-buttons so-widget-\">\n<\/div>                    \n                                            <div class=\"hero-extra-content\">\n                                                    <\/div>\n                    \n                <\/div>\n            \n            \n        <\/div>\n\n        \n    <\/div>\n\n    <\/section>\n<section class=\"content-fullwidth\" style=\"text-align: left\">\n    <div class=\"curved-bg\"><\/div>\n\t<div class=\"inner-content\">\n\t\t<div class=\"so-widget-mssub-content-flexible so-widget-mssub-content-flexible-base\">\n<div class=\"content-flexible\">\n\n\n\n\t<div class=\"text\">\n\t\t<div style=\"padding:56.25% 0 0 0;position:relative;\"><iframe src=\"https:\/\/player.vimeo.com\/video\/1005417724?h=fecb828b7b&amp;badge=0&amp;autopause=0&amp;player_id=0&amp;app_id=58479\" frameborder=\"0\" allow=\"autoplay; fullscreen; picture-in-picture; clipboard-write\" style=\"position:absolute;top:0;left:0;width:100%;height:100%;\" title=\"Morningscore x Dandomain webinar\"><\/iframe><\/div><script src=\"https:\/\/player.vimeo.com\/api\/player.js\"><\/script>\t<\/div>\n\n\t\n\t\n\t<\/div><\/div>\t<\/div>\n<\/section>\n\n<section class=\"content-image-container default\" data-box-alignment=\"image-right\" data-content-box-width=\"50\">\n\n\t<div class=\"inner-content\">\n\t\t<div class=\"content-image-content\">\n\t\t\t<div class=\"so-widget-mssub-content-flexible so-widget-mssub-content-flexible-base\">\n<div class=\"content-flexible\">\n\n\n\t<h2 class=\"section-heading\">S\u00e6rligt akademi for dig som Dandomain kunde<\/h2>\n\n\t<div class=\"text\">\n\t\t<p>Som tak for interessen i vores webinar, har vi en s\u00e6rlig gave til dig. Derfor kan du helt eksklusivt tilmelde dig vores SEO akademi med opstart d. 31. oktober - <strong>helt gratis!<\/strong><\/p>\n<p>Lektionerne i dette s\u00e6rlige akademi forl\u00f8b ligger p\u00e5 f\u00f8lgende datoer:<\/p>\n<ul>\n<li>Torsdag d. 31. oktober kl. 9-10<\/li>\n<li>Torsdag d. 7. november kl. 9-10<\/li>\n<li>Torsdag d. 14. november kl. 9-10<\/li>\n<li>Tirsdag d. 19. november kl. 9-10<\/li>\n<li>Torsdag d. 21. november kl. 9-10<\/li>\n<\/ul>\n<p>\u00a0<\/p>\n<p>Du kan l\u00e6se meget mere om akademiets indhold <a href=\"https:\/\/morningscore.io\/da\/seo-kursus\/\"><strong><span style=\"color: #563ac9;\">lige her<\/span><\/strong><\/a><\/p>\n\t<\/div>\n\n\t\n\t\n\t\t\t<div class=\"so-widget-mssub-buttons so-widget-mssub-buttons-base\">\n\t\n\t\t\t\t\t<a href=\"https:\/\/morningsco.webinargeek.com\/morningscore-partner-seo-akademi\" class=\"btn btn-primary\" target=\"_blank\" rel=\"noopener\">Tilmeld dig her<\/a>\n\t<\/div>\t<\/div><\/div>\t\t<\/div>\n\n\t\t<figure class=\"content-image-image\">\n\t\t\t<div class=\"so-widget-mssub-media so-widget-mssub-media-base\">\n\t<img loading=\"lazy\" decoding=\"async\" width=\"1178\" height=\"784\" src=\"data:image\/png;base64,iVBORw0KGgoAAAANSUhEUgAAAAEAAAABCAQAAAC1HAwCAAAAC0lEQVR42mNkYAAAAAYAAjCB0C8AAAAASUVORK5CYII=\" class=\"lozad\" alt=\"\" sizes=\"auto, (max-width: 1178px) 100vw, 1178px\" data-src=\"https:\/\/morningscore.io\/wp-content\/uploads\/2024\/08\/Christian-underviser.png\" data-srcset=\"https:\/\/morningscore.io\/wp-content\/uploads\/2024\/08\/Christian-underviser.png 1178w, https:\/\/morningscore.io\/wp-content\/uploads\/2024\/08\/Christian-underviser-300x200.png 300w\">\n<\/div>\t\t<\/figure>\n\t<\/div>\n\n<\/section><\/div><\/div><\/div><noscript><img loading=\"lazy\" decoding=\"async\" width=\"1178\" height=\"784\" src=\"https:\/\/morningscore.io\/wp-content\/uploads\/2024\/08\/Christian-underviser.png\" class=\"lozad\" alt=\"\" sizes=\"auto, (max-width: 1178px) 100vw, 1178px\" data-src=\"https:\/\/morningscore.io\/wp-content\/uploads\/2024\/08\/Christian-underviser.png\" data-srcset=\"https:\/\/morningscore.io\/wp-content\/uploads\/2024\/08\/Christian-underviser.png 1178w, https:\/\/morningscore.io\/wp-content\/uploads\/2024\/08\/Christian-underviser-300x200.png 300w\" srcset=\"https:\/\/morningscore.io\/wp-content\/uploads\/2024\/08\/Christian-underviser.png 1178w, https:\/\/morningscore.io\/wp-content\/uploads\/2024\/08\/Christian-underviser-300x200.png 300w\"><\/noscript>","protected":false},"excerpt":{"rendered":"<p>Se webinaret: Temus indflydelse p\u00e5 din forretning Den hurtige v\u00e6kst af platforme som Temu har skabt nye dynamikker i det digitale landskab. S\u00e6rligt p\u00e5virker det m\u00e5den, hvorp\u00e5 Google viser annoncer og rangerer sider. Men hvad betyder det egentlig for dig og din online forretning? Se optagelsen af webinaret herunder! \u2b07\ufe0f S\u00e6rligt akademi for dig som [&hellip;]<\/p>\n","protected":false},"author":1,"featured_media":0,"parent":0,"menu_order":0,"comment_status":"closed","ping_status":"closed","template":"","meta":{"_acf_changed":false,"inline_featured_image":false,"footnotes":""},"class_list":["post-52791","page","type-page","status-publish","hentry"],"acf":[],"_links":{"self":[{"href":"https:\/\/morningscore.io\/da\/wp-json\/wp\/v2\/pages\/52791","targetHints":{"allow":["GET"]}}],"collection":[{"href":"https:\/\/morningscore.io\/da\/wp-json\/wp\/v2\/pages"}],"about":[{"href":"https:\/\/morningscore.io\/da\/wp-json\/wp\/v2\/types\/page"}],"author":[{"embeddable":true,"href":"https:\/\/morningscore.io\/da\/wp-json\/wp\/v2\/users\/1"}],"replies":[{"embeddable":true,"href":"https:\/\/morningscore.io\/da\/wp-json\/wp\/v2\/comments?post=52791"}],"version-history":[{"count":10,"href":"https:\/\/morningscore.io\/da\/wp-json\/wp\/v2\/pages\/52791\/revisions"}],"predecessor-version":[{"id":52857,"href":"https:\/\/morningscore.io\/da\/wp-json\/wp\/v2\/pages\/52791\/revisions\/52857"}],"wp:attachment":[{"href":"https:\/\/morningscore.io\/da\/wp-json\/wp\/v2\/media?parent=52791"}],"curies":[{"name":"wp","href":"https:\/\/api.w.org\/{rel}","templated":true}]}}