{"id":51333,"date":"2024-05-30T11:51:49","date_gmt":"2024-05-30T11:51:49","guid":{"rendered":"https:\/\/morningscore.io\/?page_id=51333"},"modified":"2024-05-30T12:53:51","modified_gmt":"2024-05-30T12:53:51","slug":"seo-lynkursus-gratis-adgang","status":"publish","type":"page","link":"https:\/\/morningscore.io\/da\/seo-lynkursus-gratis-adgang\/","title":{"rendered":"SEO kursus &#8211; gratis adgang lynkursus"},"content":{"rendered":"<div id=\"pl-51333\" class=\"panel-layout\"><div id=\"pg-51333-0\" class=\"panel-grid panel-no-style\"><div id=\"pgc-51333-0-0\" class=\"panel-grid-cell\"><section class=\"hero  gradient_with_balls\" data-hero-layout=\"curved-v3-4-mask-left\" data-image-sizing=\"overflow\" data-headline-is-long=\"true\" style=\"--hero-headline-size-multiplier: 1;position: relative;--hero-text-color: #312E81;\" data-side-type=\"image\">\n\n            <div class=\"hero-bg gradient_with_balls\" style=\"--gradient-start-color: #0A0A4D;--gradient-end-color: #563AC9;--gradient-angle: -180deg;background: none; overflow: visible;\">\n            \n                            <style>\n                    .floating-balls-wrapper {\n                        position: absolute;\n                        inset: 0;\n                        width: 100%;\n                        height: 180vh;\n                        pointer-events: none;\n                        overflow: hidden;\n                        z-index: -1;\n                    }\n\n                    .floating-balls-wrapper .ball {\n                        position: absolute;\n                        border-radius: 50%;\n                        backface-visibility: hidden;\n                        list-style: none;\n                        background: linear-gradient(to bottom left, rgba(224,231,255, 0.3), rgba(196,181,253, 0.3));\n                        filter: blur(2px);\n                    }\n\n                <\/style>\n                <div style=\"position: absolute;left: 0;top: -3.9rem;width: 100%;height: 120vh;z-index: -1;\">\n                    <div style=\"position: absolute;left: 0;top: 0;width: 100%;height: 100%;background-image: radial-gradient(circle at 40% 0%, #5439C53C 0%, transparent 50%), radial-gradient(circle at 0% 120%, #5439C53C 0%, transparent 50%), radial-gradient(circle at 100% 100%, #C4B5FDAA 0%, transparent 50%);mask-image: linear-gradient(180deg, white 90%, transparent 100%);\">\n                        <ul class=\"floating-balls-wrapper\"><\/ul>\n                    <\/div>\n                <\/div>\n                    <\/div>\n    \n\n    \n\n    <div class=\"inner-content\">\n        <div class=\"hero-main\">\n\n            \n            <h1>Tilmeld dig vores SEO kursus i lynversion, helt <span style=\"color: #73FFEE\">gratis<\/span><\/h1>\n\n            \n                            <div class=\"hero-subcontent\" data-margin=\"true\">\n                    <div class=\"hero-content \">\n                        <p>Vores popul\u00e6re SEO-kursus, findes nu i en lynversion!<br>\n4 lektioner p\u00e5 en uge + 1 opf\u00f8lgende open air lektion, s\u00e5 du kan komme hurtigt i gang med at v\u00e6kste din virksomhed gennem SEO.<\/p>\n                    <\/div>\n\n                    \n                    \n\n                                            <div class=\"so-widget-mssub-buttons so-widget-mssub-buttons-base\">\n\t\n\t\t\t\t\t<a href=\"#tilmelding\" class=\"btn btn-primary\" target=\"\">Gratis adgang med kode<\/a>\n\t<\/div>                    \n                                            <div class=\"hero-extra-content\">\n                                                    <\/div>\n                    \n                <\/div>\n            \n            \n        <\/div>\n\n                    <div class=\"hero-side\">\n                                    <figure>\n                        <img loading=\"lazy\" decoding=\"async\" width=\"1249\" height=\"1234\" src=\"data:image\/png;base64,iVBORw0KGgoAAAANSUhEUgAAAAEAAAABCAQAAAC1HAwCAAAAC0lEQVR42mNkYAAAAAYAAjCB0C8AAAAASUVORK5CYII=\" class=\"lozad\" alt=\"\" sizes=\"auto, (max-width: 1249px) 100vw, 1249px\" data-src=\"https:\/\/morningscore.io\/wp-content\/uploads\/2024\/05\/seo-akademi-lynversion_1.png\" data-srcset=\"https:\/\/morningscore.io\/wp-content\/uploads\/2024\/05\/seo-akademi-lynversion_1.png 1249w, https:\/\/morningscore.io\/wp-content\/uploads\/2024\/05\/seo-akademi-lynversion_1-300x296.png 300w\">                    <\/figure>\n                \n                            <\/div>\n        \n    <\/div>\n\n    <\/section>\n\n<section class=\"feature-boxes default\" data-boxes-layout=\"cards-shadow\" data-num-columns=\"3\">\n\n\t<div class=\"inner-content\">\n\t\t<div class=\"so-widget-mssub-section-header so-widget-mssub-section-header-base\"><div class=\"section-header\" data-layout=\"headline-centered\">\n\t<span class=\"section-subheading\"><\/span>\n\t<div class=\"section-col section-col-1\">\n\t\t<h2 class=\"section-heading\">Kursusforl\u00f8b<\/h2>\n\t<\/div>\n\n\t\t\n<\/div>\n<\/div>\n\t\t<div class=\"feature-boxes-boxes\">\n\t\t\t                                    <div class=\"feature-boxes-box\">\n\n                                                    <div class=\"feature-box-icon\"><i class=\"ii ii-rocket\"><\/i><\/div>\n                        \n                        <h3><span style=\"color: #32345C\"><strong>Lektion 1<\/strong><\/span><\/h3>\n\n                        <div class=\"text\"><ul style=\"color: #525f7f;font-size: 105%\">\n<li>Intro<\/li>\n<li>De tre grunds\u00f8jler i SEO<\/li>\n<li>S\u00f8geordsanalyse<\/li>\n<li>Konkurrentanalyse<\/li>\n<\/ul>\n<p><\/p>\n<p style=\"color: #2F2077\"><strong>Mandag d. 17. juni kl. 10.30-11.30<\/strong><\/p>\n<\/div>\n\n                        <div class=\"more\">\n                            <div class=\"learn\">\n                                <span class=\"learn-more\">\n                                                                    <\/span>\n                                <span class=\"arrow-right\"><\/span>\n                            <\/div>\n                        <\/div>\n                    <\/div>\n                \t\t\t                                    <div class=\"feature-boxes-box\">\n\n                                                    <div class=\"feature-box-icon\"><i class=\"ii ii-heart\"><\/i><\/div>\n                        \n                        <h3><span style=\"color: #32345C\"><strong>Lektion 2<\/strong><\/span><\/h3>\n\n                        <div class=\"text\"><ul style=\"color: #525f7f;font-size: 105%\">\n<li>Onpage - styr p\u00e5 det tekniske<\/li>\n<li>Centrale elementer i SEO<\/li>\n<li>Helbredsanalyse<\/li>\n<li>Struktur\u00e9r din indsats<\/li>\n<\/ul>\n<p><\/p>\n<p style=\"color: #2F2077\"><strong>Tirsdag d. 18. juni kl. 10.30-11.30<\/strong><\/p>\n<\/div>\n\n                        <div class=\"more\">\n                            <div class=\"learn\">\n                                <span class=\"learn-more\">\n                                                                    <\/span>\n                                <span class=\"arrow-right\"><\/span>\n                            <\/div>\n                        <\/div>\n                    <\/div>\n                \t\t\t                                    <div class=\"feature-boxes-box\">\n\n                                                    <div class=\"feature-box-icon\"><i class=\"ii ii-link\"><\/i><\/div>\n                        \n                        <h3><span style=\"color: #32345C\"><strong>Lektion 3<\/strong><\/span><\/h3>\n\n                        <div class=\"text\"><ul style=\"color: #525f7f;font-size: 105%\">\n<li>Linkbuilding<\/li>\n<li>Interne links<\/li>\n<li>Content Clusters<\/li>\n<li>Backlinks<\/li>\n<\/ul>\n<p><\/p>\n<p style=\"color: #2F2077\"><strong>Onsdag d. 19. juni kl. 10.30-11.30<\/strong><\/p>\n<\/div>\n\n                        <div class=\"more\">\n                            <div class=\"learn\">\n                                <span class=\"learn-more\">\n                                                                    <\/span>\n                                <span class=\"arrow-right\"><\/span>\n                            <\/div>\n                        <\/div>\n                    <\/div>\n                \t\t\t                                    <div class=\"feature-boxes-box\">\n\n                                                    <div class=\"feature-box-icon\"><i class=\"ii ii-dartboard\"><\/i><\/div>\n                        \n                        <h3><span style=\"color: #32345C\"><strong>Lektion 4<\/strong><\/span><\/h3>\n\n                        <div class=\"text\"><ul style=\"color: #525f7f;font-size: 105%\">\n<li>L\u00e6g en SEO strategi<\/li>\n<li>F\u00e5 succes med SEO herfra<\/li>\n<li>Sp\u00f8rgsm\u00e5l og hj\u00e6lp<\/li>\n<li>Certificering<\/li>\n<\/ul>\n<p><\/p>\n<p style=\"color: #2F2077\"><strong>Torsdag d. 20. juni kl. 10.30-11.30<\/strong><\/p>\n<\/div>\n\n                        <div class=\"more\">\n                            <div class=\"learn\">\n                                <span class=\"learn-more\">\n                                                                    <\/span>\n                                <span class=\"arrow-right\"><\/span>\n                            <\/div>\n                        <\/div>\n                    <\/div>\n                \t\t\t                                    <div class=\"feature-boxes-box\">\n\n                                                    <div class=\"feature-box-icon\"><i class=\"ii ii-circle-help\"><\/i><\/div>\n                        \n                        <h3><span style=\"color: #32345C\"><strong>Lektion 5<\/strong><\/span><\/h3>\n\n                        <div class=\"text\"><ul style=\"color: #525f7f;font-size: 105%\">\n<li>Open air \/ sp\u00f8rgsm\u00e5l<\/li>\n<li>Vi l\u00f8ser dine problemer<\/li>\n<li>Vi gennemg\u00e5r problemer<\/li>\n<li>En hemmelig g\u00e6st<\/li>\n<\/ul>\n<p><\/p>\n<p style=\"color: #2F2077\"><strong>Tirsdag d. 25. juni kl. 10.30-11.30<\/strong><\/p>\n<\/div>\n\n                        <div class=\"more\">\n                            <div class=\"learn\">\n                                <span class=\"learn-more\">\n                                                                    <\/span>\n                                <span class=\"arrow-right\"><\/span>\n                            <\/div>\n                        <\/div>\n                    <\/div>\n                \t\t\t                                    <div class=\"feature-boxes-box\">\n\n                        \n                        <h3><\/h3>\n\n                        <div class=\"text\"><p><strong><a href=\"https:\/\/morningscore.io\/da\/contact\/\" style=\"color: #563AC9\">Kontakt os<\/a><a><\/a><\/strong><span style=\"color: #868FA5;font-size: 105%\"> endelig, hvis du sidder inde med nogle sp\u00f8rgsm\u00e5l til kursets forl\u00f8b, tekniske setup eller andet.<\/span><\/p>\n<\/div>\n\n                        <div class=\"more\">\n                            <div class=\"learn\">\n                                <span class=\"learn-more\">\n                                                                    <\/span>\n                                <span class=\"arrow-right\"><\/span>\n                            <\/div>\n                        <\/div>\n                    <\/div>\n                \t\t\t\t\t<\/div>\n\n\t\t\t<\/div>\n\n<\/section>\n<section class=\"content-fullwidth\" style=\"text-align: center\">\n    <div class=\"curved-bg\"><\/div>\n\t<div class=\"inner-content\">\n\t\t<div class=\"so-widget-mssub-content-flexible so-widget-mssub-content-flexible-base\">\n<div class=\"content-flexible\">\n\n\n\n\t<div class=\"text\">\n\t\t\t<\/div>\n\n\t\n\t\n\t\t\t<div class=\"so-widget-mssub-buttons so-widget-mssub-buttons-base\">\n\t\n\t\t\t\t\t<a href=\"https:\/\/morningscore.io\/da\/seo-kursus-lynversion\/\" class=\"btn btn-primary\" target=\"_blank\">L\u00e6s mere om lynkurset her<\/a>\n\t<\/div>\t<\/div><\/div>\t<\/div>\n<\/section>\n<div id=\"tilmelding\" class=\"panel-widget-style panel-widget-style-for-51333-0-0-3\">\n<section class=\"content-image-container bg-alt\" data-box-alignment=\"image-right\" data-content-box-width=\"50\">\n\n\t<div class=\"inner-content\">\n\t\t<div class=\"content-image-content\">\n\t\t\t<div class=\"so-widget-mssub-content-flexible so-widget-mssub-content-flexible-base\">\n<div class=\"content-flexible\">\n\n\t<span class=\"section-subheading\">\u2800 \u2800 \u2800 \u2800 \u2800 \u2800 \u2800 \u2800<\/span>\n\n\t<h2 class=\"section-heading\">Tilmelding \ud83e\uddd1\u200d\ud83d\ude80<\/h2>\n\n\t<div class=\"text\">\n\t\t<div class=\"_form_55\"><\/div><script src=\"https:\/\/morningscore17212.activehosted.com\/f\/embed.php?id=55\" charset=\"utf-8\"><\/script>\t<\/div>\n\n\t\n\t\n\t\t\t<div class=\"so-widget-mssub-buttons so-widget-\">\n<\/div>\t<\/div><\/div>\t\t<\/div>\n\n\t\t<figure class=\"content-image-image\">\n\t\t\t<div class=\"so-widget-mssub-media so-widget-mssub-media-base\">\n\t<img loading=\"lazy\" decoding=\"async\" width=\"2524\" height=\"2019\" src=\"data:image\/png;base64,iVBORw0KGgoAAAANSUhEUgAAAAEAAAABCAQAAAC1HAwCAAAAC0lEQVR42mNkYAAAAAYAAjCB0C8AAAAASUVORK5CYII=\" class=\"lozad\" alt=\"\" sizes=\"auto, (max-width: 2524px) 100vw, 2524px\" data-src=\"https:\/\/morningscore.io\/wp-content\/uploads\/2024\/04\/spaceman-kursus.png\" data-srcset=\"https:\/\/morningscore.io\/wp-content\/uploads\/2024\/04\/spaceman-kursus.png 2524w, https:\/\/morningscore.io\/wp-content\/uploads\/2024\/04\/spaceman-kursus-300x240.png 300w\">\n<\/div>\t\t<\/figure>\n\t<\/div>\n\n<\/section><\/div><section class=\"faq-container default\">\n\t<div class=\"inner-content\">\n\t\t<div class=\"so-widget-mssub-section-header so-widget-mssub-section-header-base\"><div class=\"section-header\" data-layout=\"headline-text\">\n\t<span class=\"section-subheading\">FAQ<\/span>\n\t<div class=\"section-col section-col-1\">\n\t\t<h2 class=\"section-heading\">Har du sp\u00f8rgsm\u00e5l?<\/h2>\n\t<\/div>\n\n\t\t<div class=\"section-col section-col-2\">\n\n\t\t\n\t\t\t\t\t<div class=\"col-text text\"><\/div>\n\t\t\n\t\t\n\t<\/div>\n\t\t\n<\/div>\n<\/div>\n\t\t<div class=\"faq-questions rows-autocollapse\" data-expand-text=\"Se alle sp\u00f8rgsm\u00e5l\">\n\t\t\t\t\t\t\t\n\t\t\t\t\t\t\t\t\t<article class=\"faq-question faq-item rows-autocollapse-row\">\n\t\t\t\t\t\t<input type=\"checkbox\" id=\"faq-168922689662625c3a8f77902716778-0\">\n\t\t\t\t\t\t<label for=\"faq-168922689662625c3a8f77902716778-0\">Hvordan f\u00e5r jeg adgang til kurset?<\/label>\n\n\t\t\t\t\t\t<div class=\"faq-question-content\">\n\t\t\t\t\t\t\t<div class=\"text\">\n\t\t\t\t\t\t\t\t<p>Efter du har tilmeldt dig gratis, til Morningscores SEO-kursus, vil du indenfor en time modtage en velkomstmail med adgang til online kurset. Selve kurserne k\u00f8rer p\u00e5 live video i webinar format, som du tilg\u00e5r via et simpelt link med en kode i.\u00a0Skulle du mod forventning ikke modtage mailen, s\u00e5 kontakt os endelig p\u00e5 chatten eller via <a href=\"https:\/\/morningscore.io\/da\/contact\/\">kontaktsiden<\/a><\/p>\n\t\t\t\t\t\t\t<\/div>\n\t\t\t\t\t\t<\/div>\n\t\t\t\t\t<\/article>\n\t\t\t\t\n\t\t\t\t\t\t\t\n\t\t\t\t\t\t\t\t\t<article class=\"faq-question faq-item rows-autocollapse-row\">\n\t\t\t\t\t\t<input type=\"checkbox\" id=\"faq-168922689662625c3a8f77902716778-1\">\n\t\t\t\t\t\t<label for=\"faq-168922689662625c3a8f77902716778-1\">Kan jeg gense lektioner?<\/label>\n\n\t\t\t\t\t\t<div class=\"faq-question-content\">\n\t\t\t\t\t\t\t<div class=\"text\">\n\t\t\t\t\t\t\t\t<p>Du kan ubegr\u00e6nset gense alle kurser via et simpelt link med en kode i. Koden har du modtaget p\u00e5 mail sammen med lektionsoversigten.<\/p>\n\t\t\t\t\t\t\t<\/div>\n\t\t\t\t\t\t<\/div>\n\t\t\t\t\t<\/article>\n\t\t\t\t\n\t\t\t\t\t\t\t\n\t\t\t\t\t\t\t\t\t<article class=\"faq-question faq-item rows-autocollapse-row\">\n\t\t\t\t\t\t<input type=\"checkbox\" id=\"faq-168922689662625c3a8f77902716778-2\">\n\t\t\t\t\t\t<label for=\"faq-168922689662625c3a8f77902716778-2\">Hvem afholder SEO kurset?<\/label>\n\n\t\t\t\t\t\t<div class=\"faq-question-content\">\n\t\t\t\t\t\t\t<div class=\"text\">\n\t\t\t\t\t\t\t\t<p><a href=\"https:\/\/morningscore.io\/da\/team\/christian-aalykke\/\">Christian Aalykke<\/a> afholder vores SEO kurser.\u00a0Det g\u00f8r han med stor passion og tr\u00e6kker p\u00e5 flere \u00e5rs erfaring med b\u00e5de SEO og Morningscore.<\/p>\n<p>Mange kunder har opn\u00e5et stor stigning i trafik og kunder efter at have fulgt hans opskrift. Christian form\u00e5r at g\u00f8re SEO h\u00e5ndgribeligt og i \u00f8jenh\u00f8jde.<\/p>\n<p>\u00a0<\/p>\n\t\t\t\t\t\t\t<\/div>\n\t\t\t\t\t\t<\/div>\n\t\t\t\t\t<\/article>\n\t\t\t\t\n\t\t\t\t\t\t\t\n\t\t\t\t\t\t\t\t\t<article class=\"faq-question faq-item rows-autocollapse-row\">\n\t\t\t\t\t\t<input type=\"checkbox\" id=\"faq-168922689662625c3a8f77902716778-3\">\n\t\t\t\t\t\t<label for=\"faq-168922689662625c3a8f77902716778-3\">Hvad siger andre om SEO kurset hos Morningscore?<\/label>\n\n\t\t\t\t\t\t<div class=\"faq-question-content\">\n\t\t\t\t\t\t\t<div class=\"text\">\n\t\t\t\t\t\t\t\t<p>Vi er enormt glade for, at vi har f\u00e5et positive tilbagemeldinger fra tidligere kursister. Herunder er et lille udpluk.<\/p>\n<div class=\"flex-1 overflow-hidden\">\n<div class=\"react-scroll-to-bottom--css-gbsuf-79elbk h-full\">\n<div class=\"react-scroll-to-bottom--css-gbsuf-1n7m0yu\">\n<div class=\"flex flex-col text-sm pb-9\">\n<div class=\"w-full text-token-text-primary\" dir=\"auto\" data-testid=\"conversation-turn-3\">\n<div class=\"px-4 py-2 justify-center text-base md:gap-6 m-auto\">\n<div class=\"flex flex-1 text-base mx-auto gap-3 juice:gap-4 juice:md:gap-6 md:px-5 lg:px-1 xl:px-5 md:max-w-3xl lg:max-w-[40rem] xl:max-w-[48rem]\">\n<div class=\"relative flex w-full flex-col agent-turn\">\n<div class=\"flex-col gap-1 md:gap-3\">\n<div class=\"flex flex-grow flex-col max-w-full\">\n<div class=\"min-h-[20px] text-message flex flex-col items-start gap-3 whitespace-pre-wrap break-words [.text-message+&amp;]:mt-5 overflow-x-auto\" dir=\"auto\" data-message-author-role=\"assistant\" data-message-id=\"f2d8fa7e-c3cf-4eeb-b93a-756f4a5b8988\">\n<div class=\"markdown prose w-full break-words dark:prose-invert light\">\n<p><em>\"Morningscore har form\u00e5et at skabe en SEO kursus, <strong>der forenkler SEO<\/strong>, selv for ikke-tekniske brugere.\"<\/em><\/p>\n<p><em>\"Kurset er super godt og har givet mig helt anden forst\u00e5else af hvordan SEO fungerer.\"\u00a0<\/em><\/p>\n<p><em>\"Morningscore skiller sig ud med sit spilagtige og brugervenlige interface. Jeg bruger det hver dag nu, fordi det er sjovt!\"<\/em><\/p>\n<\/div>\n<\/div>\n<\/div>\n<\/div>\n<\/div>\n<\/div>\n<\/div>\n<\/div>\n<\/div>\n<\/div>\n<\/div>\n<\/div>\n<p>\u00a0<\/p>\n<p>\u00a0<\/p>\n<p>\u00a0<\/p>\n<p>\u00a0<\/p>\n<p>\u00a0<\/p>\n\t\t\t\t\t\t\t<\/div>\n\t\t\t\t\t\t<\/div>\n\t\t\t\t\t<\/article>\n\t\t\t\t\n\t\t\t\t\t<\/div>\n\t<\/div>\n<\/section>\n<\/div><\/div><\/div><noscript><img loading=\"lazy\" decoding=\"async\" width=\"1249\" height=\"1234\" src=\"https:\/\/morningscore.io\/wp-content\/uploads\/2024\/05\/seo-akademi-lynversion_1.png\" class=\"lozad\" alt=\"\" sizes=\"auto, (max-width: 1249px) 100vw, 1249px\" data-src=\"https:\/\/morningscore.io\/wp-content\/uploads\/2024\/05\/seo-akademi-lynversion_1.png\" data-srcset=\"https:\/\/morningscore.io\/wp-content\/uploads\/2024\/05\/seo-akademi-lynversion_1.png 1249w, https:\/\/morningscore.io\/wp-content\/uploads\/2024\/05\/seo-akademi-lynversion_1-300x296.png 300w\" srcset=\"https:\/\/morningscore.io\/wp-content\/uploads\/2024\/05\/seo-akademi-lynversion_1.png 1249w, https:\/\/morningscore.io\/wp-content\/uploads\/2024\/05\/seo-akademi-lynversion_1-300x296.png 300w\"><\/noscript><noscript><img loading=\"lazy\" decoding=\"async\" width=\"2524\" height=\"2019\" src=\"https:\/\/morningscore.io\/wp-content\/uploads\/2024\/04\/spaceman-kursus.png\" class=\"lozad\" alt=\"\" sizes=\"auto, (max-width: 2524px) 100vw, 2524px\" data-src=\"https:\/\/morningscore.io\/wp-content\/uploads\/2024\/04\/spaceman-kursus.png\" data-srcset=\"https:\/\/morningscore.io\/wp-content\/uploads\/2024\/04\/spaceman-kursus.png 2524w, https:\/\/morningscore.io\/wp-content\/uploads\/2024\/04\/spaceman-kursus-300x240.png 300w\" srcset=\"https:\/\/morningscore.io\/wp-content\/uploads\/2024\/04\/spaceman-kursus.png 2524w, https:\/\/morningscore.io\/wp-content\/uploads\/2024\/04\/spaceman-kursus-300x240.png 300w\"><\/noscript>","protected":false},"excerpt":{"rendered":"<p>Tilmeld dig vores SEO kursus i lynversion, helt gratis Vores popul\u00e6re SEO-kursus, findes nu i en lynversion! 4 lektioner p\u00e5 en uge + 1 opf\u00f8lgende open air lektion, s\u00e5 du kan komme hurtigt i gang med at v\u00e6kste din virksomhed gennem SEO. Gratis adgang med kode Kursusforl\u00f8b Lektion 1 Intro De tre grunds\u00f8jler i SEO [&hellip;]<\/p>\n","protected":false},"author":1,"featured_media":0,"parent":0,"menu_order":0,"comment_status":"closed","ping_status":"closed","template":"","meta":{"_acf_changed":false,"inline_featured_image":false,"footnotes":""},"class_list":["post-51333","page","type-page","status-publish","hentry"],"acf":[],"_links":{"self":[{"href":"https:\/\/morningscore.io\/da\/wp-json\/wp\/v2\/pages\/51333","targetHints":{"allow":["GET"]}}],"collection":[{"href":"https:\/\/morningscore.io\/da\/wp-json\/wp\/v2\/pages"}],"about":[{"href":"https:\/\/morningscore.io\/da\/wp-json\/wp\/v2\/types\/page"}],"author":[{"embeddable":true,"href":"https:\/\/morningscore.io\/da\/wp-json\/wp\/v2\/users\/1"}],"replies":[{"embeddable":true,"href":"https:\/\/morningscore.io\/da\/wp-json\/wp\/v2\/comments?post=51333"}],"version-history":[{"count":7,"href":"https:\/\/morningscore.io\/da\/wp-json\/wp\/v2\/pages\/51333\/revisions"}],"predecessor-version":[{"id":51341,"href":"https:\/\/morningscore.io\/da\/wp-json\/wp\/v2\/pages\/51333\/revisions\/51341"}],"wp:attachment":[{"href":"https:\/\/morningscore.io\/da\/wp-json\/wp\/v2\/media?parent=51333"}],"curies":[{"name":"wp","href":"https:\/\/api.w.org\/{rel}","templated":true}]}}