{"id":50955,"date":"2024-05-17T08:49:05","date_gmt":"2024-05-17T08:49:05","guid":{"rendered":"https:\/\/morningscore.io\/?page_id=50955"},"modified":"2026-04-07T12:29:28","modified_gmt":"2026-04-07T12:29:28","slug":"e-maerket-partnertilbud-2026","status":"publish","type":"page","link":"https:\/\/morningscore.io\/da\/e-maerket-partnertilbud-2026\/","title":{"rendered":"e-m\u00e6rket Partnertilbud"},"content":{"rendered":"<div id=\"pl-50955\" class=\"panel-layout\"><div id=\"pg-50955-0\" class=\"panel-grid panel-no-style\"><div id=\"pgc-50955-0-0\" class=\"panel-grid-cell\"><section class=\"hero  gradient_with_balls\" data-hero-layout=\"curved-no-image\" data-image-sizing=\"overflow\" style=\"--hero-headline-size-multiplier: 1;position: relative;--hero-text-color: #312E81;\" data-side-type=\"image\">\n\n            <div class=\"hero-bg gradient_with_balls\" style=\"--gradient-start-color: #0A0A4D;--gradient-end-color: #563AC9;--gradient-angle: -180deg;background: none; overflow: visible;\">\n            \n                            <style>\n                    .floating-balls-wrapper {\n                        position: absolute;\n                        inset: 0;\n                        width: 100%;\n                        height: 180vh;\n                        pointer-events: none;\n                        overflow: hidden;\n                        z-index: -1;\n                    }\n\n                    .floating-balls-wrapper .ball {\n                        position: absolute;\n                        border-radius: 50%;\n                        backface-visibility: hidden;\n                        list-style: none;\n                        background: linear-gradient(to bottom left, rgba(224,231,255, 0.3), rgba(196,181,253, 0.3));\n                        filter: blur(2px);\n                    }\n\n                <\/style>\n                <div style=\"position: absolute;left: 0;top: -3.9rem;width: 100%;height: 120vh;z-index: -1;\">\n                    <div style=\"position: absolute;left: 0;top: 0;width: 100%;height: 100%;background-image: radial-gradient(circle at 40% 0%, #5439C53C 0%, transparent 50%), radial-gradient(circle at 0% 120%, #5439C53C 0%, transparent 50%), radial-gradient(circle at 100% 100%, #C4B5FDAA 0%, transparent 50%);mask-image: linear-gradient(180deg, white 90%, transparent 100%);\">\n                        <ul class=\"floating-balls-wrapper\"><\/ul>\n                    <\/div>\n                <\/div>\n                    <\/div>\n    \n\n    \n\n    <div class=\"inner-content\">\n        <div class=\"hero-main\">\n\n                            <h2 class=\"section-subheading\">e-m\u00e6rket medlemsfordel<\/h2>\n            \n            <h1>Boost din organiske synlighed p\u00e5 tv\u00e6rs af kanaler<\/h1>\n\n            \n                            <div class=\"hero-subcontent\" data-margin=\"true\">\n                    <div class=\"hero-content \">\n                        <p>Bliv fundet - b\u00e5de i Google og i AI-svar. Som e-m\u00e6rket webshop har du allerede kundernes tillid. Nu handler det om at blive valgt.<\/p>\n<p>I samarbejde med e-m\u00e6rket, hj\u00e6lper vi dig med at opbygge en st\u00e6rk, organisk tilstedev\u00e6relse p\u00e5 tv\u00e6rs af s\u00f8gemaskiner og AI-modeller som ChatGPT og Google Gemini - s\u00e5 du ikke bare f\u00e5r trafik, men ogs\u00e5 kunder.<\/p>\n                    <\/div>\n\n                    \n                    \n\n                                            <div class=\"so-widget-mssub-buttons so-widget-mssub-buttons-base\">\n\t\n\t\t\t<a href=\"#\" onclick=\"event.preventDefault();document.querySelector('.rabat-fordel').scrollIntoView({behavior: 'smooth'});\" class=\"btn btn-primary\">Tag mig til fordelene<\/a>\n\t<\/div>                    \n                                            <div class=\"hero-extra-content\">\n                                                    <\/div>\n                    \n                <\/div>\n            \n            \n        <\/div>\n\n        \n    <\/div>\n\n    <\/section>\n\n<section class=\"content-image-container default\" data-box-alignment=\"image-left\" data-content-box-width=\"50\">\n\n\t<div class=\"inner-content\">\n\t\t<div class=\"content-image-content\">\n\t\t\t<div class=\"so-widget-mssub-content-flexible so-widget-mssub-content-flexible-base\">\n<div class=\"content-flexible\">\n\n\t<span class=\"section-subheading\">Kickstart din v\u00e6kstrejse<\/span>\n\n\t<h2 class=\"section-heading\">Hvad kan Morningscore?<\/h2>\n\n\t<div class=\"text\">\n\t\t<p>Morningscore hj\u00e6lper dig med at erobre s\u00f8geresultaterne. Og frygt ej! - Vi er et optimeringsv\u00e6rkt\u00f8j, men ikke p\u00e5 den komplicerede m\u00e5de.<\/p>\n<p>Gennem Morningscores SEO &amp; GEO v\u00e6rkt\u00f8j f\u00e5r du alt, hvad du beh\u00f8ver for at skabe mere trafik til dit website. V\u00e6rkt\u00f8jet prioriterer opgaver og fort\u00e6ller dig pr\u00e6cis, hvor du b\u00f8r starte din optimering, gennem intelligente missioner. Ydermere, vil vores nye automation v\u00e6rkt\u00f8jer kunne spare dig for mange timers manuelt arbejde med SEO.<\/p>\n<p>V\u00e6rkt\u00f8jets intuitive brugerflade g\u00f8r optimeringsprocessen gnidningsfri, s\u00e5 du kan opn\u00e5 succes med organisk synlighed b\u00e5de hurtigt og effektivt.<\/p>\n\t<\/div>\n\n\t\n\t\n\t<\/div><\/div>\t\t<\/div>\n\n\t\t<figure class=\"content-image-image\">\n\t\t\t<div class=\"so-widget-mssub-media so-widget-mssub-media-base\">\n\t<img loading=\"lazy\" decoding=\"async\" width=\"1534\" height=\"1015\" src=\"data:image\/png;base64,iVBORw0KGgoAAAANSUhEUgAAAAEAAAABCAQAAAC1HAwCAAAAC0lEQVR42mNkYAAAAAYAAjCB0C8AAAAASUVORK5CYII=\" class=\"lozad\" alt=\"\" sizes=\"auto, (max-width: 1534px) 100vw, 1534px\" data-src=\"https:\/\/morningscore.io\/wp-content\/uploads\/2026\/04\/tool@2x.png\" data-srcset=\"https:\/\/morningscore.io\/wp-content\/uploads\/2026\/04\/tool@2x.png 1534w, https:\/\/morningscore.io\/wp-content\/uploads\/2026\/04\/tool@2x-300x199.png 300w\">\n<\/div>\t\t<\/figure>\n\t<\/div>\n\n<\/section>\n<section class=\"content-image-container default\" data-box-alignment=\"image-right\" data-content-box-width=\"50\">\n\n\t<div class=\"inner-content\">\n\t\t<div class=\"content-image-content\">\n\t\t\t<div class=\"so-widget-mssub-content-flexible so-widget-mssub-content-flexible-base\">\n<div class=\"content-flexible\">\n\n\n\t<h2 class=\"section-heading\">Partnerskab mellem e-m\u00e6rket og Morningscore<\/h2>\n\n\t<div class=\"text\">\n\t\t<p data-start=\"572\" data-end=\"653\">At v\u00e6re e-m\u00e6rket skaber tillid, men det er ikke nok, hvis du ikke bliver fundet.<\/p>\n<p data-start=\"655\" data-end=\"802\">Dine kunder s\u00f8ger b\u00e5de p\u00e5 Google og via AI-modellerne, f\u00f8r de tr\u00e6ffer en beslutning. Derfor kr\u00e6ver det en strategi, der sikrer din synlighed p\u00e5 tv\u00e6rs af begge.<\/p>\n<p data-start=\"804\" data-end=\"922\">Gennem partnerskabet mellem e-m\u00e6rket og Morningscore hj\u00e6lper vi dig med netop d\u00e9t. <strong>At blive fundet, forst\u00e5et og valgt.<\/strong><\/p>\n\t<\/div>\n\n\t\n\t\n\t<\/div><\/div>\t\t<\/div>\n\n\t\t<figure class=\"content-image-image\">\n\t\t\t<div class=\"so-widget-mssub-media so-widget-mssub-media-base\">\n\t<img loading=\"lazy\" decoding=\"async\" width=\"1736\" height=\"1148\" src=\"data:image\/png;base64,iVBORw0KGgoAAAANSUhEUgAAAAEAAAABCAQAAAC1HAwCAAAAC0lEQVR42mNkYAAAAAYAAjCB0C8AAAAASUVORK5CYII=\" class=\"lozad\" alt=\"\" sizes=\"auto, (max-width: 1736px) 100vw, 1736px\" data-src=\"https:\/\/morningscore.io\/wp-content\/uploads\/2026\/03\/partnership-emaerket@2x.png\" data-srcset=\"https:\/\/morningscore.io\/wp-content\/uploads\/2026\/03\/partnership-emaerket@2x.png 1736w, https:\/\/morningscore.io\/wp-content\/uploads\/2026\/03\/partnership-emaerket@2x-300x198.png 300w\">\n<\/div>\t\t<\/figure>\n\t<\/div>\n\n<\/section><div class=\"rabat-fordel panel-widget-style panel-widget-style-for-50955-0-0-3\">\n<section class=\"content-image-container bg-alt\" data-box-alignment=\"image-left\" data-content-box-width=\"50\">\n\n\t<div class=\"inner-content\">\n\t\t<div class=\"content-image-content\">\n\t\t\t<div class=\"so-widget-mssub-content-flexible so-widget-mssub-content-flexible-base\">\n<div class=\"content-flexible\">\n\n\t<span class=\"section-subheading\">Eksklusivt tilbud<\/span>\n\n\t<h2 class=\"section-heading\"><span style=\"color:#563ac9\">20% rabat p\u00e5 Morningscore Journey<\/span> som kunde hos e-m\u00e6rket<\/h2>\n\n\t<div class=\"text\">\n\t\t<p>Partnerskabet mellem Morningscore og e-m\u00e6rket udl\u00f8ser, for dig som e-m\u00e6rket kunde, store fordele.<\/p>\n<p>Derfor f\u00e5r e-m\u00e6rkets kunder 20% rabat p\u00e5 vores mest popul\u00e6re pakke: <a href=\"https:\/\/morningscore.io\/da\/morningscore-journey\/\">Morningscore Journey<\/a><\/p>\n<p>Du f\u00e5r det ultimative 12-m\u00e5neders v\u00e6kstforl\u00f8b, fyldt med l\u00e6ring, 1:1 sparring og personlig vejledning.<\/p>\n<p>Brug koden <strong><span style=\"color: #563ac9;\">JOURNEY20<\/span><\/strong> ved direkte k\u00f8b, eller kontakt os i chatten.<\/p>\n\t<\/div>\n\n\t\n\t\n\t\t\t<div class=\"so-widget-mssub-buttons so-widget-mssub-buttons-base\">\n\t\n\t\t\t\t\t<a href=\"https:\/\/morningscore.io\/da\/morningscore-journey\/\" class=\"btn btn-primary\" target=\"\">Se mere om Journey<\/a>\n\t<\/div>\t<\/div><\/div>\t\t<\/div>\n\n\t\t<figure class=\"content-image-image\">\n\t\t\t<div class=\"so-widget-mssub-media so-widget-mssub-media-base\">\n\t<img loading=\"lazy\" decoding=\"async\" width=\"2383\" height=\"1479\" src=\"data:image\/png;base64,iVBORw0KGgoAAAANSUhEUgAAAAEAAAABCAQAAAC1HAwCAAAAC0lEQVR42mNkYAAAAAYAAjCB0C8AAAAASUVORK5CYII=\" class=\"lozad\" alt=\"\" sizes=\"auto, (max-width: 2383px) 100vw, 2383px\" data-src=\"https:\/\/morningscore.io\/wp-content\/uploads\/2026\/03\/Journey.webp\" data-srcset=\"https:\/\/morningscore.io\/wp-content\/uploads\/2026\/03\/Journey.webp 2383w, https:\/\/morningscore.io\/wp-content\/uploads\/2026\/03\/Journey-300x186.webp 300w\">\n<\/div>\t\t<\/figure>\n\t<\/div>\n\n<\/section><\/div>\n<section class=\"content-image-container default\" data-box-alignment=\"image-right\" data-content-box-width=\"66\">\n\n\t<div class=\"inner-content\">\n\t\t<div class=\"content-image-content\">\n\t\t\t<div class=\"so-widget-mssub-content-flexible so-widget-mssub-content-flexible-base\">\n<div class=\"content-flexible\">\n\n\t<span class=\"section-subheading\">Endnu en fordel til dig<\/span>\n\n\t<h2 class=\"section-heading\">Gratis 4-ugers <span style=\"color: #563ac9\">SEO | GEO Akademi<\/span><\/h2>\n\n\t<div class=\"text\">\n\t\t<p data-start=\"141\" data-end=\"244\">Synlighed i dag handler ikke kun om SEO, men ogs\u00e5 om at blive en del af de svar, AI-modellerne giver dine kunder.<\/p>\n<p data-start=\"246\" data-end=\"360\">Derfor f\u00e5r du som e-m\u00e6rket kunde gratis adgang til vores 4-ugers SEO &amp; GEO Akademi (v\u00e6rdi: 1.995 kr. ekskl. moms).<\/p>\n<p data-start=\"362\" data-end=\"587\">Kurset er bygget til at g\u00f8re dig klar til at arbejde strategisk med din organiske synlighed. Vi overs\u00e6tter teori og teknisk lingo til konkrete eksempler og cases, s\u00e5 du nemt kan komme i gang med optimeringerne p\u00e5 din webshop.<\/p>\n<p data-start=\"589\" data-end=\"609\">Du f\u00e5r blandt andet:<\/p>\n<ul data-start=\"610\" data-end=\"737\">\n<li data-section-id=\"k98ak9\" data-start=\"610\" data-end=\"641\">6 lektioner i webinarformat<\/li>\n<li data-section-id=\"1jq1kuh\" data-start=\"642\" data-end=\"704\">Gratis adgang til Morningscores SEO &amp; GEO v\u00e6rkt\u00f8j i 4 uger<\/li>\n<li data-section-id=\"164rk5p\" data-start=\"705\" data-end=\"737\">Fuld dansk support undervejs<\/li>\n<\/ul>\n<p data-start=\"739\" data-end=\"885\">\n<\/p><p data-start=\"739\" data-end=\"885\">M\u00e5let er enkelt: at give dig de v\u00e6rkt\u00f8jer og den forst\u00e5else, der skal til for at skabe synlighed, der b\u00e5de rangerer i Google og bliver citeret af AI.<\/p>\n<p data-start=\"887\" data-end=\"979\">\ud83d\udc49 Tilmeld dig n\u00e6ste hold med <strong>opstart d. 14. april kl. 13.30<\/strong><br data-start=\"947\" data-end=\"950\">\ud83d\udc49 Se lektionsplanen nedenfor<\/p>\n\t<\/div>\n\n\t\n\t\n\t\t\t<div class=\"so-widget-mssub-buttons so-widget-mssub-buttons-base\">\n\t\n\t\t\t\t\t<a href=\"https:\/\/morningsco.webinargeek.com\/morningscore-seo-geo-akademi-lektion-1-14-apr?cst=emkt\" class=\"btn btn-primary\" target=\"_blank\" rel=\"noopener\">Tilmeld dig her<\/a>\n\t<\/div>\t<\/div><\/div>\t\t<\/div>\n\n\t\t<figure class=\"content-image-image\">\n\t\t\t<div class=\"so-widget-mssub-media so-widget-mssub-media-base\">\n\t<img loading=\"lazy\" decoding=\"async\" width=\"1453\" height=\"947\" src=\"data:image\/png;base64,iVBORw0KGgoAAAANSUhEUgAAAAEAAAABCAQAAAC1HAwCAAAAC0lEQVR42mNkYAAAAAYAAjCB0C8AAAAASUVORK5CYII=\" class=\"lozad\" alt=\"\" sizes=\"auto, (max-width: 1453px) 100vw, 1453px\" data-src=\"https:\/\/morningscore.io\/wp-content\/uploads\/2026\/03\/akademi.webp\" data-srcset=\"https:\/\/morningscore.io\/wp-content\/uploads\/2026\/03\/akademi.webp 1453w, https:\/\/morningscore.io\/wp-content\/uploads\/2026\/03\/akademi-300x196.webp 300w\">\n<\/div>\t\t<\/figure>\n\t<\/div>\n\n<\/section>\n<section class=\"feature-boxes default\" data-boxes-layout=\"cards-shadow\" data-num-columns=\"3\">\n\n\t<div class=\"inner-content\">\n\t\t<div class=\"so-widget-mssub-section-header so-widget-mssub-section-header-base\"><div class=\"section-header\" data-layout=\"headline-centered\">\n\t<span class=\"section-subheading\"><\/span>\n\t<div class=\"section-col section-col-1\">\n\t\t<h2 class=\"section-heading\">Kursusforl\u00f8b<\/h2>\n\t<\/div>\n\n\t\t\n<\/div>\n<\/div>\n\t\t<div class=\"feature-boxes-boxes\">\n\t\t\t                                    <div class=\"feature-boxes-box\">\n\n                                                    <div class=\"feature-box-icon\"><i class=\"ii ii-rocket\"><\/i><\/div>\n                        \n                        <h3><span style=\"color: #32345C\"><strong>Lektion 1<\/strong><\/span><\/h3>\n\n                        <div class=\"text\"><ul style=\"color: #525f7f;font-size: 105%\">\n<li>SEO &amp; GEO intro<\/li>\n<li>De tre grunds\u00f8jler<\/li>\n<li>S\u00f8geordsanalyse<\/li>\n<li>Konkurrentanalyse<\/li>\n<\/ul>\n<p><\/p>\n<\/div>\n\n                        <div class=\"more\">\n                            <div class=\"learn\">\n                                <span class=\"learn-more\">\n                                    Learn more                                <\/span>\n                                <span class=\"arrow-right\"><\/span>\n                            <\/div>\n                        <\/div>\n                    <\/div>\n                \t\t\t                                    <div class=\"feature-boxes-box\">\n\n                                                    <div class=\"feature-box-icon\"><i class=\"ii ii-heart\"><\/i><\/div>\n                        \n                        <h3><span style=\"color: #32345C\"><strong>Lektion 2<\/strong><\/span><\/h3>\n\n                        <div class=\"text\"><ul style=\"color: #525f7f;font-size: 105%\">\n<li>S\u00f8geordsteori<\/li>\n<li>Placering af content<\/li>\n<li>Rank- og GPT tracking<\/li>\n<li><span style=\"color:#563ac9\"><b>Content med RANK writer<\/b><\/span><\/li>\n<\/ul>\n<p><\/p>\n<\/div>\n\n                        <div class=\"more\">\n                            <div class=\"learn\">\n                                <span class=\"learn-more\">\n                                    Learn more                                <\/span>\n                                <span class=\"arrow-right\"><\/span>\n                            <\/div>\n                        <\/div>\n                    <\/div>\n                \t\t\t                                    <div class=\"feature-boxes-box\">\n\n                                                    <div class=\"feature-box-icon\"><i class=\"ii ii-star\"><\/i><\/div>\n                        \n                        <h3><span style=\"color: #32345C\"><strong>Lektion 3<\/strong><\/span><\/h3>\n\n                        <div class=\"text\"><ul style=\"color: #525f7f;font-size: 105%\">\n<li>Link building\/PR<\/li>\n<li>Interne links<\/li>\n<li>Eksterne links<\/li>\n<li>Backlinks<\/li>\n<\/ul>\n<p><\/p>\n<\/div>\n\n                        <div class=\"more\">\n                            <div class=\"learn\">\n                                <span class=\"learn-more\">\n                                    Learn more                                <\/span>\n                                <span class=\"arrow-right\"><\/span>\n                            <\/div>\n                        <\/div>\n                    <\/div>\n                \t\t\t                                    <div class=\"feature-boxes-box\">\n\n                                                    <div class=\"feature-box-icon\"><i class=\"ii ii-link\"><\/i><\/div>\n                        \n                        <h3><span style=\"color: #32345C\"><strong>Lektion 4<\/strong><\/span><\/h3>\n\n                        <div class=\"text\"><ul style=\"color: #525f7f;font-size: 105%\">\n<li>Lokal SEO<\/li>\n<li>SEO - B2B vs. B2C<\/li>\n<li>Content til omr\u00e5derne<\/li>\n<\/ul>\n<p><\/p>\n<\/div>\n\n                        <div class=\"more\">\n                            <div class=\"learn\">\n                                <span class=\"learn-more\">\n                                    Learn more                                <\/span>\n                                <span class=\"arrow-right\"><\/span>\n                            <\/div>\n                        <\/div>\n                    <\/div>\n                \t\t\t                                    <div class=\"feature-boxes-box\">\n\n                                                    <div class=\"feature-box-icon\"><i class=\"ii ii-dartboard\"><\/i><\/div>\n                        \n                        <h3><span style=\"color: #32345C\"><strong>Lektion 5<\/strong><\/span><\/h3>\n\n                        <div class=\"text\"><ul style=\"color: #525f7f;font-size: 105%\">\n<li>On-page SEO<\/li>\n<li>L\u00e6g en SEO strategi<\/li>\n<li>Tekniske foruds\u00e6tninger<\/li>\n<li><span style=\"color:#563ac9\"><b>RANK on-page plugin<\/b><\/span><\/li>\n<\/ul>\n<p><\/p>\n<\/div>\n\n                        <div class=\"more\">\n                            <div class=\"learn\">\n                                <span class=\"learn-more\">\n                                    Learn more                                <\/span>\n                                <span class=\"arrow-right\"><\/span>\n                            <\/div>\n                        <\/div>\n                    <\/div>\n                \t\t\t                                    <div class=\"feature-boxes-box\">\n\n                                                    <div class=\"feature-box-icon\"><i class=\"ii ii-circle-help\"><\/i><\/div>\n                        \n                        <h3><span style=\"color: #32345C\"><strong>Lektion 6<\/strong><\/span><\/h3>\n\n                        <div class=\"text\"><ul style=\"color: #525f7f;font-size: 105%\">\n<li>Open air \/ sp\u00f8rgsm\u00e5l<\/li>\n<li>Gennemgang af konkrete cases<\/li>\n<li>Vi l\u00f8ser problemer<\/li>\n<\/ul>\n<p><\/p>\n<\/div>\n\n                        <div class=\"more\">\n                            <div class=\"learn\">\n                                <span class=\"learn-more\">\n                                    Learn more                                <\/span>\n                                <span class=\"arrow-right\"><\/span>\n                            <\/div>\n                        <\/div>\n                    <\/div>\n                \t\t\t\t\t<\/div>\n\n\t\t\t<\/div>\n\n<\/section>\n<\/div><\/div><\/div><noscript><img loading=\"lazy\" decoding=\"async\" width=\"1534\" height=\"1015\" src=\"https:\/\/morningscore.io\/wp-content\/uploads\/2026\/04\/tool@2x.png\" class=\"lozad\" alt=\"\" sizes=\"auto, (max-width: 1534px) 100vw, 1534px\" data-src=\"https:\/\/morningscore.io\/wp-content\/uploads\/2026\/04\/tool@2x.png\" data-srcset=\"https:\/\/morningscore.io\/wp-content\/uploads\/2026\/04\/tool@2x.png 1534w, https:\/\/morningscore.io\/wp-content\/uploads\/2026\/04\/tool@2x-300x199.png 300w\" srcset=\"https:\/\/morningscore.io\/wp-content\/uploads\/2026\/04\/tool@2x.png 1534w, https:\/\/morningscore.io\/wp-content\/uploads\/2026\/04\/tool@2x-300x199.png 300w\"><\/noscript><noscript><img loading=\"lazy\" decoding=\"async\" width=\"1736\" height=\"1148\" src=\"https:\/\/morningscore.io\/wp-content\/uploads\/2026\/03\/partnership-emaerket@2x.png\" class=\"lozad\" alt=\"\" sizes=\"auto, (max-width: 1736px) 100vw, 1736px\" data-src=\"https:\/\/morningscore.io\/wp-content\/uploads\/2026\/03\/partnership-emaerket@2x.png\" data-srcset=\"https:\/\/morningscore.io\/wp-content\/uploads\/2026\/03\/partnership-emaerket@2x.png 1736w, https:\/\/morningscore.io\/wp-content\/uploads\/2026\/03\/partnership-emaerket@2x-300x198.png 300w\" srcset=\"https:\/\/morningscore.io\/wp-content\/uploads\/2026\/03\/partnership-emaerket@2x.png 1736w, https:\/\/morningscore.io\/wp-content\/uploads\/2026\/03\/partnership-emaerket@2x-300x198.png 300w\"><\/noscript><noscript><img loading=\"lazy\" decoding=\"async\" width=\"2383\" height=\"1479\" src=\"https:\/\/morningscore.io\/wp-content\/uploads\/2026\/03\/Journey.webp\" class=\"lozad\" alt=\"\" sizes=\"auto, (max-width: 2383px) 100vw, 2383px\" data-src=\"https:\/\/morningscore.io\/wp-content\/uploads\/2026\/03\/Journey.webp\" data-srcset=\"https:\/\/morningscore.io\/wp-content\/uploads\/2026\/03\/Journey.webp 2383w, https:\/\/morningscore.io\/wp-content\/uploads\/2026\/03\/Journey-300x186.webp 300w\" srcset=\"https:\/\/morningscore.io\/wp-content\/uploads\/2026\/03\/Journey.webp 2383w, https:\/\/morningscore.io\/wp-content\/uploads\/2026\/03\/Journey-300x186.webp 300w\"><\/noscript><noscript><img loading=\"lazy\" decoding=\"async\" width=\"1453\" height=\"947\" src=\"https:\/\/morningscore.io\/wp-content\/uploads\/2026\/03\/akademi.webp\" class=\"lozad\" alt=\"\" sizes=\"auto, (max-width: 1453px) 100vw, 1453px\" data-src=\"https:\/\/morningscore.io\/wp-content\/uploads\/2026\/03\/akademi.webp\" data-srcset=\"https:\/\/morningscore.io\/wp-content\/uploads\/2026\/03\/akademi.webp 1453w, https:\/\/morningscore.io\/wp-content\/uploads\/2026\/03\/akademi-300x196.webp 300w\" srcset=\"https:\/\/morningscore.io\/wp-content\/uploads\/2026\/03\/akademi.webp 1453w, https:\/\/morningscore.io\/wp-content\/uploads\/2026\/03\/akademi-300x196.webp 300w\"><\/noscript>","protected":false},"excerpt":{"rendered":"<p>e-m\u00e6rket medlemsfordel Boost din organiske synlighed p\u00e5 tv\u00e6rs af kanaler Bliv fundet &#8211; b\u00e5de i Google og i AI-svar. Som e-m\u00e6rket webshop har du allerede kundernes tillid. Nu handler det om at blive valgt. I samarbejde med e-m\u00e6rket, hj\u00e6lper vi dig med at opbygge en st\u00e6rk, organisk tilstedev\u00e6relse p\u00e5 tv\u00e6rs af s\u00f8gemaskiner og AI-modeller som [&hellip;]<\/p>\n","protected":false},"author":1,"featured_media":0,"parent":0,"menu_order":0,"comment_status":"closed","ping_status":"closed","template":"","meta":{"_acf_changed":false,"inline_featured_image":false,"footnotes":""},"class_list":["post-50955","page","type-page","status-publish","hentry"],"acf":[],"_links":{"self":[{"href":"https:\/\/morningscore.io\/da\/wp-json\/wp\/v2\/pages\/50955","targetHints":{"allow":["GET"]}}],"collection":[{"href":"https:\/\/morningscore.io\/da\/wp-json\/wp\/v2\/pages"}],"about":[{"href":"https:\/\/morningscore.io\/da\/wp-json\/wp\/v2\/types\/page"}],"author":[{"embeddable":true,"href":"https:\/\/morningscore.io\/da\/wp-json\/wp\/v2\/users\/1"}],"replies":[{"embeddable":true,"href":"https:\/\/morningscore.io\/da\/wp-json\/wp\/v2\/comments?post=50955"}],"version-history":[{"count":22,"href":"https:\/\/morningscore.io\/da\/wp-json\/wp\/v2\/pages\/50955\/revisions"}],"predecessor-version":[{"id":78916,"href":"https:\/\/morningscore.io\/da\/wp-json\/wp\/v2\/pages\/50955\/revisions\/78916"}],"wp:attachment":[{"href":"https:\/\/morningscore.io\/da\/wp-json\/wp\/v2\/media?parent=50955"}],"curies":[{"name":"wp","href":"https:\/\/api.w.org\/{rel}","templated":true}]}}