{"id":40429,"date":"2023-08-07T12:34:20","date_gmt":"2023-08-07T12:34:20","guid":{"rendered":"https:\/\/morningscore.io\/?page_id=40429"},"modified":"2023-08-15T08:18:48","modified_gmt":"2023-08-15T08:18:48","slug":"opgrader-din-pakke","status":"publish","type":"page","link":"https:\/\/morningscore.io\/da\/opgrader-din-pakke\/","title":{"rendered":"Opgrad\u00e9r din pakke"},"content":{"rendered":"<div id=\"pl-40429\" class=\"panel-layout\"><div id=\"pg-40429-0\" class=\"panel-grid panel-no-style\"><div id=\"pgc-40429-0-0\" class=\"panel-grid-cell\"><section class=\"hero  gradient_with_balls\" data-hero-layout=\"curved-v3-4\" data-image-sizing=\"overflow\" style=\"--hero-headline-size-multiplier: 1;position: relative;--hero-text-color: #312E81;\" data-side-type=\"image\">\n\n            <div class=\"hero-bg gradient_with_balls\" style=\"--gradient-start-color: #0A0A4D;--gradient-end-color: #563AC9;--gradient-angle: -180deg;background: none; overflow: visible;\">\n            \n                            <style>\n                    .floating-balls-wrapper {\n                        position: absolute;\n                        inset: 0;\n                        width: 100%;\n                        height: 180vh;\n                        pointer-events: none;\n                        overflow: hidden;\n                        z-index: -1;\n                    }\n\n                    .floating-balls-wrapper .ball {\n                        position: absolute;\n                        border-radius: 50%;\n                        backface-visibility: hidden;\n                        list-style: none;\n                        background: linear-gradient(to bottom left, rgba(224,231,255, 0.3), rgba(196,181,253, 0.3));\n                        filter: blur(2px);\n                    }\n\n                <\/style>\n                <div style=\"position: absolute;left: 0;top: -3.9rem;width: 100%;height: 120vh;z-index: -1;\">\n                    <div style=\"position: absolute;left: 0;top: 0;width: 100%;height: 100%;background-image: radial-gradient(circle at 40% 0%, #5439C53C 0%, transparent 50%), radial-gradient(circle at 0% 120%, #5439C53C 0%, transparent 50%), radial-gradient(circle at 100% 100%, #C4B5FDAA 0%, transparent 50%);mask-image: linear-gradient(180deg, white 90%, transparent 100%);\">\n                        <ul class=\"floating-balls-wrapper\"><\/ul>\n                    <\/div>\n                <\/div>\n                    <\/div>\n    \n\n    \n\n    <div class=\"inner-content\">\n        <div class=\"hero-main\">\n\n            \n            <h1>Opgrad\u00e9r din pakke<\/h1>\n\n            \n                            <div class=\"hero-subcontent\" data-margin=\"true\">\n                    <div class=\"hero-content \">\n                        <p>Se mulige opgraderinger til din pakke, beregn pris og bestil her \ud83d\udc47\ufe0f<\/p>\n                    <\/div>\n\n                    \n                    \n\n                    \n                                            <div class=\"hero-extra-content\">\n                                                    <\/div>\n                    \n                <\/div>\n            \n            \n        <\/div>\n\n                    <div class=\"hero-side\">\n                                    <figure>\n                                            <\/figure>\n                \n                            <\/div>\n        \n    <\/div>\n\n    <\/section>\n\n<section class=\"feature-boxes default\" data-boxes-layout=\"cards-shadow\" data-num-columns=\"4\">\n\n\t<div class=\"inner-content\">\n\t\t<div class=\"so-widget-mssub-section-header so-widget-mssub-section-header-base\"><div class=\"section-header\" data-layout=\"headline-text\">\n\t<span class=\"section-subheading\"><\/span>\n\t<div class=\"section-col section-col-1\">\n\t\t<h2 class=\"section-heading\">S\u00e5dan fungerer det<\/h2>\n\t<\/div>\n\n\t\t<div class=\"section-col section-col-2\">\n\n\t\t\n\t\t\t\t\t<div class=\"col-text text\"><\/div>\n\t\t\n\t\t\n\t<\/div>\n\t\t\n<\/div>\n<\/div>\n\t\t<div class=\"feature-boxes-boxes\">\n\t\t\t                                    <div class=\"feature-boxes-box\">\n\n                                                    <div class=\"feature-box-icon\"><i class=\"ii ii-gift\"><\/i><\/div>\n                        \n                        <h3>Trin 1<\/h3>\n\n                        <div class=\"text\"><p>V\u00e6lg pakken du abonnerer p\u00e5. Hvis du blot tester, s\u00e5 v\u00e6lg den mest optimale pakke.<\/p>\n<\/div>\n\n                        <div class=\"more\">\n                            <div class=\"learn\">\n                                <span class=\"learn-more\">\n                                                                    <\/span>\n                                <span class=\"arrow-right\"><\/span>\n                            <\/div>\n                        <\/div>\n                    <\/div>\n                \t\t\t                                    <div class=\"feature-boxes-box\">\n\n                                                    <div class=\"feature-box-icon\"><i class=\"ii ii-cog\"><\/i><\/div>\n                        \n                        <h3>Trin 2<\/h3>\n\n                        <div class=\"text\"><p>Nu kan du tilf\u00f8je ekstra pakker og credits til din pakke. Fx flere s\u00f8geord og websites. Bem\u00e6rk m\u00e6ngderabat.<\/p>\n<\/div>\n\n                        <div class=\"more\">\n                            <div class=\"learn\">\n                                <span class=\"learn-more\">\n                                                                    <\/span>\n                                <span class=\"arrow-right\"><\/span>\n                            <\/div>\n                        <\/div>\n                    <\/div>\n                \t\t\t                                    <div class=\"feature-boxes-box\">\n\n                                                    <div class=\"feature-box-icon\"><i class=\"ii ii-mail\"><\/i><\/div>\n                        \n                        <h3>Trin 3<\/h3>\n\n                        <div class=\"text\"><p>\u00d8nsker du at l\u00e6gge en bestilling, kan du ogs\u00e5 g\u00f8re det her. Du f\u00e5r tilbud indenfor 24 timer til din accept.<\/p>\n<\/div>\n\n                        <div class=\"more\">\n                            <div class=\"learn\">\n                                <span class=\"learn-more\">\n                                                                    <\/span>\n                                <span class=\"arrow-right\"><\/span>\n                            <\/div>\n                        <\/div>\n                    <\/div>\n                \t\t\t                                    <div class=\"feature-boxes-box\">\n\n                                                    <div class=\"feature-box-icon\"><i class=\"ii ii-checkmark-circle\"><\/i><\/div>\n                        \n                        <h3>Trin 4<\/h3>\n\n                        <div class=\"text\"><p>Accepterer du tilbuddet, vil bel\u00f8b automatisk tr\u00e6kkes og du vil \u00f8jeblikkeligt f\u00e5 adgang til opgraderinger.<\/p>\n<\/div>\n\n                        <div class=\"more\">\n                            <div class=\"learn\">\n                                <span class=\"learn-more\">\n                                                                    <\/span>\n                                <span class=\"arrow-right\"><\/span>\n                            <\/div>\n                        <\/div>\n                    <\/div>\n                \t\t\t\t\t<\/div>\n\n\t\t\t<\/div>\n\n<\/section>\n<section class=\"content-fullwidth\" style=\"text-align: left\">\n    <div class=\"curved-bg\"><\/div>\n\t<div class=\"inner-content\">\n\t\t<div class=\"so-widget-mssub-content-flexible so-widget-mssub-content-flexible-base\">\n<div class=\"content-flexible\">\n\n\n\n\t<div class=\"text\">\n\t\t<div class=\"calculator\" data-calc-id=\"sRjijfNo4wbfSjJdW\" data-type=\"framed\"><\/div>\n<script src=\"https:\/\/scripts.convertcalculator.com\/embed.js\" async=\"true\"><\/script>\t<\/div>\n\n\t\n\t\n\t<\/div><\/div>\t<\/div>\n<\/section>\n\n<section class=\"content-image-container default\" data-box-alignment=\"image-left\" data-content-box-width=\"50\">\n\n\t<div class=\"inner-content\">\n\t\t<div class=\"content-image-content\">\n\t\t\t<div class=\"so-widget-mssub-content-flexible so-widget-mssub-content-flexible-base\">\n<div class=\"content-flexible\">\n\n\n\t<h2 class=\"section-heading\">Skal du bruge hj\u00e6lp? <\/h2>\n\n\t<div class=\"text\">\n\t\t<p>Vi er naturligvis ogs\u00e5 klar p\u00e5 at hj\u00e6lpe dig med at skr\u00e6ddersye din pakke eller svare p\u00e5 sp\u00f8rgsm\u00e5l du m\u00e5tte have.<\/p>\n<p><a href=\"https:\/\/morningscore.io\/da\/contact\/\">Kontakt os her<\/a> og s\u00e5 vender vi straks tilbage<\/p>\n\t<\/div>\n\n\t\n\t\n\t<\/div><\/div>\t\t<\/div>\n\n\t\t<figure class=\"content-image-image\">\n\t\t\t<div class=\"so-widget-mssub-media so-widget-mssub-media-base\">\n\t<img loading=\"lazy\" decoding=\"async\" width=\"1000\" height=\"640\" src=\"data:image\/png;base64,iVBORw0KGgoAAAANSUhEUgAAAAEAAAABCAQAAAC1HAwCAAAAC0lEQVR42mNkYAAAAAYAAjCB0C8AAAAASUVORK5CYII=\" class=\"lozad\" alt=\"Teamet bag Morningscore p\u00e5 kontoret i Odense\" sizes=\"auto, (max-width: 1000px) 100vw, 1000px\" data-src=\"https:\/\/morningscore.io\/wp-content\/uploads\/2023\/05\/teamet-bag-morningscore-i-odense.jpg\" data-srcset=\"https:\/\/morningscore.io\/wp-content\/uploads\/2023\/05\/teamet-bag-morningscore-i-odense.jpg 1000w, https:\/\/morningscore.io\/wp-content\/uploads\/2023\/05\/teamet-bag-morningscore-i-odense-300x192.jpg 300w\">\n<\/div>\t\t<\/figure>\n\t<\/div>\n\n<\/section><\/div><\/div><\/div><noscript><img loading=\"lazy\" decoding=\"async\" width=\"1000\" height=\"640\" src=\"https:\/\/morningscore.io\/wp-content\/uploads\/2023\/05\/teamet-bag-morningscore-i-odense.jpg\" class=\"lozad\" alt=\"Teamet bag Morningscore p\u00e5 kontoret i Odense\" sizes=\"auto, (max-width: 1000px) 100vw, 1000px\" data-src=\"https:\/\/morningscore.io\/wp-content\/uploads\/2023\/05\/teamet-bag-morningscore-i-odense.jpg\" data-srcset=\"https:\/\/morningscore.io\/wp-content\/uploads\/2023\/05\/teamet-bag-morningscore-i-odense.jpg 1000w, https:\/\/morningscore.io\/wp-content\/uploads\/2023\/05\/teamet-bag-morningscore-i-odense-300x192.jpg 300w\" srcset=\"https:\/\/morningscore.io\/wp-content\/uploads\/2023\/05\/teamet-bag-morningscore-i-odense.jpg 1000w, https:\/\/morningscore.io\/wp-content\/uploads\/2023\/05\/teamet-bag-morningscore-i-odense-300x192.jpg 300w\"><\/noscript>","protected":false},"excerpt":{"rendered":"<p>Opgrad\u00e9r din pakke Se mulige opgraderinger til din pakke, beregn pris og bestil her \ud83d\udc47\ufe0f S\u00e5dan fungerer det Trin 1 V\u00e6lg pakken du abonnerer p\u00e5. Hvis du blot tester, s\u00e5 v\u00e6lg den mest optimale pakke. Trin 2 Nu kan du tilf\u00f8je ekstra pakker og credits til din pakke. Fx flere s\u00f8geord og websites. Bem\u00e6rk m\u00e6ngderabat. [&hellip;]<\/p>\n","protected":false},"author":1,"featured_media":0,"parent":0,"menu_order":0,"comment_status":"closed","ping_status":"closed","template":"","meta":{"_acf_changed":false,"inline_featured_image":false,"footnotes":""},"class_list":["post-40429","page","type-page","status-publish","hentry"],"acf":[],"_links":{"self":[{"href":"https:\/\/morningscore.io\/da\/wp-json\/wp\/v2\/pages\/40429","targetHints":{"allow":["GET"]}}],"collection":[{"href":"https:\/\/morningscore.io\/da\/wp-json\/wp\/v2\/pages"}],"about":[{"href":"https:\/\/morningscore.io\/da\/wp-json\/wp\/v2\/types\/page"}],"author":[{"embeddable":true,"href":"https:\/\/morningscore.io\/da\/wp-json\/wp\/v2\/users\/1"}],"replies":[{"embeddable":true,"href":"https:\/\/morningscore.io\/da\/wp-json\/wp\/v2\/comments?post=40429"}],"version-history":[{"count":10,"href":"https:\/\/morningscore.io\/da\/wp-json\/wp\/v2\/pages\/40429\/revisions"}],"predecessor-version":[{"id":40511,"href":"https:\/\/morningscore.io\/da\/wp-json\/wp\/v2\/pages\/40429\/revisions\/40511"}],"wp:attachment":[{"href":"https:\/\/morningscore.io\/da\/wp-json\/wp\/v2\/media?parent=40429"}],"curies":[{"name":"wp","href":"https:\/\/api.w.org\/{rel}","templated":true}]}}