{"id":36908,"date":"2023-04-03T13:22:46","date_gmt":"2023-04-03T13:22:46","guid":{"rendered":"https:\/\/morningscore.io\/contact\/"},"modified":"2025-05-23T15:22:09","modified_gmt":"2025-05-23T15:22:09","slug":"contact","status":"publish","type":"page","link":"https:\/\/morningscore.io\/da\/contact\/","title":{"rendered":"Contact DA"},"content":{"rendered":"<div id=\"pl-36908\" class=\"panel-layout\"><div id=\"pg-36908-0\" class=\"panel-grid panel-no-style\"><div id=\"pgc-36908-0-0\" class=\"panel-grid-cell\"><section class=\"hero  gradient_with_balls\" data-hero-layout=\"curved-v3-4-mask-left\" data-image-sizing=\"inner-no-overflow\" data-image-frame=\"rounded\" style=\"--hero-headline-size-multiplier: 1;position: relative;--hero-text-color: #312E81;\" data-side-type=\"image\">\n\n            <div class=\"hero-bg gradient_with_balls\" style=\"--gradient-start-color: #0A0A4D;--gradient-end-color: #563AC9;--gradient-angle: -180deg;background: none; overflow: visible;\">\n            \n                            <style>\n                    .floating-balls-wrapper {\n                        position: absolute;\n                        inset: 0;\n                        width: 100%;\n                        height: 180vh;\n                        pointer-events: none;\n                        overflow: hidden;\n                        z-index: -1;\n                    }\n\n                    .floating-balls-wrapper .ball {\n                        position: absolute;\n                        border-radius: 50%;\n                        backface-visibility: hidden;\n                        list-style: none;\n                        background: linear-gradient(to bottom left, rgba(224,231,255, 0.3), rgba(196,181,253, 0.3));\n                        filter: blur(2px);\n                    }\n\n                <\/style>\n                <div style=\"position: absolute;left: 0;top: -3.9rem;width: 100%;height: 120vh;z-index: -1;\">\n                    <div style=\"position: absolute;left: 0;top: 0;width: 100%;height: 100%;background-image: radial-gradient(circle at 40% 0%, #5439C53C 0%, transparent 50%), radial-gradient(circle at 0% 120%, #5439C53C 0%, transparent 50%), radial-gradient(circle at 100% 100%, #C4B5FDAA 0%, transparent 50%);mask-image: linear-gradient(180deg, white 90%, transparent 100%);\">\n                        <ul class=\"floating-balls-wrapper\"><\/ul>\n                    <\/div>\n                <\/div>\n                    <\/div>\n    \n\n    \n\n    <div class=\"inner-content\">\n        <div class=\"hero-main\">\n\n                            <h2 class=\"section-subheading\">Kontakt<\/h2>\n            \n            <h1>Vi spiller ikke kostbare<\/h1>\n\n            \n                            <div class=\"hero-subcontent\" data-margin=\"true\">\n                    <div class=\"hero-content \">\n                        <p>R\u00e6k ud til os overalt! Dit ground crew er til stede p\u00e5 alle kanaler, med den hj\u00e6lp du har brug for.<\/p>\n                    <\/div>\n\n                    \n                    \n\n                                            <div class=\"so-widget-mssub-buttons so-widget-mssub-buttons-base\">\n\t\n\t\t\t<a href=\"#\" onclick=\"event.preventDefault();document.querySelector('#contact').scrollIntoView({behavior: 'smooth'});\" class=\"btn btn-primary\">Kontakt os<\/a>\n\t<\/div>                    \n                                            <div class=\"hero-extra-content\">\n                                                    <\/div>\n                    \n                <\/div>\n            \n            \n        <\/div>\n\n                    <div class=\"hero-side\">\n                                    <figure>\n                        <img loading=\"lazy\" decoding=\"async\" width=\"1514\" height=\"1010\" src=\"data:image\/png;base64,iVBORw0KGgoAAAANSUhEUgAAAAEAAAABCAQAAAC1HAwCAAAAC0lEQVR42mNkYAAAAAYAAjCB0C8AAAAASUVORK5CYII=\" class=\"lozad\" alt=\"\" sizes=\"auto, (max-width: 1514px) 100vw, 1514px\" data-src=\"https:\/\/morningscore.io\/wp-content\/uploads\/2024\/12\/contact.png\" data-srcset=\"https:\/\/morningscore.io\/wp-content\/uploads\/2024\/12\/contact.png 1514w, https:\/\/morningscore.io\/wp-content\/uploads\/2024\/12\/contact-300x200.png 300w\">                    <\/figure>\n                \n                            <\/div>\n        \n    <\/div>\n\n    <\/section>\n<section class=\"contact-cards-container default\">\n\t<div class=\"inner-content\">\n\t\t<div class=\"text-content\">\n\t\t\t<div class=\"so-widget-mssub-section-header so-widget-mssub-section-header-base\"><div class=\"section-header\" data-layout=\"headline-centered\">\n\t<span class=\"section-subheading\">Lad os l\u00f8se dit problem<\/span>\n\t<div class=\"section-col section-col-1\">\n\t\t<h2 class=\"section-heading\">Hvad er du p\u00e5 udkig efter? <\/h2>\n\t<\/div>\n\n\t\t\n<\/div>\n<\/div>\n\t\t\t<div class=\"text\">\n\t\t\t\t<p>Vi er her for dig, uanset om du har brug for personlig email vejledning, vil kontakte os via chatten eller fange os p\u00e5 telefon. Se kotakt info nendenfor \ud83d\udc47\ufe0f<\/p>\n<p>\u00a0<\/p>\n<p>Teamet er dit personlige ground crew, der s\u00f8rger for, at hver en krog af dit cockpit k\u00f8rer up\u00e5klageligt. Hvis noget driller, s\u00e5 t\u00f8v ikke med at r\u00e6kke ud til os.<\/p>\n\t\t\t<\/div>\n\t\t<\/div>\n\t\t<div class=\"cards-content\">\n\t\t\t\n\t\t\t\t<div class=\"card\">\n\t\t\t\t\t<div class=\"text-container\">\n\t\t\t\t\t\t<div class=\"title\">Brug for hj\u00e6lp i v\u00e6rkt\u00f8jet?<\/div>\n\t\t\t\t\t\t<div class=\"subtitle\">Bes\u00f8g vores help section for at finde svar<\/div>\n\t\t\t\t\t<\/div>\n\t\t\t\t\t<div class=\"button-container\">\n\t\t\t\t\t\t<div class=\"so-widget-mssub-buttons so-widget-mssub-buttons-base\">\n\t\n\t\t\t\t\t<a href=\"https:\/\/help.morningscore.io\/en\/\" class=\"btn btn-outline\" target=\"_blank\">G\u00e5 til help section<\/a>\n\t<\/div>\t\t\t\t\t<\/div>\n\t\t\t\t<\/div>\n\n\t\t\t\n\t\t\t\t<div class=\"card\">\n\t\t\t\t\t<div class=\"text-container\">\n\t\t\t\t\t\t<div class=\"title\">En personlig demo?<\/div>\n\t\t\t\t\t\t<div class=\"subtitle\">Find en dato der passer dig<\/div>\n\t\t\t\t\t<\/div>\n\t\t\t\t\t<div class=\"button-container\">\n\t\t\t\t\t\t<div class=\"so-widget-mssub-buttons so-widget-mssub-buttons-base\">\n\t\n\t\t\t\t\t<a href=\"https:\/\/meetings.hubspot.com\/christian289\/book-a-demo\" class=\"btn btn-outline\" target=\"_blank\" rel=\"noopener\">Book demo<\/a>\n\t<\/div>\t\t\t\t\t<\/div>\n\t\t\t\t<\/div>\n\n\t\t\t\n\t\t\t\t<div class=\"card\">\n\t\t\t\t\t<div class=\"text-container\">\n\t\t\t\t\t\t<div class=\"title\">Vil du chatte med os?<\/div>\n\t\t\t\t\t\t<div class=\"subtitle\">Chatten er \u00e5ben fra 9.00-16.00 p\u00e5 hverdage<\/div>\n\t\t\t\t\t<\/div>\n\t\t\t\t\t<div class=\"button-container\">\n\t\t\t\t\t\t<div class=\"so-widget-mssub-buttons so-widget-mssub-buttons-base\">\n\t\n\t\t\t\t\t<a href=\"mailto:mail@morningscore.io\" onclick=\"if(typeof $crisp !== 'undefined'){event.preventDefault();$crisp.push(['do', 'chat:open']);}\" class=\"btn btn-outline\">Chat med os<\/a>\n\t<\/div>\t\t\t\t\t<\/div>\n\t\t\t\t<\/div>\n\n\t\t\t\t\t<\/div>\n\t<\/div>\n<\/section>\n<div id=\"contact\" class=\"panel-widget-style panel-widget-style-for-36908-0-0-2\"><section class=\"contact-form-and-info-container default\">\n\t<div class=\"curved-bg\"><\/div>\n\t<div class=\"inner-content\">\n\t\t<div class=\"so-widget-mssub-section-header so-widget-mssub-section-header-base\"><div class=\"section-header\" data-layout=\"headline-text\">\n\t<span class=\"section-subheading\">R\u00e6k ud til os<\/span>\n\t<div class=\"section-col section-col-1\">\n\t\t<h2 class=\"section-heading\">Der findes svar til dine sp\u00f8rgsm\u00e5l<\/h2>\n\t<\/div>\n\n\t\t<div class=\"section-col section-col-2\">\n\n\t\t\n\t\t\t\t\t<div class=\"col-text text\"><\/div>\n\t\t\n\t\t\n\t<\/div>\n\t\t\n<\/div>\n<\/div>\t<\/div>\n\t<div class=\"inner-content card\">\n        <div class=\"main-content\">\n            <div class=\"form-content\">\n                <form class=\"form form-contact form-send-ajax\" enctype=\"multipart\/form-data\">\n\n                    <div class=\"form-field\">\n                        <input type=\"text\" name=\"name\" placeholder=\"Navn...\" required>\n                    <\/div>\n\n                    <div class=\"form-field\">\n                        <input type=\"email\" name=\"email\" placeholder=\"Email...\" required>\n                    <\/div>\n\n                    <div class=\"form-field\">\n                        <input type=\"text\" name=\"company\" placeholder=\"Virksomhed...\" required>\n                    <\/div>\n\n                    <div class=\"form-field\">\n                    <textarea name=\"message\" placeholder=\"Besked...\" required><\/textarea>\n                    <\/div>\n\n                    \n                    <div class=\"button-container\">\n                        <div class=\"so-widget-mssub-buttons so-widget-mssub-buttons-base\">\n\t\n\t\t\t<button type=\"submit\" class=\"btn btn-outline\">Send foresp\u00f8rgsel<\/button>\n\t<\/div>                        <div class=\"loader\"><\/div>\n                    <\/div>\n                    <div class=\"success-message\">\n                        <div class=\"checkmark ii ii-checkmark-circle\"><\/div>\n                        <div class=\"title\">\n                            Tak for din henvendelse!                         <\/div>\n                        <div class=\"subtitle\">\n                            Vi har modtaget din besked og vil vende tilbage, hurtigst muligt.                        <\/div>\n                    <\/div>\n                <\/form>\n\n            <\/div>\n            <div class=\"info-content\">\n                <div class=\"title\">\n                    Morningscore ApS                <\/div>\n                <div class=\"subtitle\">\n                    CVR: 39311437                <\/div>\n\n                <div class=\"entries\">\n                    \n                        <div class=\"entry\">\n                            <span class=\"icon ii ii-old-phone\"><\/span>\n                            <span class=\"content\">+ 45 71 74 76 15<\/span>\n                        <\/div>\n\n                    \n                        <div class=\"entry\">\n                            <span class=\"icon ii ii-write\"><\/span>\n                            <span class=\"content\">mail@morningscore.io<\/span>\n                        <\/div>\n\n                    \n                        <div class=\"entry\">\n                            <span class=\"icon ii ii-office\"><\/span>\n                            <span class=\"content\">St\u00e6rmoseg\u00e5rdsvej 8, st. 5230 Odense M<\/span>\n                        <\/div>\n\n                    \n                        <div class=\"entry\">\n                            <span class=\"icon ii ii-pin\"><\/span>\n                            <span class=\"content\">Denmark<\/span>\n                        <\/div>\n\n                                    <\/div>\n                <div class=\"text\"><p>Vi bestr\u00e6ber os p\u00e5 at besvare alle henvendelser indenfor 24 timer p\u00e5 hverdage. Har du brug for hj\u00e6lp til specifikke omr\u00e5der af v\u00e6rkt\u00f8jet, henviser vi til vores <a href=\"https:\/\/help.morningscore.io\/en\/\">help section<\/a>.<\/p>\n<p>\u00c5bningstider:<br>\n<strong>Mandag - Fredag | 9:00 - 16:00<\/strong><\/p>\n<\/div>\n            <\/div>\n        <\/div>\n\t\t<div class=\"links-content\">\n\t\t\t<div class=\"crisp\">\n\t\t\t\t<a href=\"#\" onclick=\"if(typeof $crisp !== 'undefined'){event.preventDefault();$crisp.push(['do', 'chat:open']);}\">\n\t\t\t\t\t<div class=\"icon\">\n\t\t\t\t\t\t\n\t\t\t\t\t\t\t<div class=\"icon-image\">\n\t\t\t\t\t\t\t\t<img loading=\"lazy\" decoding=\"async\" src=\"data:image\/png;base64,iVBORw0KGgoAAAANSUhEUgAAAAEAAAABCAQAAAC1HAwCAAAAC0lEQVR42mNkYAAAAAYAAjCB0C8AAAAASUVORK5CYII=\" class=\"lozad\" alt=\"\" width=\"266\" height=\"266\" sizes=\"auto, 1px\" data-src=\"https:\/\/morningscore.io\/wp-content\/uploads\/2023\/04\/chat-icon.png\">\t\t\t\t\t\t\t<\/div>\n\t\t\t\t\t\t\n\t\t\t\t\t<\/div>\n\t\t\t\t\t<span>Chat<\/span>\n\t\t\t\t<\/a>\n\t\t\t\t<span>med os!<\/span>\n\t\t\t<\/div>\n\t\t\t<div class=\"social\">\n\t\t\t\t\t\t\t\t\t<div class=\"icon\">\n\t\t\t\t\t\t<a href=\"https:\/\/www.instagram.com\/morningscore\/\" target=\"_blank\" rel=\"noopener\">\n\t\t\t\t\t\t\t<div class=\"icon-image\">\n\t\t\t\t\t\t\t\t<img loading=\"lazy\" decoding=\"async\" src=\"data:image\/png;base64,iVBORw0KGgoAAAANSUhEUgAAAAEAAAABCAQAAAC1HAwCAAAAC0lEQVR42mNkYAAAAAYAAjCB0C8AAAAASUVORK5CYII=\" class=\"lozad\" alt=\"\" width=\"42\" height=\"42\" sizes=\"auto, 1px\" data-src=\"https:\/\/morningscore.io\/wp-content\/uploads\/2022\/12\/instagram.svg\">\t\t\t\t\t\t\t<\/div>\n\t\t\t\t\t\t<\/a>\n\t\t\t\t\t<\/div>\n\t\t\t\t\t\t\t\t\t<div class=\"icon\">\n\t\t\t\t\t\t<a href=\"https:\/\/www.linkedin.com\/company\/morningscore\/\" target=\"_blank\" rel=\"noopener\">\n\t\t\t\t\t\t\t<div class=\"icon-image\">\n\t\t\t\t\t\t\t\t<img loading=\"lazy\" decoding=\"async\" src=\"data:image\/png;base64,iVBORw0KGgoAAAANSUhEUgAAAAEAAAABCAQAAAC1HAwCAAAAC0lEQVR42mNkYAAAAAYAAjCB0C8AAAAASUVORK5CYII=\" class=\"lozad\" alt=\"\" width=\"42\" height=\"42\" sizes=\"auto, 1px\" data-src=\"https:\/\/morningscore.io\/wp-content\/uploads\/2022\/12\/linkedin-icon.svg\">\t\t\t\t\t\t\t<\/div>\n\t\t\t\t\t\t<\/a>\n\t\t\t\t\t<\/div>\n\t\t\t\t\t\t\t\t\t<div class=\"icon\">\n\t\t\t\t\t\t<a href=\"https:\/\/www.facebook.com\/morningscore\" target=\"_blank\" rel=\"noopener\">\n\t\t\t\t\t\t\t<div class=\"icon-image\">\n\t\t\t\t\t\t\t\t<img loading=\"lazy\" decoding=\"async\" src=\"data:image\/png;base64,iVBORw0KGgoAAAANSUhEUgAAAAEAAAABCAQAAAC1HAwCAAAAC0lEQVR42mNkYAAAAAYAAjCB0C8AAAAASUVORK5CYII=\" class=\"lozad\" alt=\"\" width=\"42\" height=\"42\" sizes=\"auto, 1px\" data-src=\"https:\/\/morningscore.io\/wp-content\/uploads\/2022\/12\/facebook-icon.svg\">\t\t\t\t\t\t\t<\/div>\n\t\t\t\t\t\t<\/a>\n\t\t\t\t\t<\/div>\n\t\t\t\t\t\t\t<\/div>\n\t\t<\/div>\n\t<\/div>\n\t<script>\n\t\twindow.contact_form_url = \"https:\/\/morningscore.io\/wp-admin\/admin-ajax.php\"\n\t<\/script>\n<\/section>\n<\/div><\/div><\/div><\/div><noscript><img loading=\"lazy\" decoding=\"async\" width=\"1514\" height=\"1010\" src=\"https:\/\/morningscore.io\/wp-content\/uploads\/2024\/12\/contact.png\" class=\"lozad\" alt=\"\" sizes=\"auto, (max-width: 1514px) 100vw, 1514px\" data-src=\"https:\/\/morningscore.io\/wp-content\/uploads\/2024\/12\/contact.png\" data-srcset=\"https:\/\/morningscore.io\/wp-content\/uploads\/2024\/12\/contact.png 1514w, https:\/\/morningscore.io\/wp-content\/uploads\/2024\/12\/contact-300x200.png 300w\" srcset=\"https:\/\/morningscore.io\/wp-content\/uploads\/2024\/12\/contact.png 1514w, https:\/\/morningscore.io\/wp-content\/uploads\/2024\/12\/contact-300x200.png 300w\"><\/noscript><noscript><img loading=\"lazy\" decoding=\"async\" src=\"https:\/\/morningscore.io\/wp-content\/uploads\/2023\/04\/chat-icon.png\" class=\"lozad\" alt=\"\" width=\"266\" height=\"266\" sizes=\"auto, 1px\" data-src=\"https:\/\/morningscore.io\/wp-content\/uploads\/2023\/04\/chat-icon.png\"><\/noscript><noscript><img loading=\"lazy\" decoding=\"async\" src=\"https:\/\/morningscore.io\/wp-content\/uploads\/2022\/12\/instagram.svg\" class=\"lozad\" alt=\"\" width=\"42\" height=\"42\" sizes=\"auto, 1px\" data-src=\"https:\/\/morningscore.io\/wp-content\/uploads\/2022\/12\/instagram.svg\"><\/noscript><noscript><img loading=\"lazy\" decoding=\"async\" src=\"https:\/\/morningscore.io\/wp-content\/uploads\/2022\/12\/linkedin-icon.svg\" class=\"lozad\" alt=\"\" width=\"42\" height=\"42\" sizes=\"auto, 1px\" data-src=\"https:\/\/morningscore.io\/wp-content\/uploads\/2022\/12\/linkedin-icon.svg\"><\/noscript><noscript><img loading=\"lazy\" decoding=\"async\" src=\"https:\/\/morningscore.io\/wp-content\/uploads\/2022\/12\/facebook-icon.svg\" class=\"lozad\" alt=\"\" width=\"42\" height=\"42\" sizes=\"auto, 1px\" data-src=\"https:\/\/morningscore.io\/wp-content\/uploads\/2022\/12\/facebook-icon.svg\"><\/noscript>","protected":false},"excerpt":{"rendered":"<p>Kontakt Vi spiller ikke kostbare R\u00e6k ud til os overalt! Dit ground crew er til stede p\u00e5 alle kanaler, med den hj\u00e6lp du har brug for. Kontakt os Lad os l\u00f8se dit problem Hvad er du p\u00e5 udkig efter? Vi er her for dig, uanset om du har brug for personlig email vejledning, vil kontakte [&hellip;]<\/p>\n","protected":false},"author":1,"featured_media":0,"parent":0,"menu_order":0,"comment_status":"closed","ping_status":"closed","template":"","meta":{"_acf_changed":false,"inline_featured_image":false,"footnotes":""},"class_list":["post-36908","page","type-page","status-publish","hentry"],"acf":[],"_links":{"self":[{"href":"https:\/\/morningscore.io\/da\/wp-json\/wp\/v2\/pages\/36908","targetHints":{"allow":["GET"]}}],"collection":[{"href":"https:\/\/morningscore.io\/da\/wp-json\/wp\/v2\/pages"}],"about":[{"href":"https:\/\/morningscore.io\/da\/wp-json\/wp\/v2\/types\/page"}],"author":[{"embeddable":true,"href":"https:\/\/morningscore.io\/da\/wp-json\/wp\/v2\/users\/1"}],"replies":[{"embeddable":true,"href":"https:\/\/morningscore.io\/da\/wp-json\/wp\/v2\/comments?post=36908"}],"version-history":[{"count":10,"href":"https:\/\/morningscore.io\/da\/wp-json\/wp\/v2\/pages\/36908\/revisions"}],"predecessor-version":[{"id":63950,"href":"https:\/\/morningscore.io\/da\/wp-json\/wp\/v2\/pages\/36908\/revisions\/63950"}],"wp:attachment":[{"href":"https:\/\/morningscore.io\/da\/wp-json\/wp\/v2\/media?parent=36908"}],"curies":[{"name":"wp","href":"https:\/\/api.w.org\/{rel}","templated":true}]}}