{"id":32704,"date":"2022-05-12T11:43:00","date_gmt":"2022-05-12T11:43:00","guid":{"rendered":"https:\/\/morningscore.io\/?page_id=32704"},"modified":"2026-01-15T11:15:30","modified_gmt":"2026-01-15T11:15:30","slug":"cases","status":"publish","type":"page","link":"https:\/\/morningscore.io\/da\/cases\/","title":{"rendered":"Kundecases &#8211; L\u00e6s vores kunders historier"},"content":{"rendered":"<div id=\"pl-32704\" class=\"panel-layout\"><div id=\"pg-32704-0\" class=\"panel-grid panel-no-style\"><div id=\"pgc-32704-0-0\" class=\"panel-grid-cell\"><section class=\"hero  gradient_with_balls\" data-hero-layout=\"curved-no-image\" data-image-sizing=\"inner-no-overflow\" style=\"--hero-headline-size-multiplier: 1;position: relative;--hero-text-color: #312E81;\" data-side-type=\"image\">\n\n            <div class=\"hero-bg gradient_with_balls\" style=\"--gradient-start-color: #0A0A4D;--gradient-end-color: #563AC9;--gradient-angle: -180deg;background: none; overflow: visible;\">\n            \n                            <style>\n                    .floating-balls-wrapper {\n                        position: absolute;\n                        inset: 0;\n                        width: 100%;\n                        height: 180vh;\n                        pointer-events: none;\n                        overflow: hidden;\n                        z-index: -1;\n                    }\n\n                    .floating-balls-wrapper .ball {\n                        position: absolute;\n                        border-radius: 50%;\n                        backface-visibility: hidden;\n                        list-style: none;\n                        background: linear-gradient(to bottom left, rgba(224,231,255, 0.3), rgba(196,181,253, 0.3));\n                        filter: blur(2px);\n                    }\n\n                <\/style>\n                <div style=\"position: absolute;left: 0;top: -3.9rem;width: 100%;height: 120vh;z-index: -1;\">\n                    <div style=\"position: absolute;left: 0;top: 0;width: 100%;height: 100%;background-image: radial-gradient(circle at 40% 0%, #5439C53C 0%, transparent 50%), radial-gradient(circle at 0% 120%, #5439C53C 0%, transparent 50%), radial-gradient(circle at 100% 100%, #C4B5FDAA 0%, transparent 50%);mask-image: linear-gradient(180deg, white 90%, transparent 100%);\">\n                        <ul class=\"floating-balls-wrapper\"><\/ul>\n                    <\/div>\n                <\/div>\n                    <\/div>\n    \n\n    \n\n    <div class=\"inner-content\">\n        <div class=\"hero-main\">\n\n            \n            <h1>Morningscores <span style=\"color:#A78BFA\">Growth Heroes<\/span> skaber deres egen succes<\/h1>\n\n            \n                            <div class=\"hero-subcontent\" data-margin=\"true\">\n                    <div class=\"hero-content \">\n                        <p>Hver dag er hundredevis af brugere p\u00e5 en f\u00e6lles mission om at n\u00e5 toppen af s\u00f8geresultaterne! L\u00e6s de inspirerende historier om, hvordan nogle af vores Growth Heroes startede deres rejse mod succes her.<\/p>\n                    <\/div>\n\n                    \n                    \n\n                    \n                                            <div class=\"hero-extra-content\">\n                                                    <\/div>\n                    \n                <\/div>\n            \n            \n        <\/div>\n\n        \n    <\/div>\n\n    <\/section>\n\n<section class=\"archive\">\n    <div class=\"inner-content\">\n                \n        <div class=\"archive-container\">\n                            <div class=\"archive-posts cards\">\n                                            <a href=\"https:\/\/morningscore.io\/da\/case\/partner-case-jits\/\" class=\"archive-post card-shadow card-with-image\">\n                            <figure>\n                                <img decoding=\"async\" src=\"data:image\/png;base64,iVBORw0KGgoAAAANSUhEUgAAAAEAAAABCAQAAAC1HAwCAAAAC0lEQVR42mNkYAAAAAYAAjCB0C8AAAAASUVORK5CYII=\" alt=\"Partner case: Jits ApS vil skabe fuld gennemsigtighed\" loading=\"lazy\" data-src=\"https:\/\/morningscore.io\/wp-content\/themes\/mtt-wordpress-theme\/assets\/img\/single-post-cover.png\">\n                            <\/figure>\n                            <div class=\"card-content text small\">\n                                <span class=\"archive-post-byline\">\n                                                                        <time datetime=\"2025-08-29 11:39:41\" title=\"August 29, 2025\">\n                                        August 29, 2025                                    <\/time>\n                                <\/span>\n                                <h6 class=\"archive-post-title\">Partner case: Jits ApS vil skabe fuld gennemsigtighed<\/h6>\n                                <p class=\"archive-post-excerpt\">I for\u00e5ret 2025 krydsede Morningscores og Jits veje for f\u00f8rste gang. Jits stod med en udfordr<\/p>\n                            <\/div>\n                        <\/a>\n                                            <a href=\"https:\/\/morningscore.io\/da\/case\/marketingbureauet-advenue-fandt-det-perfekte-match-til-baade-dem-og-deres-kunder\/\" class=\"archive-post card-shadow card-with-image\">\n                            <figure>\n                                <img decoding=\"async\" src=\"data:image\/png;base64,iVBORw0KGgoAAAANSUhEUgAAAAEAAAABCAQAAAC1HAwCAAAAC0lEQVR42mNkYAAAAAYAAjCB0C8AAAAASUVORK5CYII=\" alt=\"Marketingbureauet Advenue fandt det perfekte match - til b\u00e5de dem, og deres kunder\" loading=\"lazy\" data-src=\"https:\/\/morningscore.io\/wp-content\/uploads\/2025\/06\/Peter-Weikop-advenue-morningscore-customer-case-682x384.png\">\n                            <\/figure>\n                            <div class=\"card-content text small\">\n                                <span class=\"archive-post-byline\">\n                                                                        <time datetime=\"2025-06-17 09:58:59\" title=\"June 17, 2025\">\n                                        June 17, 2025                                    <\/time>\n                                <\/span>\n                                <h6 class=\"archive-post-title\">Marketingbureauet Advenue fandt det perfekte match - til b\u00e5de dem, og deres kunder<\/h6>\n                                <p class=\"archive-post-excerpt\">Jagten p\u00e5 det rette match\nHos marketingbureauet, Advenue,\u00a0havde de a<\/p>\n                            <\/div>\n                        <\/a>\n                                            <a href=\"https:\/\/morningscore.io\/da\/case\/karlsson-id\/\" class=\"archive-post card-shadow card-with-image\">\n                            <figure>\n                                <img decoding=\"async\" src=\"data:image\/png;base64,iVBORw0KGgoAAAANSUhEUgAAAAEAAAABCAQAAAC1HAwCAAAAC0lEQVR42mNkYAAAAAYAAjCB0C8AAAAASUVORK5CYII=\" alt=\"Fra 100 til 1.000 m\u00e5nedlige organiske kliks\" loading=\"lazy\" data-src=\"https:\/\/morningscore.io\/wp-content\/uploads\/2025\/01\/Morningscore-karlsson-02-1-682x384.png\">\n                            <\/figure>\n                            <div class=\"card-content text small\">\n                                <span class=\"archive-post-byline\">\n                                                                        <time datetime=\"2025-01-30 10:59:58\" title=\"January 30, 2025\">\n                                        January 30, 2025                                    <\/time>\n                                <\/span>\n                                <h6 class=\"archive-post-title\">Fra 100 til 1.000 m\u00e5nedlige organiske kliks<\/h6>\n                                <p class=\"archive-post-excerpt\">De dyre annoncekroner\nCharlotte Karlsson, indehaver af KARLSSON Indretning &amp; <\/p>\n                            <\/div>\n                        <\/a>\n                                            <a href=\"https:\/\/morningscore.io\/da\/case\/nordthy-case\/\" class=\"archive-post card-shadow card-with-image\">\n                            <figure>\n                                <img decoding=\"async\" src=\"data:image\/png;base64,iVBORw0KGgoAAAANSUhEUgAAAAEAAAABCAQAAAC1HAwCAAAAC0lEQVR42mNkYAAAAAYAAjCB0C8AAAAASUVORK5CYII=\" alt=\"Nordthy opruster SEO-indsats med Morningscore\" loading=\"lazy\" data-src=\"https:\/\/morningscore.io\/wp-content\/uploads\/2024\/12\/Nordthy-case-682x384.png\">\n                            <\/figure>\n                            <div class=\"card-content text small\">\n                                <span class=\"archive-post-byline\">\n                                                                        <time datetime=\"2024-12-18 09:34:30\" title=\"December 18, 2024\">\n                                        December 18, 2024                                    <\/time>\n                                <\/span>\n                                <h6 class=\"archive-post-title\">Nordthy opruster SEO-indsats med Morningscore<\/h6>\n                                <p class=\"archive-post-excerpt\">Nordthy styrker sin SEO-rejse med Morningscore\nJane Munkholm Kristensen, e-commerce manager hos <\/p>\n                            <\/div>\n                        <\/a>\n                                            <a href=\"https:\/\/morningscore.io\/da\/case\/pulsure-dk-fra-seo-labyrint-til-maalbart-momentum\/\" class=\"archive-post card-shadow card-with-image\">\n                            <figure>\n                                <img decoding=\"async\" src=\"data:image\/png;base64,iVBORw0KGgoAAAANSUhEUgAAAAEAAAABCAQAAAC1HAwCAAAAC0lEQVR42mNkYAAAAAYAAjCB0C8AAAAASUVORK5CYII=\" alt=\"Pulsure.dk: Fra SEO-labyrint til m\u00e5lbart momentum\" loading=\"lazy\" data-src=\"https:\/\/morningscore.io\/wp-content\/uploads\/2024\/11\/Pulsure-case-682x384.png\">\n                            <\/figure>\n                            <div class=\"card-content text small\">\n                                <span class=\"archive-post-byline\">\n                                                                        <time datetime=\"2024-11-11 11:19:35\" title=\"November 11, 2024\">\n                                        November 11, 2024                                    <\/time>\n                                <\/span>\n                                <h6 class=\"archive-post-title\">Pulsure.dk: Fra SEO-labyrint til m\u00e5lbart momentum<\/h6>\n                                <p class=\"archive-post-excerpt\">\u201cVi stod midt i en SEO-labyrint\u201d\nPulsure.d<\/p>\n                            <\/div>\n                        <\/a>\n                                            <a href=\"https:\/\/morningscore.io\/da\/case\/fenerum\/\" class=\"archive-post card-shadow card-with-image\">\n                            <figure>\n                                <img decoding=\"async\" src=\"data:image\/png;base64,iVBORw0KGgoAAAANSUhEUgAAAAEAAAABCAQAAAC1HAwCAAAAC0lEQVR42mNkYAAAAAYAAjCB0C8AAAAASUVORK5CYII=\" alt=\"Fenerum: Fra nul fokus til flotte resultater p\u00e5 rekordtid\" loading=\"lazy\" data-src=\"https:\/\/morningscore.io\/wp-content\/uploads\/2024\/10\/Fenerum-case-682x384.png\">\n                            <\/figure>\n                            <div class=\"card-content text small\">\n                                <span class=\"archive-post-byline\">\n                                                                        <time datetime=\"2024-10-28 07:56:43\" title=\"October 28, 2024\">\n                                        October 28, 2024                                    <\/time>\n                                <\/span>\n                                <h6 class=\"archive-post-title\">Fenerum: Fra nul fokus til flotte resultater p\u00e5 rekordtid<\/h6>\n                                <p class=\"archive-post-excerpt\">SEO? Nej tak, vi har travlt!\nHos Fenerum, der leverer abonnementsstyring o<\/p>\n                            <\/div>\n                        <\/a>\n                                    <\/div>\n                \n                                    <div class=\"pagination\">\n                                                \n                                                                                    <span class=\"pagination-current\" aria-current=\"page\" aria-label=\"Side 1, current page\">\n                                    1                                <\/span>\n                                                                                                                <a href=\"https:\/\/morningscore.io\/da\/wp-json\/wp\/v2\/pages\/32704\/page\/2\/\" aria-label=\"Side 2\">\n                                    2                                <\/a>\n                                                                                                                <a href=\"https:\/\/morningscore.io\/da\/wp-json\/wp\/v2\/pages\/32704\/page\/3\/\" aria-label=\"Side 3\">\n                                    3                                <\/a>\n                                                                                                                <a href=\"https:\/\/morningscore.io\/da\/wp-json\/wp\/v2\/pages\/32704\/page\/4\/\" aria-label=\"Side 4\">\n                                    4                                <\/a>\n                                                                            \n                                                    <a href=\"https:\/\/morningscore.io\/da\/wp-json\/wp\/v2\/pages\/32704\/page\/2\/\" class=\"pagination-next\" rel=\"next\" aria-label=\"N\u00e6ste page\">\n                                N\u00e6ste                            <\/a>\n                                            <\/div>\n                                    <\/div>\n    <\/div>\n<\/section>\n<\/div><\/div><\/div><noscript><img decoding=\"async\" src=\"https:\/\/morningscore.io\/wp-content\/themes\/mtt-wordpress-theme\/assets\/img\/single-post-cover.png\" alt=\"Partner case: Jits ApS vil skabe fuld gennemsigtighed\" loading=\"lazy\" data-src=\"https:\/\/morningscore.io\/wp-content\/themes\/mtt-wordpress-theme\/assets\/img\/single-post-cover.png\"><\/noscript><noscript><img decoding=\"async\" src=\"https:\/\/morningscore.io\/wp-content\/uploads\/2025\/06\/Peter-Weikop-advenue-morningscore-customer-case-682x384.png\" alt=\"Marketingbureauet Advenue fandt det perfekte match - til b\u00e5de dem, og deres kunder\" loading=\"lazy\" data-src=\"https:\/\/morningscore.io\/wp-content\/uploads\/2025\/06\/Peter-Weikop-advenue-morningscore-customer-case-682x384.png\"><\/noscript><noscript><img decoding=\"async\" src=\"https:\/\/morningscore.io\/wp-content\/uploads\/2025\/01\/Morningscore-karlsson-02-1-682x384.png\" alt=\"Fra 100 til 1.000 m\u00e5nedlige organiske kliks\" loading=\"lazy\" data-src=\"https:\/\/morningscore.io\/wp-content\/uploads\/2025\/01\/Morningscore-karlsson-02-1-682x384.png\"><\/noscript><noscript><img decoding=\"async\" src=\"https:\/\/morningscore.io\/wp-content\/uploads\/2024\/12\/Nordthy-case-682x384.png\" alt=\"Nordthy opruster SEO-indsats med Morningscore\" loading=\"lazy\" data-src=\"https:\/\/morningscore.io\/wp-content\/uploads\/2024\/12\/Nordthy-case-682x384.png\"><\/noscript><noscript><img decoding=\"async\" src=\"https:\/\/morningscore.io\/wp-content\/uploads\/2024\/11\/Pulsure-case-682x384.png\" alt=\"Pulsure.dk: Fra SEO-labyrint til m\u00e5lbart momentum\" loading=\"lazy\" data-src=\"https:\/\/morningscore.io\/wp-content\/uploads\/2024\/11\/Pulsure-case-682x384.png\"><\/noscript><noscript><img decoding=\"async\" src=\"https:\/\/morningscore.io\/wp-content\/uploads\/2024\/10\/Fenerum-case-682x384.png\" alt=\"Fenerum: Fra nul fokus til flotte resultater p\u00e5 rekordtid\" loading=\"lazy\" data-src=\"https:\/\/morningscore.io\/wp-content\/uploads\/2024\/10\/Fenerum-case-682x384.png\"><\/noscript>","protected":false},"excerpt":{"rendered":"<p>Morningscores Growth Heroes skaber deres egen succes Hver dag er hundredevis af brugere p\u00e5 en f\u00e6lles mission om at n\u00e5 toppen af s\u00f8geresultaterne! L\u00e6s de inspirerende historier om, hvordan nogle af vores Growth Heroes startede deres rejse mod succes her. August 29, 2025 Partner case: Jits ApS vil skabe fuld gennemsigtighed I for\u00e5ret 2025 krydsede [&hellip;]<\/p>\n","protected":false},"author":1,"featured_media":0,"parent":0,"menu_order":22,"comment_status":"closed","ping_status":"closed","template":"","meta":{"_acf_changed":false,"inline_featured_image":false,"footnotes":""},"class_list":["post-32704","page","type-page","status-publish","hentry"],"acf":[],"_links":{"self":[{"href":"https:\/\/morningscore.io\/da\/wp-json\/wp\/v2\/pages\/32704","targetHints":{"allow":["GET"]}}],"collection":[{"href":"https:\/\/morningscore.io\/da\/wp-json\/wp\/v2\/pages"}],"about":[{"href":"https:\/\/morningscore.io\/da\/wp-json\/wp\/v2\/types\/page"}],"author":[{"embeddable":true,"href":"https:\/\/morningscore.io\/da\/wp-json\/wp\/v2\/users\/1"}],"replies":[{"embeddable":true,"href":"https:\/\/morningscore.io\/da\/wp-json\/wp\/v2\/comments?post=32704"}],"version-history":[{"count":10,"href":"https:\/\/morningscore.io\/da\/wp-json\/wp\/v2\/pages\/32704\/revisions"}],"predecessor-version":[{"id":77104,"href":"https:\/\/morningscore.io\/da\/wp-json\/wp\/v2\/pages\/32704\/revisions\/77104"}],"wp:attachment":[{"href":"https:\/\/morningscore.io\/da\/wp-json\/wp\/v2\/media?parent=32704"}],"curies":[{"name":"wp","href":"https:\/\/api.w.org\/{rel}","templated":true}]}}