{"id":21795,"date":"2021-04-12T12:23:48","date_gmt":"2021-04-12T12:23:48","guid":{"rendered":"https:\/\/morningscore.io\/?page_id=21795"},"modified":"2024-09-19T12:24:44","modified_gmt":"2024-09-19T12:24:44","slug":"terms-conditions","status":"publish","type":"page","link":"https:\/\/morningscore.io\/da\/terms-conditions\/","title":{"rendered":"Handelsbetingelser"},"content":{"rendered":"<p><span style=\"font-weight: 400;\">Disse handelsbetingelser udg\u00f8r en bindende aftale for anvendelsen af vores produkter og tjenester (\u201cTjeneste\u201d). Denne Tjeneste stilles til r\u00e5dighed af Morningscore Aps (\u201cMorningscore\u201d, \u201cVi\u201d), som er beliggende p\u00e5 adressen St\u00e6rmoseg\u00e5rdsvej 8, st., 5230 Odense M, Danmark. N\u00e5r du bruger vores Tjeneste, accepterer du automatisk disse handelsbetingelser. Vi anbefaler derfor, at du l\u00e6ser dem omhyggeligt.<\/span><\/p>\n<p>\u00a0<\/p>\n<p><b>Adgang og brug af Tjeneste<\/b><\/p>\n<p><span style=\"font-weight: 400;\">Adgang og brug af vores Tjeneste giver dig ikke ejerskab over nogen immaterielle rettigheder i vores Tjeneste eller det indhold, du tilg\u00e5r.<\/span><\/p>\n<p><span style=\"font-weight: 400;\">Vores Tjeneste viser noget indhold, som ikke er Morningscores. Ansvaret for dette indhold p\u00e5hviler udelukkende den instans, der stiller det til r\u00e5dighed. Vi forbeholder os ret til at gennemse indhold for at afg\u00f8re, om det er ulovligt eller i strid med vores politikker, samt til at fjerne eller n\u00e6gte at vise indhold, som vi med god grund mener er i strid med vores politikker eller loven.<\/span><\/p>\n<p>\u00a0<\/p>\n<p><b>Beskrivelse af Tjeneste<\/b><\/p>\n<p><span style=\"font-weight: 400;\">Morningscore giver dig adgang til en righoldig samling af ressourcer, som inkluderer men ikke begr\u00e6nser sig til s\u00f8gemaskineoptimeringsv\u00e6rkt\u00f8jer, linkanalysev\u00e6rkt\u00f8jer, SEO-missioner og meget mere. Du forst\u00e5r ogs\u00e5, at denne Tjeneste kan inkludere visse former for kommunikation fra Morningscore, s\u00e5som servicemeddelelser og administrative meddelelser vedr\u00f8rende levering af Tjenesten. Med mindre andet fremg\u00e5r explicit, vil nye funktioner eller v\u00e6rkt\u00f8jer, som vi lancerer i tilknytning til Tjenesten, falde ind under denne aftale. Tjenesten er et onlineprodukt, som foruds\u00e6tter adgang via internettet eller en anden netv\u00e6rksforbindelse. Du er ansvarlig for at tilvejebringe den n\u00f8dvendige internet- eller netv\u00e6rksforbindelse for at tilg\u00e5 Morningscores Tjeneste, og du er ansvarlig for deraf afledte udgifter til tredjepart (s\u00e5som internet- og dataudbyder) for forbindelsen til Tjenesten. Derudover er du ansvarlig for anskaffelse og vedligeholdelse af alt det udstyr, der er n\u00f8dvendigt for at tilg\u00e5 Tjenesten. Din oplevelse af Tjenestens kvalitet kan v\u00e6re afh\u00e6ngig af din forbindelse og dit udstyr. Morningscore er ikke ansvarlig for s\u00f8gsm\u00e5l eller tab, der sker p\u00e5 foranledning af din forbindelse og dit udstyr.<\/span><\/p>\n<p>\u00a0<\/p>\n<p><b>Tilskrivningsmeddelelse<\/b><\/p>\n<p><span style=\"font-weight: 400;\">Du anerkender, at alle propriet\u00e6re Morningscore-metrics, som tilg\u00e5s gennem Tjenesten, er Morningscores intellektuelle ejendom, og du samtykker til, at s\u00e5danne metrics, inklusiv men ikke begr\u00e6nset til Morningscore, Linkscore, helbredsscore og Pagescore, attribueres i en enhver publikation eller distribuering af de omtale propriet\u00e6re metrics.<\/span><\/p>\n<p>\u00a0<\/p>\n<p><b>Kontoadgang<\/b><\/p>\n<p><span style=\"font-weight: 400;\">Du skal oplyse din gyldige mail-adresse, og andre oplysninger der anmodes om, for at gennemf\u00f8re registreringsprocessen ifm. oprettelsen af dit abonnement. Dit login m\u00e5 kun anvendes af \u00e9n person. Et enkelt login, som deles mellem flere brugere, er ikke tilladt. Vi forbeholder retten til at annullere eller suspendere din adgang til Tjenesten, hvis vi ser mist\u00e6nkelig aktivitet p\u00e5 din konto, som med rimelighed indikerer, at du fors\u00e6tligt og\/eller bevidst har delt dine oplysninger med en anden bruger. Du er ansvarlig for at opretholde sikkerheden omkring din konto og dit password. Morningscore kan ikke og vil ikke drages til ansvar for tab eller skader for\u00e5rsaget af, at du fors\u00f8mmer opretholdelsen af det ansvar.<\/span><\/p>\n<p>\u00a0<\/p>\n<p><b>Dine forpligtelser ifm. registrering<\/b><\/p>\n<p><span style=\"font-weight: 400;\">Som registreret bruger af Morningscores Tjeneste medgiver du, at du har juridisk myndighed til at indg\u00e5 en bindende aftale. Du samtykker ogs\u00e5 til: (a) at oplyse sand, pr\u00e6cis, gyldig og fyldestg\u00f8rende information om dig selv p\u00e5 foranledning af Tjenestens registreringsformular (\u201cRegistreringsdata\u201d) og (b) vedligeholde og uden ophold opdatere disse Registreringsdata for derved at sikre, at informationerne er sande, pr\u00e6cise, gyldige og fyldestg\u00f8rende. S\u00e5fremt du oplyser information, der er usand, upr\u00e6cis, ugyldig eller mangelfuld, eller Morningscore med god grund mist\u00e6nker, at s\u00e5danne informationer er usande, upr\u00e6cise, ugyldige eller mangelfulde, forbeholder Morningscore sig ret til at suspendere eller lukke din konto, og n\u00e6gte enhver nuv\u00e6rende eller fremtidig brug af Tjenesten (eller enhver del heraf).<\/span><\/p>\n<p>\u00a0<\/p>\n<p><b>Intet gensalg eller videredistribution af Tjeneste<\/b><\/p>\n<p><span style=\"font-weight: 400;\">Du har tilladelse til at bruge Tjenesten internt i virksomheden med det form\u00e5l at opn\u00e5 indblik og analyse for at optimere dit\/dine website\/-s og relaterede kampagner.<\/span><\/p>\n<p><span style=\"font-weight: 400;\">Med mindre Morningscore explicit har tilladt det, samtykker du til ikke at genskabe, duplikere, kopiere, s\u00e6lge, videres\u00e6lge, tillade adgang, \u00e6ndre, lave redigerede versioner, eller udnytte nogen del af Tjenesten, anvendelse af Tjenesten, eller adgang til Tjenesten eller den computerkode, som ligger til grund for Tjenesten, til kommercielle form\u00e5l. Du er ansvarlig for enhver brug af Tjenesten, der foretages ved hj\u00e6lp af din konto. Du er ansvarlig for at opretholde fortroligheden omkring dine online kontooplysninger.<\/span><\/p>\n<p>\u00a0<\/p>\n<p><b>Service- og marketingnotifikationer<\/b><\/p>\n<p><span style=\"font-weight: 400;\">N\u00e5r du opretter en Morningscore-konto (gratis eller betalt), giver du os din tilladelse til at sende e-mail til den mailadresse, du har oplyst ved registreringen.<\/span><\/p>\n<p><span style=\"font-weight: 400;\">Disse e-mails kan inkludere: opdateringer af Morningscores v\u00e6rkt\u00f8jer, tips og guides til at bruge Morningscore-v\u00e6rkt\u00f8jerne, og systembeskeder.<\/span><\/p>\n<p><span style=\"font-weight: 400;\">Du har ogs\u00e5 mulighed for at abonnere p\u00e5 kampagnetilbud. V\u00e6r opm\u00e6rksom p\u00e5, at du aktivt kan frav\u00e6lge disse ikke-obligatoriske mails n\u00e5r som helst ved at benytte \u2018Afmeld\u2019-linket, som findes nederst i enhver mail, vi sender dig.<\/span><\/p>\n<p><span style=\"font-weight: 400;\">Vi m\u00e5 sende dig beskeder eller e-mails via vores eget mailsystem eller via tredjepartstjenester.<\/span><\/p>\n<p>\u00a0<\/p>\n<p><b>Uautoriserede brugere<\/b><\/p>\n<p><span style=\"font-weight: 400;\">Kontoregistrering skal gennemf\u00f8res af et menneske. Konti registreret ved hj\u00e6lp af \u201cbots\u201d eller andre automatiserede metoder er ikke tilladt.<\/span><\/p>\n<p>\u00a0<\/p>\n<p><b>Uautoriseret adgang<\/b><\/p>\n<p><span style=\"font-weight: 400;\">Du m\u00e5 ikke \u00e6ndre, tilpasse eller hacke Tjenesten eller \u00e6ndre et andet website for at skabe en urigtig antydning af tilknytning til Tjenesten eller Morningscore. Du m\u00e5 ikke foretage reverse engineering af objektkode eller genbruge kildekode, som stilles til r\u00e5dighed i tilknytning til Tjenesten. Dette inkluderer ethvert og al JavaScript. Morningscore har copyright p\u00e5 koden. Du skal ikke overf\u00f8re nogen orme eller virusser eller nogen former for \u00f8del\u00e6ggende eller skadelig kode. Du samtykker til ikke at modificere nogen kode stillet til r\u00e5dighed i tilknytning til Tjenesten i nogen henseende eller form, samt ikke at bruge modificerede udgaver af koden. Dette inkluderer (men begr\u00e6nser sig ikke til) situationer, hvor form\u00e5let er at skaffe uautoriseret adgang til Tjenesten. Du samtykker til ikke at tilg\u00e5 Tjenesten p\u00e5 anden vis end gennem den brugerflade, som er stillet til r\u00e5dighed af Morningscore for at give adgang til Tjenesten. Alle unaturlige midler eller ulovlige fors\u00f8g p\u00e5 at tilg\u00e5 vores Tjeneste, website, server eller database inklusiv ved hj\u00e6lp af automatiske v\u00e6rkt\u00f8jer s\u00e5som scrapers eller bots er forbudt. Vi forbeholder os retten til at lukke, suspendere og\/eller blokere for din adgang, hvis vi vurderer, at din anvendelse eller adgang til Tjenesten er i strid med vores betingelser. Underlagt de \u00f8vrige omtalte restriktioner m\u00e5 du kun bruge automatiserede v\u00e6rkt\u00f8jer til at tilg\u00e5 Tjenesten via de API\u2019er (Application Program Interfaces), vi stiller til r\u00e5dighed.<\/span><\/p>\n<p><span style=\"font-weight: 400;\">Du m\u00e5 ikke fors\u00f8ge at omg\u00e5s nogen funktionalitet eller tilg\u00e5 funktioner p\u00e5 websitet direkte ved hj\u00e6lp af tilpassede http-anmodninger (eller andre anmodninger), eller fors\u00f8ge at manipulere Tjenesten, eller tilg\u00e5 den p\u00e5 anden vis end en fornuftig person ville opfatte som normal, tilladt brug.<\/span><\/p>\n<p><span style=\"font-weight: 400;\">Du b\u00f8r ikke fors\u00f8ge at drage fordel af nogen funktion, som en fornuftig person ville opfatte som en \u00e5benlys udeladelse eller fejl p\u00e5 Tjenesten og websitet.<\/span><\/p>\n<p>\u00a0<\/p>\n<p><b>Blokering af IP-adresser<\/b><\/p>\n<p><span style=\"font-weight: 400;\">For at beskytte Tjenestens integritet forbeholder Morningscore sig retten n\u00e5r som helst og efter eget sk\u00f8n at blokere registrerede brugere og abonnenter fra visse IP-adresser fra at tilg\u00e5 Tjenesten.<\/span><\/p>\n<p>\u00a0<\/p>\n<p><b>Registrering og abonnement<\/b><\/p>\n<p><span style=\"font-weight: 400;\">Du kan registrere dig som bruger af Tjenesten uden omkostninger. Som registreret bruger vil du have mulighed for at tage del i nogle, men ikke alle, funktioner og v\u00e6rkt\u00f8jer som er tilg\u00e6ngelige inden for Tjenesten.<\/span><\/p>\n<p><span style=\"font-weight: 400;\">For at tilg\u00e5 yderligere funktioner, herunder muligheden for at bruge mange af vores v\u00e6rkt\u00f8jer, skal du abonnere p\u00e5 Tjenesten.<\/span><\/p>\n<p><span style=\"font-weight: 400;\">Alt afh\u00e6ngigt af hvilken abonnementsl\u00f8sning du v\u00e6lger, vil du v\u00e6re berettiget til et varierende antal funktioner og\/eller forskellige begr\u00e6nsninger.<br>\n<\/span><\/p>\n<p>\u00a0<\/p>\n<p><strong>Bindingsperiode og opsigelsesvarsel<br>\n<\/strong><\/p>\n<p>Abonnement er bindende i den valgte periode (\u00e9n m\u00e5ned eller \u00e9t \u00e5r), og fornyes automatisk med tilsvarende bindingsperiode, med mindre der er indg\u00e5et en individuel aftale. Ved individuelle aftaler fornyes abonnementet med en bindingsperiode p\u00e5 et \u00e5r.<\/p>\n<p>Opsigelse kan ske inden fakturering af en ny abonnementsperiode. Du kan opsige dit abonnement selv via indstillingerne i softwaren eller ved at kontakte kundeservice via chatten eller mail@morningscore.io.<\/p>\n<p>\u00a0<\/p>\n<p><strong>Tr\u00e6k p\u00e5 dit kort<br>\n<\/strong><\/p>\n<p>Hvis du f\u00e5r et nyt kort, bedes du opdaterer dine kortoplysninger. Det kan du g\u00f8re i indstillingerne under abonnement. Alternativt kan du kontakte kundeservice via vores chat eller mail@morningscore.io.<\/p>\n<p>Du kan til enhver tid tilbagekalde din tilladelse til, at vi tr\u00e6kker et bel\u00f8b p\u00e5 dit kort.<\/p>\n<p>Du kan ogs\u00e5 g\u00f8re indsigelse hos din kortudbyder (typisk din bank), hvis du opdager, at der er blevet h\u00e6vet bel\u00f8b, du ikke har givet tilladelse til. Du skal g\u00f8re indsigelse hurtigst muligt og senest 8 uger efter betalingen, med mindre der er aftalt andet.<\/p>\n<p>\u00a0<\/p>\n<p><b>Tilbagebetalingspolitik<\/b><\/p>\n<p><span style=\"font-weight: 400;\">Med mindre der er lovm\u00e6ssigt p\u00e5bud derom, er Morningscore ikke forpligtet til at lave en tilbagebetaling til dig p\u00e5 noget tidspunkt. Ethvert indbetalt bel\u00f8b (eller et tilsvarende bel\u00f8b i din lokale valuta) for et abonnement er uden undtagelser ikke-refunderbart. For dit m\u00e5nedsabonnement kan du anmode om en tilbagebetaling efter betalingen har fundet sted ved ikke-brug, men bem\u00e6rk venligst, at vi forbeholder os retten til at afsl\u00e5 din anmodning om tilbagebetaling, s\u00e5fremt vi ser n\u00e6vnev\u00e6rdig aktivitet p\u00e5 din konto.<\/span><\/p>\n<p>\u00a0<\/p>\n<p><b>Opsigelsespolitik<\/b><\/p>\n<p><span style=\"font-weight: 400;\">Morningscore forbeholder sig retten til at opsige Tjenesten p\u00e5 dine vegne under f\u00f8lgende omst\u00e6ndigheder:<\/span><\/p>\n<ul>\n<li style=\"font-weight: 400;\" aria-level=\"1\"><span style=\"font-weight: 400;\">Du forbryder dig mod nogen af disse betingelser;<\/span><\/li>\n<li style=\"font-weight: 400;\" aria-level=\"1\"><span style=\"font-weight: 400;\">Vi registrerer us\u00e6dvanlige brugsm\u00f8nstre i relation til Tjenesten;<\/span><\/li>\n<li style=\"font-weight: 400;\" aria-level=\"1\"><span style=\"font-weight: 400;\">Du fors\u00f8ger at \u00f8del\u00e6gge eller skade vores omd\u00f8mme, arbejde eller Tjeneste;<\/span><\/li>\n<li style=\"font-weight: 400;\" aria-level=\"1\"><span style=\"font-weight: 400;\">Som respons p\u00e5 anmodninger fra retslige myndigheder eller andre offentlige instanser<\/span><\/li>\n<\/ul>\n<p><span style=\"font-weight: 400;\">\u00a0<\/span><\/p>\n<p><b>\u00c6ndringer af Tjenesten<\/b><\/p>\n<p><span style=\"font-weight: 400;\">Vi \u00e6ndrer og forbedrer konstant vores Tjeneste. Vi tilf\u00f8jer eller fjerner muligvis funktionaliteter eller funktioner, og vi suspenderer eller bringer muligvis Tjenesten fuldst\u00e6ndigt til oph\u00f8r. Du kan stoppe med at bruge vores Tjeneste n\u00e5r som helst, omend vi vil \u00e6rgre os over afskeden med dig. Morningscore kan ogs\u00e5 stoppe med at stille Tjenesten til r\u00e5dighed for dig, eller tilf\u00f8je og skabe nye begr\u00e6nsninger i vores Tjeneste n\u00e5r som helst.<\/span><\/p>\n<p><span style=\"font-weight: 400;\">Du samtykker til, at Morningscore ikke holdes ansvarlig, for dig eller for nogen tredjepart, for nogen modificering, suspendering eller oph\u00f8r af Tjenesten.<\/span><\/p>\n<p>\u00a0<\/p>\n<p><b>Dataindsamling og brug<\/b><\/p>\n<p><span style=\"font-weight: 400;\">Du forst\u00e5r og samtykker til, at Morningscore m\u00e5 anonymisere og aggregere data, du deler med Tjenesten, herunder data associeret med dine konti i Google Analytics og Google Search Console, og bruge det uden at identificere dig med det form\u00e5l at forbedre Tjenesten.<\/span><\/p>\n<p>\u00a0<\/p>\n<p><b>Eksterne links<\/b><\/p>\n<p><span style=\"font-weight: 400;\">Tjenesten kan stille links til r\u00e5dighed til andre sider eller ressourcer p\u00e5 World Wide Web. I og med at Morningscore ikke har kontrol over s\u00e5danne sider og ressourcer, anerkender og samtykker du til, at Morningscore ikke er ansvarlig for tilg\u00e6ngeligheden af s\u00e5danne eksterne sider eller ressourcer, ikke n\u00f8dvendigvis st\u00e5r inde for omtalte sider\/ressourcer, og ikke er ansvarlig for noget indhold, reklame, eller andre materialer, der er tilg\u00e6ngelige p\u00e5 eller fra s\u00e5danne sider eller ressourcer. Desuden anerkender og samtykker du til, at Morningscore ikke holdes ansvarlig, hverken direkte eller indirekte, for nogen former for skade eller tab, som er for\u00e5rsaget eller angiveligt er for\u00e5rsaget af eller p\u00e5 nogen m\u00e5de relateret til anvendelse af eller afh\u00e6ngighed af s\u00e5dant indhold, varer eller tjenester, som er tilg\u00e6ngelige p\u00e5 eller gennem s\u00e5dan en side eller ressource.<\/span><\/p>\n<p>\u00a0<\/p>\n<p><b>Ansvarsfraskrivelse for Tjenesten<\/b><\/p>\n<p><span style=\"font-weight: 400;\">Tjenesten og al information stilles til r\u00e5dighed \u201csom beset\u201d og i det omfang, det er tilg\u00e6ngeligt uden nogen garanti.<\/span><\/p>\n<p><span style=\"font-weight: 400;\">I det omfang, det er tilladt ved lov, er Morningscore ikke ansvarlig for tabt udbytte, indt\u00e6gt, eller data, \u00f8konomiske tab eller indirekte skader, ekstraordin\u00e6re skader, f\u00f8lgeskader eller p\u00f8nalt begrundede skader.<\/span><\/p>\n<p>I det omfang, der er tilladt ved lov,<span style=\"font-weight: 400;\"> er Morningscores ansvar i henhold til disse betingelser, herunder for enhver form for underforst\u00e5ede garantier, begr\u00e6nset til det bel\u00f8b, du betalte os for at bruge Tjenesten i 12 m\u00e5neder forud for s\u00f8gsm\u00e5let (eller, hvis vi v\u00e6lger det, til at give dig adgang til Tjenesten p\u00e5ny).<\/span><\/p>\n<p>I det omfang, det er tilladt ved lov, vil Morningscore ikke v\u00e6re ansvarlig for nogen former for tab eller skader, der ikke med rimelighed ville kunne forudses<span style=\"font-weight: 400;\">.<\/span><\/p>\n<p>\u00a0<\/p>\n<p><strong>Om disse handelsbetingelser<\/strong><\/p>\n<p><span style=\"font-weight: 400;\">Vi kan \u00e6ndre disse betingelser eller \u00f8vrige betingelser, der vedr\u00f8rer Tjenesten, eksempelvis, afspejler lovm\u00e6ssige \u00e6ndringer eller \u00e6ndringer i Tjenesten. Du b\u00f8r se p\u00e5 online-versionen af vores betingelser j\u00e6vnligt. Vi sl\u00e5r notifikationer om \u00e6ndringer af disse betingelser op p\u00e5 denne side. \u00c6ndringer vil ikke g\u00e6lde med tilbagevirkende kraft og vil ikke tr\u00e6de i kraft f\u00f8r syv dage efter de er sl\u00e5et op. \u00c6ndringer, som adresserer nye funktioner for Tjenesten, eller \u00e6ndringer, som er lavet af lovm\u00e6ssige \u00e5rsager, tr\u00e6der imidlertid straks i kraft. S\u00e5fremt du ikke samtykker til de \u00e6ndrede betingelser for Tjenesten, skal du uden ophold bringe brugen af Tjenesten til oph\u00f8r.<\/span><\/p>\n<p>Disse betingelser kontrollerer forholdet imellem Morningscore og dig. De bevirker ingen begunstigede rettigheder p\u00e5 vegne af tredjepart.<\/p>\n<p><span style=\"font-weight: 400;\">S\u00e5fremt du ikke samtykker til disse betingelser, og vi ikke straks skrider til handling, er det ikke ensbetydende med, at vi opgiver nogen af de rettigheder, vi m\u00e5tte have, s\u00e5som at skride til handling i fremtiden.<\/span><\/p>\n<p><span style=\"font-weight: 400;\">S\u00e5fremt nogen af disse betingelser fortolkes som ugyldige, ikke kan h\u00e5ndh\u00e6ves eller bortfalder, vil de \u00f8vrige betingelser fortsat v\u00e6re gyldige, kunne h\u00e5ndh\u00e6ves og i \u00f8vrigt v\u00e6re up\u00e5virkede.<\/span><\/p>\n<p><span style=\"font-weight: 400;\">Overskrifterne til de enkelte sektioner i denne tekst har udelukkende til form\u00e5l at skabe overblik og har ingen juridisk eller aftalem\u00e6ssig effekt.<\/span><\/p>\n","protected":false},"excerpt":{"rendered":"<p>Disse handelsbetingelser udg\u00f8r en bindende aftale for anvendelsen af vores produkter og tjenester (\u201cTjeneste\u201d). Denne Tjeneste stilles til r\u00e5dighed af Morningscore Aps (\u201cMorningscore\u201d, \u201cVi\u201d), som er beliggende p\u00e5 adressen St\u00e6rmoseg\u00e5rdsvej 8, st., 5230 Odense M, Danmark. N\u00e5r du bruger vores Tjeneste, accepterer du automatisk disse handelsbetingelser. Vi anbefaler derfor, at du l\u00e6ser dem omhyggeligt. \u00a0 [&hellip;]<\/p>\n","protected":false},"author":1,"featured_media":0,"parent":0,"menu_order":141,"comment_status":"closed","ping_status":"closed","template":"\/templates\/page-templates\/text-page.php","meta":{"_acf_changed":false,"inline_featured_image":false,"footnotes":""},"class_list":["post-21795","page","type-page","status-publish","hentry"],"acf":[],"_links":{"self":[{"href":"https:\/\/morningscore.io\/da\/wp-json\/wp\/v2\/pages\/21795","targetHints":{"allow":["GET"]}}],"collection":[{"href":"https:\/\/morningscore.io\/da\/wp-json\/wp\/v2\/pages"}],"about":[{"href":"https:\/\/morningscore.io\/da\/wp-json\/wp\/v2\/types\/page"}],"author":[{"embeddable":true,"href":"https:\/\/morningscore.io\/da\/wp-json\/wp\/v2\/users\/1"}],"replies":[{"embeddable":true,"href":"https:\/\/morningscore.io\/da\/wp-json\/wp\/v2\/comments?post=21795"}],"version-history":[{"count":4,"href":"https:\/\/morningscore.io\/da\/wp-json\/wp\/v2\/pages\/21795\/revisions"}],"predecessor-version":[{"id":52738,"href":"https:\/\/morningscore.io\/da\/wp-json\/wp\/v2\/pages\/21795\/revisions\/52738"}],"wp:attachment":[{"href":"https:\/\/morningscore.io\/da\/wp-json\/wp\/v2\/media?parent=21795"}],"curies":[{"name":"wp","href":"https:\/\/api.w.org\/{rel}","templated":true}]}}