{"id":1032,"date":"2017-10-05T07:46:22","date_gmt":"2017-10-05T07:46:22","guid":{"rendered":"https:\/\/morningscore.io\/blog\/"},"modified":"2024-12-20T14:18:33","modified_gmt":"2024-12-20T14:18:33","slug":"blog","status":"publish","type":"page","link":"https:\/\/morningscore.io\/da\/blog\/","title":{"rendered":"Blog &#8211; DA"},"content":{"rendered":"<div id=\"pl-1032\" class=\"panel-layout\"><div id=\"pg-1032-0\" class=\"panel-grid panel-no-style\"><div id=\"pgc-1032-0-0\" class=\"panel-grid-cell\"><section class=\"hero  gradient_with_balls\" data-hero-layout=\"curved-no-image\" data-image-sizing=\"overflow\" style=\"--hero-headline-size-multiplier: 1;position: relative;--hero-text-color: #312E81;\" data-side-type=\"image\">\n\n            <div class=\"hero-bg gradient_with_balls\" style=\"--gradient-start-color: #0A0A4D;--gradient-end-color: #563AC9;--gradient-angle: -180deg;background: none; overflow: visible;\">\n            \n                            <style>\n                    .floating-balls-wrapper {\n                        position: absolute;\n                        inset: 0;\n                        width: 100%;\n                        height: 180vh;\n                        pointer-events: none;\n                        overflow: hidden;\n                        z-index: -1;\n                    }\n\n                    .floating-balls-wrapper .ball {\n                        position: absolute;\n                        border-radius: 50%;\n                        backface-visibility: hidden;\n                        list-style: none;\n                        background: linear-gradient(to bottom left, rgba(224,231,255, 0.3), rgba(196,181,253, 0.3));\n                        filter: blur(2px);\n                    }\n\n                <\/style>\n                <div style=\"position: absolute;left: 0;top: -3.9rem;width: 100%;height: 120vh;z-index: -1;\">\n                    <div style=\"position: absolute;left: 0;top: 0;width: 100%;height: 100%;background-image: radial-gradient(circle at 40% 0%, #5439C53C 0%, transparent 50%), radial-gradient(circle at 0% 120%, #5439C53C 0%, transparent 50%), radial-gradient(circle at 100% 100%, #C4B5FDAA 0%, transparent 50%);mask-image: linear-gradient(180deg, white 90%, transparent 100%);\">\n                        <ul class=\"floating-balls-wrapper\"><\/ul>\n                    <\/div>\n                <\/div>\n                    <\/div>\n    \n\n    \n\n    <div class=\"inner-content\">\n        <div class=\"hero-main\">\n\n            \n            <h1>Morningscore blog:<br> Alt om SEO, samlet p\u00e5 et sted<\/h1>\n\n            \n                            <div class=\"hero-subcontent\" data-margin=\"true\">\n                    <div class=\"hero-content \">\n                        <p>Velkommen til Morningscores blogunivers \u2013 et sted, hvor vi deler SEO-indsigter, viden og strategier, som kan hj\u00e6lpe din virksomhed til online succes. Vores m\u00e5l er at v\u00e6re din SEO-partner og ikke blot et v\u00e6rkt\u00f8j, og derfor samler vi her vores bedste tips, praktiske guides og de nyeste trends inden for SEO og digital marketing.<\/p>\n                    <\/div>\n\n                    \n                    \n\n                                            <div class=\"so-widget-mssub-buttons so-widget-\">\n<\/div>                    \n                                            <div class=\"hero-extra-content\">\n                                                    <\/div>\n                    \n                <\/div>\n            \n            \n        <\/div>\n\n        \n    <\/div>\n\n    <\/section>\n<\/div><\/div><div id=\"pg-1032-1\" class=\"panel-grid panel-no-style\"><div id=\"pgc-1032-1-0\" class=\"panel-grid-cell\">\n<section class=\"archive\">\n    <div class=\"inner-content\">\n                \n        <div class=\"archive-container\">\n                            <div class=\"archive-posts cards\">\n                                            <a href=\"https:\/\/morningscore.io\/da\/saadan-bruges-cloudflare-til-at-spore-og-analysere-logfiler-fra-ai-bots\/\" class=\"archive-post card-shadow card-with-image\">\n                            <figure>\n                                <img decoding=\"async\" src=\"data:image\/png;base64,iVBORw0KGgoAAAANSUhEUgAAAAEAAAABCAQAAAC1HAwCAAAAC0lEQVR42mNkYAAAAAYAAjCB0C8AAAAASUVORK5CYII=\" alt=\"S\u00e5dan bruges Cloudflare til at spore og analysere logfiler fra AI-bots\" loading=\"lazy\" data-src=\"https:\/\/morningscore.io\/wp-content\/uploads\/2026\/01\/ai-bot-log-analytics-cloudflare-guide-5-682x384.png\">\n                            <\/figure>\n                            <div class=\"card-content text small\">\n                                <span class=\"archive-post-byline\">\n                                                                            <span class=\"archive-post-category\">SEO<\/span>\n                                                                        <time datetime=\"2026-04-02 09:39:45\" title=\"April 2, 2026\">\n                                        April 2, 2026                                    <\/time>\n                                <\/span>\n                                <h6 class=\"archive-post-title\">S\u00e5dan bruges Cloudflare til at spore og analysere logfiler fra AI-bots<\/h6>\n                                <p class=\"archive-post-excerpt\">Analyse af serverlogfiler er blevet den nye, fede marketingf\u00e6rdighed, nu hvor AI er s\u00e5 sv\u00e6r at spore generelt. Lad mig bevise for dig, at det faktisk er MEG<\/p>\n                            <\/div>\n                        <\/a>\n                                            <a href=\"https:\/\/morningscore.io\/da\/seo-for-searchgpt\/\" class=\"archive-post card-shadow card-with-image\">\n                            <figure>\n                                <img decoding=\"async\" src=\"data:image\/png;base64,iVBORw0KGgoAAAANSUhEUgAAAAEAAAABCAQAAAC1HAwCAAAAC0lEQVR42mNkYAAAAAYAAjCB0C8AAAAASUVORK5CYII=\" alt=\"SearchGPT SEO: S\u00e5dan bliver du synlig i ChatGPT Search\" loading=\"lazy\" data-src=\"https:\/\/morningscore.io\/wp-content\/uploads\/2024\/12\/searchgpt-seo-geo-1-682x384.jpg\">\n                            <\/figure>\n                            <div class=\"card-content text small\">\n                                <span class=\"archive-post-byline\">\n                                                                            <span class=\"archive-post-category\">AI<\/span>\n                                                                        <time datetime=\"2026-04-02 07:59:00\" title=\"April 2, 2026\">\n                                        April 2, 2026                                    <\/time>\n                                <\/span>\n                                <h6 class=\"archive-post-title\">SearchGPT SEO: S\u00e5dan bliver du synlig i ChatGPT Search<\/h6>\n                                <p class=\"archive-post-excerpt\">SearchGPT\/ChatGPT Search er ankommet, og SEO er d\u00f8d.\nI det mindste kan det let opfattes s\u00e5dan, hvis man klikker rundt p\u00e5 sociale medier som LinkedIn <\/p>\n                            <\/div>\n                        <\/a>\n                                            <a href=\"https:\/\/morningscore.io\/da\/content-marketing\/\" class=\"archive-post card-shadow card-with-image\">\n                            <figure>\n                                <img decoding=\"async\" src=\"data:image\/png;base64,iVBORw0KGgoAAAANSUhEUgAAAAEAAAABCAQAAAC1HAwCAAAAC0lEQVR42mNkYAAAAAYAAjCB0C8AAAAASUVORK5CYII=\" alt=\"Hvad er content marketing, og hvordan g\u00f8r man? [eksempler inkluderet]\" loading=\"lazy\" data-src=\"https:\/\/morningscore.io\/wp-content\/uploads\/2024\/09\/Content-marketing.png\">\n                            <\/figure>\n                            <div class=\"card-content text small\">\n                                <span class=\"archive-post-byline\">\n                                                                            <span class=\"archive-post-category\">SEO<\/span>\n                                                                        <time datetime=\"2026-04-02 06:19:00\" title=\"April 2, 2026\">\n                                        April 2, 2026                                    <\/time>\n                                <\/span>\n                                <h6 class=\"archive-post-title\">Hvad er content marketing, og hvordan g\u00f8r man? [eksempler inkluderet]<\/h6>\n                                <p class=\"archive-post-excerpt\">Content marketing handler om at kreere og distribuere v\u00e6rdiskabende indhold for at tiltr\u00e6kke nye og fastholde eksisterende kunder. Det fokuserer p\u00e5 at opbyg<\/p>\n                            <\/div>\n                        <\/a>\n                                            <a href=\"https:\/\/morningscore.io\/da\/venner-af-rumskibet\/\" class=\"archive-post card-shadow card-with-image\">\n                            <figure>\n                                <img decoding=\"async\" src=\"data:image\/png;base64,iVBORw0KGgoAAAANSUhEUgAAAAEAAAABCAQAAAC1HAwCAAAAC0lEQVR42mNkYAAAAAYAAjCB0C8AAAAASUVORK5CYII=\" alt=\"Venner af rumskibet\" loading=\"lazy\" data-src=\"https:\/\/morningscore.io\/wp-content\/themes\/mtt-wordpress-theme\/assets\/img\/single-post-cover.png\">\n                            <\/figure>\n                            <div class=\"card-content text small\">\n                                <span class=\"archive-post-byline\">\n                                                                            <span class=\"archive-post-category\">SEO<\/span>\n                                                                        <time datetime=\"2026-02-16 14:41:53\" title=\"February 16, 2026\">\n                                        February 16, 2026                                    <\/time>\n                                <\/span>\n                                <h6 class=\"archive-post-title\">Venner af rumskibet<\/h6>\n                                <p class=\"archive-post-excerpt\">Morningscore har fantastiske partnere, seje kunder og andre som g\u00e5r en ekstra mil for os.\nDet er vi yderst taknemmelige for.\nS\u00e5 her en lille ta<\/p>\n                            <\/div>\n                        <\/a>\n                                            <a href=\"https:\/\/morningscore.io\/da\/bedste-seo-vaerktojer\/\" class=\"archive-post card-shadow card-with-image\">\n                            <figure>\n                                <img decoding=\"async\" src=\"data:image\/png;base64,iVBORw0KGgoAAAANSUhEUgAAAAEAAAABCAQAAAC1HAwCAAAAC0lEQVR42mNkYAAAAAYAAjCB0C8AAAAASUVORK5CYII=\" alt=\"20 bedste SEO-v\u00e6rkt\u00f8jer pr. januar 2026: Gratis og betalte v\u00e6rkt\u00f8jer personligt testet\" loading=\"lazy\" data-src=\"https:\/\/morningscore.io\/wp-content\/uploads\/2025\/05\/best-seo-tools-test-682x384.png\">\n                            <\/figure>\n                            <div class=\"card-content text small\">\n                                <span class=\"archive-post-byline\">\n                                                                        <time datetime=\"2026-01-13 16:12:16\" title=\"January 13, 2026\">\n                                        January 13, 2026                                    <\/time>\n                                <\/span>\n                                <h6 class=\"archive-post-title\">20 bedste SEO-v\u00e6rkt\u00f8jer pr. januar 2026: Gratis og betalte v\u00e6rkt\u00f8jer personligt testet<\/h6>\n                                <p class=\"archive-post-excerpt\">Der findes langt over 450 SEO-v\u00e6rkt\u00f8jer i verden. Tallet er vokset med 100 i min seneste opt\u00e6lling p\u00e5 grund af de seneste 2 \u00e5rs mange nye AI-synlighedsv\u00e6<\/p>\n                            <\/div>\n                        <\/a>\n                                            <a href=\"https:\/\/morningscore.io\/da\/morningscore-4-er-live-nu-se-funktioner-og-aendringer\/\" class=\"archive-post card-shadow card-with-image\">\n                            <figure>\n                                <img decoding=\"async\" src=\"data:image\/png;base64,iVBORw0KGgoAAAANSUhEUgAAAAEAAAABCAQAAAC1HAwCAAAAC0lEQVR42mNkYAAAAAYAAjCB0C8AAAAASUVORK5CYII=\" alt=\"Morningscore 4 er live nu! Se funktioner og \u00e6ndringer\" loading=\"lazy\" data-src=\"https:\/\/morningscore.io\/wp-content\/themes\/mtt-wordpress-theme\/assets\/img\/single-post-cover.png\">\n                            <\/figure>\n                            <div class=\"card-content text small\">\n                                <span class=\"archive-post-byline\">\n                                                                        <time datetime=\"2026-01-08 10:14:08\" title=\"January 8, 2026\">\n                                        January 8, 2026                                    <\/time>\n                                <\/span>\n                                <h6 class=\"archive-post-title\">Morningscore 4 er live nu! Se funktioner og \u00e6ndringer<\/h6>\n                                <p class=\"archive-post-excerpt\">8 m\u00e5neders h\u00e5rdt arbejde, og i dag er vi endelig live! \ud83e\udd73\ud83d\ude80\nDe bedste nye funktioner i Morningscore 4:\n\n\u2699\ufe0f Ny s<\/p>\n                            <\/div>\n                        <\/a>\n                                    <\/div>\n                \n                                    <div class=\"pagination\">\n                                                \n                                                                                    <span class=\"pagination-current\" aria-current=\"page\" aria-label=\"Side 1, current page\">\n                                    1                                <\/span>\n                                                                                                                <a href=\"https:\/\/morningscore.io\/da\/wp-json\/wp\/v2\/pages\/1032\/page\/2\/\" aria-label=\"Side 2\">\n                                    2                                <\/a>\n                                                                                                                <a href=\"https:\/\/morningscore.io\/da\/wp-json\/wp\/v2\/pages\/1032\/page\/3\/\" aria-label=\"Side 3\">\n                                    3                                <\/a>\n                                                                                                                <a href=\"https:\/\/morningscore.io\/da\/wp-json\/wp\/v2\/pages\/1032\/page\/4\/\" aria-label=\"Side 4\">\n                                    4                                <\/a>\n                                                                                                                <a href=\"https:\/\/morningscore.io\/da\/wp-json\/wp\/v2\/pages\/1032\/page\/5\/\" aria-label=\"Side 5\">\n                                    5                                <\/a>\n                                                                                                                <a href=\"https:\/\/morningscore.io\/da\/wp-json\/wp\/v2\/pages\/1032\/page\/6\/\" aria-label=\"Side 6\">\n                                    6                                <\/a>\n                                                                                                                <a href=\"https:\/\/morningscore.io\/da\/wp-json\/wp\/v2\/pages\/1032\/page\/7\/\" aria-label=\"Side 7\">\n                                    7                                <\/a>\n                                                                                                                <a href=\"https:\/\/morningscore.io\/da\/wp-json\/wp\/v2\/pages\/1032\/page\/8\/\" aria-label=\"Side 8\">\n                                    8                                <\/a>\n                                                                                                                <a href=\"https:\/\/morningscore.io\/da\/wp-json\/wp\/v2\/pages\/1032\/page\/9\/\" aria-label=\"Side 9\">\n                                    9                                <\/a>\n                                                                                                                <a href=\"https:\/\/morningscore.io\/da\/wp-json\/wp\/v2\/pages\/1032\/page\/10\/\" aria-label=\"Side 10\">\n                                    10                                <\/a>\n                                                                                                                <a href=\"https:\/\/morningscore.io\/da\/wp-json\/wp\/v2\/pages\/1032\/page\/11\/\" aria-label=\"Side 11\">\n                                    11                                <\/a>\n                                                                                                                <a href=\"https:\/\/morningscore.io\/da\/wp-json\/wp\/v2\/pages\/1032\/page\/12\/\" aria-label=\"Side 12\">\n                                    12                                <\/a>\n                                                                                                                <a href=\"https:\/\/morningscore.io\/da\/wp-json\/wp\/v2\/pages\/1032\/page\/13\/\" aria-label=\"Side 13\">\n                                    13                                <\/a>\n                                                                                                                <a href=\"https:\/\/morningscore.io\/da\/wp-json\/wp\/v2\/pages\/1032\/page\/14\/\" aria-label=\"Side 14\">\n                                    14                                <\/a>\n                                                                                                                <a href=\"https:\/\/morningscore.io\/da\/wp-json\/wp\/v2\/pages\/1032\/page\/15\/\" aria-label=\"Side 15\">\n                                    15                                <\/a>\n                                                                                                                <a href=\"https:\/\/morningscore.io\/da\/wp-json\/wp\/v2\/pages\/1032\/page\/16\/\" aria-label=\"Side 16\">\n                                    16                                <\/a>\n                                                                                                                <a href=\"https:\/\/morningscore.io\/da\/wp-json\/wp\/v2\/pages\/1032\/page\/17\/\" aria-label=\"Side 17\">\n                                    17                                <\/a>\n                                                                                                                <a href=\"https:\/\/morningscore.io\/da\/wp-json\/wp\/v2\/pages\/1032\/page\/18\/\" aria-label=\"Side 18\">\n                                    18                                <\/a>\n                                                                                                                <a href=\"https:\/\/morningscore.io\/da\/wp-json\/wp\/v2\/pages\/1032\/page\/19\/\" aria-label=\"Side 19\">\n                                    19                                <\/a>\n                                                                                                                <a href=\"https:\/\/morningscore.io\/da\/wp-json\/wp\/v2\/pages\/1032\/page\/20\/\" aria-label=\"Side 20\">\n                                    20                                <\/a>\n                                                                                                                <a href=\"https:\/\/morningscore.io\/da\/wp-json\/wp\/v2\/pages\/1032\/page\/21\/\" aria-label=\"Side 21\">\n                                    21                                <\/a>\n                                                                                                                <a href=\"https:\/\/morningscore.io\/da\/wp-json\/wp\/v2\/pages\/1032\/page\/22\/\" aria-label=\"Side 22\">\n                                    22                                <\/a>\n                                                                                                                <a href=\"https:\/\/morningscore.io\/da\/wp-json\/wp\/v2\/pages\/1032\/page\/23\/\" aria-label=\"Side 23\">\n                                    23                                <\/a>\n                                                                                                                <a href=\"https:\/\/morningscore.io\/da\/wp-json\/wp\/v2\/pages\/1032\/page\/24\/\" aria-label=\"Side 24\">\n                                    24                                <\/a>\n                                                                                                                <a href=\"https:\/\/morningscore.io\/da\/wp-json\/wp\/v2\/pages\/1032\/page\/25\/\" aria-label=\"Side 25\">\n                                    25                                <\/a>\n                                                                                                                <a href=\"https:\/\/morningscore.io\/da\/wp-json\/wp\/v2\/pages\/1032\/page\/26\/\" aria-label=\"Side 26\">\n                                    26                                <\/a>\n                                                                                                                <a href=\"https:\/\/morningscore.io\/da\/wp-json\/wp\/v2\/pages\/1032\/page\/27\/\" aria-label=\"Side 27\">\n                                    27                                <\/a>\n                                                                            \n                                                    <a href=\"https:\/\/morningscore.io\/da\/wp-json\/wp\/v2\/pages\/1032\/page\/2\/\" class=\"pagination-next\" rel=\"next\" aria-label=\"N\u00e6ste page\">\n                                N\u00e6ste                            <\/a>\n                                            <\/div>\n                                    <\/div>\n    <\/div>\n<\/section>\n<\/div><\/div><\/div><noscript><img decoding=\"async\" src=\"https:\/\/morningscore.io\/wp-content\/uploads\/2026\/01\/ai-bot-log-analytics-cloudflare-guide-5-682x384.png\" alt=\"S\u00e5dan bruges Cloudflare til at spore og analysere logfiler fra AI-bots\" loading=\"lazy\" data-src=\"https:\/\/morningscore.io\/wp-content\/uploads\/2026\/01\/ai-bot-log-analytics-cloudflare-guide-5-682x384.png\"><\/noscript><noscript><img decoding=\"async\" src=\"https:\/\/morningscore.io\/wp-content\/uploads\/2024\/12\/searchgpt-seo-geo-1-682x384.jpg\" alt=\"SearchGPT SEO: S\u00e5dan bliver du synlig i ChatGPT Search\" loading=\"lazy\" data-src=\"https:\/\/morningscore.io\/wp-content\/uploads\/2024\/12\/searchgpt-seo-geo-1-682x384.jpg\"><\/noscript><noscript><img decoding=\"async\" src=\"https:\/\/morningscore.io\/wp-content\/uploads\/2024\/09\/Content-marketing.png\" alt=\"Hvad er content marketing, og hvordan g\u00f8r man? [eksempler inkluderet]\" loading=\"lazy\" data-src=\"https:\/\/morningscore.io\/wp-content\/uploads\/2024\/09\/Content-marketing.png\"><\/noscript><noscript><img decoding=\"async\" src=\"https:\/\/morningscore.io\/wp-content\/themes\/mtt-wordpress-theme\/assets\/img\/single-post-cover.png\" alt=\"Venner af rumskibet\" loading=\"lazy\" data-src=\"https:\/\/morningscore.io\/wp-content\/themes\/mtt-wordpress-theme\/assets\/img\/single-post-cover.png\"><\/noscript><noscript><img decoding=\"async\" src=\"https:\/\/morningscore.io\/wp-content\/uploads\/2025\/05\/best-seo-tools-test-682x384.png\" alt=\"20 bedste SEO-v\u00e6rkt\u00f8jer pr. januar 2026: Gratis og betalte v\u00e6rkt\u00f8jer personligt testet\" loading=\"lazy\" data-src=\"https:\/\/morningscore.io\/wp-content\/uploads\/2025\/05\/best-seo-tools-test-682x384.png\"><\/noscript><noscript><img decoding=\"async\" src=\"https:\/\/morningscore.io\/wp-content\/themes\/mtt-wordpress-theme\/assets\/img\/single-post-cover.png\" alt=\"Morningscore 4 er live nu! Se funktioner og \u00e6ndringer\" loading=\"lazy\" data-src=\"https:\/\/morningscore.io\/wp-content\/themes\/mtt-wordpress-theme\/assets\/img\/single-post-cover.png\"><\/noscript>","protected":false},"excerpt":{"rendered":"<p>Morningscore blog: Alt om SEO, samlet p\u00e5 et sted Velkommen til Morningscores blogunivers \u2013 et sted, hvor vi deler SEO-indsigter, viden og strategier, som kan hj\u00e6lpe din virksomhed til online succes. Vores m\u00e5l er at v\u00e6re din SEO-partner og ikke blot et v\u00e6rkt\u00f8j, og derfor samler vi her vores bedste tips, praktiske guides og de [&hellip;]<\/p>\n","protected":false},"author":1,"featured_media":0,"parent":0,"menu_order":235,"comment_status":"closed","ping_status":"closed","template":"","meta":{"_acf_changed":false,"inline_featured_image":false,"footnotes":""},"class_list":["post-1032","page","type-page","status-publish","hentry"],"acf":[],"_links":{"self":[{"href":"https:\/\/morningscore.io\/da\/wp-json\/wp\/v2\/pages\/1032","targetHints":{"allow":["GET"]}}],"collection":[{"href":"https:\/\/morningscore.io\/da\/wp-json\/wp\/v2\/pages"}],"about":[{"href":"https:\/\/morningscore.io\/da\/wp-json\/wp\/v2\/types\/page"}],"author":[{"embeddable":true,"href":"https:\/\/morningscore.io\/da\/wp-json\/wp\/v2\/users\/1"}],"replies":[{"embeddable":true,"href":"https:\/\/morningscore.io\/da\/wp-json\/wp\/v2\/comments?post=1032"}],"version-history":[{"count":10,"href":"https:\/\/morningscore.io\/da\/wp-json\/wp\/v2\/pages\/1032\/revisions"}],"predecessor-version":[{"id":53981,"href":"https:\/\/morningscore.io\/da\/wp-json\/wp\/v2\/pages\/1032\/revisions\/53981"}],"wp:attachment":[{"href":"https:\/\/morningscore.io\/da\/wp-json\/wp\/v2\/media?parent=1032"}],"curies":[{"name":"wp","href":"https:\/\/api.w.org\/{rel}","templated":true}]}}